{"id":39468,"date":"2017-04-07T16:41:34","date_gmt":"2017-04-07T14:41:34","guid":{"rendered":"http:\/\/www.pescafish.it\/new\/?post_type=product&#038;p=39468"},"modified":"2025-12-10T16:26:53","modified_gmt":"2025-12-10T15:26:53","slug":"hornet-floating-9cm-salmo","status":"publish","type":"product","link":"https:\/\/www.pescafish.it\/new\/prodotto\/hornet-floating-9cm-salmo\/","title":{"rendered":"Hornet Floating 9cm &#8211; Salmo"},"content":{"rendered":"<h2><strong>Hornet Floating 9cm<\/strong><\/h2>\n<p>Creato in cooperazione con alcuni dei migliori pescatori di siluri d&#8217;Europa, il modello HORNET 9 si \u00e8 dimostrato velocemente una degna new entry nella famiglia Salmo!<br \/>\nCos\u00ec come dovrebbe essere per un artificiale disegnato per mostri, il modello HORNET 9 \u00e8 in grado di catturare il pi\u00f9 grosso dei siluri. Questo artificiale \u00e8 perfetto sia per lancio che per il trolling. Le forti vibrazioni sulla punta della canna lo rendono molto agevole da osservare e controllare, anche in caso di traino a 50 metri di distanza dalla barca. Il luccio \u00e8 un&#8217;altra specie che trover\u00e0 difficile resistere a questo grande artificiale!<\/p>\n<p><strong>Lunghezza:<\/strong> 9cm<br \/>\n<strong>Peso:<\/strong> 36gr<br \/>\n<strong>Azione:<\/strong> Galleggiante \u2013 Floating<br \/>\n<strong>Profondit\u00e0 di lavoro a Spinning:<\/strong> 3,5mt<br \/>\n<strong>Profondit\u00e0 di lavoro a Traina:<\/strong> 5mt<\/p>\n<p><strong>Disponibile nelle seguenti colorazioni:<br \/>\n<\/strong><strong><br \/>\nQHT079\u00a0 <\/strong>Real Roach<br \/>\n<strong>QHT858\u00a0 <\/strong>Super Natural Tench<br \/>\n<strong>QHT859\u00a0 <\/strong>Super Natural Mirror<\/p>\n<p>&nbsp;<\/p>\n","protected":false},"excerpt":{"rendered":"<p>Hornet Floating 9cm Creato in cooperazione con alcuni dei migliori pescatori di siluri d&#8217;Europa, il modello HORNET 9 si \u00e8 dimostrato velocemente una degna new entry nella famiglia Salmo! Cos\u00ec come dovrebbe essere per un artificiale disegnato per mostri, il modello HORNET 9 \u00e8 in grado di catturare il pi\u00f9 grosso dei siluri. Questo artificiale [&hellip;]<\/p>\n","protected":false},"featured_media":39469,"comment_status":"closed","ping_status":"closed","template":"","meta":[],"product_cat":[623],"product_tag":[1109],"yoast_head":"<!-- This site is optimized with the Yoast SEO plugin v15.3 - https:\/\/yoast.com\/wordpress\/plugins\/seo\/ -->\n<title>Hornet Floating 9cm - Salmo - Pesca Fish<\/title>\n<meta name=\"robots\" content=\"index, follow, max-snippet:-1, max-image-preview:large, max-video-preview:-1\" \/>\n<link rel=\"canonical\" href=\"https:\/\/www.pescafish.it\/new\/prodotto\/hornet-floating-9cm-salmo\/\" \/>\n<meta property=\"og:locale\" content=\"it_IT\" \/>\n<meta property=\"og:type\" content=\"article\" \/>\n<meta property=\"og:title\" content=\"Hornet Floating 9cm - Salmo - Pesca Fish\" \/>\n<meta property=\"og:description\" content=\"Hornet Floating 9cm Creato in cooperazione con alcuni dei migliori pescatori di siluri d&#8217;Europa, il modello HORNET 9 si \u00e8 dimostrato velocemente una degna new entry nella famiglia Salmo! Cos\u00ec come dovrebbe essere per un artificiale disegnato per mostri, il modello HORNET 9 \u00e8 in grado di catturare il pi\u00f9 grosso dei siluri. Questo artificiale [&hellip;]\" \/>\n<meta property=\"og:url\" content=\"https:\/\/www.pescafish.it\/new\/prodotto\/hornet-floating-9cm-salmo\/\" \/>\n<meta property=\"og:site_name\" content=\"Pesca Fish\" \/>\n<meta property=\"article:publisher\" content=\"https:\/\/www.facebook.com\/pescafishvr\/\" \/>\n<meta property=\"article:modified_time\" content=\"2025-12-10T15:26:53+00:00\" \/>\n<meta property=\"og:image\" content=\"https:\/\/www.pescafish.it\/new\/wp-content\/uploads\/2017\/04\/HORNET_REAL_ROACH.jpg\" \/>\n\t<meta property=\"og:image:width\" content=\"901\" \/>\n\t<meta property=\"og:image:height\" content=\"465\" \/>\n<meta name=\"twitter:card\" content=\"summary_large_image\" \/>\n<meta name=\"twitter:label1\" content=\"Scritto da\">\n\t<meta name=\"twitter:data1\" content=\"francesca\">\n\t<meta name=\"twitter:label2\" content=\"Tempo di lettura stimato\">\n\t<meta name=\"twitter:data2\" content=\"1 minuto\">\n<script type=\"application\/ld+json\" class=\"yoast-schema-graph\">{\"@context\":\"https:\/\/schema.org\",\"@graph\":[{\"@type\":\"WebSite\",\"@id\":\"https:\/\/www.pescafish.it\/new\/#website\",\"url\":\"https:\/\/www.pescafish.it\/new\/\",\"name\":\"Pesca Fish\",\"description\":\"Benvenuti sul nostro sito!\",\"potentialAction\":[{\"@type\":\"SearchAction\",\"target\":\"https:\/\/www.pescafish.it\/new\/?s={search_term_string}\",\"query-input\":\"required name=search_term_string\"}],\"inLanguage\":\"it-IT\"},{\"@type\":\"ImageObject\",\"@id\":\"https:\/\/www.pescafish.it\/new\/prodotto\/hornet-floating-9cm-salmo\/#primaryimage\",\"inLanguage\":\"it-IT\",\"url\":\"https:\/\/www.pescafish.it\/new\/wp-content\/uploads\/2017\/04\/HORNET_REAL_ROACH.jpg\",\"width\":901,\"height\":465},{\"@type\":\"WebPage\",\"@id\":\"https:\/\/www.pescafish.it\/new\/prodotto\/hornet-floating-9cm-salmo\/#webpage\",\"url\":\"https:\/\/www.pescafish.it\/new\/prodotto\/hornet-floating-9cm-salmo\/\",\"name\":\"Hornet Floating 9cm - Salmo - Pesca Fish\",\"isPartOf\":{\"@id\":\"https:\/\/www.pescafish.it\/new\/#website\"},\"primaryImageOfPage\":{\"@id\":\"https:\/\/www.pescafish.it\/new\/prodotto\/hornet-floating-9cm-salmo\/#primaryimage\"},\"datePublished\":\"2017-04-07T14:41:34+00:00\",\"dateModified\":\"2025-12-10T15:26:53+00:00\",\"inLanguage\":\"it-IT\",\"potentialAction\":[{\"@type\":\"ReadAction\",\"target\":[\"https:\/\/www.pescafish.it\/new\/prodotto\/hornet-floating-9cm-salmo\/\"]}]}]}<\/script>\n<!-- \/ Yoast SEO plugin. -->","_links":{"self":[{"href":"https:\/\/www.pescafish.it\/new\/wp-json\/wp\/v2\/product\/39468"}],"collection":[{"href":"https:\/\/www.pescafish.it\/new\/wp-json\/wp\/v2\/product"}],"about":[{"href":"https:\/\/www.pescafish.it\/new\/wp-json\/wp\/v2\/types\/product"}],"replies":[{"embeddable":true,"href":"https:\/\/www.pescafish.it\/new\/wp-json\/wp\/v2\/comments?post=39468"}],"wp:featuredmedia":[{"embeddable":true,"href":"https:\/\/www.pescafish.it\/new\/wp-json\/wp\/v2\/media\/39469"}],"wp:attachment":[{"href":"https:\/\/www.pescafish.it\/new\/wp-json\/wp\/v2\/media?parent=39468"}],"wp:term":[{"taxonomy":"product_cat","embeddable":true,"href":"https:\/\/www.pescafish.it\/new\/wp-json\/wp\/v2\/product_cat?post=39468"},{"taxonomy":"product_tag","embeddable":true,"href":"https:\/\/www.pescafish.it\/new\/wp-json\/wp\/v2\/product_tag?post=39468"}],"curies":[{"name":"wp","href":"https:\/\/api.w.org\/{rel}","templated":true}]}}