{"id":39350,"date":"2017-04-05T18:23:13","date_gmt":"2017-04-05T16:23:13","guid":{"rendered":"http:\/\/www.pescafish.it\/new\/?post_type=product&#038;p=39350"},"modified":"2025-07-08T12:19:05","modified_gmt":"2025-07-08T10:19:05","slug":"bullhead-salmo-sinking-45cm","status":"publish","type":"product","link":"https:\/\/www.pescafish.it\/new\/prodotto\/bullhead-salmo-sinking-45cm\/","title":{"rendered":"Bullhead Sinking 4,5cm &#8211; Salmo"},"content":{"rendered":"<h2>Bullhead Salmo Sinking 4,5cm<\/h2>\n<p>Il segreto della famiglia BULLHEAD \u00e8 la perfetta composizione di forma e contenuto \u2013 profilo, colore e una incredibile azione in acqua.<br \/>\nA nostro parere, il Salmo BULLHEAD \u00e8 la migliore imitazione scolpita disponibile sul mercato. Nonostante sia stato disegnato originariamente per trote, si \u00e8 dimostrato efficace con tutti i predatori, sia in grossi fiumi che in laghi. Senza ombra di dubbio questo \u00e8 un artificiale di cui non potranno fare a meno i patiti della pesca al persico!<br \/>\n<strong><br \/>\nLunghezza:<\/strong> 4,5cm<br \/>\n<strong>Peso:<\/strong> 5gr<br \/>\n<strong>Azione:<\/strong> Affondante \u2013 Sinking<br \/>\n<strong>Profondit\u00e0 di lavoro a Spinning:<\/strong> 1mt<br \/>\n<strong>Profondit\u00e0 di lavoro a Traina:<\/strong> 2mt<\/p>\n<p><strong>Disponibili nelle seguenti colorazioni:<br \/>\nQBD003\u00a0 <\/strong>Bullhead<strong><br \/>\nQBD004\u00a0 <\/strong>Hot Bullhead<strong><br \/>\n<\/strong><\/p>\n","protected":false},"excerpt":{"rendered":"<p>Bullhead Salmo Sinking 4,5cm Il segreto della famiglia BULLHEAD \u00e8 la perfetta composizione di forma e contenuto \u2013 profilo, colore e una incredibile azione in acqua. A nostro parere, il Salmo BULLHEAD \u00e8 la migliore imitazione scolpita disponibile sul mercato. Nonostante sia stato disegnato originariamente per trote, si \u00e8 dimostrato efficace con tutti i predatori, [&hellip;]<\/p>\n","protected":false},"featured_media":39343,"comment_status":"closed","ping_status":"closed","template":"","meta":[],"product_cat":[623],"product_tag":[1109],"yoast_head":"<!-- This site is optimized with the Yoast SEO plugin v15.3 - https:\/\/yoast.com\/wordpress\/plugins\/seo\/ -->\n<title>Bullhead Sinking 4,5cm - Salmo - Pesca Fish<\/title>\n<meta name=\"description\" content=\"Bullhead Sinking 4,5cm - Salmo Per informazioni scriveteci a info@pescafish.it oppure contattateci allo 045\/6100748\" \/>\n<meta name=\"robots\" content=\"index, follow, max-snippet:-1, max-image-preview:large, max-video-preview:-1\" \/>\n<link rel=\"canonical\" href=\"https:\/\/www.pescafish.it\/new\/prodotto\/bullhead-salmo-sinking-45cm\/\" \/>\n<meta property=\"og:locale\" content=\"it_IT\" \/>\n<meta property=\"og:type\" content=\"article\" \/>\n<meta property=\"og:title\" content=\"Bullhead Sinking 4,5cm - Salmo - Pesca Fish\" \/>\n<meta property=\"og:description\" content=\"Bullhead Sinking 4,5cm - Salmo Per informazioni scriveteci a info@pescafish.it oppure contattateci allo 045\/6100748\" \/>\n<meta property=\"og:url\" content=\"https:\/\/www.pescafish.it\/new\/prodotto\/bullhead-salmo-sinking-45cm\/\" \/>\n<meta property=\"og:site_name\" content=\"Pesca Fish\" \/>\n<meta property=\"article:publisher\" content=\"https:\/\/www.facebook.com\/pescafishvr\/\" \/>\n<meta property=\"article:modified_time\" content=\"2025-07-08T10:19:05+00:00\" \/>\n<meta property=\"og:image\" content=\"https:\/\/www.pescafish.it\/new\/wp-content\/uploads\/2017\/04\/BULLHEAD_BULLHEAD.jpg\" \/>\n\t<meta property=\"og:image:width\" content=\"906\" \/>\n\t<meta property=\"og:image:height\" content=\"461\" \/>\n<meta name=\"twitter:card\" content=\"summary_large_image\" \/>\n<meta name=\"twitter:label1\" content=\"Scritto da\">\n\t<meta name=\"twitter:data1\" content=\"francesca\">\n\t<meta name=\"twitter:label2\" content=\"Tempo di lettura stimato\">\n\t<meta name=\"twitter:data2\" content=\"0 minuti\">\n<script type=\"application\/ld+json\" class=\"yoast-schema-graph\">{\"@context\":\"https:\/\/schema.org\",\"@graph\":[{\"@type\":\"WebSite\",\"@id\":\"https:\/\/www.pescafish.it\/new\/#website\",\"url\":\"https:\/\/www.pescafish.it\/new\/\",\"name\":\"Pesca Fish\",\"description\":\"Benvenuti sul nostro sito!\",\"potentialAction\":[{\"@type\":\"SearchAction\",\"target\":\"https:\/\/www.pescafish.it\/new\/?s={search_term_string}\",\"query-input\":\"required name=search_term_string\"}],\"inLanguage\":\"it-IT\"},{\"@type\":\"ImageObject\",\"@id\":\"https:\/\/www.pescafish.it\/new\/prodotto\/bullhead-salmo-sinking-45cm\/#primaryimage\",\"inLanguage\":\"it-IT\",\"url\":\"https:\/\/www.pescafish.it\/new\/wp-content\/uploads\/2017\/04\/BULLHEAD_BULLHEAD.jpg\",\"width\":906,\"height\":461},{\"@type\":\"WebPage\",\"@id\":\"https:\/\/www.pescafish.it\/new\/prodotto\/bullhead-salmo-sinking-45cm\/#webpage\",\"url\":\"https:\/\/www.pescafish.it\/new\/prodotto\/bullhead-salmo-sinking-45cm\/\",\"name\":\"Bullhead Sinking 4,5cm - Salmo - Pesca Fish\",\"isPartOf\":{\"@id\":\"https:\/\/www.pescafish.it\/new\/#website\"},\"primaryImageOfPage\":{\"@id\":\"https:\/\/www.pescafish.it\/new\/prodotto\/bullhead-salmo-sinking-45cm\/#primaryimage\"},\"datePublished\":\"2017-04-05T16:23:13+00:00\",\"dateModified\":\"2025-07-08T10:19:05+00:00\",\"description\":\"Bullhead Sinking 4,5cm - Salmo Per informazioni scriveteci a info@pescafish.it oppure contattateci allo 045\/6100748\",\"inLanguage\":\"it-IT\",\"potentialAction\":[{\"@type\":\"ReadAction\",\"target\":[\"https:\/\/www.pescafish.it\/new\/prodotto\/bullhead-salmo-sinking-45cm\/\"]}]}]}<\/script>\n<!-- \/ Yoast SEO plugin. -->","_links":{"self":[{"href":"https:\/\/www.pescafish.it\/new\/wp-json\/wp\/v2\/product\/39350"}],"collection":[{"href":"https:\/\/www.pescafish.it\/new\/wp-json\/wp\/v2\/product"}],"about":[{"href":"https:\/\/www.pescafish.it\/new\/wp-json\/wp\/v2\/types\/product"}],"replies":[{"embeddable":true,"href":"https:\/\/www.pescafish.it\/new\/wp-json\/wp\/v2\/comments?post=39350"}],"wp:featuredmedia":[{"embeddable":true,"href":"https:\/\/www.pescafish.it\/new\/wp-json\/wp\/v2\/media\/39343"}],"wp:attachment":[{"href":"https:\/\/www.pescafish.it\/new\/wp-json\/wp\/v2\/media?parent=39350"}],"wp:term":[{"taxonomy":"product_cat","embeddable":true,"href":"https:\/\/www.pescafish.it\/new\/wp-json\/wp\/v2\/product_cat?post=39350"},{"taxonomy":"product_tag","embeddable":true,"href":"https:\/\/www.pescafish.it\/new\/wp-json\/wp\/v2\/product_tag?post=39350"}],"curies":[{"name":"wp","href":"https:\/\/api.w.org\/{rel}","templated":true}]}}