{"id":39238,"date":"2017-04-04T15:57:01","date_gmt":"2017-04-04T13:57:01","guid":{"rendered":"http:\/\/www.pescafish.it\/new\/?post_type=product&#038;p=39238"},"modified":"2017-04-04T15:57:01","modified_gmt":"2017-04-04T13:57:01","slug":"no-spook-rig-tube-1-0mm-3mt-nash","status":"publish","type":"product","link":"https:\/\/www.pescafish.it\/new\/prodotto\/no-spook-rig-tube-1-0mm-3mt-nash\/","title":{"rendered":"No Spook Rig Tube 1.0mm 3mt &#8211; Nash"},"content":{"rendered":"<p>Il No Spook \u00e8 il Rig Tube pi\u00f9 venduto tra i carpisti. E&#8217; facile da maneggiare ed infila meravigliosamente, anche quando \u00e8 bagnato. Inoltre, dispone di un sistema facile di affondamento. Rifinito in Diffusion Camo, si integra perfettamente nell&#8217;ambiente naturale della carpa, in qualsiasi situazione vi troviate. Un grande consiglio da Kevin Nash: piccole sezioni di No Spook D-Cam scivolano perfettamente sui punti di ancoraggio per gli hair o blowout rigs e sono molto pi\u00f9 durevoli del silicone. Per le infilature pi\u00f9 facili della lenza principale vi consigliamo il Nash Tube Threader.<\/p>\n","protected":false},"excerpt":{"rendered":"<p>Il No Spook \u00e8 il Rig Tube pi\u00f9 venduto tra i carpisti. E&#8217; facile da maneggiare ed infila meravigliosamente, anche quando \u00e8 bagnato. Inoltre, dispone di un sistema facile di affondamento. Rifinito in Diffusion Camo, si integra perfettamente nell&#8217;ambiente naturale della carpa, in qualsiasi situazione vi troviate. Un grande consiglio da Kevin Nash: piccole sezioni [&hellip;]<\/p>\n","protected":false},"featured_media":39239,"comment_status":"open","ping_status":"closed","template":"","meta":[],"product_cat":[575],"product_tag":[],"yoast_head":"<!-- This site is optimized with the Yoast SEO plugin v15.3 - https:\/\/yoast.com\/wordpress\/plugins\/seo\/ -->\n<title>No Spook Rig Tube 1.0mm 3mt - Nash - Pesca Fish<\/title>\n<meta name=\"robots\" content=\"index, follow, max-snippet:-1, max-image-preview:large, max-video-preview:-1\" \/>\n<link rel=\"canonical\" href=\"https:\/\/www.pescafish.it\/new\/prodotto\/no-spook-rig-tube-1-0mm-3mt-nash\/\" \/>\n<meta property=\"og:locale\" content=\"it_IT\" \/>\n<meta property=\"og:type\" content=\"article\" \/>\n<meta property=\"og:title\" content=\"No Spook Rig Tube 1.0mm 3mt - Nash - Pesca Fish\" \/>\n<meta property=\"og:description\" content=\"Il No Spook \u00e8 il Rig Tube pi\u00f9 venduto tra i carpisti. E&#8217; facile da maneggiare ed infila meravigliosamente, anche quando \u00e8 bagnato. Inoltre, dispone di un sistema facile di affondamento. Rifinito in Diffusion Camo, si integra perfettamente nell&#8217;ambiente naturale della carpa, in qualsiasi situazione vi troviate. Un grande consiglio da Kevin Nash: piccole sezioni [&hellip;]\" \/>\n<meta property=\"og:url\" content=\"https:\/\/www.pescafish.it\/new\/prodotto\/no-spook-rig-tube-1-0mm-3mt-nash\/\" \/>\n<meta property=\"og:site_name\" content=\"Pesca Fish\" \/>\n<meta property=\"article:publisher\" content=\"https:\/\/www.facebook.com\/pescafishvr\/\" \/>\n<meta property=\"og:image\" content=\"https:\/\/www.pescafish.it\/new\/wp-content\/uploads\/2017\/04\/no-spock.jpeg\" \/>\n\t<meta property=\"og:image:width\" content=\"700\" \/>\n\t<meta property=\"og:image:height\" content=\"380\" \/>\n<meta name=\"twitter:card\" content=\"summary_large_image\" \/>\n<meta name=\"twitter:label1\" content=\"Scritto da\">\n\t<meta name=\"twitter:data1\" content=\"francesca\">\n\t<meta name=\"twitter:label2\" content=\"Tempo di lettura stimato\">\n\t<meta name=\"twitter:data2\" content=\"0 minuti\">\n<script type=\"application\/ld+json\" class=\"yoast-schema-graph\">{\"@context\":\"https:\/\/schema.org\",\"@graph\":[{\"@type\":\"WebSite\",\"@id\":\"https:\/\/www.pescafish.it\/new\/#website\",\"url\":\"https:\/\/www.pescafish.it\/new\/\",\"name\":\"Pesca Fish\",\"description\":\"Benvenuti sul nostro sito!\",\"potentialAction\":[{\"@type\":\"SearchAction\",\"target\":\"https:\/\/www.pescafish.it\/new\/?s={search_term_string}\",\"query-input\":\"required name=search_term_string\"}],\"inLanguage\":\"it-IT\"},{\"@type\":\"ImageObject\",\"@id\":\"https:\/\/www.pescafish.it\/new\/prodotto\/no-spook-rig-tube-1-0mm-3mt-nash\/#primaryimage\",\"inLanguage\":\"it-IT\",\"url\":\"https:\/\/www.pescafish.it\/new\/wp-content\/uploads\/2017\/04\/no-spock.jpeg\",\"width\":700,\"height\":380},{\"@type\":\"WebPage\",\"@id\":\"https:\/\/www.pescafish.it\/new\/prodotto\/no-spook-rig-tube-1-0mm-3mt-nash\/#webpage\",\"url\":\"https:\/\/www.pescafish.it\/new\/prodotto\/no-spook-rig-tube-1-0mm-3mt-nash\/\",\"name\":\"No Spook Rig Tube 1.0mm 3mt - Nash - Pesca Fish\",\"isPartOf\":{\"@id\":\"https:\/\/www.pescafish.it\/new\/#website\"},\"primaryImageOfPage\":{\"@id\":\"https:\/\/www.pescafish.it\/new\/prodotto\/no-spook-rig-tube-1-0mm-3mt-nash\/#primaryimage\"},\"datePublished\":\"2017-04-04T13:57:01+00:00\",\"dateModified\":\"2017-04-04T13:57:01+00:00\",\"inLanguage\":\"it-IT\",\"potentialAction\":[{\"@type\":\"ReadAction\",\"target\":[\"https:\/\/www.pescafish.it\/new\/prodotto\/no-spook-rig-tube-1-0mm-3mt-nash\/\"]}]}]}<\/script>\n<!-- \/ Yoast SEO plugin. -->","_links":{"self":[{"href":"https:\/\/www.pescafish.it\/new\/wp-json\/wp\/v2\/product\/39238"}],"collection":[{"href":"https:\/\/www.pescafish.it\/new\/wp-json\/wp\/v2\/product"}],"about":[{"href":"https:\/\/www.pescafish.it\/new\/wp-json\/wp\/v2\/types\/product"}],"replies":[{"embeddable":true,"href":"https:\/\/www.pescafish.it\/new\/wp-json\/wp\/v2\/comments?post=39238"}],"wp:featuredmedia":[{"embeddable":true,"href":"https:\/\/www.pescafish.it\/new\/wp-json\/wp\/v2\/media\/39239"}],"wp:attachment":[{"href":"https:\/\/www.pescafish.it\/new\/wp-json\/wp\/v2\/media?parent=39238"}],"wp:term":[{"taxonomy":"product_cat","embeddable":true,"href":"https:\/\/www.pescafish.it\/new\/wp-json\/wp\/v2\/product_cat?post=39238"},{"taxonomy":"product_tag","embeddable":true,"href":"https:\/\/www.pescafish.it\/new\/wp-json\/wp\/v2\/product_tag?post=39238"}],"curies":[{"name":"wp","href":"https:\/\/api.w.org\/{rel}","templated":true}]}}