{"id":38563,"date":"2017-03-10T09:34:17","date_gmt":"2017-03-10T08:34:17","guid":{"rendered":"http:\/\/www.pescafish.it\/new\/?post_type=product&#038;p=38563"},"modified":"2023-11-16T12:32:31","modified_gmt":"2023-11-16T11:32:31","slug":"direct-connect-cm50-berkley","status":"publish","type":"product","link":"https:\/\/www.pescafish.it\/new\/prodotto\/direct-connect-cm50-berkley\/","title":{"rendered":"Direct Connect CM50 600mt &#8211; Berkley"},"content":{"rendered":"<div id=\"desc_series\" class=\"novideo\">\n<p>Connect CM50 \u00e8 un monofilamento co-polimerico ad alte prestazioni, studiato per essere il monofilamento per il carp fishing migliore sul mercato al momento. La sua incredibile resistenza agli shock e al nodo significa che il pescatore pu\u00f2 pescare pesci pi\u00f9 grandi senza preoccupazioni.<br \/>\nIl colore giallo opaco ad alta visibilit\u00e0 \u00e8 perfetto per applicazioni di pesca in cui il pescatore necessita di sapere dove siano poste le proprie lenze, pescando cos\u00ec con sicurezza, senza che si aggroviglino.<\/p>\n<p>\u2022 Estrema visibilit\u00e0<br \/>\n\u2022 Forte e sicuro<br \/>\n\u2022 Grande resistenza al nodo<br \/>\n\u2022 Grande lanciabilit\u00e0<\/p>\n<p><strong>Disponibile nelle seguenti misure:<\/strong><br \/>\n<strong>1380443\u00a0<\/strong> \u22050,28mm &#8211; 5,85kg &#8211; 8lb<br \/>\n<strong>1380444<\/strong>\u00a0 \u22050,30mm &#8211; 6,80kg &#8211; 10lb<br \/>\n<strong>1380446<\/strong>\u00a0 \u22050,38mm &#8211; 10,85kg &#8211; 15lb<\/p>\n<p><strong>Bobina da 600 metri<\/strong><\/p>\n<\/div>\n","protected":false},"excerpt":{"rendered":"<p>Connect CM50 \u00e8 un monofilamento co-polimerico ad alte prestazioni, studiato per essere il monofilamento per il carp fishing migliore sul mercato al momento. La sua incredibile resistenza agli shock e al nodo significa che il pescatore pu\u00f2 pescare pesci pi\u00f9 grandi senza preoccupazioni. Il colore giallo opaco ad alta visibilit\u00e0 \u00e8 perfetto per applicazioni di [&hellip;]<\/p>\n","protected":false},"featured_media":38564,"comment_status":"closed","ping_status":"closed","template":"","meta":[],"product_cat":[941],"product_tag":[],"yoast_head":"<!-- This site is optimized with the Yoast SEO plugin v15.3 - https:\/\/yoast.com\/wordpress\/plugins\/seo\/ -->\n<title>Direct Connect CM50 600mt - Berkley - Pesca Fish<\/title>\n<meta name=\"robots\" content=\"index, follow, max-snippet:-1, max-image-preview:large, max-video-preview:-1\" \/>\n<link rel=\"canonical\" href=\"https:\/\/www.pescafish.it\/new\/prodotto\/direct-connect-cm50-berkley\/\" \/>\n<meta property=\"og:locale\" content=\"it_IT\" \/>\n<meta property=\"og:type\" content=\"article\" \/>\n<meta property=\"og:title\" content=\"Direct Connect CM50 600mt - Berkley - Pesca Fish\" \/>\n<meta property=\"og:description\" content=\"Connect CM50 \u00e8 un monofilamento co-polimerico ad alte prestazioni, studiato per essere il monofilamento per il carp fishing migliore sul mercato al momento. La sua incredibile resistenza agli shock e al nodo significa che il pescatore pu\u00f2 pescare pesci pi\u00f9 grandi senza preoccupazioni. Il colore giallo opaco ad alta visibilit\u00e0 \u00e8 perfetto per applicazioni di [&hellip;]\" \/>\n<meta property=\"og:url\" content=\"https:\/\/www.pescafish.it\/new\/prodotto\/direct-connect-cm50-berkley\/\" \/>\n<meta property=\"og:site_name\" content=\"Pesca Fish\" \/>\n<meta property=\"article:publisher\" content=\"https:\/\/www.facebook.com\/pescafishvr\/\" \/>\n<meta property=\"article:modified_time\" content=\"2023-11-16T11:32:31+00:00\" \/>\n<meta property=\"og:image\" content=\"https:\/\/www.pescafish.it\/new\/wp-content\/uploads\/2017\/03\/direct_connect_cm50.png\" \/>\n\t<meta property=\"og:image:width\" content=\"712\" \/>\n\t<meta property=\"og:image:height\" content=\"600\" \/>\n<meta name=\"twitter:card\" content=\"summary_large_image\" \/>\n<meta name=\"twitter:label1\" content=\"Scritto da\">\n\t<meta name=\"twitter:data1\" content=\"francesca\">\n\t<meta name=\"twitter:label2\" content=\"Tempo di lettura stimato\">\n\t<meta name=\"twitter:data2\" content=\"0 minuti\">\n<script type=\"application\/ld+json\" class=\"yoast-schema-graph\">{\"@context\":\"https:\/\/schema.org\",\"@graph\":[{\"@type\":\"WebSite\",\"@id\":\"https:\/\/www.pescafish.it\/new\/#website\",\"url\":\"https:\/\/www.pescafish.it\/new\/\",\"name\":\"Pesca Fish\",\"description\":\"Benvenuti sul nostro sito!\",\"potentialAction\":[{\"@type\":\"SearchAction\",\"target\":\"https:\/\/www.pescafish.it\/new\/?s={search_term_string}\",\"query-input\":\"required name=search_term_string\"}],\"inLanguage\":\"it-IT\"},{\"@type\":\"ImageObject\",\"@id\":\"https:\/\/www.pescafish.it\/new\/prodotto\/direct-connect-cm50-berkley\/#primaryimage\",\"inLanguage\":\"it-IT\",\"url\":\"https:\/\/www.pescafish.it\/new\/wp-content\/uploads\/2017\/03\/direct_connect_cm50.png\",\"width\":712,\"height\":600},{\"@type\":\"WebPage\",\"@id\":\"https:\/\/www.pescafish.it\/new\/prodotto\/direct-connect-cm50-berkley\/#webpage\",\"url\":\"https:\/\/www.pescafish.it\/new\/prodotto\/direct-connect-cm50-berkley\/\",\"name\":\"Direct Connect CM50 600mt - Berkley - Pesca Fish\",\"isPartOf\":{\"@id\":\"https:\/\/www.pescafish.it\/new\/#website\"},\"primaryImageOfPage\":{\"@id\":\"https:\/\/www.pescafish.it\/new\/prodotto\/direct-connect-cm50-berkley\/#primaryimage\"},\"datePublished\":\"2017-03-10T08:34:17+00:00\",\"dateModified\":\"2023-11-16T11:32:31+00:00\",\"inLanguage\":\"it-IT\",\"potentialAction\":[{\"@type\":\"ReadAction\",\"target\":[\"https:\/\/www.pescafish.it\/new\/prodotto\/direct-connect-cm50-berkley\/\"]}]}]}<\/script>\n<!-- \/ Yoast SEO plugin. -->","_links":{"self":[{"href":"https:\/\/www.pescafish.it\/new\/wp-json\/wp\/v2\/product\/38563"}],"collection":[{"href":"https:\/\/www.pescafish.it\/new\/wp-json\/wp\/v2\/product"}],"about":[{"href":"https:\/\/www.pescafish.it\/new\/wp-json\/wp\/v2\/types\/product"}],"replies":[{"embeddable":true,"href":"https:\/\/www.pescafish.it\/new\/wp-json\/wp\/v2\/comments?post=38563"}],"wp:featuredmedia":[{"embeddable":true,"href":"https:\/\/www.pescafish.it\/new\/wp-json\/wp\/v2\/media\/38564"}],"wp:attachment":[{"href":"https:\/\/www.pescafish.it\/new\/wp-json\/wp\/v2\/media?parent=38563"}],"wp:term":[{"taxonomy":"product_cat","embeddable":true,"href":"https:\/\/www.pescafish.it\/new\/wp-json\/wp\/v2\/product_cat?post=38563"},{"taxonomy":"product_tag","embeddable":true,"href":"https:\/\/www.pescafish.it\/new\/wp-json\/wp\/v2\/product_tag?post=38563"}],"curies":[{"name":"wp","href":"https:\/\/api.w.org\/{rel}","templated":true}]}}