{"id":38270,"date":"2017-02-22T11:15:18","date_gmt":"2017-02-22T10:15:18","guid":{"rendered":"http:\/\/www.pescafish.it\/new\/?post_type=product&#038;p=38270"},"modified":"2025-08-28T18:21:47","modified_gmt":"2025-08-28T16:21:47","slug":"deluxe-kit-safe-preston-innovations","status":"publish","type":"product","link":"https:\/\/www.pescafish.it\/new\/prodotto\/deluxe-kit-safe-preston-innovations\/","title":{"rendered":"Deluxe Kit-Safe &#8211; Preston Innovations"},"content":{"rendered":"<p>Questa nuova rastrelliera di ultima generazione fornisce una soluzione versatile e stabile per il posizionamento sia dei top kit che delle canne da feeder o da inglese. Grazie al braccio regolabile OffBox 36 SnapLok dotato di snodo di giunzione, sar\u00e0 semplice e veloce posizionare la rastrelliera in qualsiasi direzione ed angolazione rendendo la vostra postazione di pesca ancora pi\u00f9 efficiente. La testa anteriore in soffice EVA \u00e8 in grado di ospitare fino a 12 top kit e grazie alle ampie scanalature permetter\u00e0 di posizionare anche le sezioni pi\u00f9 grandi, fino al top kit 5. I vostri Top kit saranno sempre al sicuro e il pericolo che il vento li faccia cadere \u00e8 pressoch\u00e9 inesistente, questo grazie alla testata di appoggio posteriore in EVA che li trattiene saldamente in posizione. Inoltre sempre nella testata posteriore sono presenti degli intagli per rendere il Preston OffBox 36 SnapLok Deluxe KitSafe compatibile anche con i Top kit provvisti di Pulla Bung. Entrambe le teste sono dotate del sistema di aggancio SnapLock Quick Release Inserts per rendere semplice e veloce il montaggio della rastrelliera e per un agevole trasporto una volta riposta nella custodia in dotazione. Completamente regolabile in altezza e in lunghezza \u00e8 dotata di una cinghia di sicurezza per fissare la struttura ad un peso in caso di condizioni meteo estreme. Fornita in una custodia imbottita di serie e compatibile con profili fino a 36 mm di diametro. Inserti inclusi: 30mm e 25mm circolare, 23mm OnBox.<\/p>\n","protected":false},"excerpt":{"rendered":"<p>Questa nuova rastrelliera di ultima generazione fornisce una soluzione versatile e stabile per il posizionamento sia dei top kit che delle canne da feeder o da inglese. Grazie al braccio regolabile OffBox 36 SnapLok dotato di snodo di giunzione, sar\u00e0 semplice e veloce posizionare la rastrelliera in qualsiasi direzione ed angolazione rendendo la vostra postazione [&hellip;]<\/p>\n","protected":false},"featured_media":38271,"comment_status":"closed","ping_status":"closed","template":"","meta":[],"product_cat":[1485],"product_tag":[1020],"yoast_head":"<!-- This site is optimized with the Yoast SEO plugin v15.3 - https:\/\/yoast.com\/wordpress\/plugins\/seo\/ -->\n<title>Deluxe Kit-Safe - Preston Innovations - Pesca Fish<\/title>\n<meta name=\"robots\" content=\"index, follow, max-snippet:-1, max-image-preview:large, max-video-preview:-1\" \/>\n<link rel=\"canonical\" href=\"https:\/\/www.pescafish.it\/new\/prodotto\/deluxe-kit-safe-preston-innovations\/\" \/>\n<meta property=\"og:locale\" content=\"it_IT\" \/>\n<meta property=\"og:type\" content=\"article\" \/>\n<meta property=\"og:title\" content=\"Deluxe Kit-Safe - Preston Innovations - Pesca Fish\" \/>\n<meta property=\"og:description\" content=\"Questa nuova rastrelliera di ultima generazione fornisce una soluzione versatile e stabile per il posizionamento sia dei top kit che delle canne da feeder o da inglese. Grazie al braccio regolabile OffBox 36 SnapLok dotato di snodo di giunzione, sar\u00e0 semplice e veloce posizionare la rastrelliera in qualsiasi direzione ed angolazione rendendo la vostra postazione [&hellip;]\" \/>\n<meta property=\"og:url\" content=\"https:\/\/www.pescafish.it\/new\/prodotto\/deluxe-kit-safe-preston-innovations\/\" \/>\n<meta property=\"og:site_name\" content=\"Pesca Fish\" \/>\n<meta property=\"article:publisher\" content=\"https:\/\/www.facebook.com\/pescafishvr\/\" \/>\n<meta property=\"article:modified_time\" content=\"2025-08-28T16:21:47+00:00\" \/>\n<meta property=\"og:image\" content=\"https:\/\/www.pescafish.it\/new\/wp-content\/uploads\/2017\/02\/deluxe_kit_safe.jpg\" \/>\n\t<meta property=\"og:image:width\" content=\"1000\" \/>\n\t<meta property=\"og:image:height\" content=\"681\" \/>\n<meta name=\"twitter:card\" content=\"summary_large_image\" \/>\n<meta name=\"twitter:label1\" content=\"Scritto da\">\n\t<meta name=\"twitter:data1\" content=\"francesca\">\n\t<meta name=\"twitter:label2\" content=\"Tempo di lettura stimato\">\n\t<meta name=\"twitter:data2\" content=\"1 minuto\">\n<script type=\"application\/ld+json\" class=\"yoast-schema-graph\">{\"@context\":\"https:\/\/schema.org\",\"@graph\":[{\"@type\":\"WebSite\",\"@id\":\"https:\/\/www.pescafish.it\/new\/#website\",\"url\":\"https:\/\/www.pescafish.it\/new\/\",\"name\":\"Pesca Fish\",\"description\":\"Benvenuti sul nostro sito!\",\"potentialAction\":[{\"@type\":\"SearchAction\",\"target\":\"https:\/\/www.pescafish.it\/new\/?s={search_term_string}\",\"query-input\":\"required name=search_term_string\"}],\"inLanguage\":\"it-IT\"},{\"@type\":\"ImageObject\",\"@id\":\"https:\/\/www.pescafish.it\/new\/prodotto\/deluxe-kit-safe-preston-innovations\/#primaryimage\",\"inLanguage\":\"it-IT\",\"url\":\"https:\/\/www.pescafish.it\/new\/wp-content\/uploads\/2017\/02\/deluxe_kit_safe.jpg\",\"width\":1000,\"height\":681,\"caption\":\"SEMINUOVO Deluxe Kit-Safe - Preston Innovations\"},{\"@type\":\"WebPage\",\"@id\":\"https:\/\/www.pescafish.it\/new\/prodotto\/deluxe-kit-safe-preston-innovations\/#webpage\",\"url\":\"https:\/\/www.pescafish.it\/new\/prodotto\/deluxe-kit-safe-preston-innovations\/\",\"name\":\"Deluxe Kit-Safe - Preston Innovations - Pesca Fish\",\"isPartOf\":{\"@id\":\"https:\/\/www.pescafish.it\/new\/#website\"},\"primaryImageOfPage\":{\"@id\":\"https:\/\/www.pescafish.it\/new\/prodotto\/deluxe-kit-safe-preston-innovations\/#primaryimage\"},\"datePublished\":\"2017-02-22T10:15:18+00:00\",\"dateModified\":\"2025-08-28T16:21:47+00:00\",\"inLanguage\":\"it-IT\",\"potentialAction\":[{\"@type\":\"ReadAction\",\"target\":[\"https:\/\/www.pescafish.it\/new\/prodotto\/deluxe-kit-safe-preston-innovations\/\"]}]}]}<\/script>\n<!-- \/ Yoast SEO plugin. -->","_links":{"self":[{"href":"https:\/\/www.pescafish.it\/new\/wp-json\/wp\/v2\/product\/38270"}],"collection":[{"href":"https:\/\/www.pescafish.it\/new\/wp-json\/wp\/v2\/product"}],"about":[{"href":"https:\/\/www.pescafish.it\/new\/wp-json\/wp\/v2\/types\/product"}],"replies":[{"embeddable":true,"href":"https:\/\/www.pescafish.it\/new\/wp-json\/wp\/v2\/comments?post=38270"}],"wp:featuredmedia":[{"embeddable":true,"href":"https:\/\/www.pescafish.it\/new\/wp-json\/wp\/v2\/media\/38271"}],"wp:attachment":[{"href":"https:\/\/www.pescafish.it\/new\/wp-json\/wp\/v2\/media?parent=38270"}],"wp:term":[{"taxonomy":"product_cat","embeddable":true,"href":"https:\/\/www.pescafish.it\/new\/wp-json\/wp\/v2\/product_cat?post=38270"},{"taxonomy":"product_tag","embeddable":true,"href":"https:\/\/www.pescafish.it\/new\/wp-json\/wp\/v2\/product_tag?post=38270"}],"curies":[{"name":"wp","href":"https:\/\/api.w.org\/{rel}","templated":true}]}}