{"id":35611,"date":"2016-11-16T19:23:16","date_gmt":"2016-11-16T18:23:16","guid":{"rendered":"http:\/\/www.pescafish.it\/new\/?post_type=product&#038;p=35611"},"modified":"2025-10-31T18:28:32","modified_gmt":"2025-10-31T17:28:32","slug":"hi-burst-xross-22g-valkein","status":"publish","type":"product","link":"https:\/\/www.pescafish.it\/new\/prodotto\/hi-burst-xross-22g-valkein\/","title":{"rendered":"Hi Burst Xross 2,2g &#8211; ValkeIN"},"content":{"rendered":"<h2>Hi Burst X-Ross 2,2g<\/h2>\n<p>L\u2019Hi Burst \u00e8 un ondulante di elevata qualit\u00e0 Giapponese. La forma bombata sulla coda e pi\u00f9 rialzata sulla testa gli conferisce un movimento oscillatorio inconfondibile. Per questo ondulante si consiglia un\u00a0recupero veloce\u00a0appena sotto la superficie dell&#8217;acqua. Ottimo anche in presenza di corrente.<\/p>\n<p><strong>Disponibile nelle seguenti colorazioni:<\/strong><strong><br \/>\n<\/strong><strong>HBX2.2S-ITA2\u00a0 <\/strong>IT-A2<br \/>\n<strong>HBX2.2G-IT22GC\u00a0<\/strong> IT22-GC<br \/>\n<strong>HBX2.2S-IT2001<\/strong>\u00a0 IT20-01<br \/>\n<strong>HBX2.2P-IT21FF<\/strong>\u00a0 IT21-FF<\/p>\n","protected":false},"excerpt":{"rendered":"<p>Hi Burst X-Ross 2,2g L\u2019Hi Burst \u00e8 un ondulante di elevata qualit\u00e0 Giapponese. La forma bombata sulla coda e pi\u00f9 rialzata sulla testa gli conferisce un movimento oscillatorio inconfondibile. Per questo ondulante si consiglia un\u00a0recupero veloce\u00a0appena sotto la superficie dell&#8217;acqua. Ottimo anche in presenza di corrente. Disponibile nelle seguenti colorazioni: HBX2.2S-ITA2\u00a0 IT-A2 HBX2.2G-IT22GC\u00a0 IT22-GC HBX2.2S-IT2001\u00a0 [&hellip;]<\/p>\n","protected":false},"featured_media":91786,"comment_status":"closed","ping_status":"closed","template":"","meta":[],"product_cat":[923,128],"product_tag":[1174],"yoast_head":"<!-- This site is optimized with the Yoast SEO plugin v15.3 - https:\/\/yoast.com\/wordpress\/plugins\/seo\/ -->\n<title>Hi Burst Xross 2,2g - ValkeIN - Pesca Fish<\/title>\n<meta name=\"robots\" content=\"index, follow, max-snippet:-1, max-image-preview:large, max-video-preview:-1\" \/>\n<link rel=\"canonical\" href=\"https:\/\/www.pescafish.it\/new\/prodotto\/hi-burst-xross-22g-valkein\/\" \/>\n<meta property=\"og:locale\" content=\"it_IT\" \/>\n<meta property=\"og:type\" content=\"article\" \/>\n<meta property=\"og:title\" content=\"Hi Burst Xross 2,2g - ValkeIN - Pesca Fish\" \/>\n<meta property=\"og:description\" content=\"Hi Burst X-Ross 2,2g L\u2019Hi Burst \u00e8 un ondulante di elevata qualit\u00e0 Giapponese. La forma bombata sulla coda e pi\u00f9 rialzata sulla testa gli conferisce un movimento oscillatorio inconfondibile. Per questo ondulante si consiglia un\u00a0recupero veloce\u00a0appena sotto la superficie dell&#8217;acqua. Ottimo anche in presenza di corrente. Disponibile nelle seguenti colorazioni: HBX2.2S-ITA2\u00a0 IT-A2 HBX2.2G-IT22GC\u00a0 IT22-GC HBX2.2S-IT2001\u00a0 [&hellip;]\" \/>\n<meta property=\"og:url\" content=\"https:\/\/www.pescafish.it\/new\/prodotto\/hi-burst-xross-22g-valkein\/\" \/>\n<meta property=\"og:site_name\" content=\"Pesca Fish\" \/>\n<meta property=\"article:publisher\" content=\"https:\/\/www.facebook.com\/pescafishvr\/\" \/>\n<meta property=\"article:modified_time\" content=\"2025-10-31T17:28:32+00:00\" \/>\n<meta property=\"og:image\" content=\"https:\/\/www.pescafish.it\/new\/wp-content\/uploads\/2016\/11\/COL-IT20-01.jpg\" \/>\n\t<meta property=\"og:image:width\" content=\"789\" \/>\n\t<meta property=\"og:image:height\" content=\"794\" \/>\n<meta name=\"twitter:card\" content=\"summary_large_image\" \/>\n<meta name=\"twitter:label1\" content=\"Scritto da\">\n\t<meta name=\"twitter:data1\" content=\"francesca\">\n\t<meta name=\"twitter:label2\" content=\"Tempo di lettura stimato\">\n\t<meta name=\"twitter:data2\" content=\"0 minuti\">\n<script type=\"application\/ld+json\" class=\"yoast-schema-graph\">{\"@context\":\"https:\/\/schema.org\",\"@graph\":[{\"@type\":\"WebSite\",\"@id\":\"https:\/\/www.pescafish.it\/new\/#website\",\"url\":\"https:\/\/www.pescafish.it\/new\/\",\"name\":\"Pesca Fish\",\"description\":\"Benvenuti sul nostro sito!\",\"potentialAction\":[{\"@type\":\"SearchAction\",\"target\":\"https:\/\/www.pescafish.it\/new\/?s={search_term_string}\",\"query-input\":\"required name=search_term_string\"}],\"inLanguage\":\"it-IT\"},{\"@type\":\"ImageObject\",\"@id\":\"https:\/\/www.pescafish.it\/new\/prodotto\/hi-burst-xross-22g-valkein\/#primaryimage\",\"inLanguage\":\"it-IT\",\"url\":\"https:\/\/www.pescafish.it\/new\/wp-content\/uploads\/2016\/11\/COL-IT20-01.jpg\",\"width\":789,\"height\":794,\"caption\":\"ValkeIN\"},{\"@type\":\"WebPage\",\"@id\":\"https:\/\/www.pescafish.it\/new\/prodotto\/hi-burst-xross-22g-valkein\/#webpage\",\"url\":\"https:\/\/www.pescafish.it\/new\/prodotto\/hi-burst-xross-22g-valkein\/\",\"name\":\"Hi Burst Xross 2,2g - ValkeIN - Pesca Fish\",\"isPartOf\":{\"@id\":\"https:\/\/www.pescafish.it\/new\/#website\"},\"primaryImageOfPage\":{\"@id\":\"https:\/\/www.pescafish.it\/new\/prodotto\/hi-burst-xross-22g-valkein\/#primaryimage\"},\"datePublished\":\"2016-11-16T18:23:16+00:00\",\"dateModified\":\"2025-10-31T17:28:32+00:00\",\"inLanguage\":\"it-IT\",\"potentialAction\":[{\"@type\":\"ReadAction\",\"target\":[\"https:\/\/www.pescafish.it\/new\/prodotto\/hi-burst-xross-22g-valkein\/\"]}]}]}<\/script>\n<!-- \/ Yoast SEO plugin. -->","_links":{"self":[{"href":"https:\/\/www.pescafish.it\/new\/wp-json\/wp\/v2\/product\/35611"}],"collection":[{"href":"https:\/\/www.pescafish.it\/new\/wp-json\/wp\/v2\/product"}],"about":[{"href":"https:\/\/www.pescafish.it\/new\/wp-json\/wp\/v2\/types\/product"}],"replies":[{"embeddable":true,"href":"https:\/\/www.pescafish.it\/new\/wp-json\/wp\/v2\/comments?post=35611"}],"wp:featuredmedia":[{"embeddable":true,"href":"https:\/\/www.pescafish.it\/new\/wp-json\/wp\/v2\/media\/91786"}],"wp:attachment":[{"href":"https:\/\/www.pescafish.it\/new\/wp-json\/wp\/v2\/media?parent=35611"}],"wp:term":[{"taxonomy":"product_cat","embeddable":true,"href":"https:\/\/www.pescafish.it\/new\/wp-json\/wp\/v2\/product_cat?post=35611"},{"taxonomy":"product_tag","embeddable":true,"href":"https:\/\/www.pescafish.it\/new\/wp-json\/wp\/v2\/product_tag?post=35611"}],"curies":[{"name":"wp","href":"https:\/\/api.w.org\/{rel}","templated":true}]}}