{"id":34879,"date":"2016-10-15T15:38:37","date_gmt":"2016-10-15T13:38:37","guid":{"rendered":"http:\/\/www.pescafish.it\/new\/?post_type=product&#038;p=34879"},"modified":"2025-10-31T19:06:27","modified_gmt":"2025-10-31T18:06:27","slug":"hi-burst-16g-valkein","status":"publish","type":"product","link":"https:\/\/www.pescafish.it\/new\/prodotto\/hi-burst-16g-valkein\/","title":{"rendered":"Hi Burst 1,6g &#8211; ValkeIN"},"content":{"rendered":"<h2>Hi Burst 1,6g<\/h2>\n<p>L&#8217;Hi Burst \u00e8 un ondulante di elevata qualit\u00e0 Giapponese. La forma bombata sulla coda e pi\u00f9 rialzata sulla testa gli conferisce un movimento oscillatorio inconfondibile<\/p>\n<p><strong>Disponibili nelle seguenti colorazioni:<\/strong><br \/>\n<strong>HIB1.6-12\u00a0<\/strong> Col 12<br \/>\n<strong>HIB1.6-13\u00a0<\/strong> Col 13<br \/>\n<strong>HIB1.6-15\u00a0<\/strong> Col 15<br \/>\n<strong>HIB1.6-48\u00a0<\/strong> Col 48<br \/>\n<strong>HIB1.6-LT7\u00a0<\/strong> Col LT7<br \/>\n<strong>HIB1.6S-IT2001<\/strong>\u00a0 Col IT20-01<\/p>\n","protected":false},"excerpt":{"rendered":"<p>Hi Burst 1,6g L&#8217;Hi Burst \u00e8 un ondulante di elevata qualit\u00e0 Giapponese. La forma bombata sulla coda e pi\u00f9 rialzata sulla testa gli conferisce un movimento oscillatorio inconfondibile Disponibili nelle seguenti colorazioni: HIB1.6-12\u00a0 Col 12 HIB1.6-13\u00a0 Col 13 HIB1.6-15\u00a0 Col 15 HIB1.6-48\u00a0 Col 48 HIB1.6-LT7\u00a0 Col LT7 HIB1.6S-IT2001\u00a0 Col IT20-01<\/p>\n","protected":false},"featured_media":91838,"comment_status":"closed","ping_status":"closed","template":"","meta":[],"product_cat":[923,128],"product_tag":[1174],"yoast_head":"<!-- This site is optimized with the Yoast SEO plugin v15.3 - https:\/\/yoast.com\/wordpress\/plugins\/seo\/ -->\n<title>Hi Burst 1,6g - ValkeIN - Pesca Fish<\/title>\n<meta name=\"robots\" content=\"index, follow, max-snippet:-1, max-image-preview:large, max-video-preview:-1\" \/>\n<link rel=\"canonical\" href=\"https:\/\/www.pescafish.it\/new\/prodotto\/hi-burst-16g-valkein\/\" \/>\n<meta property=\"og:locale\" content=\"it_IT\" \/>\n<meta property=\"og:type\" content=\"article\" \/>\n<meta property=\"og:title\" content=\"Hi Burst 1,6g - ValkeIN - Pesca Fish\" \/>\n<meta property=\"og:description\" content=\"Hi Burst 1,6g L&#8217;Hi Burst \u00e8 un ondulante di elevata qualit\u00e0 Giapponese. La forma bombata sulla coda e pi\u00f9 rialzata sulla testa gli conferisce un movimento oscillatorio inconfondibile Disponibili nelle seguenti colorazioni: HIB1.6-12\u00a0 Col 12 HIB1.6-13\u00a0 Col 13 HIB1.6-15\u00a0 Col 15 HIB1.6-48\u00a0 Col 48 HIB1.6-LT7\u00a0 Col LT7 HIB1.6S-IT2001\u00a0 Col IT20-01\" \/>\n<meta property=\"og:url\" content=\"https:\/\/www.pescafish.it\/new\/prodotto\/hi-burst-16g-valkein\/\" \/>\n<meta property=\"og:site_name\" content=\"Pesca Fish\" \/>\n<meta property=\"article:publisher\" content=\"https:\/\/www.facebook.com\/pescafishvr\/\" \/>\n<meta property=\"article:modified_time\" content=\"2025-10-31T18:06:27+00:00\" \/>\n<meta property=\"og:image\" content=\"https:\/\/www.pescafish.it\/new\/wp-content\/uploads\/2016\/10\/COL-IT20-01.jpg\" \/>\n\t<meta property=\"og:image:width\" content=\"789\" \/>\n\t<meta property=\"og:image:height\" content=\"794\" \/>\n<meta name=\"twitter:card\" content=\"summary_large_image\" \/>\n<meta name=\"twitter:label1\" content=\"Scritto da\">\n\t<meta name=\"twitter:data1\" content=\"francesca\">\n\t<meta name=\"twitter:label2\" content=\"Tempo di lettura stimato\">\n\t<meta name=\"twitter:data2\" content=\"0 minuti\">\n<script type=\"application\/ld+json\" class=\"yoast-schema-graph\">{\"@context\":\"https:\/\/schema.org\",\"@graph\":[{\"@type\":\"WebSite\",\"@id\":\"https:\/\/www.pescafish.it\/new\/#website\",\"url\":\"https:\/\/www.pescafish.it\/new\/\",\"name\":\"Pesca Fish\",\"description\":\"Benvenuti sul nostro sito!\",\"potentialAction\":[{\"@type\":\"SearchAction\",\"target\":\"https:\/\/www.pescafish.it\/new\/?s={search_term_string}\",\"query-input\":\"required name=search_term_string\"}],\"inLanguage\":\"it-IT\"},{\"@type\":\"ImageObject\",\"@id\":\"https:\/\/www.pescafish.it\/new\/prodotto\/hi-burst-16g-valkein\/#primaryimage\",\"inLanguage\":\"it-IT\",\"url\":\"https:\/\/www.pescafish.it\/new\/wp-content\/uploads\/2016\/10\/COL-IT20-01.jpg\",\"width\":789,\"height\":794,\"caption\":\"ValkeIN\"},{\"@type\":\"WebPage\",\"@id\":\"https:\/\/www.pescafish.it\/new\/prodotto\/hi-burst-16g-valkein\/#webpage\",\"url\":\"https:\/\/www.pescafish.it\/new\/prodotto\/hi-burst-16g-valkein\/\",\"name\":\"Hi Burst 1,6g - ValkeIN - Pesca Fish\",\"isPartOf\":{\"@id\":\"https:\/\/www.pescafish.it\/new\/#website\"},\"primaryImageOfPage\":{\"@id\":\"https:\/\/www.pescafish.it\/new\/prodotto\/hi-burst-16g-valkein\/#primaryimage\"},\"datePublished\":\"2016-10-15T13:38:37+00:00\",\"dateModified\":\"2025-10-31T18:06:27+00:00\",\"inLanguage\":\"it-IT\",\"potentialAction\":[{\"@type\":\"ReadAction\",\"target\":[\"https:\/\/www.pescafish.it\/new\/prodotto\/hi-burst-16g-valkein\/\"]}]}]}<\/script>\n<!-- \/ Yoast SEO plugin. -->","_links":{"self":[{"href":"https:\/\/www.pescafish.it\/new\/wp-json\/wp\/v2\/product\/34879"}],"collection":[{"href":"https:\/\/www.pescafish.it\/new\/wp-json\/wp\/v2\/product"}],"about":[{"href":"https:\/\/www.pescafish.it\/new\/wp-json\/wp\/v2\/types\/product"}],"replies":[{"embeddable":true,"href":"https:\/\/www.pescafish.it\/new\/wp-json\/wp\/v2\/comments?post=34879"}],"wp:featuredmedia":[{"embeddable":true,"href":"https:\/\/www.pescafish.it\/new\/wp-json\/wp\/v2\/media\/91838"}],"wp:attachment":[{"href":"https:\/\/www.pescafish.it\/new\/wp-json\/wp\/v2\/media?parent=34879"}],"wp:term":[{"taxonomy":"product_cat","embeddable":true,"href":"https:\/\/www.pescafish.it\/new\/wp-json\/wp\/v2\/product_cat?post=34879"},{"taxonomy":"product_tag","embeddable":true,"href":"https:\/\/www.pescafish.it\/new\/wp-json\/wp\/v2\/product_tag?post=34879"}],"curies":[{"name":"wp","href":"https:\/\/api.w.org\/{rel}","templated":true}]}}