{"id":34799,"date":"2016-10-13T12:19:36","date_gmt":"2016-10-13T10:19:36","guid":{"rendered":"http:\/\/www.pescafish.it\/new\/?post_type=product&#038;p=34799"},"modified":"2022-09-20T17:52:32","modified_gmt":"2022-09-20T15:52:32","slug":"dip-150ml-imperial-baits","status":"publish","type":"product","link":"https:\/\/www.pescafish.it\/new\/prodotto\/dip-150ml-imperial-baits\/","title":{"rendered":"Dip 150ml &#8211; Imperial Baits"},"content":{"rendered":"<p>Come usarli:<br \/>\nImmergete le vostre esche per un minimo di 24 ore nel vostro dip.<br \/>\nQuesto rinforzer\u00e0 considerevolmente l\u00b4attrattivit\u00e0 delle vostre esche &#8211; L&#8217;ideale per pescate rapide!<br \/>\nLa boilies potr\u00e0 rimanere per dei mesi nel dip e non diventer\u00e0 morbida.<br \/>\nLa carpa individuer\u00e0 facilmente il vostro innesco.<\/p>\n<p>I Carptrack Amino Dip contengono:<br \/>\nCarptrack NHDC, Carptrack Liquid AMINO, Aroma Carptrack, Carptrack GLM Full Fat, Carptrack inLiquid<\/p>\n<p><strong>Disponibile nelle seguenti aromatizzazioni:<\/strong><\/p>\n<p><strong>IB1930<\/strong>\u00a0 Monster Paradise<br \/>\n<strong>IB1942<\/strong>\u00a0 Explosiv Stick Mix<br \/>\n<strong>IB1573\u00a0<\/strong> Elite<br \/>\n<strong>IB1669<\/strong>\u00a0 Elite\/Strawberry<br \/>\n<strong>IB2562<\/strong>\u00a0 Worm Up<br \/>\n<strong>IB1271 \u00a0<\/strong>Scopex Butter<br \/>\n<strong>IB1491<\/strong>\u00a0 Monster\/Liver<\/p>\n<p><strong>Barattolo da 150ml.<\/strong><\/p>\n","protected":false},"excerpt":{"rendered":"<p>Come usarli: Immergete le vostre esche per un minimo di 24 ore nel vostro dip. Questo rinforzer\u00e0 considerevolmente l\u00b4attrattivit\u00e0 delle vostre esche &#8211; L&#8217;ideale per pescate rapide! La boilies potr\u00e0 rimanere per dei mesi nel dip e non diventer\u00e0 morbida. La carpa individuer\u00e0 facilmente il vostro innesco. I Carptrack Amino Dip contengono: Carptrack NHDC, Carptrack [&hellip;]<\/p>\n","protected":false},"featured_media":82096,"comment_status":"closed","ping_status":"closed","template":"","meta":[],"product_cat":[924],"product_tag":[1132],"yoast_head":"<!-- This site is optimized with the Yoast SEO plugin v15.3 - https:\/\/yoast.com\/wordpress\/plugins\/seo\/ -->\n<title>Dip 150ml - Imperial Baits - Pesca Fish<\/title>\n<meta name=\"robots\" content=\"index, follow, max-snippet:-1, max-image-preview:large, max-video-preview:-1\" \/>\n<link rel=\"canonical\" href=\"https:\/\/www.pescafish.it\/new\/prodotto\/dip-150ml-imperial-baits\/\" \/>\n<meta property=\"og:locale\" content=\"it_IT\" \/>\n<meta property=\"og:type\" content=\"article\" \/>\n<meta property=\"og:title\" content=\"Dip 150ml - Imperial Baits - Pesca Fish\" \/>\n<meta property=\"og:description\" content=\"Come usarli: Immergete le vostre esche per un minimo di 24 ore nel vostro dip. Questo rinforzer\u00e0 considerevolmente l\u00b4attrattivit\u00e0 delle vostre esche &#8211; L&#8217;ideale per pescate rapide! La boilies potr\u00e0 rimanere per dei mesi nel dip e non diventer\u00e0 morbida. La carpa individuer\u00e0 facilmente il vostro innesco. I Carptrack Amino Dip contengono: Carptrack NHDC, Carptrack [&hellip;]\" \/>\n<meta property=\"og:url\" content=\"https:\/\/www.pescafish.it\/new\/prodotto\/dip-150ml-imperial-baits\/\" \/>\n<meta property=\"og:site_name\" content=\"Pesca Fish\" \/>\n<meta property=\"article:publisher\" content=\"https:\/\/www.facebook.com\/pescafishvr\/\" \/>\n<meta property=\"article:modified_time\" content=\"2022-09-20T15:52:32+00:00\" \/>\n<meta property=\"og:image\" content=\"https:\/\/www.pescafish.it\/new\/wp-content\/uploads\/2016\/10\/ib_carptrack_amino_dip_elite_strawberry-150ml-1.jpg\" \/>\n\t<meta property=\"og:image:width\" content=\"600\" \/>\n\t<meta property=\"og:image:height\" content=\"600\" \/>\n<meta name=\"twitter:card\" content=\"summary_large_image\" \/>\n<meta name=\"twitter:label1\" content=\"Scritto da\">\n\t<meta name=\"twitter:data1\" content=\"francesca\">\n\t<meta name=\"twitter:label2\" content=\"Tempo di lettura stimato\">\n\t<meta name=\"twitter:data2\" content=\"0 minuti\">\n<script type=\"application\/ld+json\" class=\"yoast-schema-graph\">{\"@context\":\"https:\/\/schema.org\",\"@graph\":[{\"@type\":\"WebSite\",\"@id\":\"https:\/\/www.pescafish.it\/new\/#website\",\"url\":\"https:\/\/www.pescafish.it\/new\/\",\"name\":\"Pesca Fish\",\"description\":\"Benvenuti sul nostro sito!\",\"potentialAction\":[{\"@type\":\"SearchAction\",\"target\":\"https:\/\/www.pescafish.it\/new\/?s={search_term_string}\",\"query-input\":\"required name=search_term_string\"}],\"inLanguage\":\"it-IT\"},{\"@type\":\"ImageObject\",\"@id\":\"https:\/\/www.pescafish.it\/new\/prodotto\/dip-150ml-imperial-baits\/#primaryimage\",\"inLanguage\":\"it-IT\",\"url\":\"https:\/\/www.pescafish.it\/new\/wp-content\/uploads\/2016\/10\/ib_carptrack_amino_dip_elite_strawberry-150ml-1.jpg\",\"width\":600,\"height\":600},{\"@type\":\"WebPage\",\"@id\":\"https:\/\/www.pescafish.it\/new\/prodotto\/dip-150ml-imperial-baits\/#webpage\",\"url\":\"https:\/\/www.pescafish.it\/new\/prodotto\/dip-150ml-imperial-baits\/\",\"name\":\"Dip 150ml - Imperial Baits - Pesca Fish\",\"isPartOf\":{\"@id\":\"https:\/\/www.pescafish.it\/new\/#website\"},\"primaryImageOfPage\":{\"@id\":\"https:\/\/www.pescafish.it\/new\/prodotto\/dip-150ml-imperial-baits\/#primaryimage\"},\"datePublished\":\"2016-10-13T10:19:36+00:00\",\"dateModified\":\"2022-09-20T15:52:32+00:00\",\"inLanguage\":\"it-IT\",\"potentialAction\":[{\"@type\":\"ReadAction\",\"target\":[\"https:\/\/www.pescafish.it\/new\/prodotto\/dip-150ml-imperial-baits\/\"]}]}]}<\/script>\n<!-- \/ Yoast SEO plugin. -->","_links":{"self":[{"href":"https:\/\/www.pescafish.it\/new\/wp-json\/wp\/v2\/product\/34799"}],"collection":[{"href":"https:\/\/www.pescafish.it\/new\/wp-json\/wp\/v2\/product"}],"about":[{"href":"https:\/\/www.pescafish.it\/new\/wp-json\/wp\/v2\/types\/product"}],"replies":[{"embeddable":true,"href":"https:\/\/www.pescafish.it\/new\/wp-json\/wp\/v2\/comments?post=34799"}],"wp:featuredmedia":[{"embeddable":true,"href":"https:\/\/www.pescafish.it\/new\/wp-json\/wp\/v2\/media\/82096"}],"wp:attachment":[{"href":"https:\/\/www.pescafish.it\/new\/wp-json\/wp\/v2\/media?parent=34799"}],"wp:term":[{"taxonomy":"product_cat","embeddable":true,"href":"https:\/\/www.pescafish.it\/new\/wp-json\/wp\/v2\/product_cat?post=34799"},{"taxonomy":"product_tag","embeddable":true,"href":"https:\/\/www.pescafish.it\/new\/wp-json\/wp\/v2\/product_tag?post=34799"}],"curies":[{"name":"wp","href":"https:\/\/api.w.org\/{rel}","templated":true}]}}