{"id":34740,"date":"2016-10-12T11:56:31","date_gmt":"2016-10-12T09:56:31","guid":{"rendered":"http:\/\/www.pescafish.it\/new\/?post_type=product&#038;p=34740"},"modified":"2024-11-07T19:06:12","modified_gmt":"2024-11-07T18:06:12","slug":"mark-sigma-16g-valkein","status":"publish","type":"product","link":"https:\/\/www.pescafish.it\/new\/prodotto\/mark-sigma-16g-valkein\/","title":{"rendered":"Mark Sigma 1,6g &#8211; ValkeIN"},"content":{"rendered":"<h2>Mark Sigma 1,6g<\/h2>\n<p>Il Mark Sigma \u00e8 un ondulante Giapponese creato con materiali di alta qualit\u00e0, studiato per la pesca alla trota (Trout Area). Ideale per la pesca in velocit\u00e0.<\/p>\n<p><strong>Lunghezza:<\/strong> 2,2cm<br \/>\n<strong>Peso:<\/strong> 1,6g<\/p>\n<p><strong>Disponibili nelle seguenti colorazioni:<\/strong><br \/>\n<strong>MS1.6-26\u00a0 <span style=\"color: #ff0000;\">#26<\/span><\/strong><br \/>\n<strong>MS1.6-48\u00a0 <span style=\"color: #ff0000;\">#48<\/span><\/strong><br \/>\n<strong>MS1.6-49\u00a0 <span style=\"color: #ff0000;\">#49<br \/>\n<\/span>4589934357351<\/strong>\u00a0 #25<strong><span style=\"color: #ff0000;\"><br \/>\n<\/span>4589934357214<\/strong>\u00a0 #4<\/p>\n","protected":false},"excerpt":{"rendered":"<p>Mark Sigma 1,6g Il Mark Sigma \u00e8 un ondulante Giapponese creato con materiali di alta qualit\u00e0, studiato per la pesca alla trota (Trout Area). Ideale per la pesca in velocit\u00e0. Lunghezza: 2,2cm Peso: 1,6g Disponibili nelle seguenti colorazioni: MS1.6-26\u00a0 #26 MS1.6-48\u00a0 #48 MS1.6-49\u00a0 #49 4589934357351\u00a0 #25 4589934357214\u00a0 #4<\/p>\n","protected":false},"featured_media":34745,"comment_status":"closed","ping_status":"closed","template":"","meta":[],"product_cat":[923,128],"product_tag":[1174],"yoast_head":"<!-- This site is optimized with the Yoast SEO plugin v15.3 - https:\/\/yoast.com\/wordpress\/plugins\/seo\/ -->\n<title>Mark Sigma 1,6g - ValkeIN - Pesca Fish<\/title>\n<meta name=\"robots\" content=\"index, follow, max-snippet:-1, max-image-preview:large, max-video-preview:-1\" \/>\n<link rel=\"canonical\" href=\"https:\/\/www.pescafish.it\/new\/prodotto\/mark-sigma-16g-valkein\/\" \/>\n<meta property=\"og:locale\" content=\"it_IT\" \/>\n<meta property=\"og:type\" content=\"article\" \/>\n<meta property=\"og:title\" content=\"Mark Sigma 1,6g - ValkeIN - Pesca Fish\" \/>\n<meta property=\"og:description\" content=\"Mark Sigma 1,6g Il Mark Sigma \u00e8 un ondulante Giapponese creato con materiali di alta qualit\u00e0, studiato per la pesca alla trota (Trout Area). Ideale per la pesca in velocit\u00e0. Lunghezza: 2,2cm Peso: 1,6g Disponibili nelle seguenti colorazioni: MS1.6-26\u00a0 #26 MS1.6-48\u00a0 #48 MS1.6-49\u00a0 #49 4589934357351\u00a0 #25 4589934357214\u00a0 #4\" \/>\n<meta property=\"og:url\" content=\"https:\/\/www.pescafish.it\/new\/prodotto\/mark-sigma-16g-valkein\/\" \/>\n<meta property=\"og:site_name\" content=\"Pesca Fish\" \/>\n<meta property=\"article:publisher\" content=\"https:\/\/www.facebook.com\/pescafishvr\/\" \/>\n<meta property=\"article:modified_time\" content=\"2024-11-07T18:06:12+00:00\" \/>\n<meta property=\"og:image\" content=\"https:\/\/www.pescafish.it\/new\/wp-content\/uploads\/2016\/10\/MARK_SIGMA_26.jpg\" \/>\n\t<meta property=\"og:image:width\" content=\"250\" \/>\n\t<meta property=\"og:image:height\" content=\"200\" \/>\n<meta name=\"twitter:card\" content=\"summary_large_image\" \/>\n<meta name=\"twitter:label1\" content=\"Scritto da\">\n\t<meta name=\"twitter:data1\" content=\"francesca\">\n\t<meta name=\"twitter:label2\" content=\"Tempo di lettura stimato\">\n\t<meta name=\"twitter:data2\" content=\"0 minuti\">\n<script type=\"application\/ld+json\" class=\"yoast-schema-graph\">{\"@context\":\"https:\/\/schema.org\",\"@graph\":[{\"@type\":\"WebSite\",\"@id\":\"https:\/\/www.pescafish.it\/new\/#website\",\"url\":\"https:\/\/www.pescafish.it\/new\/\",\"name\":\"Pesca Fish\",\"description\":\"Benvenuti sul nostro sito!\",\"potentialAction\":[{\"@type\":\"SearchAction\",\"target\":\"https:\/\/www.pescafish.it\/new\/?s={search_term_string}\",\"query-input\":\"required name=search_term_string\"}],\"inLanguage\":\"it-IT\"},{\"@type\":\"ImageObject\",\"@id\":\"https:\/\/www.pescafish.it\/new\/prodotto\/mark-sigma-16g-valkein\/#primaryimage\",\"inLanguage\":\"it-IT\",\"url\":\"https:\/\/www.pescafish.it\/new\/wp-content\/uploads\/2016\/10\/MARK_SIGMA_26.jpg\",\"width\":250,\"height\":200,\"caption\":\"MARK SIGMA VALKEIN\"},{\"@type\":\"WebPage\",\"@id\":\"https:\/\/www.pescafish.it\/new\/prodotto\/mark-sigma-16g-valkein\/#webpage\",\"url\":\"https:\/\/www.pescafish.it\/new\/prodotto\/mark-sigma-16g-valkein\/\",\"name\":\"Mark Sigma 1,6g - ValkeIN - Pesca Fish\",\"isPartOf\":{\"@id\":\"https:\/\/www.pescafish.it\/new\/#website\"},\"primaryImageOfPage\":{\"@id\":\"https:\/\/www.pescafish.it\/new\/prodotto\/mark-sigma-16g-valkein\/#primaryimage\"},\"datePublished\":\"2016-10-12T09:56:31+00:00\",\"dateModified\":\"2024-11-07T18:06:12+00:00\",\"inLanguage\":\"it-IT\",\"potentialAction\":[{\"@type\":\"ReadAction\",\"target\":[\"https:\/\/www.pescafish.it\/new\/prodotto\/mark-sigma-16g-valkein\/\"]}]}]}<\/script>\n<!-- \/ Yoast SEO plugin. -->","_links":{"self":[{"href":"https:\/\/www.pescafish.it\/new\/wp-json\/wp\/v2\/product\/34740"}],"collection":[{"href":"https:\/\/www.pescafish.it\/new\/wp-json\/wp\/v2\/product"}],"about":[{"href":"https:\/\/www.pescafish.it\/new\/wp-json\/wp\/v2\/types\/product"}],"replies":[{"embeddable":true,"href":"https:\/\/www.pescafish.it\/new\/wp-json\/wp\/v2\/comments?post=34740"}],"wp:featuredmedia":[{"embeddable":true,"href":"https:\/\/www.pescafish.it\/new\/wp-json\/wp\/v2\/media\/34745"}],"wp:attachment":[{"href":"https:\/\/www.pescafish.it\/new\/wp-json\/wp\/v2\/media?parent=34740"}],"wp:term":[{"taxonomy":"product_cat","embeddable":true,"href":"https:\/\/www.pescafish.it\/new\/wp-json\/wp\/v2\/product_cat?post=34740"},{"taxonomy":"product_tag","embeddable":true,"href":"https:\/\/www.pescafish.it\/new\/wp-json\/wp\/v2\/product_tag?post=34740"}],"curies":[{"name":"wp","href":"https:\/\/api.w.org\/{rel}","templated":true}]}}