{"id":30593,"date":"2016-06-07T18:43:02","date_gmt":"2016-06-07T16:43:02","guid":{"rendered":"http:\/\/www.pescafish.it\/new\/?post_type=product&#038;p=30593"},"modified":"2023-05-10T08:55:29","modified_gmt":"2023-05-10T06:55:29","slug":"pure-sanagi-powder-marukyu","status":"publish","type":"product","link":"https:\/\/www.pescafish.it\/new\/prodotto\/pure-sanagi-powder-marukyu\/","title":{"rendered":"Pure Sanagi Powder &#8211; Marukyu"},"content":{"rendered":"<p>La Farina pura di SANAGI (crisalide del baco da seta) selezionata da MARUKYU in Giappone e insacchettata sottovuoto per il massimo della qualit\u00e0!<br \/>\nLe pupe vengono \u201craccolte\u201d sempre e\u00a0solo in un preciso istante della loro maturazione, cosa che garantisce la massima omogeneit\u00e0 del prodotto nel tempo e di conseguenza la sua massima capacit\u00e0 di richiamo. La Farina di Crisalide \u00e8 un\u2019ingrediente fondamentale e si ritrova presente in moltissime delle pasture della casa Nipponica, l\u2019alto contenuto proteico presente naturalmente nel bacoccio e l\u2019odore caratteristico, hanno infatti un sorprendente potere attrattivo sia sui pesci di Acqua dolce che su quelli delle acque salate.<\/p>\n<p><strong>USO:<\/strong><br \/>\nIdeale nella\u00a0stagione temperata e per la ricerca di grossi pesci sia in acqua dolce che in mare. La Farina di Pura Crisalide MARUKYU costituisce un additivo valido per qualsiasi utilizzo: miscelato alle pasture ed ai pellets sia asciutti che bagnati, spolverato sulle larve o nella creazione di mix self made e per molti altri usi.<\/p>\n<p><strong>Disponibile nelle seguenti granulometrie:<\/strong><\/p>\n<p><strong>SFA441<\/strong>\u00a0 Media<\/p>\n<p><strong>Confezione da 900g<\/strong><\/p>\n","protected":false},"excerpt":{"rendered":"<p>La Farina pura di SANAGI (crisalide del baco da seta) selezionata da MARUKYU in Giappone e insacchettata sottovuoto per il massimo della qualit\u00e0! Le pupe vengono \u201craccolte\u201d sempre e\u00a0solo in un preciso istante della loro maturazione, cosa che garantisce la massima omogeneit\u00e0 del prodotto nel tempo e di conseguenza la sua massima capacit\u00e0 di richiamo. [&hellip;]<\/p>\n","protected":false},"featured_media":30595,"comment_status":"closed","ping_status":"closed","template":"","meta":[],"product_cat":[707],"product_tag":[1218],"yoast_head":"<!-- This site is optimized with the Yoast SEO plugin v15.3 - https:\/\/yoast.com\/wordpress\/plugins\/seo\/ -->\n<title>Pure Sanagi Powder - Marukyu - Pesca Fish<\/title>\n<meta name=\"robots\" content=\"index, follow, max-snippet:-1, max-image-preview:large, max-video-preview:-1\" \/>\n<link rel=\"canonical\" href=\"https:\/\/www.pescafish.it\/new\/prodotto\/pure-sanagi-powder-marukyu\/\" \/>\n<meta property=\"og:locale\" content=\"it_IT\" \/>\n<meta property=\"og:type\" content=\"article\" \/>\n<meta property=\"og:title\" content=\"Pure Sanagi Powder - Marukyu - Pesca Fish\" \/>\n<meta property=\"og:description\" content=\"La Farina pura di SANAGI (crisalide del baco da seta) selezionata da MARUKYU in Giappone e insacchettata sottovuoto per il massimo della qualit\u00e0! Le pupe vengono \u201craccolte\u201d sempre e\u00a0solo in un preciso istante della loro maturazione, cosa che garantisce la massima omogeneit\u00e0 del prodotto nel tempo e di conseguenza la sua massima capacit\u00e0 di richiamo. [&hellip;]\" \/>\n<meta property=\"og:url\" content=\"https:\/\/www.pescafish.it\/new\/prodotto\/pure-sanagi-powder-marukyu\/\" \/>\n<meta property=\"og:site_name\" content=\"Pesca Fish\" \/>\n<meta property=\"article:publisher\" content=\"https:\/\/www.facebook.com\/pescafishvr\/\" \/>\n<meta property=\"article:modified_time\" content=\"2023-05-10T06:55:29+00:00\" \/>\n<meta property=\"og:image\" content=\"https:\/\/www.pescafish.it\/new\/wp-content\/uploads\/2016\/06\/pure-sanagi-powder.jpg\" \/>\n\t<meta property=\"og:image:width\" content=\"409\" \/>\n\t<meta property=\"og:image:height\" content=\"446\" \/>\n<meta name=\"twitter:card\" content=\"summary_large_image\" \/>\n<meta name=\"twitter:label1\" content=\"Scritto da\">\n\t<meta name=\"twitter:data1\" content=\"francesca\">\n\t<meta name=\"twitter:label2\" content=\"Tempo di lettura stimato\">\n\t<meta name=\"twitter:data2\" content=\"1 minuto\">\n<script type=\"application\/ld+json\" class=\"yoast-schema-graph\">{\"@context\":\"https:\/\/schema.org\",\"@graph\":[{\"@type\":\"WebSite\",\"@id\":\"https:\/\/www.pescafish.it\/new\/#website\",\"url\":\"https:\/\/www.pescafish.it\/new\/\",\"name\":\"Pesca Fish\",\"description\":\"Benvenuti sul nostro sito!\",\"potentialAction\":[{\"@type\":\"SearchAction\",\"target\":\"https:\/\/www.pescafish.it\/new\/?s={search_term_string}\",\"query-input\":\"required name=search_term_string\"}],\"inLanguage\":\"it-IT\"},{\"@type\":\"ImageObject\",\"@id\":\"https:\/\/www.pescafish.it\/new\/prodotto\/pure-sanagi-powder-marukyu\/#primaryimage\",\"inLanguage\":\"it-IT\",\"url\":\"https:\/\/www.pescafish.it\/new\/wp-content\/uploads\/2016\/06\/pure-sanagi-powder.jpg\",\"width\":409,\"height\":446},{\"@type\":\"WebPage\",\"@id\":\"https:\/\/www.pescafish.it\/new\/prodotto\/pure-sanagi-powder-marukyu\/#webpage\",\"url\":\"https:\/\/www.pescafish.it\/new\/prodotto\/pure-sanagi-powder-marukyu\/\",\"name\":\"Pure Sanagi Powder - Marukyu - Pesca Fish\",\"isPartOf\":{\"@id\":\"https:\/\/www.pescafish.it\/new\/#website\"},\"primaryImageOfPage\":{\"@id\":\"https:\/\/www.pescafish.it\/new\/prodotto\/pure-sanagi-powder-marukyu\/#primaryimage\"},\"datePublished\":\"2016-06-07T16:43:02+00:00\",\"dateModified\":\"2023-05-10T06:55:29+00:00\",\"inLanguage\":\"it-IT\",\"potentialAction\":[{\"@type\":\"ReadAction\",\"target\":[\"https:\/\/www.pescafish.it\/new\/prodotto\/pure-sanagi-powder-marukyu\/\"]}]}]}<\/script>\n<!-- \/ Yoast SEO plugin. -->","_links":{"self":[{"href":"https:\/\/www.pescafish.it\/new\/wp-json\/wp\/v2\/product\/30593"}],"collection":[{"href":"https:\/\/www.pescafish.it\/new\/wp-json\/wp\/v2\/product"}],"about":[{"href":"https:\/\/www.pescafish.it\/new\/wp-json\/wp\/v2\/types\/product"}],"replies":[{"embeddable":true,"href":"https:\/\/www.pescafish.it\/new\/wp-json\/wp\/v2\/comments?post=30593"}],"wp:featuredmedia":[{"embeddable":true,"href":"https:\/\/www.pescafish.it\/new\/wp-json\/wp\/v2\/media\/30595"}],"wp:attachment":[{"href":"https:\/\/www.pescafish.it\/new\/wp-json\/wp\/v2\/media?parent=30593"}],"wp:term":[{"taxonomy":"product_cat","embeddable":true,"href":"https:\/\/www.pescafish.it\/new\/wp-json\/wp\/v2\/product_cat?post=30593"},{"taxonomy":"product_tag","embeddable":true,"href":"https:\/\/www.pescafish.it\/new\/wp-json\/wp\/v2\/product_tag?post=30593"}],"curies":[{"name":"wp","href":"https:\/\/api.w.org\/{rel}","templated":true}]}}