{"id":29745,"date":"2016-05-11T17:39:22","date_gmt":"2016-05-11T15:39:22","guid":{"rendered":"http:\/\/www.pescafish.it\/new\/?post_type=product&#038;p=29745"},"modified":"2018-01-23T16:56:21","modified_gmt":"2018-01-23T15:56:21","slug":"edges-tapared-mainline-stoppers-fox","status":"publish","type":"product","link":"https:\/\/www.pescafish.it\/new\/prodotto\/edges-tapared-mainline-stoppers-fox\/","title":{"rendered":"Edges Tapared Mainline Stoppers &#8211; Fox"},"content":{"rendered":"<p><strong>Caratteristiche:<\/strong><br \/>\n\u2022 Stopper conico di grandi dimensioni per l&#8217;utilizzo sulla lenza madre, nel quale ci si pu\u00f2 quindi inserire un 5mm Tungsten Bead quando si pesca con Chod o Helicopter rigs &#8220;naked&#8221;;<br \/>\n\u2022 La conicit\u00e0 consente alla girella del terminale di staccare la perlina pi\u00f9 facilmente rendendolo pi\u00f9 sicuro rispetto ai design convenzionali;<br \/>\n\u2022 Forniti su filo con cappio.<\/p>\n<p><strong>La confezione contiene n\u00b09 pezzi.<\/strong><\/p>\n","protected":false},"excerpt":{"rendered":"<p>Caratteristiche: \u2022 Stopper conico di grandi dimensioni per l&#8217;utilizzo sulla lenza madre, nel quale ci si pu\u00f2 quindi inserire un 5mm Tungsten Bead quando si pesca con Chod o Helicopter rigs &#8220;naked&#8221;; \u2022 La conicit\u00e0 consente alla girella del terminale di staccare la perlina pi\u00f9 facilmente rendendolo pi\u00f9 sicuro rispetto ai design convenzionali; \u2022 Forniti [&hellip;]<\/p>\n","protected":false},"featured_media":29746,"comment_status":"open","ping_status":"closed","template":"","meta":[],"product_cat":[574],"product_tag":[],"yoast_head":"<!-- This site is optimized with the Yoast SEO plugin v15.3 - https:\/\/yoast.com\/wordpress\/plugins\/seo\/ -->\n<title>Edges Tapared Mainline Stoppers - Fox - Pesca Fish<\/title>\n<meta name=\"robots\" content=\"index, follow, max-snippet:-1, max-image-preview:large, max-video-preview:-1\" \/>\n<link rel=\"canonical\" href=\"https:\/\/www.pescafish.it\/new\/prodotto\/edges-tapared-mainline-stoppers-fox\/\" \/>\n<meta property=\"og:locale\" content=\"it_IT\" \/>\n<meta property=\"og:type\" content=\"article\" \/>\n<meta property=\"og:title\" content=\"Edges Tapared Mainline Stoppers - Fox - Pesca Fish\" \/>\n<meta property=\"og:description\" content=\"Caratteristiche: \u2022 Stopper conico di grandi dimensioni per l&#8217;utilizzo sulla lenza madre, nel quale ci si pu\u00f2 quindi inserire un 5mm Tungsten Bead quando si pesca con Chod o Helicopter rigs &#8220;naked&#8221;; \u2022 La conicit\u00e0 consente alla girella del terminale di staccare la perlina pi\u00f9 facilmente rendendolo pi\u00f9 sicuro rispetto ai design convenzionali; \u2022 Forniti [&hellip;]\" \/>\n<meta property=\"og:url\" content=\"https:\/\/www.pescafish.it\/new\/prodotto\/edges-tapared-mainline-stoppers-fox\/\" \/>\n<meta property=\"og:site_name\" content=\"Pesca Fish\" \/>\n<meta property=\"article:publisher\" content=\"https:\/\/www.facebook.com\/pescafishvr\/\" \/>\n<meta property=\"article:modified_time\" content=\"2018-01-23T15:56:21+00:00\" \/>\n<meta property=\"og:image\" content=\"https:\/\/www.pescafish.it\/new\/wp-content\/uploads\/2016\/05\/cac492.jpg\" \/>\n\t<meta property=\"og:image:width\" content=\"1000\" \/>\n\t<meta property=\"og:image:height\" content=\"1505\" \/>\n<meta name=\"twitter:card\" content=\"summary_large_image\" \/>\n<meta name=\"twitter:label1\" content=\"Scritto da\">\n\t<meta name=\"twitter:data1\" content=\"francesca\">\n\t<meta name=\"twitter:label2\" content=\"Tempo di lettura stimato\">\n\t<meta name=\"twitter:data2\" content=\"0 minuti\">\n<script type=\"application\/ld+json\" class=\"yoast-schema-graph\">{\"@context\":\"https:\/\/schema.org\",\"@graph\":[{\"@type\":\"WebSite\",\"@id\":\"https:\/\/www.pescafish.it\/new\/#website\",\"url\":\"https:\/\/www.pescafish.it\/new\/\",\"name\":\"Pesca Fish\",\"description\":\"Benvenuti sul nostro sito!\",\"potentialAction\":[{\"@type\":\"SearchAction\",\"target\":\"https:\/\/www.pescafish.it\/new\/?s={search_term_string}\",\"query-input\":\"required name=search_term_string\"}],\"inLanguage\":\"it-IT\"},{\"@type\":\"ImageObject\",\"@id\":\"https:\/\/www.pescafish.it\/new\/prodotto\/edges-tapared-mainline-stoppers-fox\/#primaryimage\",\"inLanguage\":\"it-IT\",\"url\":\"https:\/\/www.pescafish.it\/new\/wp-content\/uploads\/2016\/05\/cac492.jpg\",\"width\":1000,\"height\":1505},{\"@type\":\"WebPage\",\"@id\":\"https:\/\/www.pescafish.it\/new\/prodotto\/edges-tapared-mainline-stoppers-fox\/#webpage\",\"url\":\"https:\/\/www.pescafish.it\/new\/prodotto\/edges-tapared-mainline-stoppers-fox\/\",\"name\":\"Edges Tapared Mainline Stoppers - Fox - Pesca Fish\",\"isPartOf\":{\"@id\":\"https:\/\/www.pescafish.it\/new\/#website\"},\"primaryImageOfPage\":{\"@id\":\"https:\/\/www.pescafish.it\/new\/prodotto\/edges-tapared-mainline-stoppers-fox\/#primaryimage\"},\"datePublished\":\"2016-05-11T15:39:22+00:00\",\"dateModified\":\"2018-01-23T15:56:21+00:00\",\"inLanguage\":\"it-IT\",\"potentialAction\":[{\"@type\":\"ReadAction\",\"target\":[\"https:\/\/www.pescafish.it\/new\/prodotto\/edges-tapared-mainline-stoppers-fox\/\"]}]}]}<\/script>\n<!-- \/ Yoast SEO plugin. -->","_links":{"self":[{"href":"https:\/\/www.pescafish.it\/new\/wp-json\/wp\/v2\/product\/29745"}],"collection":[{"href":"https:\/\/www.pescafish.it\/new\/wp-json\/wp\/v2\/product"}],"about":[{"href":"https:\/\/www.pescafish.it\/new\/wp-json\/wp\/v2\/types\/product"}],"replies":[{"embeddable":true,"href":"https:\/\/www.pescafish.it\/new\/wp-json\/wp\/v2\/comments?post=29745"}],"wp:featuredmedia":[{"embeddable":true,"href":"https:\/\/www.pescafish.it\/new\/wp-json\/wp\/v2\/media\/29746"}],"wp:attachment":[{"href":"https:\/\/www.pescafish.it\/new\/wp-json\/wp\/v2\/media?parent=29745"}],"wp:term":[{"taxonomy":"product_cat","embeddable":true,"href":"https:\/\/www.pescafish.it\/new\/wp-json\/wp\/v2\/product_cat?post=29745"},{"taxonomy":"product_tag","embeddable":true,"href":"https:\/\/www.pescafish.it\/new\/wp-json\/wp\/v2\/product_tag?post=29745"}],"curies":[{"name":"wp","href":"https:\/\/api.w.org\/{rel}","templated":true}]}}