{"id":19330,"date":"2015-12-01T11:37:27","date_gmt":"2015-12-01T10:37:27","guid":{"rendered":"http:\/\/www.pescafish.it\/new\/focus-amino-glugs-marukyu"},"modified":"2025-10-15T01:07:26","modified_gmt":"2025-10-14T23:07:26","slug":"focus-amino-glugs-marukyu","status":"publish","type":"product","link":"https:\/\/www.pescafish.it\/new\/prodotto\/focus-amino-glugs-marukyu\/","title":{"rendered":"Focus Amino+ Glugs &#8211; Marukyu"},"content":{"rendered":"<p>I MARUKYU AMINO+ sono l\u2019 ultimo frutto nato dalla tecnologia e lo sviluppo della casa Giapponese. Si tratta di un additivo pieno di nucleoidi, aminoacidi, olii essenziali e stimolanti di appetito ad alto potenziale. AMINO+ \u00e8 idrosolubile, ma si lega a qualsiasi innesco con cui venga utilizzato, producendo in acqua una scia aromatica che condurr\u00e0 il pece dritto sulla vostra esca. Grazie al pratico beccuccio pu\u00f2 essere messo nei vostri inneschi con facilit\u00e0 e precisione. PVA Friendly<\/p>\n<p><b>Disponibili nelle seguenti aromatizzazioni:<br \/>\nAMG0001\u00a0 <\/b>Nectarmino<b><br \/>\nAMG0002\u00a0 <\/b>Umami<b><br \/>\nAMG0004\u00a0<\/b> Scopex<br \/>\n<b>AMG0005<\/b>\u00a0 Coconutty<br \/>\n<b>AMG0006\u00a0 <\/b>Choco Cream<\/p>\n<p><b>Flaconcino da 100ml<\/b><\/p>\n","protected":false},"excerpt":{"rendered":"<p>I MARUKYU AMINO+ sono l\u2019 ultimo frutto nato dalla tecnologia e lo sviluppo della casa Giapponese. Si tratta di un additivo pieno di nucleoidi, aminoacidi, olii essenziali e stimolanti di appetito ad alto potenziale. AMINO+ \u00e8 idrosolubile, ma si lega a qualsiasi innesco con cui venga utilizzato, producendo in acqua una scia aromatica che condurr\u00e0 [&hellip;]<\/p>\n","protected":false},"featured_media":21787,"comment_status":"closed","ping_status":"closed","template":"","meta":[],"product_cat":[707],"product_tag":[],"yoast_head":"<!-- This site is optimized with the Yoast SEO plugin v15.3 - https:\/\/yoast.com\/wordpress\/plugins\/seo\/ -->\n<title>Focus Amino+ Glugs - Marukyu - Pesca Fish<\/title>\n<meta name=\"robots\" content=\"index, follow, max-snippet:-1, max-image-preview:large, max-video-preview:-1\" \/>\n<link rel=\"canonical\" href=\"https:\/\/www.pescafish.it\/new\/prodotto\/focus-amino-glugs-marukyu\/\" \/>\n<meta property=\"og:locale\" content=\"it_IT\" \/>\n<meta property=\"og:type\" content=\"article\" \/>\n<meta property=\"og:title\" content=\"Focus Amino+ Glugs - Marukyu - Pesca Fish\" \/>\n<meta property=\"og:description\" content=\"I MARUKYU AMINO+ sono l\u2019 ultimo frutto nato dalla tecnologia e lo sviluppo della casa Giapponese. Si tratta di un additivo pieno di nucleoidi, aminoacidi, olii essenziali e stimolanti di appetito ad alto potenziale. AMINO+ \u00e8 idrosolubile, ma si lega a qualsiasi innesco con cui venga utilizzato, producendo in acqua una scia aromatica che condurr\u00e0 [&hellip;]\" \/>\n<meta property=\"og:url\" content=\"https:\/\/www.pescafish.it\/new\/prodotto\/focus-amino-glugs-marukyu\/\" \/>\n<meta property=\"og:site_name\" content=\"Pesca Fish\" \/>\n<meta property=\"article:publisher\" content=\"https:\/\/www.facebook.com\/pescafishvr\/\" \/>\n<meta property=\"article:modified_time\" content=\"2025-10-14T23:07:26+00:00\" \/>\n<meta property=\"og:image\" content=\"https:\/\/www.pescafish.it\/new\/wp-content\/uploads\/2015\/12\/4d6810d263015f73a73e132c338d1606.jpg\" \/>\n\t<meta property=\"og:image:width\" content=\"400\" \/>\n\t<meta property=\"og:image:height\" content=\"197\" \/>\n<meta name=\"twitter:card\" content=\"summary_large_image\" \/>\n<meta name=\"twitter:label1\" content=\"Scritto da\">\n\t<meta name=\"twitter:data1\" content=\"francesca\">\n\t<meta name=\"twitter:label2\" content=\"Tempo di lettura stimato\">\n\t<meta name=\"twitter:data2\" content=\"0 minuti\">\n<script type=\"application\/ld+json\" class=\"yoast-schema-graph\">{\"@context\":\"https:\/\/schema.org\",\"@graph\":[{\"@type\":\"WebSite\",\"@id\":\"https:\/\/www.pescafish.it\/new\/#website\",\"url\":\"https:\/\/www.pescafish.it\/new\/\",\"name\":\"Pesca Fish\",\"description\":\"Benvenuti sul nostro sito!\",\"potentialAction\":[{\"@type\":\"SearchAction\",\"target\":\"https:\/\/www.pescafish.it\/new\/?s={search_term_string}\",\"query-input\":\"required name=search_term_string\"}],\"inLanguage\":\"it-IT\"},{\"@type\":\"ImageObject\",\"@id\":\"https:\/\/www.pescafish.it\/new\/prodotto\/focus-amino-glugs-marukyu\/#primaryimage\",\"inLanguage\":\"it-IT\",\"url\":\"https:\/\/www.pescafish.it\/new\/wp-content\/uploads\/2015\/12\/4d6810d263015f73a73e132c338d1606.jpg\",\"width\":400,\"height\":197},{\"@type\":\"WebPage\",\"@id\":\"https:\/\/www.pescafish.it\/new\/prodotto\/focus-amino-glugs-marukyu\/#webpage\",\"url\":\"https:\/\/www.pescafish.it\/new\/prodotto\/focus-amino-glugs-marukyu\/\",\"name\":\"Focus Amino+ Glugs - Marukyu - Pesca Fish\",\"isPartOf\":{\"@id\":\"https:\/\/www.pescafish.it\/new\/#website\"},\"primaryImageOfPage\":{\"@id\":\"https:\/\/www.pescafish.it\/new\/prodotto\/focus-amino-glugs-marukyu\/#primaryimage\"},\"datePublished\":\"2015-12-01T10:37:27+00:00\",\"dateModified\":\"2025-10-14T23:07:26+00:00\",\"inLanguage\":\"it-IT\",\"potentialAction\":[{\"@type\":\"ReadAction\",\"target\":[\"https:\/\/www.pescafish.it\/new\/prodotto\/focus-amino-glugs-marukyu\/\"]}]}]}<\/script>\n<!-- \/ Yoast SEO plugin. -->","_links":{"self":[{"href":"https:\/\/www.pescafish.it\/new\/wp-json\/wp\/v2\/product\/19330"}],"collection":[{"href":"https:\/\/www.pescafish.it\/new\/wp-json\/wp\/v2\/product"}],"about":[{"href":"https:\/\/www.pescafish.it\/new\/wp-json\/wp\/v2\/types\/product"}],"replies":[{"embeddable":true,"href":"https:\/\/www.pescafish.it\/new\/wp-json\/wp\/v2\/comments?post=19330"}],"wp:featuredmedia":[{"embeddable":true,"href":"https:\/\/www.pescafish.it\/new\/wp-json\/wp\/v2\/media\/21787"}],"wp:attachment":[{"href":"https:\/\/www.pescafish.it\/new\/wp-json\/wp\/v2\/media?parent=19330"}],"wp:term":[{"taxonomy":"product_cat","embeddable":true,"href":"https:\/\/www.pescafish.it\/new\/wp-json\/wp\/v2\/product_cat?post=19330"},{"taxonomy":"product_tag","embeddable":true,"href":"https:\/\/www.pescafish.it\/new\/wp-json\/wp\/v2\/product_tag?post=19330"}],"curies":[{"name":"wp","href":"https:\/\/api.w.org\/{rel}","templated":true}]}}