{"id":18918,"date":"2015-12-01T11:37:27","date_gmt":"2015-12-01T10:37:27","guid":{"rendered":"http:\/\/www.pescafish.it\/new\/cog-booms-flat-lead-korda"},"modified":"2021-06-11T17:49:02","modified_gmt":"2021-06-11T15:49:02","slug":"cog-booms-flat-lead-korda","status":"publish","type":"product","link":"https:\/\/www.pescafish.it\/new\/prodotto\/cog-booms-flat-lead-korda\/","title":{"rendered":"COG Booms Flat Lead &#8211; Korda"},"content":{"rendered":"<p>Il COG System di Korda \u00e8 stato specificatamente progettato per<br \/>\nconvertire pi\u00f9 mangiate in pesci agganciati. L&#8217;intelligente sistema<br \/>\n&#8220;centro di gravit\u00e0 del piombo&#8221; assicura che il pesce senta tutto il peso<br \/>\ndel piombo immediatamente.<\/p>\n<p><b>Versione per piombi Flat Lead<\/b><\/p>\n<p>Disponibili per le seguenti grammature di piombi Flat Lead:<br \/>\n<strong>KCOG3<\/strong>\u00a0 Per piombi da 2oz &#8211; 2.5oz<br \/>\n<b>KCOG4<\/b>\u00a0 Per piombi da 3oz &#8211; 3.5oz<br \/>\n<strong>KCOG6<\/strong>\u00a0 Per piombi da 4oz &#8211; 5oz<\/p>\n<p><b>La confezione contiene n\u00b03 attacchi COG, n\u00b03 Lead Clip e n\u00b03 Tail Rubber.<\/b><\/p>\n","protected":false},"excerpt":{"rendered":"<p>Il COG System di Korda \u00e8 stato specificatamente progettato per convertire pi\u00f9 mangiate in pesci agganciati. L&#8217;intelligente sistema &#8220;centro di gravit\u00e0 del piombo&#8221; assicura che il pesce senta tutto il peso del piombo immediatamente. Versione per piombi Flat Lead Disponibili per le seguenti grammature di piombi Flat Lead: KCOG3\u00a0 Per piombi da 2oz &#8211; 2.5oz [&hellip;]<\/p>\n","protected":false},"featured_media":20223,"comment_status":"closed","ping_status":"closed","template":"","meta":[],"product_cat":[408],"product_tag":[],"yoast_head":"<!-- This site is optimized with the Yoast SEO plugin v15.3 - https:\/\/yoast.com\/wordpress\/plugins\/seo\/ -->\n<title>COG Booms Flat Lead - Korda - Pesca Fish<\/title>\n<meta name=\"robots\" content=\"index, follow, max-snippet:-1, max-image-preview:large, max-video-preview:-1\" \/>\n<link rel=\"canonical\" href=\"https:\/\/www.pescafish.it\/new\/prodotto\/cog-booms-flat-lead-korda\/\" \/>\n<meta property=\"og:locale\" content=\"it_IT\" \/>\n<meta property=\"og:type\" content=\"article\" \/>\n<meta property=\"og:title\" content=\"COG Booms Flat Lead - Korda - Pesca Fish\" \/>\n<meta property=\"og:description\" content=\"Il COG System di Korda \u00e8 stato specificatamente progettato per convertire pi\u00f9 mangiate in pesci agganciati. L&#8217;intelligente sistema &#8220;centro di gravit\u00e0 del piombo&#8221; assicura che il pesce senta tutto il peso del piombo immediatamente. Versione per piombi Flat Lead Disponibili per le seguenti grammature di piombi Flat Lead: KCOG3\u00a0 Per piombi da 2oz &#8211; 2.5oz [&hellip;]\" \/>\n<meta property=\"og:url\" content=\"https:\/\/www.pescafish.it\/new\/prodotto\/cog-booms-flat-lead-korda\/\" \/>\n<meta property=\"og:site_name\" content=\"Pesca Fish\" \/>\n<meta property=\"article:publisher\" content=\"https:\/\/www.facebook.com\/pescafishvr\/\" \/>\n<meta property=\"article:modified_time\" content=\"2021-06-11T15:49:02+00:00\" \/>\n<meta property=\"og:image\" content=\"https:\/\/www.pescafish.it\/new\/wp-content\/uploads\/2015\/12\/123406f927d829ab1df47777126f3654.jpg\" \/>\n\t<meta property=\"og:image:width\" content=\"400\" \/>\n\t<meta property=\"og:image:height\" content=\"665\" \/>\n<meta name=\"twitter:card\" content=\"summary_large_image\" \/>\n<meta name=\"twitter:label1\" content=\"Scritto da\">\n\t<meta name=\"twitter:data1\" content=\"francesca\">\n\t<meta name=\"twitter:label2\" content=\"Tempo di lettura stimato\">\n\t<meta name=\"twitter:data2\" content=\"0 minuti\">\n<script type=\"application\/ld+json\" class=\"yoast-schema-graph\">{\"@context\":\"https:\/\/schema.org\",\"@graph\":[{\"@type\":\"WebSite\",\"@id\":\"https:\/\/www.pescafish.it\/new\/#website\",\"url\":\"https:\/\/www.pescafish.it\/new\/\",\"name\":\"Pesca Fish\",\"description\":\"Benvenuti sul nostro sito!\",\"potentialAction\":[{\"@type\":\"SearchAction\",\"target\":\"https:\/\/www.pescafish.it\/new\/?s={search_term_string}\",\"query-input\":\"required name=search_term_string\"}],\"inLanguage\":\"it-IT\"},{\"@type\":\"ImageObject\",\"@id\":\"https:\/\/www.pescafish.it\/new\/prodotto\/cog-booms-flat-lead-korda\/#primaryimage\",\"inLanguage\":\"it-IT\",\"url\":\"https:\/\/www.pescafish.it\/new\/wp-content\/uploads\/2015\/12\/123406f927d829ab1df47777126f3654.jpg\",\"width\":400,\"height\":665},{\"@type\":\"WebPage\",\"@id\":\"https:\/\/www.pescafish.it\/new\/prodotto\/cog-booms-flat-lead-korda\/#webpage\",\"url\":\"https:\/\/www.pescafish.it\/new\/prodotto\/cog-booms-flat-lead-korda\/\",\"name\":\"COG Booms Flat Lead - Korda - Pesca Fish\",\"isPartOf\":{\"@id\":\"https:\/\/www.pescafish.it\/new\/#website\"},\"primaryImageOfPage\":{\"@id\":\"https:\/\/www.pescafish.it\/new\/prodotto\/cog-booms-flat-lead-korda\/#primaryimage\"},\"datePublished\":\"2015-12-01T10:37:27+00:00\",\"dateModified\":\"2021-06-11T15:49:02+00:00\",\"inLanguage\":\"it-IT\",\"potentialAction\":[{\"@type\":\"ReadAction\",\"target\":[\"https:\/\/www.pescafish.it\/new\/prodotto\/cog-booms-flat-lead-korda\/\"]}]}]}<\/script>\n<!-- \/ Yoast SEO plugin. -->","_links":{"self":[{"href":"https:\/\/www.pescafish.it\/new\/wp-json\/wp\/v2\/product\/18918"}],"collection":[{"href":"https:\/\/www.pescafish.it\/new\/wp-json\/wp\/v2\/product"}],"about":[{"href":"https:\/\/www.pescafish.it\/new\/wp-json\/wp\/v2\/types\/product"}],"replies":[{"embeddable":true,"href":"https:\/\/www.pescafish.it\/new\/wp-json\/wp\/v2\/comments?post=18918"}],"wp:featuredmedia":[{"embeddable":true,"href":"https:\/\/www.pescafish.it\/new\/wp-json\/wp\/v2\/media\/20223"}],"wp:attachment":[{"href":"https:\/\/www.pescafish.it\/new\/wp-json\/wp\/v2\/media?parent=18918"}],"wp:term":[{"taxonomy":"product_cat","embeddable":true,"href":"https:\/\/www.pescafish.it\/new\/wp-json\/wp\/v2\/product_cat?post=18918"},{"taxonomy":"product_tag","embeddable":true,"href":"https:\/\/www.pescafish.it\/new\/wp-json\/wp\/v2\/product_tag?post=18918"}],"curies":[{"name":"wp","href":"https:\/\/api.w.org\/{rel}","templated":true}]}}