{"id":17596,"date":"2015-12-01T11:37:27","date_gmt":"2015-12-01T10:37:27","guid":{"rendered":"http:\/\/www.pescafish.it\/new\/mulinello-spheros-sw-shimano"},"modified":"2024-11-12T19:23:12","modified_gmt":"2024-11-12T18:23:12","slug":"mulinello-spheros-sw-shimano","status":"publish","type":"product","link":"https:\/\/www.pescafish.it\/new\/prodotto\/mulinello-spheros-sw-shimano\/","title":{"rendered":"Mulinello Spheros SW &#8211; Shimano"},"content":{"rendered":"<h2>Shimano Spheros SW<\/h2>\n<p>Il nuovo Spheros SW \u00e8 l\u2019entry level dei mulinelli da spinning in mare di Shimano e contiene molte caratteristiche presenti nei modelli di fascia superiore come gli ingranaggi X-ship, per la massima potenza di avvolgimento, corpo ibrido X-Shield, rotore XGT-7, X-Protect e Super Stopper II. Disponibile in cinque taglie, dalle misure versatili 5000, 6000 e 8000 ideali per lo spinning e il vertical jigging, alle taglie pi\u00f9 grandi 10000 e 20000 adatti per i pi\u00f9 grandi predatori del mare, grazie alla grande potenza della frizione e alla notevole capacit\u00e0 di filo in bobina. Bobine AR-C in alluminio forgiato a freddo per eccellenti prestazioni di lancio e robustezza. Il nuovo Spheros SW \u00e8 la scelta perfetta per che si avvicina per la prima volta allo spinning pesante in mare oppure come attrezzo di riserva per i pescatori che utilizzano modelli pi\u00f9 costosi.<\/p>\n<p><b>Disponibile nei seguenti modelli:<\/b><\/p>\n<table style=\"width: 60.2112%; height: 120px;\" border=\"1\">\n<tbody>\n<tr style=\"height: 24px;\">\n<td style=\"height: 24px;\"><b>Modello<br \/>\n<\/b><\/td>\n<td style=\"height: 24px;\"><b>Peso g<br \/>\n<\/b><\/td>\n<td style=\"height: 24px;\"><b>Rapporto Recupero<br \/>\n<\/b><\/td>\n<td style=\"height: 24px;\"><b>Capacit\u00e0 bobina<br \/>\n<\/b><\/td>\n<td style=\"height: 24px;\"><b>N\u00b0 cuscinetti<br \/>\n<\/b><\/td>\n<td style=\"height: 24px;\"><b>Max Drag<br \/>\n<\/b><\/td>\n<td style=\"height: 24px;\" valign=\"top\"><b>Line Retrieve<br \/>\n<\/b><\/td>\n<\/tr>\n<tr style=\"height: 24px;\">\n<td style=\"height: 24px;\"><b>SP4000XGSW<\/b><\/td>\n<td style=\"height: 24px;\" align=\"center\">280<\/td>\n<td style=\"height: 24px;\" align=\"center\">6.2:1<\/td>\n<td style=\"height: 24px;\" align=\"center\">0.30mm-180m<\/td>\n<td style=\"height: 24px;\" align=\"center\">3 S A-RB + 1RB<\/td>\n<td style=\"height: 24px;\" align=\"center\">11<\/td>\n<td style=\"height: 24px;\" align=\"center\" valign=\"top\">99cm<\/td>\n<\/tr>\n<\/tbody>\n<\/table>\n<p><span style=\"color: #ff0000;\"><strong>DUE ANNI DI GARANZIA<\/strong><\/span><br \/>\n<span style=\"color: #ff0000;\"><strong>Da oggi per avere il TERZO ANNO DI GARANZIA, collegati al nuovo portale e registra il tuo prodotto su:<\/strong><\/span><br \/>\n<a href=\"http:\/\/www.shimanofishnetwork.it\/garanzia\/sign_in\"><strong><span style=\"color: #000000; background-color: #ffff00;\">http:\/\/www.shimanofishnetwork.it\/garanzia\/sign_in<\/span><\/strong><\/a><\/p>\n","protected":false},"excerpt":{"rendered":"<p>Shimano Spheros SW Il nuovo Spheros SW \u00e8 l\u2019entry level dei mulinelli da spinning in mare di Shimano e contiene molte caratteristiche presenti nei modelli di fascia superiore come gli ingranaggi X-ship, per la massima potenza di avvolgimento, corpo ibrido X-Shield, rotore XGT-7, X-Protect e Super Stopper II. Disponibile in cinque taglie, dalle misure versatili [&hellip;]<\/p>\n","protected":false},"featured_media":100584,"comment_status":"closed","ping_status":"closed","template":"","meta":[],"product_cat":[348],"product_tag":[1023],"yoast_head":"<!-- This site is optimized with the Yoast SEO plugin v15.3 - https:\/\/yoast.com\/wordpress\/plugins\/seo\/ -->\n<title>Mulinello Spheros SW - Shimano - Pesca Fish<\/title>\n<meta name=\"description\" content=\"Mulinello Spheros SW - Shimano | Per informazioni scriveteci a info@pescafish.it oppure contattateci allo 045\/6100748\" \/>\n<meta name=\"robots\" content=\"index, follow, max-snippet:-1, max-image-preview:large, max-video-preview:-1\" \/>\n<link rel=\"canonical\" href=\"https:\/\/www.pescafish.it\/new\/prodotto\/mulinello-spheros-sw-shimano\/\" \/>\n<meta property=\"og:locale\" content=\"it_IT\" \/>\n<meta property=\"og:type\" content=\"article\" \/>\n<meta property=\"og:title\" content=\"Mulinello Spheros SW - Shimano - Pesca Fish\" \/>\n<meta property=\"og:description\" content=\"Mulinello Spheros SW - Shimano | Per informazioni scriveteci a info@pescafish.it oppure contattateci allo 045\/6100748\" \/>\n<meta property=\"og:url\" content=\"https:\/\/www.pescafish.it\/new\/prodotto\/mulinello-spheros-sw-shimano\/\" \/>\n<meta property=\"og:site_name\" content=\"Pesca Fish\" \/>\n<meta property=\"article:publisher\" content=\"https:\/\/www.facebook.com\/pescafishvr\/\" \/>\n<meta property=\"article:modified_time\" content=\"2024-11-12T18:23:12+00:00\" \/>\n<meta property=\"og:image\" content=\"https:\/\/www.pescafish.it\/new\/wp-content\/uploads\/2015\/12\/SPHEROS4000XG.jpg\" \/>\n\t<meta property=\"og:image:width\" content=\"794\" \/>\n\t<meta property=\"og:image:height\" content=\"794\" \/>\n<meta name=\"twitter:card\" content=\"summary_large_image\" \/>\n<meta name=\"twitter:label1\" content=\"Scritto da\">\n\t<meta name=\"twitter:data1\" content=\"francesca\">\n\t<meta name=\"twitter:label2\" content=\"Tempo di lettura stimato\">\n\t<meta name=\"twitter:data2\" content=\"1 minuto\">\n<script type=\"application\/ld+json\" class=\"yoast-schema-graph\">{\"@context\":\"https:\/\/schema.org\",\"@graph\":[{\"@type\":\"WebSite\",\"@id\":\"https:\/\/www.pescafish.it\/new\/#website\",\"url\":\"https:\/\/www.pescafish.it\/new\/\",\"name\":\"Pesca Fish\",\"description\":\"Benvenuti sul nostro sito!\",\"potentialAction\":[{\"@type\":\"SearchAction\",\"target\":\"https:\/\/www.pescafish.it\/new\/?s={search_term_string}\",\"query-input\":\"required name=search_term_string\"}],\"inLanguage\":\"it-IT\"},{\"@type\":\"ImageObject\",\"@id\":\"https:\/\/www.pescafish.it\/new\/prodotto\/mulinello-spheros-sw-shimano\/#primaryimage\",\"inLanguage\":\"it-IT\",\"url\":\"https:\/\/www.pescafish.it\/new\/wp-content\/uploads\/2015\/12\/SPHEROS4000XG.jpg\",\"width\":794,\"height\":794,\"caption\":\"Shimano\"},{\"@type\":\"WebPage\",\"@id\":\"https:\/\/www.pescafish.it\/new\/prodotto\/mulinello-spheros-sw-shimano\/#webpage\",\"url\":\"https:\/\/www.pescafish.it\/new\/prodotto\/mulinello-spheros-sw-shimano\/\",\"name\":\"Mulinello Spheros SW - Shimano - Pesca Fish\",\"isPartOf\":{\"@id\":\"https:\/\/www.pescafish.it\/new\/#website\"},\"primaryImageOfPage\":{\"@id\":\"https:\/\/www.pescafish.it\/new\/prodotto\/mulinello-spheros-sw-shimano\/#primaryimage\"},\"datePublished\":\"2015-12-01T10:37:27+00:00\",\"dateModified\":\"2024-11-12T18:23:12+00:00\",\"description\":\"Mulinello Spheros SW - Shimano | Per informazioni scriveteci a info@pescafish.it oppure contattateci allo 045\/6100748\",\"inLanguage\":\"it-IT\",\"potentialAction\":[{\"@type\":\"ReadAction\",\"target\":[\"https:\/\/www.pescafish.it\/new\/prodotto\/mulinello-spheros-sw-shimano\/\"]}]}]}<\/script>\n<!-- \/ Yoast SEO plugin. -->","_links":{"self":[{"href":"https:\/\/www.pescafish.it\/new\/wp-json\/wp\/v2\/product\/17596"}],"collection":[{"href":"https:\/\/www.pescafish.it\/new\/wp-json\/wp\/v2\/product"}],"about":[{"href":"https:\/\/www.pescafish.it\/new\/wp-json\/wp\/v2\/types\/product"}],"replies":[{"embeddable":true,"href":"https:\/\/www.pescafish.it\/new\/wp-json\/wp\/v2\/comments?post=17596"}],"wp:featuredmedia":[{"embeddable":true,"href":"https:\/\/www.pescafish.it\/new\/wp-json\/wp\/v2\/media\/100584"}],"wp:attachment":[{"href":"https:\/\/www.pescafish.it\/new\/wp-json\/wp\/v2\/media?parent=17596"}],"wp:term":[{"taxonomy":"product_cat","embeddable":true,"href":"https:\/\/www.pescafish.it\/new\/wp-json\/wp\/v2\/product_cat?post=17596"},{"taxonomy":"product_tag","embeddable":true,"href":"https:\/\/www.pescafish.it\/new\/wp-json\/wp\/v2\/product_tag?post=17596"}],"curies":[{"name":"wp","href":"https:\/\/api.w.org\/{rel}","templated":true}]}}