{"id":17466,"date":"2015-12-01T11:37:27","date_gmt":"2015-12-01T10:37:27","guid":{"rendered":"http:\/\/www.pescafish.it\/new\/edges-bait-floss-neutral-fox"},"modified":"2021-05-16T10:55:32","modified_gmt":"2021-05-16T08:55:32","slug":"edges-bait-floss-neutral-fox","status":"publish","type":"product","link":"https:\/\/www.pescafish.it\/new\/prodotto\/edges-bait-floss-neutral-fox\/","title":{"rendered":"Edges Bait Floss Neutral &#8211; Fox"},"content":{"rendered":"<p>Le esche tipo pop-up vengono solitamente legate all\u2019amo usando del filo interdentale. Questo elimina la necessit\u00e0 di forare l\u2019esca, cosa che pu\u00f2 ridurne le caratteristiche di galleggiabilit\u00e0 nel caso di immersione prolungata. La possibilit\u00e0 di legare l\u2019esca all\u2019amo consente inoltre di utilizzare una gamma pi\u00f9 ampia di montature quali ad esempio D-rig e anelli scorrevoli. Il Bait Floss della Fox \u00e8 stato specificamente studiato per legare all\u2019amo esche dure e ad elevata galleggiabilit\u00e0 e per costruire hair rig ultra sottili. Le fibre del filo si separano e si appiattiscono attorno al profilo dell\u2019esca, garantendo una tenuta ottimale.<\/p>\n<p><b>Colore:<\/b> Neutral<\/p>\n","protected":false},"excerpt":{"rendered":"<p>Le esche tipo pop-up vengono solitamente legate all\u2019amo usando del filo interdentale. Questo elimina la necessit\u00e0 di forare l\u2019esca, cosa che pu\u00f2 ridurne le caratteristiche di galleggiabilit\u00e0 nel caso di immersione prolungata. La possibilit\u00e0 di legare l\u2019esca all\u2019amo consente inoltre di utilizzare una gamma pi\u00f9 ampia di montature quali ad esempio D-rig e anelli scorrevoli. [&hellip;]<\/p>\n","protected":false},"featured_media":24292,"comment_status":"closed","ping_status":"closed","template":"","meta":[],"product_cat":[574],"product_tag":[],"yoast_head":"<!-- This site is optimized with the Yoast SEO plugin v15.3 - https:\/\/yoast.com\/wordpress\/plugins\/seo\/ -->\n<title>Edges Bait Floss Neutral - Fox - Pesca Fish<\/title>\n<meta name=\"robots\" content=\"index, follow, max-snippet:-1, max-image-preview:large, max-video-preview:-1\" \/>\n<link rel=\"canonical\" href=\"https:\/\/www.pescafish.it\/new\/prodotto\/edges-bait-floss-neutral-fox\/\" \/>\n<meta property=\"og:locale\" content=\"it_IT\" \/>\n<meta property=\"og:type\" content=\"article\" \/>\n<meta property=\"og:title\" content=\"Edges Bait Floss Neutral - Fox - Pesca Fish\" \/>\n<meta property=\"og:description\" content=\"Le esche tipo pop-up vengono solitamente legate all\u2019amo usando del filo interdentale. Questo elimina la necessit\u00e0 di forare l\u2019esca, cosa che pu\u00f2 ridurne le caratteristiche di galleggiabilit\u00e0 nel caso di immersione prolungata. La possibilit\u00e0 di legare l\u2019esca all\u2019amo consente inoltre di utilizzare una gamma pi\u00f9 ampia di montature quali ad esempio D-rig e anelli scorrevoli. [&hellip;]\" \/>\n<meta property=\"og:url\" content=\"https:\/\/www.pescafish.it\/new\/prodotto\/edges-bait-floss-neutral-fox\/\" \/>\n<meta property=\"og:site_name\" content=\"Pesca Fish\" \/>\n<meta property=\"article:publisher\" content=\"https:\/\/www.facebook.com\/pescafishvr\/\" \/>\n<meta property=\"article:modified_time\" content=\"2021-05-16T08:55:32+00:00\" \/>\n<meta property=\"og:image\" content=\"https:\/\/www.pescafish.it\/new\/wp-content\/uploads\/2015\/12\/ab00184d476912d941ab36ee51ad8806.jpg\" \/>\n\t<meta property=\"og:image:width\" content=\"380\" \/>\n\t<meta property=\"og:image:height\" content=\"732\" \/>\n<meta name=\"twitter:card\" content=\"summary_large_image\" \/>\n<meta name=\"twitter:label1\" content=\"Scritto da\">\n\t<meta name=\"twitter:data1\" content=\"francesca\">\n\t<meta name=\"twitter:label2\" content=\"Tempo di lettura stimato\">\n\t<meta name=\"twitter:data2\" content=\"0 minuti\">\n<script type=\"application\/ld+json\" class=\"yoast-schema-graph\">{\"@context\":\"https:\/\/schema.org\",\"@graph\":[{\"@type\":\"WebSite\",\"@id\":\"https:\/\/www.pescafish.it\/new\/#website\",\"url\":\"https:\/\/www.pescafish.it\/new\/\",\"name\":\"Pesca Fish\",\"description\":\"Benvenuti sul nostro sito!\",\"potentialAction\":[{\"@type\":\"SearchAction\",\"target\":\"https:\/\/www.pescafish.it\/new\/?s={search_term_string}\",\"query-input\":\"required name=search_term_string\"}],\"inLanguage\":\"it-IT\"},{\"@type\":\"ImageObject\",\"@id\":\"https:\/\/www.pescafish.it\/new\/prodotto\/edges-bait-floss-neutral-fox\/#primaryimage\",\"inLanguage\":\"it-IT\",\"url\":\"https:\/\/www.pescafish.it\/new\/wp-content\/uploads\/2015\/12\/ab00184d476912d941ab36ee51ad8806.jpg\",\"width\":380,\"height\":732},{\"@type\":\"WebPage\",\"@id\":\"https:\/\/www.pescafish.it\/new\/prodotto\/edges-bait-floss-neutral-fox\/#webpage\",\"url\":\"https:\/\/www.pescafish.it\/new\/prodotto\/edges-bait-floss-neutral-fox\/\",\"name\":\"Edges Bait Floss Neutral - Fox - Pesca Fish\",\"isPartOf\":{\"@id\":\"https:\/\/www.pescafish.it\/new\/#website\"},\"primaryImageOfPage\":{\"@id\":\"https:\/\/www.pescafish.it\/new\/prodotto\/edges-bait-floss-neutral-fox\/#primaryimage\"},\"datePublished\":\"2015-12-01T10:37:27+00:00\",\"dateModified\":\"2021-05-16T08:55:32+00:00\",\"inLanguage\":\"it-IT\",\"potentialAction\":[{\"@type\":\"ReadAction\",\"target\":[\"https:\/\/www.pescafish.it\/new\/prodotto\/edges-bait-floss-neutral-fox\/\"]}]}]}<\/script>\n<!-- \/ Yoast SEO plugin. -->","_links":{"self":[{"href":"https:\/\/www.pescafish.it\/new\/wp-json\/wp\/v2\/product\/17466"}],"collection":[{"href":"https:\/\/www.pescafish.it\/new\/wp-json\/wp\/v2\/product"}],"about":[{"href":"https:\/\/www.pescafish.it\/new\/wp-json\/wp\/v2\/types\/product"}],"replies":[{"embeddable":true,"href":"https:\/\/www.pescafish.it\/new\/wp-json\/wp\/v2\/comments?post=17466"}],"wp:featuredmedia":[{"embeddable":true,"href":"https:\/\/www.pescafish.it\/new\/wp-json\/wp\/v2\/media\/24292"}],"wp:attachment":[{"href":"https:\/\/www.pescafish.it\/new\/wp-json\/wp\/v2\/media?parent=17466"}],"wp:term":[{"taxonomy":"product_cat","embeddable":true,"href":"https:\/\/www.pescafish.it\/new\/wp-json\/wp\/v2\/product_cat?post=17466"},{"taxonomy":"product_tag","embeddable":true,"href":"https:\/\/www.pescafish.it\/new\/wp-json\/wp\/v2\/product_tag?post=17466"}],"curies":[{"name":"wp","href":"https:\/\/api.w.org\/{rel}","templated":true}]}}