{"id":17454,"date":"2015-12-01T11:37:27","date_gmt":"2015-12-01T10:37:27","guid":{"rendered":"http:\/\/www.pescafish.it\/new\/cling-on-tungsten-putty-nash"},"modified":"2026-02-28T19:07:48","modified_gmt":"2026-02-28T18:07:48","slug":"cling-on-tungsten-putty-nash","status":"publish","type":"product","link":"https:\/\/www.pescafish.it\/new\/prodotto\/cling-on-tungsten-putty-nash\/","title":{"rendered":"Cling-On Tungsten Putty &#8211; Nash"},"content":{"rendered":"<p>Non crederete ai vostri occhi quando la toccherete. La pasta in tungsteno pi\u00f9 appiccicosa al mondo! Aderir\u00e0 ai vostri terminali meglio di ogni altro prodotto analogo di altre marche. Molto pi\u00f9 stabile in fase di lancio, aderisce bene anche a terminali guainati! Perfetta per inneschi neutri o per bilanciamenti critici di pop-up.<\/p>\n<p><b>Disponibili nelle seguenti colorazioni:<br \/>\nKNT8341<\/b>\u00a0 Weed<br \/>\n<b>KNT8342<\/b>\u00a0 Gravel<br \/>\n<b>KNT8343<\/b>\u00a0 Silt<\/p>\n<p><strong>Confezione da 15g<\/strong><\/p>\n","protected":false},"excerpt":{"rendered":"<p>Non crederete ai vostri occhi quando la toccherete. La pasta in tungsteno pi\u00f9 appiccicosa al mondo! Aderir\u00e0 ai vostri terminali meglio di ogni altro prodotto analogo di altre marche. Molto pi\u00f9 stabile in fase di lancio, aderisce bene anche a terminali guainati! Perfetta per inneschi neutri o per bilanciamenti critici di pop-up. Disponibili nelle seguenti [&hellip;]<\/p>\n","protected":false},"featured_media":20692,"comment_status":"closed","ping_status":"closed","template":"","meta":[],"product_cat":[575],"product_tag":[1024],"yoast_head":"<!-- This site is optimized with the Yoast SEO plugin v15.3 - https:\/\/yoast.com\/wordpress\/plugins\/seo\/ -->\n<title>Cling-On Tungsten Putty - Nash - Pesca Fish<\/title>\n<meta name=\"robots\" content=\"index, follow, max-snippet:-1, max-image-preview:large, max-video-preview:-1\" \/>\n<link rel=\"canonical\" href=\"https:\/\/www.pescafish.it\/new\/prodotto\/cling-on-tungsten-putty-nash\/\" \/>\n<meta property=\"og:locale\" content=\"it_IT\" \/>\n<meta property=\"og:type\" content=\"article\" \/>\n<meta property=\"og:title\" content=\"Cling-On Tungsten Putty - Nash - Pesca Fish\" \/>\n<meta property=\"og:description\" content=\"Non crederete ai vostri occhi quando la toccherete. La pasta in tungsteno pi\u00f9 appiccicosa al mondo! Aderir\u00e0 ai vostri terminali meglio di ogni altro prodotto analogo di altre marche. Molto pi\u00f9 stabile in fase di lancio, aderisce bene anche a terminali guainati! Perfetta per inneschi neutri o per bilanciamenti critici di pop-up. Disponibili nelle seguenti [&hellip;]\" \/>\n<meta property=\"og:url\" content=\"https:\/\/www.pescafish.it\/new\/prodotto\/cling-on-tungsten-putty-nash\/\" \/>\n<meta property=\"og:site_name\" content=\"Pesca Fish\" \/>\n<meta property=\"article:publisher\" content=\"https:\/\/www.facebook.com\/pescafishvr\/\" \/>\n<meta property=\"article:modified_time\" content=\"2026-02-28T18:07:48+00:00\" \/>\n<meta property=\"og:image\" content=\"https:\/\/www.pescafish.it\/new\/wp-content\/uploads\/2015\/12\/230f866fe41c1fdee764d8f592e32ae3.jpg\" \/>\n\t<meta property=\"og:image:width\" content=\"400\" \/>\n\t<meta property=\"og:image:height\" content=\"434\" \/>\n<meta name=\"twitter:card\" content=\"summary_large_image\" \/>\n<meta name=\"twitter:label1\" content=\"Scritto da\">\n\t<meta name=\"twitter:data1\" content=\"francesca\">\n\t<meta name=\"twitter:label2\" content=\"Tempo di lettura stimato\">\n\t<meta name=\"twitter:data2\" content=\"0 minuti\">\n<script type=\"application\/ld+json\" class=\"yoast-schema-graph\">{\"@context\":\"https:\/\/schema.org\",\"@graph\":[{\"@type\":\"WebSite\",\"@id\":\"https:\/\/www.pescafish.it\/new\/#website\",\"url\":\"https:\/\/www.pescafish.it\/new\/\",\"name\":\"Pesca Fish\",\"description\":\"Benvenuti sul nostro sito!\",\"potentialAction\":[{\"@type\":\"SearchAction\",\"target\":\"https:\/\/www.pescafish.it\/new\/?s={search_term_string}\",\"query-input\":\"required name=search_term_string\"}],\"inLanguage\":\"it-IT\"},{\"@type\":\"ImageObject\",\"@id\":\"https:\/\/www.pescafish.it\/new\/prodotto\/cling-on-tungsten-putty-nash\/#primaryimage\",\"inLanguage\":\"it-IT\",\"url\":\"https:\/\/www.pescafish.it\/new\/wp-content\/uploads\/2015\/12\/230f866fe41c1fdee764d8f592e32ae3.jpg\",\"width\":400,\"height\":434},{\"@type\":\"WebPage\",\"@id\":\"https:\/\/www.pescafish.it\/new\/prodotto\/cling-on-tungsten-putty-nash\/#webpage\",\"url\":\"https:\/\/www.pescafish.it\/new\/prodotto\/cling-on-tungsten-putty-nash\/\",\"name\":\"Cling-On Tungsten Putty - Nash - Pesca Fish\",\"isPartOf\":{\"@id\":\"https:\/\/www.pescafish.it\/new\/#website\"},\"primaryImageOfPage\":{\"@id\":\"https:\/\/www.pescafish.it\/new\/prodotto\/cling-on-tungsten-putty-nash\/#primaryimage\"},\"datePublished\":\"2015-12-01T10:37:27+00:00\",\"dateModified\":\"2026-02-28T18:07:48+00:00\",\"inLanguage\":\"it-IT\",\"potentialAction\":[{\"@type\":\"ReadAction\",\"target\":[\"https:\/\/www.pescafish.it\/new\/prodotto\/cling-on-tungsten-putty-nash\/\"]}]}]}<\/script>\n<!-- \/ Yoast SEO plugin. -->","_links":{"self":[{"href":"https:\/\/www.pescafish.it\/new\/wp-json\/wp\/v2\/product\/17454"}],"collection":[{"href":"https:\/\/www.pescafish.it\/new\/wp-json\/wp\/v2\/product"}],"about":[{"href":"https:\/\/www.pescafish.it\/new\/wp-json\/wp\/v2\/types\/product"}],"replies":[{"embeddable":true,"href":"https:\/\/www.pescafish.it\/new\/wp-json\/wp\/v2\/comments?post=17454"}],"wp:featuredmedia":[{"embeddable":true,"href":"https:\/\/www.pescafish.it\/new\/wp-json\/wp\/v2\/media\/20692"}],"wp:attachment":[{"href":"https:\/\/www.pescafish.it\/new\/wp-json\/wp\/v2\/media?parent=17454"}],"wp:term":[{"taxonomy":"product_cat","embeddable":true,"href":"https:\/\/www.pescafish.it\/new\/wp-json\/wp\/v2\/product_cat?post=17454"},{"taxonomy":"product_tag","embeddable":true,"href":"https:\/\/www.pescafish.it\/new\/wp-json\/wp\/v2\/product_tag?post=17454"}],"curies":[{"name":"wp","href":"https:\/\/api.w.org\/{rel}","templated":true}]}}