{"id":17356,"date":"2015-12-01T11:37:27","date_gmt":"2015-12-01T10:37:27","guid":{"rendered":"http:\/\/www.pescafish.it\/new\/xt-snag-leader-korda"},"modified":"2023-01-21T10:08:41","modified_gmt":"2023-01-21T09:08:41","slug":"xt-snag-leader-korda","status":"publish","type":"product","link":"https:\/\/www.pescafish.it\/new\/prodotto\/xt-snag-leader-korda\/","title":{"rendered":"XT Snag Leader &#8211; Korda"},"content":{"rendered":"<h2>XT Snag Leader<\/h2>\n<p>Finalmente \u00e8 arrivato, il XT Snag leader, per il lavori le pi\u00f9 impervi! Il nuovo XT leader non si ferma davanti a nessun ostacolo e pu\u00f2 essere utilizzato nelle condizioni pi\u00f9 estreme! Altamente resistente con il minimo allungamento.<\/p>\n<p><b>Colore:<\/b> Brown<br \/>\n<b>Lunghezza:<\/b> 100m<\/p>\n<p><b>Disponibile nelle seguenti misure:<br \/>\nSNAG50<\/b>\u00a0 0,55mm &#8211; 50lb &#8211; 22,67kg<br \/>\n<b>SNAG60\u00a0<\/b> 0,65mm &#8211; 60lb &#8211; 27,21kg<\/p>\n","protected":false},"excerpt":{"rendered":"<p>XT Snag Leader Finalmente \u00e8 arrivato, il XT Snag leader, per il lavori le pi\u00f9 impervi! Il nuovo XT leader non si ferma davanti a nessun ostacolo e pu\u00f2 essere utilizzato nelle condizioni pi\u00f9 estreme! Altamente resistente con il minimo allungamento. Colore: Brown Lunghezza: 100m Disponibile nelle seguenti misure: SNAG50\u00a0 0,55mm &#8211; 50lb &#8211; 22,67kg [&hellip;]<\/p>\n","protected":false},"featured_media":85307,"comment_status":"closed","ping_status":"closed","template":"","meta":[],"product_cat":[727],"product_tag":[1018],"yoast_head":"<!-- This site is optimized with the Yoast SEO plugin v15.3 - https:\/\/yoast.com\/wordpress\/plugins\/seo\/ -->\n<title>XT Snag Leader - Korda - Pesca Fish<\/title>\n<meta name=\"robots\" content=\"index, follow, max-snippet:-1, max-image-preview:large, max-video-preview:-1\" \/>\n<link rel=\"canonical\" href=\"https:\/\/www.pescafish.it\/new\/prodotto\/xt-snag-leader-korda\/\" \/>\n<meta property=\"og:locale\" content=\"it_IT\" \/>\n<meta property=\"og:type\" content=\"article\" \/>\n<meta property=\"og:title\" content=\"XT Snag Leader - Korda - Pesca Fish\" \/>\n<meta property=\"og:description\" content=\"XT Snag Leader Finalmente \u00e8 arrivato, il XT Snag leader, per il lavori le pi\u00f9 impervi! Il nuovo XT leader non si ferma davanti a nessun ostacolo e pu\u00f2 essere utilizzato nelle condizioni pi\u00f9 estreme! Altamente resistente con il minimo allungamento. Colore: Brown Lunghezza: 100m Disponibile nelle seguenti misure: SNAG50\u00a0 0,55mm &#8211; 50lb &#8211; 22,67kg [&hellip;]\" \/>\n<meta property=\"og:url\" content=\"https:\/\/www.pescafish.it\/new\/prodotto\/xt-snag-leader-korda\/\" \/>\n<meta property=\"og:site_name\" content=\"Pesca Fish\" \/>\n<meta property=\"article:publisher\" content=\"https:\/\/www.facebook.com\/pescafishvr\/\" \/>\n<meta property=\"article:modified_time\" content=\"2023-01-21T09:08:41+00:00\" \/>\n<meta property=\"og:image\" content=\"https:\/\/www.pescafish.it\/new\/wp-content\/uploads\/2015\/12\/XT-SNAG.jpg\" \/>\n\t<meta property=\"og:image:width\" content=\"789\" \/>\n\t<meta property=\"og:image:height\" content=\"794\" \/>\n<meta name=\"twitter:card\" content=\"summary_large_image\" \/>\n<meta name=\"twitter:label1\" content=\"Scritto da\">\n\t<meta name=\"twitter:data1\" content=\"francesca\">\n\t<meta name=\"twitter:label2\" content=\"Tempo di lettura stimato\">\n\t<meta name=\"twitter:data2\" content=\"0 minuti\">\n<script type=\"application\/ld+json\" class=\"yoast-schema-graph\">{\"@context\":\"https:\/\/schema.org\",\"@graph\":[{\"@type\":\"WebSite\",\"@id\":\"https:\/\/www.pescafish.it\/new\/#website\",\"url\":\"https:\/\/www.pescafish.it\/new\/\",\"name\":\"Pesca Fish\",\"description\":\"Benvenuti sul nostro sito!\",\"potentialAction\":[{\"@type\":\"SearchAction\",\"target\":\"https:\/\/www.pescafish.it\/new\/?s={search_term_string}\",\"query-input\":\"required name=search_term_string\"}],\"inLanguage\":\"it-IT\"},{\"@type\":\"ImageObject\",\"@id\":\"https:\/\/www.pescafish.it\/new\/prodotto\/xt-snag-leader-korda\/#primaryimage\",\"inLanguage\":\"it-IT\",\"url\":\"https:\/\/www.pescafish.it\/new\/wp-content\/uploads\/2015\/12\/XT-SNAG.jpg\",\"width\":789,\"height\":794,\"caption\":\"Korda\"},{\"@type\":\"WebPage\",\"@id\":\"https:\/\/www.pescafish.it\/new\/prodotto\/xt-snag-leader-korda\/#webpage\",\"url\":\"https:\/\/www.pescafish.it\/new\/prodotto\/xt-snag-leader-korda\/\",\"name\":\"XT Snag Leader - Korda - Pesca Fish\",\"isPartOf\":{\"@id\":\"https:\/\/www.pescafish.it\/new\/#website\"},\"primaryImageOfPage\":{\"@id\":\"https:\/\/www.pescafish.it\/new\/prodotto\/xt-snag-leader-korda\/#primaryimage\"},\"datePublished\":\"2015-12-01T10:37:27+00:00\",\"dateModified\":\"2023-01-21T09:08:41+00:00\",\"inLanguage\":\"it-IT\",\"potentialAction\":[{\"@type\":\"ReadAction\",\"target\":[\"https:\/\/www.pescafish.it\/new\/prodotto\/xt-snag-leader-korda\/\"]}]}]}<\/script>\n<!-- \/ Yoast SEO plugin. -->","_links":{"self":[{"href":"https:\/\/www.pescafish.it\/new\/wp-json\/wp\/v2\/product\/17356"}],"collection":[{"href":"https:\/\/www.pescafish.it\/new\/wp-json\/wp\/v2\/product"}],"about":[{"href":"https:\/\/www.pescafish.it\/new\/wp-json\/wp\/v2\/types\/product"}],"replies":[{"embeddable":true,"href":"https:\/\/www.pescafish.it\/new\/wp-json\/wp\/v2\/comments?post=17356"}],"wp:featuredmedia":[{"embeddable":true,"href":"https:\/\/www.pescafish.it\/new\/wp-json\/wp\/v2\/media\/85307"}],"wp:attachment":[{"href":"https:\/\/www.pescafish.it\/new\/wp-json\/wp\/v2\/media?parent=17356"}],"wp:term":[{"taxonomy":"product_cat","embeddable":true,"href":"https:\/\/www.pescafish.it\/new\/wp-json\/wp\/v2\/product_cat?post=17356"},{"taxonomy":"product_tag","embeddable":true,"href":"https:\/\/www.pescafish.it\/new\/wp-json\/wp\/v2\/product_tag?post=17356"}],"curies":[{"name":"wp","href":"https:\/\/api.w.org\/{rel}","templated":true}]}}