{"id":17204,"date":"2015-12-01T11:37:27","date_gmt":"2015-12-01T10:37:27","guid":{"rendered":"http:\/\/www.pescafish.it\/new\/razor-blades-korda"},"modified":"2025-11-01T15:05:15","modified_gmt":"2025-11-01T14:05:15","slug":"razor-blades-korda","status":"publish","type":"product","link":"https:\/\/www.pescafish.it\/new\/prodotto\/razor-blades-korda\/","title":{"rendered":"Razor Blades &#8211; Korda"},"content":{"rendered":"<h2>Razor Blades<\/h2>\n<p>Le Korda Razor Blades sono costruite con il miglior acciaio inossidabile temprato ad eccezionale durezza. Disegnate con uno speciale angolo di taglio, le Razor Blades possono tagliare con estrema facilit\u00e0 e senza sfilacciature le pi\u00f9 sottili trecce in Dyneema. Il design compatto \u00e8 comodo da usare e si colloca facilmente dentro le pi\u00f9 comuni scatole porta accessori.<\/p>\n<p><b>Caratteristiche principali:<\/b><br \/>\n\u2022 Lame a filo speciale;<br \/>\n\u2022 Lame in acciaio inossidabile di alta qualit\u00e0;<br \/>\n\u2022 Manico ergonomico ad alta visibilit\u00e0.<\/p>\n","protected":false},"excerpt":{"rendered":"<p>Razor Blades Le Korda Razor Blades sono costruite con il miglior acciaio inossidabile temprato ad eccezionale durezza. Disegnate con uno speciale angolo di taglio, le Razor Blades possono tagliare con estrema facilit\u00e0 e senza sfilacciature le pi\u00f9 sottili trecce in Dyneema. Il design compatto \u00e8 comodo da usare e si colloca facilmente dentro le pi\u00f9 [&hellip;]<\/p>\n","protected":false},"featured_media":105449,"comment_status":"closed","ping_status":"closed","template":"","meta":[],"product_cat":[587],"product_tag":[1018],"yoast_head":"<!-- This site is optimized with the Yoast SEO plugin v15.3 - https:\/\/yoast.com\/wordpress\/plugins\/seo\/ -->\n<title>Razor Blades - Korda - Pesca Fish<\/title>\n<meta name=\"robots\" content=\"index, follow, max-snippet:-1, max-image-preview:large, max-video-preview:-1\" \/>\n<link rel=\"canonical\" href=\"https:\/\/www.pescafish.it\/new\/prodotto\/razor-blades-korda\/\" \/>\n<meta property=\"og:locale\" content=\"it_IT\" \/>\n<meta property=\"og:type\" content=\"article\" \/>\n<meta property=\"og:title\" content=\"Razor Blades - Korda - Pesca Fish\" \/>\n<meta property=\"og:description\" content=\"Razor Blades Le Korda Razor Blades sono costruite con il miglior acciaio inossidabile temprato ad eccezionale durezza. Disegnate con uno speciale angolo di taglio, le Razor Blades possono tagliare con estrema facilit\u00e0 e senza sfilacciature le pi\u00f9 sottili trecce in Dyneema. Il design compatto \u00e8 comodo da usare e si colloca facilmente dentro le pi\u00f9 [&hellip;]\" \/>\n<meta property=\"og:url\" content=\"https:\/\/www.pescafish.it\/new\/prodotto\/razor-blades-korda\/\" \/>\n<meta property=\"og:site_name\" content=\"Pesca Fish\" \/>\n<meta property=\"article:publisher\" content=\"https:\/\/www.facebook.com\/pescafishvr\/\" \/>\n<meta property=\"article:modified_time\" content=\"2025-11-01T14:05:15+00:00\" \/>\n<meta property=\"og:image\" content=\"https:\/\/www.pescafish.it\/new\/wp-content\/uploads\/2015\/12\/KRZB.jpg\" \/>\n\t<meta property=\"og:image:width\" content=\"789\" \/>\n\t<meta property=\"og:image:height\" content=\"794\" \/>\n<meta name=\"twitter:card\" content=\"summary_large_image\" \/>\n<meta name=\"twitter:label1\" content=\"Scritto da\">\n\t<meta name=\"twitter:data1\" content=\"francesca\">\n\t<meta name=\"twitter:label2\" content=\"Tempo di lettura stimato\">\n\t<meta name=\"twitter:data2\" content=\"0 minuti\">\n<script type=\"application\/ld+json\" class=\"yoast-schema-graph\">{\"@context\":\"https:\/\/schema.org\",\"@graph\":[{\"@type\":\"WebSite\",\"@id\":\"https:\/\/www.pescafish.it\/new\/#website\",\"url\":\"https:\/\/www.pescafish.it\/new\/\",\"name\":\"Pesca Fish\",\"description\":\"Benvenuti sul nostro sito!\",\"potentialAction\":[{\"@type\":\"SearchAction\",\"target\":\"https:\/\/www.pescafish.it\/new\/?s={search_term_string}\",\"query-input\":\"required name=search_term_string\"}],\"inLanguage\":\"it-IT\"},{\"@type\":\"ImageObject\",\"@id\":\"https:\/\/www.pescafish.it\/new\/prodotto\/razor-blades-korda\/#primaryimage\",\"inLanguage\":\"it-IT\",\"url\":\"https:\/\/www.pescafish.it\/new\/wp-content\/uploads\/2015\/12\/KRZB.jpg\",\"width\":789,\"height\":794,\"caption\":\"Korda\"},{\"@type\":\"WebPage\",\"@id\":\"https:\/\/www.pescafish.it\/new\/prodotto\/razor-blades-korda\/#webpage\",\"url\":\"https:\/\/www.pescafish.it\/new\/prodotto\/razor-blades-korda\/\",\"name\":\"Razor Blades - Korda - Pesca Fish\",\"isPartOf\":{\"@id\":\"https:\/\/www.pescafish.it\/new\/#website\"},\"primaryImageOfPage\":{\"@id\":\"https:\/\/www.pescafish.it\/new\/prodotto\/razor-blades-korda\/#primaryimage\"},\"datePublished\":\"2015-12-01T10:37:27+00:00\",\"dateModified\":\"2025-11-01T14:05:15+00:00\",\"inLanguage\":\"it-IT\",\"potentialAction\":[{\"@type\":\"ReadAction\",\"target\":[\"https:\/\/www.pescafish.it\/new\/prodotto\/razor-blades-korda\/\"]}]}]}<\/script>\n<!-- \/ Yoast SEO plugin. -->","_links":{"self":[{"href":"https:\/\/www.pescafish.it\/new\/wp-json\/wp\/v2\/product\/17204"}],"collection":[{"href":"https:\/\/www.pescafish.it\/new\/wp-json\/wp\/v2\/product"}],"about":[{"href":"https:\/\/www.pescafish.it\/new\/wp-json\/wp\/v2\/types\/product"}],"replies":[{"embeddable":true,"href":"https:\/\/www.pescafish.it\/new\/wp-json\/wp\/v2\/comments?post=17204"}],"wp:featuredmedia":[{"embeddable":true,"href":"https:\/\/www.pescafish.it\/new\/wp-json\/wp\/v2\/media\/105449"}],"wp:attachment":[{"href":"https:\/\/www.pescafish.it\/new\/wp-json\/wp\/v2\/media?parent=17204"}],"wp:term":[{"taxonomy":"product_cat","embeddable":true,"href":"https:\/\/www.pescafish.it\/new\/wp-json\/wp\/v2\/product_cat?post=17204"},{"taxonomy":"product_tag","embeddable":true,"href":"https:\/\/www.pescafish.it\/new\/wp-json\/wp\/v2\/product_tag?post=17204"}],"curies":[{"name":"wp","href":"https:\/\/api.w.org\/{rel}","templated":true}]}}