{"id":17140,"date":"2015-12-01T11:37:27","date_gmt":"2015-12-01T10:37:27","guid":{"rendered":"http:\/\/www.pescafish.it\/new\/slow-sinking-maize-korda"},"modified":"2025-08-29T17:53:23","modified_gmt":"2025-08-29T15:53:23","slug":"slow-sinking-maize-korda","status":"publish","type":"product","link":"https:\/\/www.pescafish.it\/new\/prodotto\/slow-sinking-maize-korda\/","title":{"rendered":"Slow Sinking Maize &#8211; Korda"},"content":{"rendered":"<h2>Slow Sinking Maize<\/h2>\n<p>Questo mais \u00e8 una classica combinazione che il Team Korda ha utilizzato con successo in tutta Europa. Combinalo con un piccolo sacchetto in Pva per evitare grovigli ed aumentarne la potenza di richiamo. Queste esche sono differenti dalle altre perch\u00e9 contengono le combinazioni di aromi e attrattori, frutto di studi dei tester, incorporati magicamente nella plastica. Arriveranno tutte con gi\u00e0 all&#8217;interno gli extenda stopper cos\u00ec che penetrino nell&#8217;esca e il capello non di veda dall&#8217;alto, un segreto preso dai pi\u00f9 grandi utilizzatori i esche di plastica del paese. Combinazioni possibili consigliate: Due chicchi per pescare con DF rig; Un chicco singolo per pescare con KD rig.<b><\/b><b><br \/>\n<\/b><br \/>\n<b>KPB11<\/b>\u00a0 Fruity Squid &#8211; Pink<br \/>\n<b>KPB21<\/b>\u00a0 Banoffee &#8211; White<br \/>\n<b>KPB31<\/b>\u00a0 IB &#8211; Yellow<br \/>\n<strong>KPB41<\/strong>\u00a0 Citruz Zing &#8211; Orange<br \/>\n<strong>KPB45<\/strong>\u00a0 IB &#8211; Pink <span style=\"color: #ff0000;\">(NEW)<\/span><\/p>\n<p><b>La confezione contiene n\u00b010 pezzi + Hair Stops<\/b><\/p>\n","protected":false},"excerpt":{"rendered":"<p>Slow Sinking Maize Questo mais \u00e8 una classica combinazione che il Team Korda ha utilizzato con successo in tutta Europa. Combinalo con un piccolo sacchetto in Pva per evitare grovigli ed aumentarne la potenza di richiamo. Queste esche sono differenti dalle altre perch\u00e9 contengono le combinazioni di aromi e attrattori, frutto di studi dei tester, [&hellip;]<\/p>\n","protected":false},"featured_media":20286,"comment_status":"closed","ping_status":"closed","template":"","meta":[],"product_cat":[528],"product_tag":[1018],"yoast_head":"<!-- This site is optimized with the Yoast SEO plugin v15.3 - https:\/\/yoast.com\/wordpress\/plugins\/seo\/ -->\n<title>Slow Sinking Maize - Korda - Pesca Fish<\/title>\n<meta name=\"robots\" content=\"index, follow, max-snippet:-1, max-image-preview:large, max-video-preview:-1\" \/>\n<link rel=\"canonical\" href=\"https:\/\/www.pescafish.it\/new\/prodotto\/slow-sinking-maize-korda\/\" \/>\n<meta property=\"og:locale\" content=\"it_IT\" \/>\n<meta property=\"og:type\" content=\"article\" \/>\n<meta property=\"og:title\" content=\"Slow Sinking Maize - Korda - Pesca Fish\" \/>\n<meta property=\"og:description\" content=\"Slow Sinking Maize Questo mais \u00e8 una classica combinazione che il Team Korda ha utilizzato con successo in tutta Europa. Combinalo con un piccolo sacchetto in Pva per evitare grovigli ed aumentarne la potenza di richiamo. Queste esche sono differenti dalle altre perch\u00e9 contengono le combinazioni di aromi e attrattori, frutto di studi dei tester, [&hellip;]\" \/>\n<meta property=\"og:url\" content=\"https:\/\/www.pescafish.it\/new\/prodotto\/slow-sinking-maize-korda\/\" \/>\n<meta property=\"og:site_name\" content=\"Pesca Fish\" \/>\n<meta property=\"article:publisher\" content=\"https:\/\/www.facebook.com\/pescafishvr\/\" \/>\n<meta property=\"article:modified_time\" content=\"2025-08-29T15:53:23+00:00\" \/>\n<meta property=\"og:image\" content=\"https:\/\/www.pescafish.it\/new\/wp-content\/uploads\/2015\/12\/14674731393614ff7178c756baa81da5.jpg\" \/>\n\t<meta property=\"og:image:width\" content=\"400\" \/>\n\t<meta property=\"og:image:height\" content=\"301\" \/>\n<meta name=\"twitter:card\" content=\"summary_large_image\" \/>\n<meta name=\"twitter:label1\" content=\"Scritto da\">\n\t<meta name=\"twitter:data1\" content=\"francesca\">\n\t<meta name=\"twitter:label2\" content=\"Tempo di lettura stimato\">\n\t<meta name=\"twitter:data2\" content=\"1 minuto\">\n<script type=\"application\/ld+json\" class=\"yoast-schema-graph\">{\"@context\":\"https:\/\/schema.org\",\"@graph\":[{\"@type\":\"WebSite\",\"@id\":\"https:\/\/www.pescafish.it\/new\/#website\",\"url\":\"https:\/\/www.pescafish.it\/new\/\",\"name\":\"Pesca Fish\",\"description\":\"Benvenuti sul nostro sito!\",\"potentialAction\":[{\"@type\":\"SearchAction\",\"target\":\"https:\/\/www.pescafish.it\/new\/?s={search_term_string}\",\"query-input\":\"required name=search_term_string\"}],\"inLanguage\":\"it-IT\"},{\"@type\":\"ImageObject\",\"@id\":\"https:\/\/www.pescafish.it\/new\/prodotto\/slow-sinking-maize-korda\/#primaryimage\",\"inLanguage\":\"it-IT\",\"url\":\"https:\/\/www.pescafish.it\/new\/wp-content\/uploads\/2015\/12\/14674731393614ff7178c756baa81da5.jpg\",\"width\":400,\"height\":301},{\"@type\":\"WebPage\",\"@id\":\"https:\/\/www.pescafish.it\/new\/prodotto\/slow-sinking-maize-korda\/#webpage\",\"url\":\"https:\/\/www.pescafish.it\/new\/prodotto\/slow-sinking-maize-korda\/\",\"name\":\"Slow Sinking Maize - Korda - Pesca Fish\",\"isPartOf\":{\"@id\":\"https:\/\/www.pescafish.it\/new\/#website\"},\"primaryImageOfPage\":{\"@id\":\"https:\/\/www.pescafish.it\/new\/prodotto\/slow-sinking-maize-korda\/#primaryimage\"},\"datePublished\":\"2015-12-01T10:37:27+00:00\",\"dateModified\":\"2025-08-29T15:53:23+00:00\",\"inLanguage\":\"it-IT\",\"potentialAction\":[{\"@type\":\"ReadAction\",\"target\":[\"https:\/\/www.pescafish.it\/new\/prodotto\/slow-sinking-maize-korda\/\"]}]}]}<\/script>\n<!-- \/ Yoast SEO plugin. -->","_links":{"self":[{"href":"https:\/\/www.pescafish.it\/new\/wp-json\/wp\/v2\/product\/17140"}],"collection":[{"href":"https:\/\/www.pescafish.it\/new\/wp-json\/wp\/v2\/product"}],"about":[{"href":"https:\/\/www.pescafish.it\/new\/wp-json\/wp\/v2\/types\/product"}],"replies":[{"embeddable":true,"href":"https:\/\/www.pescafish.it\/new\/wp-json\/wp\/v2\/comments?post=17140"}],"wp:featuredmedia":[{"embeddable":true,"href":"https:\/\/www.pescafish.it\/new\/wp-json\/wp\/v2\/media\/20286"}],"wp:attachment":[{"href":"https:\/\/www.pescafish.it\/new\/wp-json\/wp\/v2\/media?parent=17140"}],"wp:term":[{"taxonomy":"product_cat","embeddable":true,"href":"https:\/\/www.pescafish.it\/new\/wp-json\/wp\/v2\/product_cat?post=17140"},{"taxonomy":"product_tag","embeddable":true,"href":"https:\/\/www.pescafish.it\/new\/wp-json\/wp\/v2\/product_tag?post=17140"}],"curies":[{"name":"wp","href":"https:\/\/api.w.org\/{rel}","templated":true}]}}