{"id":17082,"date":"2015-12-01T11:37:27","date_gmt":"2015-12-01T10:37:27","guid":{"rendered":"http:\/\/www.pescafish.it\/new\/high-visual-pop-up-15mm-mainline"},"modified":"2026-04-15T08:53:58","modified_gmt":"2026-04-15T06:53:58","slug":"high-visual-pop-up-15mm-mainline","status":"publish","type":"product","link":"https:\/\/www.pescafish.it\/new\/prodotto\/high-visual-pop-up-15mm-mainline\/","title":{"rendered":"High Visual Pop Up 15mm &#8211; Mainline"},"content":{"rendered":"<h2>High Visual Pop Up 15mm<\/h2>\n<p>Le Hi-Visual Pop-Ups di Mainline sono probabilmente il massimo in fatto di esche ad alta attrattivit\u00e0 e sono state studiate con l&#8217;affidabilit\u00e0 come punto fermo: Galleggiabilit\u00e0 affidabile, colorazione accesa affidabile, affidabile dispersione aromatica e forse pi\u00f9 importante ancora un affidabile impronta gustativa alla quale nessuna carpa sa resistere! La nostra esperienza e linea di aromi liquidi gustativi, additivi ed attrattori ci hanno consentito di dare a queste pop-ups una impronta aromatica a \u201cdoppia forza\u201d. Questo non solo rende adatte queste superbe pop-ups per tutte le situazioni di pesca durante l&#8217;anno \u2013 le rende una fantastica opzione per la pesca invernale e la pesca con inneschi singoli.<\/p>\n<p><b>Misura:<\/b> 15mm<\/p>\n<p><b>Disponibili nelle seguenti aromatizzazioni:<\/b><br \/>\n<b>M13002<\/b>\u00a0 Fruit-tella &#8211; Bright Pink<br \/>\n<b>M13003 <\/b>Tutti Frutti<br \/>\n<strong>M13001<\/strong>\u00a0 Pineapple Juice<\/p>\n<p><b>Disponibili in barattoli con circa 50 esche.<\/b><\/p>\n","protected":false},"excerpt":{"rendered":"<p>High Visual Pop Up 15mm Le Hi-Visual Pop-Ups di Mainline sono probabilmente il massimo in fatto di esche ad alta attrattivit\u00e0 e sono state studiate con l&#8217;affidabilit\u00e0 come punto fermo: Galleggiabilit\u00e0 affidabile, colorazione accesa affidabile, affidabile dispersione aromatica e forse pi\u00f9 importante ancora un affidabile impronta gustativa alla quale nessuna carpa sa resistere! La nostra [&hellip;]<\/p>\n","protected":false},"featured_media":100674,"comment_status":"closed","ping_status":"closed","template":"","meta":[],"product_cat":[553],"product_tag":[1126],"yoast_head":"<!-- This site is optimized with the Yoast SEO plugin v15.3 - https:\/\/yoast.com\/wordpress\/plugins\/seo\/ -->\n<title>High Visual Pop Up 15mm - Mainline - Pesca Fish<\/title>\n<meta name=\"description\" content=\"High Visual Pop Up 15mm - Mainline | Per informazioni scriveteci a info@pescafish.it oppure contattateci allo 045\/6100748\" \/>\n<meta name=\"robots\" content=\"index, follow, max-snippet:-1, max-image-preview:large, max-video-preview:-1\" \/>\n<link rel=\"canonical\" href=\"https:\/\/www.pescafish.it\/new\/prodotto\/high-visual-pop-up-15mm-mainline\/\" \/>\n<meta property=\"og:locale\" content=\"it_IT\" \/>\n<meta property=\"og:type\" content=\"article\" \/>\n<meta property=\"og:title\" content=\"High Visual Pop Up 15mm - Mainline - Pesca Fish\" \/>\n<meta property=\"og:description\" content=\"High Visual Pop Up 15mm - Mainline | Per informazioni scriveteci a info@pescafish.it oppure contattateci allo 045\/6100748\" \/>\n<meta property=\"og:url\" content=\"https:\/\/www.pescafish.it\/new\/prodotto\/high-visual-pop-up-15mm-mainline\/\" \/>\n<meta property=\"og:site_name\" content=\"Pesca Fish\" \/>\n<meta property=\"article:publisher\" content=\"https:\/\/www.facebook.com\/pescafishvr\/\" \/>\n<meta property=\"article:modified_time\" content=\"2026-04-15T06:53:58+00:00\" \/>\n<meta property=\"og:image\" content=\"https:\/\/www.pescafish.it\/new\/wp-content\/uploads\/2015\/12\/17207041712767_50second_largeimage.jpg\" \/>\n\t<meta property=\"og:image:width\" content=\"1800\" \/>\n\t<meta property=\"og:image:height\" content=\"1400\" \/>\n<meta name=\"twitter:card\" content=\"summary_large_image\" \/>\n<meta name=\"twitter:label1\" content=\"Scritto da\">\n\t<meta name=\"twitter:data1\" content=\"francesca\">\n\t<meta name=\"twitter:label2\" content=\"Tempo di lettura stimato\">\n\t<meta name=\"twitter:data2\" content=\"1 minuto\">\n<script type=\"application\/ld+json\" class=\"yoast-schema-graph\">{\"@context\":\"https:\/\/schema.org\",\"@graph\":[{\"@type\":\"WebSite\",\"@id\":\"https:\/\/www.pescafish.it\/new\/#website\",\"url\":\"https:\/\/www.pescafish.it\/new\/\",\"name\":\"Pesca Fish\",\"description\":\"Benvenuti sul nostro sito!\",\"potentialAction\":[{\"@type\":\"SearchAction\",\"target\":\"https:\/\/www.pescafish.it\/new\/?s={search_term_string}\",\"query-input\":\"required name=search_term_string\"}],\"inLanguage\":\"it-IT\"},{\"@type\":\"ImageObject\",\"@id\":\"https:\/\/www.pescafish.it\/new\/prodotto\/high-visual-pop-up-15mm-mainline\/#primaryimage\",\"inLanguage\":\"it-IT\",\"url\":\"https:\/\/www.pescafish.it\/new\/wp-content\/uploads\/2015\/12\/17207041712767_50second_largeimage.jpg\",\"width\":1800,\"height\":1400,\"caption\":\"Mainline\"},{\"@type\":\"WebPage\",\"@id\":\"https:\/\/www.pescafish.it\/new\/prodotto\/high-visual-pop-up-15mm-mainline\/#webpage\",\"url\":\"https:\/\/www.pescafish.it\/new\/prodotto\/high-visual-pop-up-15mm-mainline\/\",\"name\":\"High Visual Pop Up 15mm - Mainline - Pesca Fish\",\"isPartOf\":{\"@id\":\"https:\/\/www.pescafish.it\/new\/#website\"},\"primaryImageOfPage\":{\"@id\":\"https:\/\/www.pescafish.it\/new\/prodotto\/high-visual-pop-up-15mm-mainline\/#primaryimage\"},\"datePublished\":\"2015-12-01T10:37:27+00:00\",\"dateModified\":\"2026-04-15T06:53:58+00:00\",\"description\":\"High Visual Pop Up 15mm - Mainline | Per informazioni scriveteci a info@pescafish.it oppure contattateci allo 045\/6100748\",\"inLanguage\":\"it-IT\",\"potentialAction\":[{\"@type\":\"ReadAction\",\"target\":[\"https:\/\/www.pescafish.it\/new\/prodotto\/high-visual-pop-up-15mm-mainline\/\"]}]}]}<\/script>\n<!-- \/ Yoast SEO plugin. -->","_links":{"self":[{"href":"https:\/\/www.pescafish.it\/new\/wp-json\/wp\/v2\/product\/17082"}],"collection":[{"href":"https:\/\/www.pescafish.it\/new\/wp-json\/wp\/v2\/product"}],"about":[{"href":"https:\/\/www.pescafish.it\/new\/wp-json\/wp\/v2\/types\/product"}],"replies":[{"embeddable":true,"href":"https:\/\/www.pescafish.it\/new\/wp-json\/wp\/v2\/comments?post=17082"}],"wp:featuredmedia":[{"embeddable":true,"href":"https:\/\/www.pescafish.it\/new\/wp-json\/wp\/v2\/media\/100674"}],"wp:attachment":[{"href":"https:\/\/www.pescafish.it\/new\/wp-json\/wp\/v2\/media?parent=17082"}],"wp:term":[{"taxonomy":"product_cat","embeddable":true,"href":"https:\/\/www.pescafish.it\/new\/wp-json\/wp\/v2\/product_cat?post=17082"},{"taxonomy":"product_tag","embeddable":true,"href":"https:\/\/www.pescafish.it\/new\/wp-json\/wp\/v2\/product_tag?post=17082"}],"curies":[{"name":"wp","href":"https:\/\/api.w.org\/{rel}","templated":true}]}}