{"id":16386,"date":"2015-12-01T11:37:27","date_gmt":"2015-12-01T10:37:27","guid":{"rendered":"http:\/\/www.pescafish.it\/new\/stivale-fishcotton-good-year"},"modified":"2024-10-18T18:53:59","modified_gmt":"2024-10-18T16:53:59","slug":"stivale-fishcotton-good-year","status":"publish","type":"product","link":"https:\/\/www.pescafish.it\/new\/prodotto\/stivale-fishcotton-good-year\/","title":{"rendered":"Stivale Fishcotton &#8211; Good Year"},"content":{"rendered":"<p>Stivale ideale per la pesca in fiume e lago. Dotato di suola ad alta resistenza e molto aderente anche nelle situazioni pi\u00f9 difficili. Il tallone ha un&#8217;elevata capacit\u00e0 di assorbimento, ideale per terreni pi\u00f9 rocciosi. La suola inoltre ha tacche autopulenti. Questo stivale \u00e8 composto da gomma nitrilica, resistente ad agenti chimici ed oli.<\/p>\n<p><b>Colore:<\/b> Verde foresta\/Nero<\/p>\n<p><b>Disponibile nelle seguenti misure:<br \/>\n73032-42<\/b>\u00a0 n\u00b042<br \/>\n<b>73032-43<\/b>\u00a0 n\u00b043<br \/>\n<b>73032-44<\/b>\u00a0 n\u00b044<br \/>\n<b>73032-45<\/b>\u00a0 n\u00b045<br \/>\n<b>73032-46<\/b>\u00a0 n\u00b046<br \/>\n<b>73032-47<\/b>\u00a0 n\u00b047<\/p>\n","protected":false},"excerpt":{"rendered":"<p>Stivale ideale per la pesca in fiume e lago. Dotato di suola ad alta resistenza e molto aderente anche nelle situazioni pi\u00f9 difficili. Il tallone ha un&#8217;elevata capacit\u00e0 di assorbimento, ideale per terreni pi\u00f9 rocciosi. La suola inoltre ha tacche autopulenti. Questo stivale \u00e8 composto da gomma nitrilica, resistente ad agenti chimici ed oli. Colore: [&hellip;]<\/p>\n","protected":false},"featured_media":26331,"comment_status":"closed","ping_status":"closed","template":"","meta":[],"product_cat":[788],"product_tag":[1177],"yoast_head":"<!-- This site is optimized with the Yoast SEO plugin v15.3 - https:\/\/yoast.com\/wordpress\/plugins\/seo\/ -->\n<title>Stivale Fishcotton - Good Year - Pesca Fish<\/title>\n<meta name=\"robots\" content=\"index, follow, max-snippet:-1, max-image-preview:large, max-video-preview:-1\" \/>\n<link rel=\"canonical\" href=\"https:\/\/www.pescafish.it\/new\/prodotto\/stivale-fishcotton-good-year\/\" \/>\n<meta property=\"og:locale\" content=\"it_IT\" \/>\n<meta property=\"og:type\" content=\"article\" \/>\n<meta property=\"og:title\" content=\"Stivale Fishcotton - Good Year - Pesca Fish\" \/>\n<meta property=\"og:description\" content=\"Stivale ideale per la pesca in fiume e lago. Dotato di suola ad alta resistenza e molto aderente anche nelle situazioni pi\u00f9 difficili. Il tallone ha un&#8217;elevata capacit\u00e0 di assorbimento, ideale per terreni pi\u00f9 rocciosi. La suola inoltre ha tacche autopulenti. Questo stivale \u00e8 composto da gomma nitrilica, resistente ad agenti chimici ed oli. Colore: [&hellip;]\" \/>\n<meta property=\"og:url\" content=\"https:\/\/www.pescafish.it\/new\/prodotto\/stivale-fishcotton-good-year\/\" \/>\n<meta property=\"og:site_name\" content=\"Pesca Fish\" \/>\n<meta property=\"article:publisher\" content=\"https:\/\/www.facebook.com\/pescafishvr\/\" \/>\n<meta property=\"article:modified_time\" content=\"2024-10-18T16:53:59+00:00\" \/>\n<meta property=\"og:image\" content=\"https:\/\/www.pescafish.it\/new\/wp-content\/uploads\/2015\/12\/f92cd007e5760b3c75ace77dc48379d2.png\" \/>\n\t<meta property=\"og:image:width\" content=\"358\" \/>\n\t<meta property=\"og:image:height\" content=\"495\" \/>\n<meta name=\"twitter:card\" content=\"summary_large_image\" \/>\n<meta name=\"twitter:label1\" content=\"Scritto da\">\n\t<meta name=\"twitter:data1\" content=\"francesca\">\n\t<meta name=\"twitter:label2\" content=\"Tempo di lettura stimato\">\n\t<meta name=\"twitter:data2\" content=\"0 minuti\">\n<script type=\"application\/ld+json\" class=\"yoast-schema-graph\">{\"@context\":\"https:\/\/schema.org\",\"@graph\":[{\"@type\":\"WebSite\",\"@id\":\"https:\/\/www.pescafish.it\/new\/#website\",\"url\":\"https:\/\/www.pescafish.it\/new\/\",\"name\":\"Pesca Fish\",\"description\":\"Benvenuti sul nostro sito!\",\"potentialAction\":[{\"@type\":\"SearchAction\",\"target\":\"https:\/\/www.pescafish.it\/new\/?s={search_term_string}\",\"query-input\":\"required name=search_term_string\"}],\"inLanguage\":\"it-IT\"},{\"@type\":\"ImageObject\",\"@id\":\"https:\/\/www.pescafish.it\/new\/prodotto\/stivale-fishcotton-good-year\/#primaryimage\",\"inLanguage\":\"it-IT\",\"url\":\"https:\/\/www.pescafish.it\/new\/wp-content\/uploads\/2015\/12\/f92cd007e5760b3c75ace77dc48379d2.png\",\"width\":358,\"height\":495},{\"@type\":\"WebPage\",\"@id\":\"https:\/\/www.pescafish.it\/new\/prodotto\/stivale-fishcotton-good-year\/#webpage\",\"url\":\"https:\/\/www.pescafish.it\/new\/prodotto\/stivale-fishcotton-good-year\/\",\"name\":\"Stivale Fishcotton - Good Year - Pesca Fish\",\"isPartOf\":{\"@id\":\"https:\/\/www.pescafish.it\/new\/#website\"},\"primaryImageOfPage\":{\"@id\":\"https:\/\/www.pescafish.it\/new\/prodotto\/stivale-fishcotton-good-year\/#primaryimage\"},\"datePublished\":\"2015-12-01T10:37:27+00:00\",\"dateModified\":\"2024-10-18T16:53:59+00:00\",\"inLanguage\":\"it-IT\",\"potentialAction\":[{\"@type\":\"ReadAction\",\"target\":[\"https:\/\/www.pescafish.it\/new\/prodotto\/stivale-fishcotton-good-year\/\"]}]}]}<\/script>\n<!-- \/ Yoast SEO plugin. -->","_links":{"self":[{"href":"https:\/\/www.pescafish.it\/new\/wp-json\/wp\/v2\/product\/16386"}],"collection":[{"href":"https:\/\/www.pescafish.it\/new\/wp-json\/wp\/v2\/product"}],"about":[{"href":"https:\/\/www.pescafish.it\/new\/wp-json\/wp\/v2\/types\/product"}],"replies":[{"embeddable":true,"href":"https:\/\/www.pescafish.it\/new\/wp-json\/wp\/v2\/comments?post=16386"}],"wp:featuredmedia":[{"embeddable":true,"href":"https:\/\/www.pescafish.it\/new\/wp-json\/wp\/v2\/media\/26331"}],"wp:attachment":[{"href":"https:\/\/www.pescafish.it\/new\/wp-json\/wp\/v2\/media?parent=16386"}],"wp:term":[{"taxonomy":"product_cat","embeddable":true,"href":"https:\/\/www.pescafish.it\/new\/wp-json\/wp\/v2\/product_cat?post=16386"},{"taxonomy":"product_tag","embeddable":true,"href":"https:\/\/www.pescafish.it\/new\/wp-json\/wp\/v2\/product_tag?post=16386"}],"curies":[{"name":"wp","href":"https:\/\/api.w.org\/{rel}","templated":true}]}}