{"id":16214,"date":"2015-12-01T11:37:27","date_gmt":"2015-12-01T10:37:27","guid":{"rendered":"http:\/\/www.pescafish.it\/new\/secchio-bucket-starbaits"},"modified":"2023-10-25T19:17:49","modified_gmt":"2023-10-25T17:17:49","slug":"secchio-bucket-starbaits","status":"publish","type":"product","link":"https:\/\/www.pescafish.it\/new\/prodotto\/secchio-bucket-starbaits\/","title":{"rendered":"Secchio Bucket &#8211; StarBaits"},"content":{"rendered":"<p><b>Secchio completo di bacinella che si pu\u00f2 tranquillamente inserire al suo interno. Dotato di coperchio adattabile sia al secchio che alla bacinella.<\/b><\/p>\n<p><strong>Capacit\u00e0 secchio:<\/strong> 21 litri<br \/>\n<strong>Capacit\u00e0 bacinella:<\/strong> 5,3 litri<\/p>\n","protected":false},"excerpt":{"rendered":"<p>Secchio completo di bacinella che si pu\u00f2 tranquillamente inserire al suo interno. Dotato di coperchio adattabile sia al secchio che alla bacinella. Capacit\u00e0 secchio: 21 litri Capacit\u00e0 bacinella: 5,3 litri<\/p>\n","protected":false},"featured_media":24895,"comment_status":"closed","ping_status":"closed","template":"","meta":[],"product_cat":[559],"product_tag":[1034],"yoast_head":"<!-- This site is optimized with the Yoast SEO plugin v15.3 - https:\/\/yoast.com\/wordpress\/plugins\/seo\/ -->\n<title>Secchio Bucket - StarBaits - Pesca Fish<\/title>\n<meta name=\"robots\" content=\"index, follow, max-snippet:-1, max-image-preview:large, max-video-preview:-1\" \/>\n<link rel=\"canonical\" href=\"https:\/\/www.pescafish.it\/new\/prodotto\/secchio-bucket-starbaits\/\" \/>\n<meta property=\"og:locale\" content=\"it_IT\" \/>\n<meta property=\"og:type\" content=\"article\" \/>\n<meta property=\"og:title\" content=\"Secchio Bucket - StarBaits - Pesca Fish\" \/>\n<meta property=\"og:description\" content=\"Secchio completo di bacinella che si pu\u00f2 tranquillamente inserire al suo interno. Dotato di coperchio adattabile sia al secchio che alla bacinella. Capacit\u00e0 secchio: 21 litri Capacit\u00e0 bacinella: 5,3 litri\" \/>\n<meta property=\"og:url\" content=\"https:\/\/www.pescafish.it\/new\/prodotto\/secchio-bucket-starbaits\/\" \/>\n<meta property=\"og:site_name\" content=\"Pesca Fish\" \/>\n<meta property=\"article:publisher\" content=\"https:\/\/www.facebook.com\/pescafishvr\/\" \/>\n<meta property=\"article:modified_time\" content=\"2023-10-25T17:17:49+00:00\" \/>\n<meta property=\"og:image\" content=\"https:\/\/www.pescafish.it\/new\/wp-content\/uploads\/2015\/12\/c1d5ec0c3d75969cd7479532bd7b878f.jpg\" \/>\n\t<meta property=\"og:image:width\" content=\"400\" \/>\n\t<meta property=\"og:image:height\" content=\"400\" \/>\n<meta name=\"twitter:card\" content=\"summary_large_image\" \/>\n<meta name=\"twitter:label1\" content=\"Scritto da\">\n\t<meta name=\"twitter:data1\" content=\"francesca\">\n\t<meta name=\"twitter:label2\" content=\"Tempo di lettura stimato\">\n\t<meta name=\"twitter:data2\" content=\"0 minuti\">\n<script type=\"application\/ld+json\" class=\"yoast-schema-graph\">{\"@context\":\"https:\/\/schema.org\",\"@graph\":[{\"@type\":\"WebSite\",\"@id\":\"https:\/\/www.pescafish.it\/new\/#website\",\"url\":\"https:\/\/www.pescafish.it\/new\/\",\"name\":\"Pesca Fish\",\"description\":\"Benvenuti sul nostro sito!\",\"potentialAction\":[{\"@type\":\"SearchAction\",\"target\":\"https:\/\/www.pescafish.it\/new\/?s={search_term_string}\",\"query-input\":\"required name=search_term_string\"}],\"inLanguage\":\"it-IT\"},{\"@type\":\"ImageObject\",\"@id\":\"https:\/\/www.pescafish.it\/new\/prodotto\/secchio-bucket-starbaits\/#primaryimage\",\"inLanguage\":\"it-IT\",\"url\":\"https:\/\/www.pescafish.it\/new\/wp-content\/uploads\/2015\/12\/c1d5ec0c3d75969cd7479532bd7b878f.jpg\",\"width\":400,\"height\":400},{\"@type\":\"WebPage\",\"@id\":\"https:\/\/www.pescafish.it\/new\/prodotto\/secchio-bucket-starbaits\/#webpage\",\"url\":\"https:\/\/www.pescafish.it\/new\/prodotto\/secchio-bucket-starbaits\/\",\"name\":\"Secchio Bucket - StarBaits - Pesca Fish\",\"isPartOf\":{\"@id\":\"https:\/\/www.pescafish.it\/new\/#website\"},\"primaryImageOfPage\":{\"@id\":\"https:\/\/www.pescafish.it\/new\/prodotto\/secchio-bucket-starbaits\/#primaryimage\"},\"datePublished\":\"2015-12-01T10:37:27+00:00\",\"dateModified\":\"2023-10-25T17:17:49+00:00\",\"inLanguage\":\"it-IT\",\"potentialAction\":[{\"@type\":\"ReadAction\",\"target\":[\"https:\/\/www.pescafish.it\/new\/prodotto\/secchio-bucket-starbaits\/\"]}]}]}<\/script>\n<!-- \/ Yoast SEO plugin. -->","_links":{"self":[{"href":"https:\/\/www.pescafish.it\/new\/wp-json\/wp\/v2\/product\/16214"}],"collection":[{"href":"https:\/\/www.pescafish.it\/new\/wp-json\/wp\/v2\/product"}],"about":[{"href":"https:\/\/www.pescafish.it\/new\/wp-json\/wp\/v2\/types\/product"}],"replies":[{"embeddable":true,"href":"https:\/\/www.pescafish.it\/new\/wp-json\/wp\/v2\/comments?post=16214"}],"wp:featuredmedia":[{"embeddable":true,"href":"https:\/\/www.pescafish.it\/new\/wp-json\/wp\/v2\/media\/24895"}],"wp:attachment":[{"href":"https:\/\/www.pescafish.it\/new\/wp-json\/wp\/v2\/media?parent=16214"}],"wp:term":[{"taxonomy":"product_cat","embeddable":true,"href":"https:\/\/www.pescafish.it\/new\/wp-json\/wp\/v2\/product_cat?post=16214"},{"taxonomy":"product_tag","embeddable":true,"href":"https:\/\/www.pescafish.it\/new\/wp-json\/wp\/v2\/product_tag?post=16214"}],"curies":[{"name":"wp","href":"https:\/\/api.w.org\/{rel}","templated":true}]}}