{"id":16052,"date":"2015-12-01T11:37:27","date_gmt":"2015-12-01T10:37:27","guid":{"rendered":"http:\/\/www.pescafish.it\/new\/elastico-concept-carpodrome-milo"},"modified":"2024-05-01T14:02:26","modified_gmt":"2024-05-01T12:02:26","slug":"elastico-concept-carpodrome-milo","status":"publish","type":"product","link":"https:\/\/www.pescafish.it\/new\/prodotto\/elastico-concept-carpodrome-milo\/","title":{"rendered":"Elastico Concept Carpodrome &#8211; Milo"},"content":{"rendered":"<p>Nuovissimo elastico specificatamente concepito per la pesca delle carpe nei laghetti. Di tipo cavo a doppio strato, possiede un coefficiente di allungamento di 8:1 con rientro immediato nella vetta della canna, un trattamento di superficie a base di silicone, un\u2019altissima resistenza all\u2019abrasione, ed un\u2019ottima visibilit\u00e0 per poter seguire al meglio gli spostamenti della preda allamata. La gamma vi permetter\u00e0 di affrontare con successo le situazioni pi\u00f9 estreme e di portare a buon fine le catture pi\u00f9 impegnative. Tutto quello che prima pensavate off limit\u2026 Le confezioni, in buste che ne mantengono inalterate le peculiarit\u00e0 grazie alla chiusura ermetica a pressione, contengono 3 mt. di prodotto.<\/p>\n<p><b>Disponibile nelle seguenti varianti:<br \/>\n606VV0086-0<b>\u00a0<\/b><\/b>n\u00b00 &#8211; \u00d8 1,43mm &#8211; Arancione<b><b><br \/>\n<\/b>606VV0086-1<\/b>\u00a0 n\u00b01 &#8211; \u00d8 1,58mm &#8211; Verde<br \/>\n<b>606VV0086-2<\/b>\u00a0 n\u00b02 &#8211; \u00d8 1,83mm &#8211; Rosa<br \/>\n<b>606VV0086-3<\/b>\u00a0 n\u00b03 &#8211; \u00d8 2,06mm &#8211; Bianco<br \/>\n<b>606VV0086-4<\/b>\u00a0 n\u00b04 &#8211; \u00d8 2,26mm &#8211; Arancione<br \/>\n<b>606VV0086-5<\/b>\u00a0 n\u00b05 &#8211; \u00d8 2,42mm &#8211; Giallo<br \/>\n<b>606VV0086-8<\/b>\u00a0 n\u00b08 &#8211; \u00d8 3,02mm &#8211; Rosa<\/p>\n","protected":false},"excerpt":{"rendered":"<p>Nuovissimo elastico specificatamente concepito per la pesca delle carpe nei laghetti. Di tipo cavo a doppio strato, possiede un coefficiente di allungamento di 8:1 con rientro immediato nella vetta della canna, un trattamento di superficie a base di silicone, un\u2019altissima resistenza all\u2019abrasione, ed un\u2019ottima visibilit\u00e0 per poter seguire al meglio gli spostamenti della preda allamata. [&hellip;]<\/p>\n","protected":false},"featured_media":25689,"comment_status":"closed","ping_status":"closed","template":"","meta":[],"product_cat":[177],"product_tag":[1033],"yoast_head":"<!-- This site is optimized with the Yoast SEO plugin v15.3 - https:\/\/yoast.com\/wordpress\/plugins\/seo\/ -->\n<title>Elastico Concept Carpodrome - Milo - Pesca Fish<\/title>\n<meta name=\"robots\" content=\"index, follow, max-snippet:-1, max-image-preview:large, max-video-preview:-1\" \/>\n<link rel=\"canonical\" href=\"https:\/\/www.pescafish.it\/new\/prodotto\/elastico-concept-carpodrome-milo\/\" \/>\n<meta property=\"og:locale\" content=\"it_IT\" \/>\n<meta property=\"og:type\" content=\"article\" \/>\n<meta property=\"og:title\" content=\"Elastico Concept Carpodrome - Milo - Pesca Fish\" \/>\n<meta property=\"og:description\" content=\"Nuovissimo elastico specificatamente concepito per la pesca delle carpe nei laghetti. Di tipo cavo a doppio strato, possiede un coefficiente di allungamento di 8:1 con rientro immediato nella vetta della canna, un trattamento di superficie a base di silicone, un\u2019altissima resistenza all\u2019abrasione, ed un\u2019ottima visibilit\u00e0 per poter seguire al meglio gli spostamenti della preda allamata. [&hellip;]\" \/>\n<meta property=\"og:url\" content=\"https:\/\/www.pescafish.it\/new\/prodotto\/elastico-concept-carpodrome-milo\/\" \/>\n<meta property=\"og:site_name\" content=\"Pesca Fish\" \/>\n<meta property=\"article:publisher\" content=\"https:\/\/www.facebook.com\/pescafishvr\/\" \/>\n<meta property=\"article:modified_time\" content=\"2024-05-01T12:02:26+00:00\" \/>\n<meta property=\"og:image\" content=\"https:\/\/www.pescafish.it\/new\/wp-content\/uploads\/2015\/12\/e00ad2c3544a10fe2fcc9e129024db60.jpg\" \/>\n\t<meta property=\"og:image:width\" content=\"350\" \/>\n\t<meta property=\"og:image:height\" content=\"339\" \/>\n<meta name=\"twitter:card\" content=\"summary_large_image\" \/>\n<meta name=\"twitter:label1\" content=\"Scritto da\">\n\t<meta name=\"twitter:data1\" content=\"francesca\">\n\t<meta name=\"twitter:label2\" content=\"Tempo di lettura stimato\">\n\t<meta name=\"twitter:data2\" content=\"1 minuto\">\n<script type=\"application\/ld+json\" class=\"yoast-schema-graph\">{\"@context\":\"https:\/\/schema.org\",\"@graph\":[{\"@type\":\"WebSite\",\"@id\":\"https:\/\/www.pescafish.it\/new\/#website\",\"url\":\"https:\/\/www.pescafish.it\/new\/\",\"name\":\"Pesca Fish\",\"description\":\"Benvenuti sul nostro sito!\",\"potentialAction\":[{\"@type\":\"SearchAction\",\"target\":\"https:\/\/www.pescafish.it\/new\/?s={search_term_string}\",\"query-input\":\"required name=search_term_string\"}],\"inLanguage\":\"it-IT\"},{\"@type\":\"ImageObject\",\"@id\":\"https:\/\/www.pescafish.it\/new\/prodotto\/elastico-concept-carpodrome-milo\/#primaryimage\",\"inLanguage\":\"it-IT\",\"url\":\"https:\/\/www.pescafish.it\/new\/wp-content\/uploads\/2015\/12\/e00ad2c3544a10fe2fcc9e129024db60.jpg\",\"width\":350,\"height\":339},{\"@type\":\"WebPage\",\"@id\":\"https:\/\/www.pescafish.it\/new\/prodotto\/elastico-concept-carpodrome-milo\/#webpage\",\"url\":\"https:\/\/www.pescafish.it\/new\/prodotto\/elastico-concept-carpodrome-milo\/\",\"name\":\"Elastico Concept Carpodrome - Milo - Pesca Fish\",\"isPartOf\":{\"@id\":\"https:\/\/www.pescafish.it\/new\/#website\"},\"primaryImageOfPage\":{\"@id\":\"https:\/\/www.pescafish.it\/new\/prodotto\/elastico-concept-carpodrome-milo\/#primaryimage\"},\"datePublished\":\"2015-12-01T10:37:27+00:00\",\"dateModified\":\"2024-05-01T12:02:26+00:00\",\"inLanguage\":\"it-IT\",\"potentialAction\":[{\"@type\":\"ReadAction\",\"target\":[\"https:\/\/www.pescafish.it\/new\/prodotto\/elastico-concept-carpodrome-milo\/\"]}]}]}<\/script>\n<!-- \/ Yoast SEO plugin. -->","_links":{"self":[{"href":"https:\/\/www.pescafish.it\/new\/wp-json\/wp\/v2\/product\/16052"}],"collection":[{"href":"https:\/\/www.pescafish.it\/new\/wp-json\/wp\/v2\/product"}],"about":[{"href":"https:\/\/www.pescafish.it\/new\/wp-json\/wp\/v2\/types\/product"}],"replies":[{"embeddable":true,"href":"https:\/\/www.pescafish.it\/new\/wp-json\/wp\/v2\/comments?post=16052"}],"wp:featuredmedia":[{"embeddable":true,"href":"https:\/\/www.pescafish.it\/new\/wp-json\/wp\/v2\/media\/25689"}],"wp:attachment":[{"href":"https:\/\/www.pescafish.it\/new\/wp-json\/wp\/v2\/media?parent=16052"}],"wp:term":[{"taxonomy":"product_cat","embeddable":true,"href":"https:\/\/www.pescafish.it\/new\/wp-json\/wp\/v2\/product_cat?post=16052"},{"taxonomy":"product_tag","embeddable":true,"href":"https:\/\/www.pescafish.it\/new\/wp-json\/wp\/v2\/product_tag?post=16052"}],"curies":[{"name":"wp","href":"https:\/\/api.w.org\/{rel}","templated":true}]}}