{"id":15941,"date":"2015-12-01T11:37:27","date_gmt":"2015-12-01T10:37:27","guid":{"rendered":"http:\/\/www.pescafish.it\/new\/camola-del-miele-in-silicone-powerbait-berkley"},"modified":"2025-05-11T17:04:14","modified_gmt":"2025-05-11T15:04:14","slug":"camola-del-miele-in-silicone-powerbait-berkley","status":"publish","type":"product","link":"https:\/\/www.pescafish.it\/new\/prodotto\/camola-del-miele-in-silicone-powerbait-berkley\/","title":{"rendered":"Camola del miele in silicone PowerBait- Berkley"},"content":{"rendered":"<p>Con Berkley PowerBait i pescatori novelli diventano bravi e i pescatori bravi diventano fantastici! Gli scienziati di Berkley hanno impiegato oltre 25 anni per perfezionare un odore irresistibile: l\u2019esclusiva formula PowerBait. I pesci amano cos\u00ec tanto PowerBait da trattenersi 18 volte pi\u00f9 a lungo, offrendoti tempo e tranquillit\u00e0 per sentire pi\u00f9 mangiate, configurare pi\u00f9 ami e catturare pi\u00f9 pesci!<\/p>\n<p>\u2022 Powerbait scent<br \/>\n\u2022 Estremamente realistica<br \/>\n\u2022 Meglio di un\u2019esca viva<\/p>\n<p><strong>Lunghezza:<\/strong> 2,5cm \/ 1&#8243;<\/p>\n<p><b>Disponibile nei seguenti colori:<\/b><br \/>\n<b>1089416\u00a0<\/b> Rosso<b><br \/>\n1089417\u00a0 <\/b>Natural<br \/>\n<strong>1089418\u00a0<\/strong> Giallo<br \/>\n<strong>1109189\u00a0<\/strong> Natural\/Scale<\/p>\n<p><b>Il barattolo contiene 55 pezzi.<\/b><\/p>\n","protected":false},"excerpt":{"rendered":"<p>Con Berkley PowerBait i pescatori novelli diventano bravi e i pescatori bravi diventano fantastici! Gli scienziati di Berkley hanno impiegato oltre 25 anni per perfezionare un odore irresistibile: l\u2019esclusiva formula PowerBait. I pesci amano cos\u00ec tanto PowerBait da trattenersi 18 volte pi\u00f9 a lungo, offrendoti tempo e tranquillit\u00e0 per sentire pi\u00f9 mangiate, configurare pi\u00f9 ami [&hellip;]<\/p>\n","protected":false},"featured_media":22858,"comment_status":"closed","ping_status":"closed","template":"","meta":[],"product_cat":[165],"product_tag":[1089],"yoast_head":"<!-- This site is optimized with the Yoast SEO plugin v15.3 - https:\/\/yoast.com\/wordpress\/plugins\/seo\/ -->\n<title>Camola del miele in silicone PowerBait- Berkley - Pesca Fish<\/title>\n<meta name=\"robots\" content=\"index, follow, max-snippet:-1, max-image-preview:large, max-video-preview:-1\" \/>\n<link rel=\"canonical\" href=\"https:\/\/www.pescafish.it\/new\/prodotto\/camola-del-miele-in-silicone-powerbait-berkley\/\" \/>\n<meta property=\"og:locale\" content=\"it_IT\" \/>\n<meta property=\"og:type\" content=\"article\" \/>\n<meta property=\"og:title\" content=\"Camola del miele in silicone PowerBait- Berkley - Pesca Fish\" \/>\n<meta property=\"og:description\" content=\"Con Berkley PowerBait i pescatori novelli diventano bravi e i pescatori bravi diventano fantastici! Gli scienziati di Berkley hanno impiegato oltre 25 anni per perfezionare un odore irresistibile: l\u2019esclusiva formula PowerBait. I pesci amano cos\u00ec tanto PowerBait da trattenersi 18 volte pi\u00f9 a lungo, offrendoti tempo e tranquillit\u00e0 per sentire pi\u00f9 mangiate, configurare pi\u00f9 ami [&hellip;]\" \/>\n<meta property=\"og:url\" content=\"https:\/\/www.pescafish.it\/new\/prodotto\/camola-del-miele-in-silicone-powerbait-berkley\/\" \/>\n<meta property=\"og:site_name\" content=\"Pesca Fish\" \/>\n<meta property=\"article:publisher\" content=\"https:\/\/www.facebook.com\/pescafishvr\/\" \/>\n<meta property=\"article:modified_time\" content=\"2025-05-11T15:04:14+00:00\" \/>\n<meta property=\"og:image\" content=\"https:\/\/www.pescafish.it\/new\/wp-content\/uploads\/2015\/12\/74d34ffaf9031f9d48f1007d466843ef.jpg\" \/>\n\t<meta property=\"og:image:width\" content=\"400\" \/>\n\t<meta property=\"og:image:height\" content=\"415\" \/>\n<meta name=\"twitter:card\" content=\"summary_large_image\" \/>\n<meta name=\"twitter:label1\" content=\"Scritto da\">\n\t<meta name=\"twitter:data1\" content=\"francesca\">\n\t<meta name=\"twitter:label2\" content=\"Tempo di lettura stimato\">\n\t<meta name=\"twitter:data2\" content=\"0 minuti\">\n<script type=\"application\/ld+json\" class=\"yoast-schema-graph\">{\"@context\":\"https:\/\/schema.org\",\"@graph\":[{\"@type\":\"WebSite\",\"@id\":\"https:\/\/www.pescafish.it\/new\/#website\",\"url\":\"https:\/\/www.pescafish.it\/new\/\",\"name\":\"Pesca Fish\",\"description\":\"Benvenuti sul nostro sito!\",\"potentialAction\":[{\"@type\":\"SearchAction\",\"target\":\"https:\/\/www.pescafish.it\/new\/?s={search_term_string}\",\"query-input\":\"required name=search_term_string\"}],\"inLanguage\":\"it-IT\"},{\"@type\":\"ImageObject\",\"@id\":\"https:\/\/www.pescafish.it\/new\/prodotto\/camola-del-miele-in-silicone-powerbait-berkley\/#primaryimage\",\"inLanguage\":\"it-IT\",\"url\":\"https:\/\/www.pescafish.it\/new\/wp-content\/uploads\/2015\/12\/74d34ffaf9031f9d48f1007d466843ef.jpg\",\"width\":400,\"height\":415},{\"@type\":\"WebPage\",\"@id\":\"https:\/\/www.pescafish.it\/new\/prodotto\/camola-del-miele-in-silicone-powerbait-berkley\/#webpage\",\"url\":\"https:\/\/www.pescafish.it\/new\/prodotto\/camola-del-miele-in-silicone-powerbait-berkley\/\",\"name\":\"Camola del miele in silicone PowerBait- Berkley - Pesca Fish\",\"isPartOf\":{\"@id\":\"https:\/\/www.pescafish.it\/new\/#website\"},\"primaryImageOfPage\":{\"@id\":\"https:\/\/www.pescafish.it\/new\/prodotto\/camola-del-miele-in-silicone-powerbait-berkley\/#primaryimage\"},\"datePublished\":\"2015-12-01T10:37:27+00:00\",\"dateModified\":\"2025-05-11T15:04:14+00:00\",\"inLanguage\":\"it-IT\",\"potentialAction\":[{\"@type\":\"ReadAction\",\"target\":[\"https:\/\/www.pescafish.it\/new\/prodotto\/camola-del-miele-in-silicone-powerbait-berkley\/\"]}]}]}<\/script>\n<!-- \/ Yoast SEO plugin. -->","_links":{"self":[{"href":"https:\/\/www.pescafish.it\/new\/wp-json\/wp\/v2\/product\/15941"}],"collection":[{"href":"https:\/\/www.pescafish.it\/new\/wp-json\/wp\/v2\/product"}],"about":[{"href":"https:\/\/www.pescafish.it\/new\/wp-json\/wp\/v2\/types\/product"}],"replies":[{"embeddable":true,"href":"https:\/\/www.pescafish.it\/new\/wp-json\/wp\/v2\/comments?post=15941"}],"wp:featuredmedia":[{"embeddable":true,"href":"https:\/\/www.pescafish.it\/new\/wp-json\/wp\/v2\/media\/22858"}],"wp:attachment":[{"href":"https:\/\/www.pescafish.it\/new\/wp-json\/wp\/v2\/media?parent=15941"}],"wp:term":[{"taxonomy":"product_cat","embeddable":true,"href":"https:\/\/www.pescafish.it\/new\/wp-json\/wp\/v2\/product_cat?post=15941"},{"taxonomy":"product_tag","embeddable":true,"href":"https:\/\/www.pescafish.it\/new\/wp-json\/wp\/v2\/product_tag?post=15941"}],"curies":[{"name":"wp","href":"https:\/\/api.w.org\/{rel}","templated":true}]}}