{"id":15494,"date":"2015-12-01T11:37:27","date_gmt":"2015-12-01T10:37:27","guid":{"rendered":"http:\/\/www.pescafish.it\/new\/champion-wonder-black-2kg-colmic"},"modified":"2023-06-25T20:09:01","modified_gmt":"2023-06-25T18:09:01","slug":"champion-wonder-black-2kg-colmic","status":"publish","type":"product","link":"https:\/\/www.pescafish.it\/new\/prodotto\/champion-wonder-black-2kg-colmic\/","title":{"rendered":"Champion Wonder Black, 2kg &#8211; Colmic"},"content":{"rendered":"<p>&#8220;Il miracolo nero\u201d \u00e8 una pastura adatta sia per acque profonde e poco profonde, per correnti forti e deboli. Questa pastura attirer\u00e0 al vostro amo sia breme che gardon. Anche se \u00e8 nata come pastura da utilizzare d\u2019inverno, molti pescatori hanno dimostrato la sua efficacia durante tutto l\u2019anno. Pu\u00f2 essere combinata ad altre pasture Champion Feed.<\/p>\n<p><span style=\"color: #000000;\"><b>In confezione da 2kg.<\/b><\/span><\/p>\n","protected":false},"excerpt":{"rendered":"<p>&#8220;Il miracolo nero\u201d \u00e8 una pastura adatta sia per acque profonde e poco profonde, per correnti forti e deboli. Questa pastura attirer\u00e0 al vostro amo sia breme che gardon. Anche se \u00e8 nata come pastura da utilizzare d\u2019inverno, molti pescatori hanno dimostrato la sua efficacia durante tutto l\u2019anno. Pu\u00f2 essere combinata ad altre pasture Champion [&hellip;]<\/p>\n","protected":false},"featured_media":24692,"comment_status":"closed","ping_status":"closed","template":"","meta":[],"product_cat":[705],"product_tag":[1067],"yoast_head":"<!-- This site is optimized with the Yoast SEO plugin v15.3 - https:\/\/yoast.com\/wordpress\/plugins\/seo\/ -->\n<title>Champion Wonder Black, 2kg - Colmic - Pesca Fish<\/title>\n<meta name=\"robots\" content=\"index, follow, max-snippet:-1, max-image-preview:large, max-video-preview:-1\" \/>\n<link rel=\"canonical\" href=\"https:\/\/www.pescafish.it\/new\/prodotto\/champion-wonder-black-2kg-colmic\/\" \/>\n<meta property=\"og:locale\" content=\"it_IT\" \/>\n<meta property=\"og:type\" content=\"article\" \/>\n<meta property=\"og:title\" content=\"Champion Wonder Black, 2kg - Colmic - Pesca Fish\" \/>\n<meta property=\"og:description\" content=\"&#8220;Il miracolo nero\u201d \u00e8 una pastura adatta sia per acque profonde e poco profonde, per correnti forti e deboli. Questa pastura attirer\u00e0 al vostro amo sia breme che gardon. Anche se \u00e8 nata come pastura da utilizzare d\u2019inverno, molti pescatori hanno dimostrato la sua efficacia durante tutto l\u2019anno. Pu\u00f2 essere combinata ad altre pasture Champion [&hellip;]\" \/>\n<meta property=\"og:url\" content=\"https:\/\/www.pescafish.it\/new\/prodotto\/champion-wonder-black-2kg-colmic\/\" \/>\n<meta property=\"og:site_name\" content=\"Pesca Fish\" \/>\n<meta property=\"article:publisher\" content=\"https:\/\/www.facebook.com\/pescafishvr\/\" \/>\n<meta property=\"article:modified_time\" content=\"2023-06-25T18:09:01+00:00\" \/>\n<meta property=\"og:image\" content=\"https:\/\/www.pescafish.it\/new\/wp-content\/uploads\/2015\/12\/ba222d32eb3c787e4ecfad41d4e83570.jpg\" \/>\n\t<meta property=\"og:image:width\" content=\"400\" \/>\n\t<meta property=\"og:image:height\" content=\"286\" \/>\n<meta name=\"twitter:card\" content=\"summary_large_image\" \/>\n<meta name=\"twitter:label1\" content=\"Scritto da\">\n\t<meta name=\"twitter:data1\" content=\"francesca\">\n\t<meta name=\"twitter:label2\" content=\"Tempo di lettura stimato\">\n\t<meta name=\"twitter:data2\" content=\"0 minuti\">\n<script type=\"application\/ld+json\" class=\"yoast-schema-graph\">{\"@context\":\"https:\/\/schema.org\",\"@graph\":[{\"@type\":\"WebSite\",\"@id\":\"https:\/\/www.pescafish.it\/new\/#website\",\"url\":\"https:\/\/www.pescafish.it\/new\/\",\"name\":\"Pesca Fish\",\"description\":\"Benvenuti sul nostro sito!\",\"potentialAction\":[{\"@type\":\"SearchAction\",\"target\":\"https:\/\/www.pescafish.it\/new\/?s={search_term_string}\",\"query-input\":\"required name=search_term_string\"}],\"inLanguage\":\"it-IT\"},{\"@type\":\"ImageObject\",\"@id\":\"https:\/\/www.pescafish.it\/new\/prodotto\/champion-wonder-black-2kg-colmic\/#primaryimage\",\"inLanguage\":\"it-IT\",\"url\":\"https:\/\/www.pescafish.it\/new\/wp-content\/uploads\/2015\/12\/ba222d32eb3c787e4ecfad41d4e83570.jpg\",\"width\":400,\"height\":286},{\"@type\":\"WebPage\",\"@id\":\"https:\/\/www.pescafish.it\/new\/prodotto\/champion-wonder-black-2kg-colmic\/#webpage\",\"url\":\"https:\/\/www.pescafish.it\/new\/prodotto\/champion-wonder-black-2kg-colmic\/\",\"name\":\"Champion Wonder Black, 2kg - Colmic - Pesca Fish\",\"isPartOf\":{\"@id\":\"https:\/\/www.pescafish.it\/new\/#website\"},\"primaryImageOfPage\":{\"@id\":\"https:\/\/www.pescafish.it\/new\/prodotto\/champion-wonder-black-2kg-colmic\/#primaryimage\"},\"datePublished\":\"2015-12-01T10:37:27+00:00\",\"dateModified\":\"2023-06-25T18:09:01+00:00\",\"inLanguage\":\"it-IT\",\"potentialAction\":[{\"@type\":\"ReadAction\",\"target\":[\"https:\/\/www.pescafish.it\/new\/prodotto\/champion-wonder-black-2kg-colmic\/\"]}]}]}<\/script>\n<!-- \/ Yoast SEO plugin. -->","_links":{"self":[{"href":"https:\/\/www.pescafish.it\/new\/wp-json\/wp\/v2\/product\/15494"}],"collection":[{"href":"https:\/\/www.pescafish.it\/new\/wp-json\/wp\/v2\/product"}],"about":[{"href":"https:\/\/www.pescafish.it\/new\/wp-json\/wp\/v2\/types\/product"}],"replies":[{"embeddable":true,"href":"https:\/\/www.pescafish.it\/new\/wp-json\/wp\/v2\/comments?post=15494"}],"wp:featuredmedia":[{"embeddable":true,"href":"https:\/\/www.pescafish.it\/new\/wp-json\/wp\/v2\/media\/24692"}],"wp:attachment":[{"href":"https:\/\/www.pescafish.it\/new\/wp-json\/wp\/v2\/media?parent=15494"}],"wp:term":[{"taxonomy":"product_cat","embeddable":true,"href":"https:\/\/www.pescafish.it\/new\/wp-json\/wp\/v2\/product_cat?post=15494"},{"taxonomy":"product_tag","embeddable":true,"href":"https:\/\/www.pescafish.it\/new\/wp-json\/wp\/v2\/product_tag?post=15494"}],"curies":[{"name":"wp","href":"https:\/\/api.w.org\/{rel}","templated":true}]}}