{"id":15360,"date":"2015-12-01T11:37:27","date_gmt":"2015-12-01T10:37:27","guid":{"rendered":"http:\/\/www.pescafish.it\/new\/subline-tapered-mainline-korda"},"modified":"2023-10-25T10:29:44","modified_gmt":"2023-10-25T08:29:44","slug":"subline-tapered-mainline-korda","status":"publish","type":"product","link":"https:\/\/www.pescafish.it\/new\/prodotto\/subline-tapered-mainline-korda\/","title":{"rendered":"Subline Tapered Mainline &#8211; Korda"},"content":{"rendered":"<h2>Subline Tapered Mainline<\/h2>\n<p>Il Tapered SUBline \u00e8 un monofilo continuo con una lunghezza di 300 metri, a rapido affondamento, con una conicit\u00e0 in entrambe le estremit\u00e0.<\/p>\n<p><b>Disponibile nelle seguenti varianti:<br \/>\nKTM28\u00a0 <\/b>0.28 &#8211; 0.50mm<br \/>\n<b>KTM30\u00a0 <\/b>0.30 &#8211; 0.50mm<br \/>\n<strong>KTM33<\/strong>\u00a0 0.33 &#8211; 0.50mm<\/p>\n<p><b>Bobina da 300 metri<\/b><\/p>\n","protected":false},"excerpt":{"rendered":"<p>Subline Tapered Mainline Il Tapered SUBline \u00e8 un monofilo continuo con una lunghezza di 300 metri, a rapido affondamento, con una conicit\u00e0 in entrambe le estremit\u00e0. Disponibile nelle seguenti varianti: KTM28\u00a0 0.28 &#8211; 0.50mm KTM30\u00a0 0.30 &#8211; 0.50mm KTM33\u00a0 0.33 &#8211; 0.50mm Bobina da 300 metri<\/p>\n","protected":false},"featured_media":85439,"comment_status":"closed","ping_status":"closed","template":"","meta":[],"product_cat":[727],"product_tag":[1018],"yoast_head":"<!-- This site is optimized with the Yoast SEO plugin v15.3 - https:\/\/yoast.com\/wordpress\/plugins\/seo\/ -->\n<title>Subline Tapered Mainline - Korda - Pesca Fish<\/title>\n<meta name=\"robots\" content=\"index, follow, max-snippet:-1, max-image-preview:large, max-video-preview:-1\" \/>\n<link rel=\"canonical\" href=\"https:\/\/www.pescafish.it\/new\/prodotto\/subline-tapered-mainline-korda\/\" \/>\n<meta property=\"og:locale\" content=\"it_IT\" \/>\n<meta property=\"og:type\" content=\"article\" \/>\n<meta property=\"og:title\" content=\"Subline Tapered Mainline - Korda - Pesca Fish\" \/>\n<meta property=\"og:description\" content=\"Subline Tapered Mainline Il Tapered SUBline \u00e8 un monofilo continuo con una lunghezza di 300 metri, a rapido affondamento, con una conicit\u00e0 in entrambe le estremit\u00e0. Disponibile nelle seguenti varianti: KTM28\u00a0 0.28 &#8211; 0.50mm KTM30\u00a0 0.30 &#8211; 0.50mm KTM33\u00a0 0.33 &#8211; 0.50mm Bobina da 300 metri\" \/>\n<meta property=\"og:url\" content=\"https:\/\/www.pescafish.it\/new\/prodotto\/subline-tapered-mainline-korda\/\" \/>\n<meta property=\"og:site_name\" content=\"Pesca Fish\" \/>\n<meta property=\"article:publisher\" content=\"https:\/\/www.facebook.com\/pescafishvr\/\" \/>\n<meta property=\"article:modified_time\" content=\"2023-10-25T08:29:44+00:00\" \/>\n<meta property=\"og:image\" content=\"https:\/\/www.pescafish.it\/new\/wp-content\/uploads\/2015\/12\/x.jpg\" \/>\n\t<meta property=\"og:image:width\" content=\"589\" \/>\n\t<meta property=\"og:image:height\" content=\"569\" \/>\n<meta name=\"twitter:card\" content=\"summary_large_image\" \/>\n<meta name=\"twitter:label1\" content=\"Scritto da\">\n\t<meta name=\"twitter:data1\" content=\"francesca\">\n\t<meta name=\"twitter:label2\" content=\"Tempo di lettura stimato\">\n\t<meta name=\"twitter:data2\" content=\"0 minuti\">\n<script type=\"application\/ld+json\" class=\"yoast-schema-graph\">{\"@context\":\"https:\/\/schema.org\",\"@graph\":[{\"@type\":\"WebSite\",\"@id\":\"https:\/\/www.pescafish.it\/new\/#website\",\"url\":\"https:\/\/www.pescafish.it\/new\/\",\"name\":\"Pesca Fish\",\"description\":\"Benvenuti sul nostro sito!\",\"potentialAction\":[{\"@type\":\"SearchAction\",\"target\":\"https:\/\/www.pescafish.it\/new\/?s={search_term_string}\",\"query-input\":\"required name=search_term_string\"}],\"inLanguage\":\"it-IT\"},{\"@type\":\"ImageObject\",\"@id\":\"https:\/\/www.pescafish.it\/new\/prodotto\/subline-tapered-mainline-korda\/#primaryimage\",\"inLanguage\":\"it-IT\",\"url\":\"https:\/\/www.pescafish.it\/new\/wp-content\/uploads\/2015\/12\/x.jpg\",\"width\":589,\"height\":569,\"caption\":\"Korda\"},{\"@type\":\"WebPage\",\"@id\":\"https:\/\/www.pescafish.it\/new\/prodotto\/subline-tapered-mainline-korda\/#webpage\",\"url\":\"https:\/\/www.pescafish.it\/new\/prodotto\/subline-tapered-mainline-korda\/\",\"name\":\"Subline Tapered Mainline - Korda - Pesca Fish\",\"isPartOf\":{\"@id\":\"https:\/\/www.pescafish.it\/new\/#website\"},\"primaryImageOfPage\":{\"@id\":\"https:\/\/www.pescafish.it\/new\/prodotto\/subline-tapered-mainline-korda\/#primaryimage\"},\"datePublished\":\"2015-12-01T10:37:27+00:00\",\"dateModified\":\"2023-10-25T08:29:44+00:00\",\"inLanguage\":\"it-IT\",\"potentialAction\":[{\"@type\":\"ReadAction\",\"target\":[\"https:\/\/www.pescafish.it\/new\/prodotto\/subline-tapered-mainline-korda\/\"]}]}]}<\/script>\n<!-- \/ Yoast SEO plugin. -->","_links":{"self":[{"href":"https:\/\/www.pescafish.it\/new\/wp-json\/wp\/v2\/product\/15360"}],"collection":[{"href":"https:\/\/www.pescafish.it\/new\/wp-json\/wp\/v2\/product"}],"about":[{"href":"https:\/\/www.pescafish.it\/new\/wp-json\/wp\/v2\/types\/product"}],"replies":[{"embeddable":true,"href":"https:\/\/www.pescafish.it\/new\/wp-json\/wp\/v2\/comments?post=15360"}],"wp:featuredmedia":[{"embeddable":true,"href":"https:\/\/www.pescafish.it\/new\/wp-json\/wp\/v2\/media\/85439"}],"wp:attachment":[{"href":"https:\/\/www.pescafish.it\/new\/wp-json\/wp\/v2\/media?parent=15360"}],"wp:term":[{"taxonomy":"product_cat","embeddable":true,"href":"https:\/\/www.pescafish.it\/new\/wp-json\/wp\/v2\/product_cat?post=15360"},{"taxonomy":"product_tag","embeddable":true,"href":"https:\/\/www.pescafish.it\/new\/wp-json\/wp\/v2\/product_tag?post=15360"}],"curies":[{"name":"wp","href":"https:\/\/api.w.org\/{rel}","templated":true}]}}