{"id":15249,"date":"2015-12-01T11:37:27","date_gmt":"2015-12-01T10:37:27","guid":{"rendered":"http:\/\/www.pescafish.it\/new\/hybrid-lead-clip-korda"},"modified":"2024-11-25T18:10:28","modified_gmt":"2024-11-25T17:10:28","slug":"hybrid-lead-clip-korda","status":"publish","type":"product","link":"https:\/\/www.pescafish.it\/new\/prodotto\/hybrid-lead-clip-korda\/","title":{"rendered":"Hybrid Lead Clip &#8211; Korda"},"content":{"rendered":"<h2>Hybrid Lead Clip<\/h2>\n<p>L&#8217;Hybrid Lead Clip \u00e8 il pi\u00f9 avanzato sistema lead clip disponibile. L&#8217;Hybrid Lead Clip garantisce il rilascio del piombo prima della fuoriuscita della girella, perch\u00e9 questa \u00e8 fissata permanentemente dentro la clip. Se un piombo incagliato si sgancia durante il combattimento, avete molte pi\u00f9 possibilit\u00e0 di guadinare il pesce, specialmente fra erbe od ostacoli. Siete voi a decidere quando il piombo deve sganciarsi, secondo quanto spingete a fondo il conetto in gomma. Inumidite sempre la clip con la saliva prima di spingervi sopra il conetto. Esempio: quando usate piombi fino a 3oz, spingete il conetto fino a met\u00e0 della sua corsa; per piombi oltre le 3,5oz, spingete fino in fondo.<br \/>\nSe i vostri piombi si sganciano troppo facilmente, sostituite il conetto per serrare meglio la clip.<\/p>\n<p><b>Disponibile nelle seguenti colorazioni:<br \/>\nKHCW \u00a0 <\/b>Weed<b><br \/>\nKHCC<\/b>\u00a0 Clay<br \/>\n<b>KHCS<\/b>\u00a0 Silt<br \/>\n<b>KHCG<\/b>\u00a0 Gravel<\/p>\n<p><b>La confezione contiene 5 pezzi.<\/b><\/p>\n","protected":false},"excerpt":{"rendered":"<p>Hybrid Lead Clip L&#8217;Hybrid Lead Clip \u00e8 il pi\u00f9 avanzato sistema lead clip disponibile. L&#8217;Hybrid Lead Clip garantisce il rilascio del piombo prima della fuoriuscita della girella, perch\u00e9 questa \u00e8 fissata permanentemente dentro la clip. Se un piombo incagliato si sgancia durante il combattimento, avete molte pi\u00f9 possibilit\u00e0 di guadinare il pesce, specialmente fra erbe [&hellip;]<\/p>\n","protected":false},"featured_media":23533,"comment_status":"closed","ping_status":"closed","template":"","meta":[],"product_cat":[587],"product_tag":[1018],"yoast_head":"<!-- This site is optimized with the Yoast SEO plugin v15.3 - https:\/\/yoast.com\/wordpress\/plugins\/seo\/ -->\n<title>Hybrid Lead Clip - Korda - Pesca Fish<\/title>\n<meta name=\"robots\" content=\"index, follow, max-snippet:-1, max-image-preview:large, max-video-preview:-1\" \/>\n<link rel=\"canonical\" href=\"https:\/\/www.pescafish.it\/new\/prodotto\/hybrid-lead-clip-korda\/\" \/>\n<meta property=\"og:locale\" content=\"it_IT\" \/>\n<meta property=\"og:type\" content=\"article\" \/>\n<meta property=\"og:title\" content=\"Hybrid Lead Clip - Korda - Pesca Fish\" \/>\n<meta property=\"og:description\" content=\"Hybrid Lead Clip L&#8217;Hybrid Lead Clip \u00e8 il pi\u00f9 avanzato sistema lead clip disponibile. L&#8217;Hybrid Lead Clip garantisce il rilascio del piombo prima della fuoriuscita della girella, perch\u00e9 questa \u00e8 fissata permanentemente dentro la clip. Se un piombo incagliato si sgancia durante il combattimento, avete molte pi\u00f9 possibilit\u00e0 di guadinare il pesce, specialmente fra erbe [&hellip;]\" \/>\n<meta property=\"og:url\" content=\"https:\/\/www.pescafish.it\/new\/prodotto\/hybrid-lead-clip-korda\/\" \/>\n<meta property=\"og:site_name\" content=\"Pesca Fish\" \/>\n<meta property=\"article:publisher\" content=\"https:\/\/www.facebook.com\/pescafishvr\/\" \/>\n<meta property=\"article:modified_time\" content=\"2024-11-25T17:10:28+00:00\" \/>\n<meta property=\"og:image\" content=\"https:\/\/www.pescafish.it\/new\/wp-content\/uploads\/2015\/12\/8e9c17812cf3334bec90587aeaa5d033.jpg\" \/>\n\t<meta property=\"og:image:width\" content=\"400\" \/>\n\t<meta property=\"og:image:height\" content=\"266\" \/>\n<meta name=\"twitter:card\" content=\"summary_large_image\" \/>\n<meta name=\"twitter:label1\" content=\"Scritto da\">\n\t<meta name=\"twitter:data1\" content=\"francesca\">\n\t<meta name=\"twitter:label2\" content=\"Tempo di lettura stimato\">\n\t<meta name=\"twitter:data2\" content=\"1 minuto\">\n<script type=\"application\/ld+json\" class=\"yoast-schema-graph\">{\"@context\":\"https:\/\/schema.org\",\"@graph\":[{\"@type\":\"WebSite\",\"@id\":\"https:\/\/www.pescafish.it\/new\/#website\",\"url\":\"https:\/\/www.pescafish.it\/new\/\",\"name\":\"Pesca Fish\",\"description\":\"Benvenuti sul nostro sito!\",\"potentialAction\":[{\"@type\":\"SearchAction\",\"target\":\"https:\/\/www.pescafish.it\/new\/?s={search_term_string}\",\"query-input\":\"required name=search_term_string\"}],\"inLanguage\":\"it-IT\"},{\"@type\":\"ImageObject\",\"@id\":\"https:\/\/www.pescafish.it\/new\/prodotto\/hybrid-lead-clip-korda\/#primaryimage\",\"inLanguage\":\"it-IT\",\"url\":\"https:\/\/www.pescafish.it\/new\/wp-content\/uploads\/2015\/12\/8e9c17812cf3334bec90587aeaa5d033.jpg\",\"width\":400,\"height\":266},{\"@type\":\"WebPage\",\"@id\":\"https:\/\/www.pescafish.it\/new\/prodotto\/hybrid-lead-clip-korda\/#webpage\",\"url\":\"https:\/\/www.pescafish.it\/new\/prodotto\/hybrid-lead-clip-korda\/\",\"name\":\"Hybrid Lead Clip - Korda - Pesca Fish\",\"isPartOf\":{\"@id\":\"https:\/\/www.pescafish.it\/new\/#website\"},\"primaryImageOfPage\":{\"@id\":\"https:\/\/www.pescafish.it\/new\/prodotto\/hybrid-lead-clip-korda\/#primaryimage\"},\"datePublished\":\"2015-12-01T10:37:27+00:00\",\"dateModified\":\"2024-11-25T17:10:28+00:00\",\"inLanguage\":\"it-IT\",\"potentialAction\":[{\"@type\":\"ReadAction\",\"target\":[\"https:\/\/www.pescafish.it\/new\/prodotto\/hybrid-lead-clip-korda\/\"]}]}]}<\/script>\n<!-- \/ Yoast SEO plugin. -->","_links":{"self":[{"href":"https:\/\/www.pescafish.it\/new\/wp-json\/wp\/v2\/product\/15249"}],"collection":[{"href":"https:\/\/www.pescafish.it\/new\/wp-json\/wp\/v2\/product"}],"about":[{"href":"https:\/\/www.pescafish.it\/new\/wp-json\/wp\/v2\/types\/product"}],"replies":[{"embeddable":true,"href":"https:\/\/www.pescafish.it\/new\/wp-json\/wp\/v2\/comments?post=15249"}],"wp:featuredmedia":[{"embeddable":true,"href":"https:\/\/www.pescafish.it\/new\/wp-json\/wp\/v2\/media\/23533"}],"wp:attachment":[{"href":"https:\/\/www.pescafish.it\/new\/wp-json\/wp\/v2\/media?parent=15249"}],"wp:term":[{"taxonomy":"product_cat","embeddable":true,"href":"https:\/\/www.pescafish.it\/new\/wp-json\/wp\/v2\/product_cat?post=15249"},{"taxonomy":"product_tag","embeddable":true,"href":"https:\/\/www.pescafish.it\/new\/wp-json\/wp\/v2\/product_tag?post=15249"}],"curies":[{"name":"wp","href":"https:\/\/api.w.org\/{rel}","templated":true}]}}