{"id":15245,"date":"2015-12-01T11:37:27","date_gmt":"2015-12-01T10:37:27","guid":{"rendered":"http:\/\/www.pescafish.it\/new\/n-trap-soft-korda"},"modified":"2023-02-25T21:34:03","modified_gmt":"2023-02-25T20:34:03","slug":"n-trap-soft-korda","status":"publish","type":"product","link":"https:\/\/www.pescafish.it\/new\/prodotto\/n-trap-soft-korda\/","title":{"rendered":"N-Trap Soft &#8211; Korda"},"content":{"rendered":"<h2>N-Trap Soft<\/h2>\n<p>N-Trap Soft prende posto fra i trecciati hooklink rivestiti della nuova era. Sviluppato dal Team Korda per creare avanzati rig combinati utilizzando un nuovo rivoluzionario materiale di rivestimento che risulta opaco e facile da togliere. N-Trap Soft \u00e8 estremamente flessibile, non richiede l&#8217;uso del vapore e pu\u00f2 essere utilizzato per costruire qualsiasi tipo di rig. La treccia interna \u00e8 in Dyneema, un tessuto aerospaziale &#8211; il materiale ad alta resistenza pi\u00f9 affidabile a disposizione.N-Trap non vi deluder\u00e0<\/p>\n<p><b>Caratteristiche:<\/b><br \/>\n\u2022 Adatto per qualsiasi tipo di rig;<br \/>\n\u2022 Adatto per l&#8217;uso con nodi a 8;<br \/>\n\u2022 Non adatto per il Krimping.<\/p>\n<p><b>Disponibile nei seguenti varianti:<br \/>\nKNT11<\/b>\u00a0 20lb &#8211; 9,1kg &#8211; Gravel Brown<br \/>\n<b>KNT12<\/b>\u00a0 30lb &#8211; 13,6kg &#8211; Gravel Brown<br \/>\n<b>KNT02<\/b>\u00a0 20lb &#8211; 9,1kg &#8211; Weedy Green<br \/>\n<b>KNT03\u00a0<\/b> 30lb &#8211; 13,6kg &#8211; Weedy Green<br \/>\n<b>KNT20<\/b>\u00a0 20lb &#8211; 9,1kg &#8211; Silt<br \/>\n<b>KNT21<\/b>\u00a0 30lb &#8211; 13,6kg &#8211; Silt<\/p>\n<p><b>Lunghezza:<\/b> 20mt<\/p>\n","protected":false},"excerpt":{"rendered":"<p>N-Trap Soft N-Trap Soft prende posto fra i trecciati hooklink rivestiti della nuova era. Sviluppato dal Team Korda per creare avanzati rig combinati utilizzando un nuovo rivoluzionario materiale di rivestimento che risulta opaco e facile da togliere. N-Trap Soft \u00e8 estremamente flessibile, non richiede l&#8217;uso del vapore e pu\u00f2 essere utilizzato per costruire qualsiasi tipo [&hellip;]<\/p>\n","protected":false},"featured_media":25737,"comment_status":"closed","ping_status":"closed","template":"","meta":[],"product_cat":[610],"product_tag":[1018],"yoast_head":"<!-- This site is optimized with the Yoast SEO plugin v15.3 - https:\/\/yoast.com\/wordpress\/plugins\/seo\/ -->\n<title>N-Trap Soft - Korda - Pesca Fish<\/title>\n<meta name=\"robots\" content=\"index, follow, max-snippet:-1, max-image-preview:large, max-video-preview:-1\" \/>\n<link rel=\"canonical\" href=\"https:\/\/www.pescafish.it\/new\/prodotto\/n-trap-soft-korda\/\" \/>\n<meta property=\"og:locale\" content=\"it_IT\" \/>\n<meta property=\"og:type\" content=\"article\" \/>\n<meta property=\"og:title\" content=\"N-Trap Soft - Korda - Pesca Fish\" \/>\n<meta property=\"og:description\" content=\"N-Trap Soft N-Trap Soft prende posto fra i trecciati hooklink rivestiti della nuova era. Sviluppato dal Team Korda per creare avanzati rig combinati utilizzando un nuovo rivoluzionario materiale di rivestimento che risulta opaco e facile da togliere. N-Trap Soft \u00e8 estremamente flessibile, non richiede l&#8217;uso del vapore e pu\u00f2 essere utilizzato per costruire qualsiasi tipo [&hellip;]\" \/>\n<meta property=\"og:url\" content=\"https:\/\/www.pescafish.it\/new\/prodotto\/n-trap-soft-korda\/\" \/>\n<meta property=\"og:site_name\" content=\"Pesca Fish\" \/>\n<meta property=\"article:publisher\" content=\"https:\/\/www.facebook.com\/pescafishvr\/\" \/>\n<meta property=\"article:modified_time\" content=\"2023-02-25T20:34:03+00:00\" \/>\n<meta property=\"og:image\" content=\"https:\/\/www.pescafish.it\/new\/wp-content\/uploads\/2015\/12\/e1fb60a9ab2b74fa5162b0b1e5f948ee.jpg\" \/>\n\t<meta property=\"og:image:width\" content=\"400\" \/>\n\t<meta property=\"og:image:height\" content=\"300\" \/>\n<meta name=\"twitter:card\" content=\"summary_large_image\" \/>\n<meta name=\"twitter:label1\" content=\"Scritto da\">\n\t<meta name=\"twitter:data1\" content=\"francesca\">\n\t<meta name=\"twitter:label2\" content=\"Tempo di lettura stimato\">\n\t<meta name=\"twitter:data2\" content=\"1 minuto\">\n<script type=\"application\/ld+json\" class=\"yoast-schema-graph\">{\"@context\":\"https:\/\/schema.org\",\"@graph\":[{\"@type\":\"WebSite\",\"@id\":\"https:\/\/www.pescafish.it\/new\/#website\",\"url\":\"https:\/\/www.pescafish.it\/new\/\",\"name\":\"Pesca Fish\",\"description\":\"Benvenuti sul nostro sito!\",\"potentialAction\":[{\"@type\":\"SearchAction\",\"target\":\"https:\/\/www.pescafish.it\/new\/?s={search_term_string}\",\"query-input\":\"required name=search_term_string\"}],\"inLanguage\":\"it-IT\"},{\"@type\":\"ImageObject\",\"@id\":\"https:\/\/www.pescafish.it\/new\/prodotto\/n-trap-soft-korda\/#primaryimage\",\"inLanguage\":\"it-IT\",\"url\":\"https:\/\/www.pescafish.it\/new\/wp-content\/uploads\/2015\/12\/e1fb60a9ab2b74fa5162b0b1e5f948ee.jpg\",\"width\":400,\"height\":300},{\"@type\":\"WebPage\",\"@id\":\"https:\/\/www.pescafish.it\/new\/prodotto\/n-trap-soft-korda\/#webpage\",\"url\":\"https:\/\/www.pescafish.it\/new\/prodotto\/n-trap-soft-korda\/\",\"name\":\"N-Trap Soft - Korda - Pesca Fish\",\"isPartOf\":{\"@id\":\"https:\/\/www.pescafish.it\/new\/#website\"},\"primaryImageOfPage\":{\"@id\":\"https:\/\/www.pescafish.it\/new\/prodotto\/n-trap-soft-korda\/#primaryimage\"},\"datePublished\":\"2015-12-01T10:37:27+00:00\",\"dateModified\":\"2023-02-25T20:34:03+00:00\",\"inLanguage\":\"it-IT\",\"potentialAction\":[{\"@type\":\"ReadAction\",\"target\":[\"https:\/\/www.pescafish.it\/new\/prodotto\/n-trap-soft-korda\/\"]}]}]}<\/script>\n<!-- \/ Yoast SEO plugin. -->","_links":{"self":[{"href":"https:\/\/www.pescafish.it\/new\/wp-json\/wp\/v2\/product\/15245"}],"collection":[{"href":"https:\/\/www.pescafish.it\/new\/wp-json\/wp\/v2\/product"}],"about":[{"href":"https:\/\/www.pescafish.it\/new\/wp-json\/wp\/v2\/types\/product"}],"replies":[{"embeddable":true,"href":"https:\/\/www.pescafish.it\/new\/wp-json\/wp\/v2\/comments?post=15245"}],"wp:featuredmedia":[{"embeddable":true,"href":"https:\/\/www.pescafish.it\/new\/wp-json\/wp\/v2\/media\/25737"}],"wp:attachment":[{"href":"https:\/\/www.pescafish.it\/new\/wp-json\/wp\/v2\/media?parent=15245"}],"wp:term":[{"taxonomy":"product_cat","embeddable":true,"href":"https:\/\/www.pescafish.it\/new\/wp-json\/wp\/v2\/product_cat?post=15245"},{"taxonomy":"product_tag","embeddable":true,"href":"https:\/\/www.pescafish.it\/new\/wp-json\/wp\/v2\/product_tag?post=15245"}],"curies":[{"name":"wp","href":"https:\/\/api.w.org\/{rel}","templated":true}]}}