{"id":15104,"date":"2015-12-01T11:37:27","date_gmt":"2015-12-01T10:37:27","guid":{"rendered":"http:\/\/www.pescafish.it\/new\/zig-float-large-nash"},"modified":"2022-05-27T11:16:34","modified_gmt":"2022-05-27T09:16:34","slug":"zig-float-large-nash","status":"publish","type":"product","link":"https:\/\/www.pescafish.it\/new\/prodotto\/zig-float-large-nash\/","title":{"rendered":"Zig Float Large &#8211; Nash"},"content":{"rendered":"<p>Questi eccezionali floaters nati progettati da Alain Blair, specialista nella tecnica dello Zig, ci aiutano a pescare con i nostri Zig Bugs senza la necessit\u00e0 di avere uno \u201csvolazzo\u201d troppo lungo. La lunghezza idonea di nylon per zig impiegando i nostri Zig Float \u00e8 di circa 1,5mt. Dotati di anello in acciaio per una massima scorrevolezza. Quando la profondit\u00e0 del lago \u00e8 elevata questo attrezzo ci aiuter\u00e0 notevolmente nei nostri intenti. Possibilit\u00e0 di intercambiare gli anelli in gomma superiori scegliendo tra i colori arancione e nero per rendere il Zig Float migliormente visibile in relazione alle condizioni di luce. Impiegate il Zig Float facendolo emergere dopo il lancio, recuperate filo in funzione della profondit\u00e0 di pesca tenendo conto della lunghezza dello svolazzo con attaccato lo Zig Bugs.<\/p>\n<p><b>Misura:<\/b> Large<\/p>\n","protected":false},"excerpt":{"rendered":"<p>Questi eccezionali floaters nati progettati da Alain Blair, specialista nella tecnica dello Zig, ci aiutano a pescare con i nostri Zig Bugs senza la necessit\u00e0 di avere uno \u201csvolazzo\u201d troppo lungo. La lunghezza idonea di nylon per zig impiegando i nostri Zig Float \u00e8 di circa 1,5mt. Dotati di anello in acciaio per una massima [&hellip;]<\/p>\n","protected":false},"featured_media":22977,"comment_status":"closed","ping_status":"closed","template":"","meta":[],"product_cat":[575],"product_tag":[1024],"yoast_head":"<!-- This site is optimized with the Yoast SEO plugin v15.3 - https:\/\/yoast.com\/wordpress\/plugins\/seo\/ -->\n<title>Zig Float Large - Nash - Pesca Fish<\/title>\n<meta name=\"robots\" content=\"index, follow, max-snippet:-1, max-image-preview:large, max-video-preview:-1\" \/>\n<link rel=\"canonical\" href=\"https:\/\/www.pescafish.it\/new\/prodotto\/zig-float-large-nash\/\" \/>\n<meta property=\"og:locale\" content=\"it_IT\" \/>\n<meta property=\"og:type\" content=\"article\" \/>\n<meta property=\"og:title\" content=\"Zig Float Large - Nash - Pesca Fish\" \/>\n<meta property=\"og:description\" content=\"Questi eccezionali floaters nati progettati da Alain Blair, specialista nella tecnica dello Zig, ci aiutano a pescare con i nostri Zig Bugs senza la necessit\u00e0 di avere uno \u201csvolazzo\u201d troppo lungo. La lunghezza idonea di nylon per zig impiegando i nostri Zig Float \u00e8 di circa 1,5mt. Dotati di anello in acciaio per una massima [&hellip;]\" \/>\n<meta property=\"og:url\" content=\"https:\/\/www.pescafish.it\/new\/prodotto\/zig-float-large-nash\/\" \/>\n<meta property=\"og:site_name\" content=\"Pesca Fish\" \/>\n<meta property=\"article:publisher\" content=\"https:\/\/www.facebook.com\/pescafishvr\/\" \/>\n<meta property=\"article:modified_time\" content=\"2022-05-27T09:16:34+00:00\" \/>\n<meta property=\"og:image\" content=\"https:\/\/www.pescafish.it\/new\/wp-content\/uploads\/2015\/12\/799aace7bfcca3ce93fd97d3961881a4.jpg\" \/>\n\t<meta property=\"og:image:width\" content=\"400\" \/>\n\t<meta property=\"og:image:height\" content=\"400\" \/>\n<meta name=\"twitter:card\" content=\"summary_large_image\" \/>\n<meta name=\"twitter:label1\" content=\"Scritto da\">\n\t<meta name=\"twitter:data1\" content=\"francesca\">\n\t<meta name=\"twitter:label2\" content=\"Tempo di lettura stimato\">\n\t<meta name=\"twitter:data2\" content=\"1 minuto\">\n<script type=\"application\/ld+json\" class=\"yoast-schema-graph\">{\"@context\":\"https:\/\/schema.org\",\"@graph\":[{\"@type\":\"WebSite\",\"@id\":\"https:\/\/www.pescafish.it\/new\/#website\",\"url\":\"https:\/\/www.pescafish.it\/new\/\",\"name\":\"Pesca Fish\",\"description\":\"Benvenuti sul nostro sito!\",\"potentialAction\":[{\"@type\":\"SearchAction\",\"target\":\"https:\/\/www.pescafish.it\/new\/?s={search_term_string}\",\"query-input\":\"required name=search_term_string\"}],\"inLanguage\":\"it-IT\"},{\"@type\":\"ImageObject\",\"@id\":\"https:\/\/www.pescafish.it\/new\/prodotto\/zig-float-large-nash\/#primaryimage\",\"inLanguage\":\"it-IT\",\"url\":\"https:\/\/www.pescafish.it\/new\/wp-content\/uploads\/2015\/12\/799aace7bfcca3ce93fd97d3961881a4.jpg\",\"width\":400,\"height\":400},{\"@type\":\"WebPage\",\"@id\":\"https:\/\/www.pescafish.it\/new\/prodotto\/zig-float-large-nash\/#webpage\",\"url\":\"https:\/\/www.pescafish.it\/new\/prodotto\/zig-float-large-nash\/\",\"name\":\"Zig Float Large - Nash - Pesca Fish\",\"isPartOf\":{\"@id\":\"https:\/\/www.pescafish.it\/new\/#website\"},\"primaryImageOfPage\":{\"@id\":\"https:\/\/www.pescafish.it\/new\/prodotto\/zig-float-large-nash\/#primaryimage\"},\"datePublished\":\"2015-12-01T10:37:27+00:00\",\"dateModified\":\"2022-05-27T09:16:34+00:00\",\"inLanguage\":\"it-IT\",\"potentialAction\":[{\"@type\":\"ReadAction\",\"target\":[\"https:\/\/www.pescafish.it\/new\/prodotto\/zig-float-large-nash\/\"]}]}]}<\/script>\n<!-- \/ Yoast SEO plugin. -->","_links":{"self":[{"href":"https:\/\/www.pescafish.it\/new\/wp-json\/wp\/v2\/product\/15104"}],"collection":[{"href":"https:\/\/www.pescafish.it\/new\/wp-json\/wp\/v2\/product"}],"about":[{"href":"https:\/\/www.pescafish.it\/new\/wp-json\/wp\/v2\/types\/product"}],"replies":[{"embeddable":true,"href":"https:\/\/www.pescafish.it\/new\/wp-json\/wp\/v2\/comments?post=15104"}],"wp:featuredmedia":[{"embeddable":true,"href":"https:\/\/www.pescafish.it\/new\/wp-json\/wp\/v2\/media\/22977"}],"wp:attachment":[{"href":"https:\/\/www.pescafish.it\/new\/wp-json\/wp\/v2\/media?parent=15104"}],"wp:term":[{"taxonomy":"product_cat","embeddable":true,"href":"https:\/\/www.pescafish.it\/new\/wp-json\/wp\/v2\/product_cat?post=15104"},{"taxonomy":"product_tag","embeddable":true,"href":"https:\/\/www.pescafish.it\/new\/wp-json\/wp\/v2\/product_tag?post=15104"}],"curies":[{"name":"wp","href":"https:\/\/api.w.org\/{rel}","templated":true}]}}