{"id":14544,"date":"2015-12-01T11:37:27","date_gmt":"2015-12-01T10:37:27","guid":{"rendered":"http:\/\/www.pescafish.it\/new\/boat-lure-hang-crate-prologic-savage-gear"},"modified":"-0001-11-30T00:00:00","modified_gmt":"-0001-11-29T22:00:00","slug":"boat-lure-hang-crate-prologic-savage-gear","status":"publish","type":"product","link":"https:\/\/www.pescafish.it\/new\/prodotto\/boat-lure-hang-crate-prologic-savage-gear\/","title":{"rendered":"Boat Lure Hang Crate &#8211; Prologic Savage Gear"},"content":{"rendered":"<p>Questa borsa costruita con materiale robusto e di alta qualit\u00e0, \u00e8 il porta esche ideale per i pescatori in barca. Le esche vengono posizionate in verticale negli appositi scomparti quadrati o tubi rettangolari in base alle loro dimensioni. Il pescatore inoltre pu\u00f2 tagliare i scompartimenti in modo da poter organizzare al proprio meglio lo stivaggio degli artificiali. Questa borsa \u00e8 stata progettata per essere appesa all&#8217;interno della barca, grazie ai robusti agganci, o pu\u00f2 essere legata alla &quot;ringhiera&quot; grazie all&#8217;aposita cinghia. La borsa \u00e8 dotata di un coperchio rimovibile, di una tracolla imbottita e di due maniglie per il trasporto. Con questa borsa gli artificiale rimarranno in ordine e ben asciutti; ideale anche per gli artificiali di acqua salata, essendo facili da ripulire.<\/p>\n<p><b>Dimensioni: 37x27x18cm<\/b><\/p>\n","protected":false},"excerpt":{"rendered":"<p>Questa borsa costruita con materiale robusto e di alta qualit\u00e0, \u00e8 il porta esche ideale per i pescatori in barca. Le esche vengono posizionate in verticale negli appositi scomparti quadrati o tubi rettangolari in base alle loro dimensioni. Il pescatore inoltre pu\u00f2 tagliare i scompartimenti in modo da poter organizzare al proprio meglio lo stivaggio [&hellip;]<\/p>\n","protected":false},"featured_media":23955,"comment_status":"closed","ping_status":"closed","template":"","meta":[],"product_cat":[686],"product_tag":[],"yoast_head":"<!-- This site is optimized with the Yoast SEO plugin v15.3 - https:\/\/yoast.com\/wordpress\/plugins\/seo\/ -->\n<title>Boat Lure Hang Crate - Prologic Savage Gear - Pesca Fish<\/title>\n<meta name=\"robots\" content=\"index, follow, max-snippet:-1, max-image-preview:large, max-video-preview:-1\" \/>\n<link rel=\"canonical\" href=\"https:\/\/www.pescafish.it\/new\/prodotto\/boat-lure-hang-crate-prologic-savage-gear\/\" \/>\n<meta property=\"og:locale\" content=\"it_IT\" \/>\n<meta property=\"og:type\" content=\"article\" \/>\n<meta property=\"og:title\" content=\"Boat Lure Hang Crate - Prologic Savage Gear - Pesca Fish\" \/>\n<meta property=\"og:description\" content=\"Questa borsa costruita con materiale robusto e di alta qualit\u00e0, \u00e8 il porta esche ideale per i pescatori in barca. Le esche vengono posizionate in verticale negli appositi scomparti quadrati o tubi rettangolari in base alle loro dimensioni. Il pescatore inoltre pu\u00f2 tagliare i scompartimenti in modo da poter organizzare al proprio meglio lo stivaggio [&hellip;]\" \/>\n<meta property=\"og:url\" content=\"https:\/\/www.pescafish.it\/new\/prodotto\/boat-lure-hang-crate-prologic-savage-gear\/\" \/>\n<meta property=\"og:site_name\" content=\"Pesca Fish\" \/>\n<meta property=\"article:publisher\" content=\"https:\/\/www.facebook.com\/pescafishvr\/\" \/>\n<meta property=\"og:image\" content=\"https:\/\/www.pescafish.it\/new\/wp-content\/uploads\/2015\/12\/9ee3d87b50741736b52a6fddce075d4b.jpg\" \/>\n\t<meta property=\"og:image:width\" content=\"400\" \/>\n\t<meta property=\"og:image:height\" content=\"318\" \/>\n<meta name=\"twitter:card\" content=\"summary_large_image\" \/>\n<meta name=\"twitter:label1\" content=\"Scritto da\">\n\t<meta name=\"twitter:data1\" content=\"francesca\">\n\t<meta name=\"twitter:label2\" content=\"Tempo di lettura stimato\">\n\t<meta name=\"twitter:data2\" content=\"1 minuto\">\n<script type=\"application\/ld+json\" class=\"yoast-schema-graph\">{\"@context\":\"https:\/\/schema.org\",\"@graph\":[{\"@type\":\"WebSite\",\"@id\":\"https:\/\/www.pescafish.it\/new\/#website\",\"url\":\"https:\/\/www.pescafish.it\/new\/\",\"name\":\"Pesca Fish\",\"description\":\"Benvenuti sul nostro sito!\",\"potentialAction\":[{\"@type\":\"SearchAction\",\"target\":\"https:\/\/www.pescafish.it\/new\/?s={search_term_string}\",\"query-input\":\"required name=search_term_string\"}],\"inLanguage\":\"it-IT\"},{\"@type\":\"ImageObject\",\"@id\":\"https:\/\/www.pescafish.it\/new\/prodotto\/boat-lure-hang-crate-prologic-savage-gear\/#primaryimage\",\"inLanguage\":\"it-IT\",\"url\":\"https:\/\/www.pescafish.it\/new\/wp-content\/uploads\/2015\/12\/9ee3d87b50741736b52a6fddce075d4b.jpg\",\"width\":400,\"height\":318},{\"@type\":\"WebPage\",\"@id\":\"https:\/\/www.pescafish.it\/new\/prodotto\/boat-lure-hang-crate-prologic-savage-gear\/#webpage\",\"url\":\"https:\/\/www.pescafish.it\/new\/prodotto\/boat-lure-hang-crate-prologic-savage-gear\/\",\"name\":\"Boat Lure Hang Crate - Prologic Savage Gear - Pesca Fish\",\"isPartOf\":{\"@id\":\"https:\/\/www.pescafish.it\/new\/#website\"},\"primaryImageOfPage\":{\"@id\":\"https:\/\/www.pescafish.it\/new\/prodotto\/boat-lure-hang-crate-prologic-savage-gear\/#primaryimage\"},\"datePublished\":\"-0001-11-30T00:00:00+00:00\",\"dateModified\":\"-0001-11-30T00:00:00+00:00\",\"inLanguage\":\"it-IT\",\"potentialAction\":[{\"@type\":\"ReadAction\",\"target\":[\"https:\/\/www.pescafish.it\/new\/prodotto\/boat-lure-hang-crate-prologic-savage-gear\/\"]}]}]}<\/script>\n<!-- \/ Yoast SEO plugin. -->","_links":{"self":[{"href":"https:\/\/www.pescafish.it\/new\/wp-json\/wp\/v2\/product\/14544"}],"collection":[{"href":"https:\/\/www.pescafish.it\/new\/wp-json\/wp\/v2\/product"}],"about":[{"href":"https:\/\/www.pescafish.it\/new\/wp-json\/wp\/v2\/types\/product"}],"replies":[{"embeddable":true,"href":"https:\/\/www.pescafish.it\/new\/wp-json\/wp\/v2\/comments?post=14544"}],"wp:featuredmedia":[{"embeddable":true,"href":"https:\/\/www.pescafish.it\/new\/wp-json\/wp\/v2\/media\/23955"}],"wp:attachment":[{"href":"https:\/\/www.pescafish.it\/new\/wp-json\/wp\/v2\/media?parent=14544"}],"wp:term":[{"taxonomy":"product_cat","embeddable":true,"href":"https:\/\/www.pescafish.it\/new\/wp-json\/wp\/v2\/product_cat?post=14544"},{"taxonomy":"product_tag","embeddable":true,"href":"https:\/\/www.pescafish.it\/new\/wp-json\/wp\/v2\/product_tag?post=14544"}],"curies":[{"name":"wp","href":"https:\/\/api.w.org\/{rel}","templated":true}]}}