{"id":14008,"date":"2015-12-01T11:37:27","date_gmt":"2015-12-01T10:37:27","guid":{"rendered":"http:\/\/www.pescafish.it\/new\/salvapunta-jolly-rta"},"modified":"-0001-11-30T00:00:00","modified_gmt":"-0001-11-29T22:00:00","slug":"salvapunta-jolly-rta","status":"publish","type":"product","link":"https:\/\/www.pescafish.it\/new\/prodotto\/salvapunta-jolly-rta\/","title":{"rendered":"Salvapunta Jolly &#8211; RTA"},"content":{"rendered":"<p><b>Salvapunta Jolly con innesto a pressione.<\/p>\n<p>Disponibile nei seguenti modelli:<\/b><br \/><b>S30-12<\/b>&nbsp; <b><font color=#FF0000>A12<\/font><\/b>&nbsp; (\u00d8 12mm &#8211; lunghezza 19,5cm)<br \/><b>S30-20<\/b>&nbsp; <b><font color=#FF0000>A20<\/font><\/b>&nbsp; (\u00d8 20mm &#8211; lunghezza 23cm)<br \/><b>S30-28<\/b>&nbsp; <b><font color=#FF0000>A28<\/font><\/b>&nbsp; (\u00d8 28mm &#8211; lunghezza 24cm)<br \/><b>S30-36<\/b>&nbsp; <b><font color=#FF0000>A36<\/font><\/b>&nbsp; (\u00d8 36mm &#8211; lunghezza 32cm)<\/p>\n","protected":false},"excerpt":{"rendered":"<p>Salvapunta Jolly con innesto a pressione. Disponibile nei seguenti modelli:S30-12&nbsp; A12&nbsp; (\u00d8 12mm &#8211; lunghezza 19,5cm)S30-20&nbsp; A20&nbsp; (\u00d8 20mm &#8211; lunghezza 23cm)S30-28&nbsp; A28&nbsp; (\u00d8 28mm &#8211; lunghezza 24cm)S30-36&nbsp; A36&nbsp; (\u00d8 36mm &#8211; lunghezza 32cm)<\/p>\n","protected":false},"featured_media":24302,"comment_status":"closed","ping_status":"closed","template":"","meta":[],"product_cat":[92],"product_tag":[],"yoast_head":"<!-- This site is optimized with the Yoast SEO plugin v15.3 - https:\/\/yoast.com\/wordpress\/plugins\/seo\/ -->\n<title>Salvapunta Jolly - RTA - Pesca Fish<\/title>\n<meta name=\"robots\" content=\"index, follow, max-snippet:-1, max-image-preview:large, max-video-preview:-1\" \/>\n<link rel=\"canonical\" href=\"https:\/\/www.pescafish.it\/new\/prodotto\/salvapunta-jolly-rta\/\" \/>\n<meta property=\"og:locale\" content=\"it_IT\" \/>\n<meta property=\"og:type\" content=\"article\" \/>\n<meta property=\"og:title\" content=\"Salvapunta Jolly - RTA - Pesca Fish\" \/>\n<meta property=\"og:description\" content=\"Salvapunta Jolly con innesto a pressione. Disponibile nei seguenti modelli:S30-12&nbsp; A12&nbsp; (\u00d8 12mm &#8211; lunghezza 19,5cm)S30-20&nbsp; A20&nbsp; (\u00d8 20mm &#8211; lunghezza 23cm)S30-28&nbsp; A28&nbsp; (\u00d8 28mm &#8211; lunghezza 24cm)S30-36&nbsp; A36&nbsp; (\u00d8 36mm &#8211; lunghezza 32cm)\" \/>\n<meta property=\"og:url\" content=\"https:\/\/www.pescafish.it\/new\/prodotto\/salvapunta-jolly-rta\/\" \/>\n<meta property=\"og:site_name\" content=\"Pesca Fish\" \/>\n<meta property=\"article:publisher\" content=\"https:\/\/www.facebook.com\/pescafishvr\/\" \/>\n<meta property=\"og:image\" content=\"https:\/\/www.pescafish.it\/new\/wp-content\/uploads\/2015\/12\/ab3ea08446161dc685b03cdca5f7a621.jpg\" \/>\n\t<meta property=\"og:image:width\" content=\"157\" \/>\n\t<meta property=\"og:image:height\" content=\"516\" \/>\n<meta name=\"twitter:card\" content=\"summary_large_image\" \/>\n<meta name=\"twitter:label1\" content=\"Scritto da\">\n\t<meta name=\"twitter:data1\" content=\"francesca\">\n\t<meta name=\"twitter:label2\" content=\"Tempo di lettura stimato\">\n\t<meta name=\"twitter:data2\" content=\"0 minuti\">\n<script type=\"application\/ld+json\" class=\"yoast-schema-graph\">{\"@context\":\"https:\/\/schema.org\",\"@graph\":[{\"@type\":\"WebSite\",\"@id\":\"https:\/\/www.pescafish.it\/new\/#website\",\"url\":\"https:\/\/www.pescafish.it\/new\/\",\"name\":\"Pesca Fish\",\"description\":\"Benvenuti sul nostro sito!\",\"potentialAction\":[{\"@type\":\"SearchAction\",\"target\":\"https:\/\/www.pescafish.it\/new\/?s={search_term_string}\",\"query-input\":\"required name=search_term_string\"}],\"inLanguage\":\"it-IT\"},{\"@type\":\"ImageObject\",\"@id\":\"https:\/\/www.pescafish.it\/new\/prodotto\/salvapunta-jolly-rta\/#primaryimage\",\"inLanguage\":\"it-IT\",\"url\":\"https:\/\/www.pescafish.it\/new\/wp-content\/uploads\/2015\/12\/ab3ea08446161dc685b03cdca5f7a621.jpg\",\"width\":157,\"height\":516},{\"@type\":\"WebPage\",\"@id\":\"https:\/\/www.pescafish.it\/new\/prodotto\/salvapunta-jolly-rta\/#webpage\",\"url\":\"https:\/\/www.pescafish.it\/new\/prodotto\/salvapunta-jolly-rta\/\",\"name\":\"Salvapunta Jolly - RTA - Pesca Fish\",\"isPartOf\":{\"@id\":\"https:\/\/www.pescafish.it\/new\/#website\"},\"primaryImageOfPage\":{\"@id\":\"https:\/\/www.pescafish.it\/new\/prodotto\/salvapunta-jolly-rta\/#primaryimage\"},\"datePublished\":\"-0001-11-30T00:00:00+00:00\",\"dateModified\":\"-0001-11-30T00:00:00+00:00\",\"inLanguage\":\"it-IT\",\"potentialAction\":[{\"@type\":\"ReadAction\",\"target\":[\"https:\/\/www.pescafish.it\/new\/prodotto\/salvapunta-jolly-rta\/\"]}]}]}<\/script>\n<!-- \/ Yoast SEO plugin. -->","_links":{"self":[{"href":"https:\/\/www.pescafish.it\/new\/wp-json\/wp\/v2\/product\/14008"}],"collection":[{"href":"https:\/\/www.pescafish.it\/new\/wp-json\/wp\/v2\/product"}],"about":[{"href":"https:\/\/www.pescafish.it\/new\/wp-json\/wp\/v2\/types\/product"}],"replies":[{"embeddable":true,"href":"https:\/\/www.pescafish.it\/new\/wp-json\/wp\/v2\/comments?post=14008"}],"wp:featuredmedia":[{"embeddable":true,"href":"https:\/\/www.pescafish.it\/new\/wp-json\/wp\/v2\/media\/24302"}],"wp:attachment":[{"href":"https:\/\/www.pescafish.it\/new\/wp-json\/wp\/v2\/media?parent=14008"}],"wp:term":[{"taxonomy":"product_cat","embeddable":true,"href":"https:\/\/www.pescafish.it\/new\/wp-json\/wp\/v2\/product_cat?post=14008"},{"taxonomy":"product_tag","embeddable":true,"href":"https:\/\/www.pescafish.it\/new\/wp-json\/wp\/v2\/product_tag?post=14008"}],"curies":[{"name":"wp","href":"https:\/\/api.w.org\/{rel}","templated":true}]}}