{"id":13796,"date":"2015-12-01T11:37:27","date_gmt":"2015-12-01T10:37:27","guid":{"rendered":"http:\/\/www.pescafish.it\/new\/galleggiante-mantova-manni"},"modified":"2020-12-17T16:20:09","modified_gmt":"2020-12-17T15:20:09","slug":"galleggiante-mantova-manni","status":"publish","type":"product","link":"https:\/\/www.pescafish.it\/new\/prodotto\/galleggiante-mantova-manni\/","title":{"rendered":"Galleggiante Mantova &#8211; Manni"},"content":{"rendered":"<p>Galleggiante ideale per la pesca con la Roubaisienne, in laghetto e in canale con acque ferme. La sua forma \u00e8 il giusto compromesso fra stabilit\u00e0 e sensibilit\u00e0. Deriva lunga in carbonio, antenna cava su supporto in carbonio e occhiello a molla per il passaggio del filo.<\/p>\n<p><b>Disponibile nelle seguenti grammature:<br \/>MAN-0.40<\/b>&nbsp; 0,40gr<br \/><b>MAN-0.60<\/b>&nbsp; 0,60gr<br \/><b>MAN-0.80<\/b>&nbsp; 0,80gr<br \/><b>MAN-1<\/b>&nbsp;&nbsp; 1gr<br \/><b>MAN-1.5<\/b>&nbsp; 1,50gr<\/p>\n","protected":false},"excerpt":{"rendered":"<p>Galleggiante ideale per la pesca con la Roubaisienne, in laghetto e in canale con acque ferme. La sua forma \u00e8 il giusto compromesso fra stabilit\u00e0 e sensibilit\u00e0. Deriva lunga in carbonio, antenna cava su supporto in carbonio e occhiello a molla per il passaggio del filo. Disponibile nelle seguenti grammature:MAN-0.40&nbsp; 0,40grMAN-0.60&nbsp; 0,60grMAN-0.80&nbsp; 0,80grMAN-1&nbsp;&nbsp; 1grMAN-1.5&nbsp; 1,50gr<\/p>\n","protected":false},"featured_media":25157,"comment_status":"closed","ping_status":"closed","template":"","meta":[],"product_cat":[186],"product_tag":[],"yoast_head":"<!-- This site is optimized with the Yoast SEO plugin v15.3 - https:\/\/yoast.com\/wordpress\/plugins\/seo\/ -->\n<title>Galleggiante Mantova - Manni - Pesca Fish<\/title>\n<meta name=\"robots\" content=\"index, follow, max-snippet:-1, max-image-preview:large, max-video-preview:-1\" \/>\n<link rel=\"canonical\" href=\"https:\/\/www.pescafish.it\/new\/prodotto\/galleggiante-mantova-manni\/\" \/>\n<meta property=\"og:locale\" content=\"it_IT\" \/>\n<meta property=\"og:type\" content=\"article\" \/>\n<meta property=\"og:title\" content=\"Galleggiante Mantova - Manni - Pesca Fish\" \/>\n<meta property=\"og:description\" content=\"Galleggiante ideale per la pesca con la Roubaisienne, in laghetto e in canale con acque ferme. La sua forma \u00e8 il giusto compromesso fra stabilit\u00e0 e sensibilit\u00e0. Deriva lunga in carbonio, antenna cava su supporto in carbonio e occhiello a molla per il passaggio del filo. Disponibile nelle seguenti grammature:MAN-0.40&nbsp; 0,40grMAN-0.60&nbsp; 0,60grMAN-0.80&nbsp; 0,80grMAN-1&nbsp;&nbsp; 1grMAN-1.5&nbsp; 1,50gr\" \/>\n<meta property=\"og:url\" content=\"https:\/\/www.pescafish.it\/new\/prodotto\/galleggiante-mantova-manni\/\" \/>\n<meta property=\"og:site_name\" content=\"Pesca Fish\" \/>\n<meta property=\"article:publisher\" content=\"https:\/\/www.facebook.com\/pescafishvr\/\" \/>\n<meta property=\"article:modified_time\" content=\"2020-12-17T15:20:09+00:00\" \/>\n<meta property=\"og:image\" content=\"https:\/\/www.pescafish.it\/new\/wp-content\/uploads\/2015\/12\/cb68ed001c689d164b44786302d6b98b.jpg\" \/>\n\t<meta property=\"og:image:width\" content=\"250\" \/>\n\t<meta property=\"og:image:height\" content=\"1591\" \/>\n<meta name=\"twitter:card\" content=\"summary_large_image\" \/>\n<meta name=\"twitter:label1\" content=\"Scritto da\">\n\t<meta name=\"twitter:data1\" content=\"francesca\">\n\t<meta name=\"twitter:label2\" content=\"Tempo di lettura stimato\">\n\t<meta name=\"twitter:data2\" content=\"0 minuti\">\n<script type=\"application\/ld+json\" class=\"yoast-schema-graph\">{\"@context\":\"https:\/\/schema.org\",\"@graph\":[{\"@type\":\"WebSite\",\"@id\":\"https:\/\/www.pescafish.it\/new\/#website\",\"url\":\"https:\/\/www.pescafish.it\/new\/\",\"name\":\"Pesca Fish\",\"description\":\"Benvenuti sul nostro sito!\",\"potentialAction\":[{\"@type\":\"SearchAction\",\"target\":\"https:\/\/www.pescafish.it\/new\/?s={search_term_string}\",\"query-input\":\"required name=search_term_string\"}],\"inLanguage\":\"it-IT\"},{\"@type\":\"ImageObject\",\"@id\":\"https:\/\/www.pescafish.it\/new\/prodotto\/galleggiante-mantova-manni\/#primaryimage\",\"inLanguage\":\"it-IT\",\"url\":\"https:\/\/www.pescafish.it\/new\/wp-content\/uploads\/2015\/12\/cb68ed001c689d164b44786302d6b98b.jpg\",\"width\":250,\"height\":1591},{\"@type\":\"WebPage\",\"@id\":\"https:\/\/www.pescafish.it\/new\/prodotto\/galleggiante-mantova-manni\/#webpage\",\"url\":\"https:\/\/www.pescafish.it\/new\/prodotto\/galleggiante-mantova-manni\/\",\"name\":\"Galleggiante Mantova - Manni - Pesca Fish\",\"isPartOf\":{\"@id\":\"https:\/\/www.pescafish.it\/new\/#website\"},\"primaryImageOfPage\":{\"@id\":\"https:\/\/www.pescafish.it\/new\/prodotto\/galleggiante-mantova-manni\/#primaryimage\"},\"datePublished\":\"-0001-11-30T00:00:00+00:00\",\"dateModified\":\"2020-12-17T15:20:09+00:00\",\"inLanguage\":\"it-IT\",\"potentialAction\":[{\"@type\":\"ReadAction\",\"target\":[\"https:\/\/www.pescafish.it\/new\/prodotto\/galleggiante-mantova-manni\/\"]}]}]}<\/script>\n<!-- \/ Yoast SEO plugin. -->","_links":{"self":[{"href":"https:\/\/www.pescafish.it\/new\/wp-json\/wp\/v2\/product\/13796"}],"collection":[{"href":"https:\/\/www.pescafish.it\/new\/wp-json\/wp\/v2\/product"}],"about":[{"href":"https:\/\/www.pescafish.it\/new\/wp-json\/wp\/v2\/types\/product"}],"replies":[{"embeddable":true,"href":"https:\/\/www.pescafish.it\/new\/wp-json\/wp\/v2\/comments?post=13796"}],"wp:featuredmedia":[{"embeddable":true,"href":"https:\/\/www.pescafish.it\/new\/wp-json\/wp\/v2\/media\/25157"}],"wp:attachment":[{"href":"https:\/\/www.pescafish.it\/new\/wp-json\/wp\/v2\/media?parent=13796"}],"wp:term":[{"taxonomy":"product_cat","embeddable":true,"href":"https:\/\/www.pescafish.it\/new\/wp-json\/wp\/v2\/product_cat?post=13796"},{"taxonomy":"product_tag","embeddable":true,"href":"https:\/\/www.pescafish.it\/new\/wp-json\/wp\/v2\/product_tag?post=13796"}],"curies":[{"name":"wp","href":"https:\/\/api.w.org\/{rel}","templated":true}]}}