{"id":13281,"date":"2015-12-01T11:37:27","date_gmt":"2015-12-01T10:37:27","guid":{"rendered":"http:\/\/www.pescafish.it\/new\/robin-red-stick-mix-dynamite-baits"},"modified":"2025-04-03T19:04:48","modified_gmt":"2025-04-03T17:04:48","slug":"robin-red-stick-mix-dynamite-baits","status":"publish","type":"product","link":"https:\/\/www.pescafish.it\/new\/prodotto\/robin-red-stick-mix-dynamite-baits\/","title":{"rendered":"Robin Red Stick Mix &#8211; Dynamite Baits"},"content":{"rendered":"<p>Questo prodotto correda perfettamente la gamma Robin Red. Il colore rosso scuro e il forte odore che deriva dall\u2019aggiunta dell\u2019attrattore di carpe Robin Red Haith\u2019s originale rende questo stick mix ideale per l\u2019uso con tutte le esche, non solo le boilies Robin Red. Se volete aggiungere pezzi di cibo a questo Stick Mix, potete inserire alcune boilies rotte o dei pellets Robin Red. Non scioglie il PVA e pu\u00f2 essere usato cos\u00ec com\u2019\u00e8. Se volete renderlo leggermente pi\u00f9 umido, potete aggiungere del Robin Red Liquid Attractant Dynamite e il mix continuer\u00e0 a non sciogliere il PVA.<\/p>\n<p><b>Caratteristiche:<\/b><br \/>\n&#8211; Realizzato usando il Robin Red originale Haith\u2019s: il miglior attrattore per carpe disponibile;<br \/>\n&#8211; Colore rosso scuro;<br \/>\n&#8211; Disponibili nella gamma boilies, Pellets, Pop-Ups, Liquid Attractant e Hookbait Dip;<br \/>\n&#8211; Non scioglie il PVA.<\/p>\n<p><b>Confezione da 1 Kg<\/b>.<\/p>\n<p>&nbsp;<\/p>\n<p>&nbsp;<\/p>\n","protected":false},"excerpt":{"rendered":"<p>Questo prodotto correda perfettamente la gamma Robin Red. Il colore rosso scuro e il forte odore che deriva dall\u2019aggiunta dell\u2019attrattore di carpe Robin Red Haith\u2019s originale rende questo stick mix ideale per l\u2019uso con tutte le esche, non solo le boilies Robin Red. Se volete aggiungere pezzi di cibo a questo Stick Mix, potete inserire [&hellip;]<\/p>\n","protected":false},"featured_media":25229,"comment_status":"closed","ping_status":"closed","template":"","meta":[],"product_cat":[869,542],"product_tag":[1097],"yoast_head":"<!-- This site is optimized with the Yoast SEO plugin v15.3 - https:\/\/yoast.com\/wordpress\/plugins\/seo\/ -->\n<title>Robin Red Stick Mix - Dynamite Baits - Pesca Fish<\/title>\n<meta name=\"robots\" content=\"index, follow, max-snippet:-1, max-image-preview:large, max-video-preview:-1\" \/>\n<link rel=\"canonical\" href=\"https:\/\/www.pescafish.it\/new\/prodotto\/robin-red-stick-mix-dynamite-baits\/\" \/>\n<meta property=\"og:locale\" content=\"it_IT\" \/>\n<meta property=\"og:type\" content=\"article\" \/>\n<meta property=\"og:title\" content=\"Robin Red Stick Mix - Dynamite Baits - Pesca Fish\" \/>\n<meta property=\"og:description\" content=\"Questo prodotto correda perfettamente la gamma Robin Red. Il colore rosso scuro e il forte odore che deriva dall\u2019aggiunta dell\u2019attrattore di carpe Robin Red Haith\u2019s originale rende questo stick mix ideale per l\u2019uso con tutte le esche, non solo le boilies Robin Red. Se volete aggiungere pezzi di cibo a questo Stick Mix, potete inserire [&hellip;]\" \/>\n<meta property=\"og:url\" content=\"https:\/\/www.pescafish.it\/new\/prodotto\/robin-red-stick-mix-dynamite-baits\/\" \/>\n<meta property=\"og:site_name\" content=\"Pesca Fish\" \/>\n<meta property=\"article:publisher\" content=\"https:\/\/www.facebook.com\/pescafishvr\/\" \/>\n<meta property=\"article:modified_time\" content=\"2025-04-03T17:04:48+00:00\" \/>\n<meta property=\"og:image\" content=\"https:\/\/www.pescafish.it\/new\/wp-content\/uploads\/2015\/12\/ceb21f32b149e7a61cb70606ccbde4fd.jpg\" \/>\n\t<meta property=\"og:image:width\" content=\"400\" \/>\n\t<meta property=\"og:image:height\" content=\"600\" \/>\n<meta name=\"twitter:card\" content=\"summary_large_image\" \/>\n<meta name=\"twitter:label1\" content=\"Scritto da\">\n\t<meta name=\"twitter:data1\" content=\"francesca\">\n\t<meta name=\"twitter:label2\" content=\"Tempo di lettura stimato\">\n\t<meta name=\"twitter:data2\" content=\"1 minuto\">\n<script type=\"application\/ld+json\" class=\"yoast-schema-graph\">{\"@context\":\"https:\/\/schema.org\",\"@graph\":[{\"@type\":\"WebSite\",\"@id\":\"https:\/\/www.pescafish.it\/new\/#website\",\"url\":\"https:\/\/www.pescafish.it\/new\/\",\"name\":\"Pesca Fish\",\"description\":\"Benvenuti sul nostro sito!\",\"potentialAction\":[{\"@type\":\"SearchAction\",\"target\":\"https:\/\/www.pescafish.it\/new\/?s={search_term_string}\",\"query-input\":\"required name=search_term_string\"}],\"inLanguage\":\"it-IT\"},{\"@type\":\"ImageObject\",\"@id\":\"https:\/\/www.pescafish.it\/new\/prodotto\/robin-red-stick-mix-dynamite-baits\/#primaryimage\",\"inLanguage\":\"it-IT\",\"url\":\"https:\/\/www.pescafish.it\/new\/wp-content\/uploads\/2015\/12\/ceb21f32b149e7a61cb70606ccbde4fd.jpg\",\"width\":400,\"height\":600},{\"@type\":\"WebPage\",\"@id\":\"https:\/\/www.pescafish.it\/new\/prodotto\/robin-red-stick-mix-dynamite-baits\/#webpage\",\"url\":\"https:\/\/www.pescafish.it\/new\/prodotto\/robin-red-stick-mix-dynamite-baits\/\",\"name\":\"Robin Red Stick Mix - Dynamite Baits - Pesca Fish\",\"isPartOf\":{\"@id\":\"https:\/\/www.pescafish.it\/new\/#website\"},\"primaryImageOfPage\":{\"@id\":\"https:\/\/www.pescafish.it\/new\/prodotto\/robin-red-stick-mix-dynamite-baits\/#primaryimage\"},\"datePublished\":\"2015-12-01T10:37:27+00:00\",\"dateModified\":\"2025-04-03T17:04:48+00:00\",\"inLanguage\":\"it-IT\",\"potentialAction\":[{\"@type\":\"ReadAction\",\"target\":[\"https:\/\/www.pescafish.it\/new\/prodotto\/robin-red-stick-mix-dynamite-baits\/\"]}]}]}<\/script>\n<!-- \/ Yoast SEO plugin. -->","_links":{"self":[{"href":"https:\/\/www.pescafish.it\/new\/wp-json\/wp\/v2\/product\/13281"}],"collection":[{"href":"https:\/\/www.pescafish.it\/new\/wp-json\/wp\/v2\/product"}],"about":[{"href":"https:\/\/www.pescafish.it\/new\/wp-json\/wp\/v2\/types\/product"}],"replies":[{"embeddable":true,"href":"https:\/\/www.pescafish.it\/new\/wp-json\/wp\/v2\/comments?post=13281"}],"wp:featuredmedia":[{"embeddable":true,"href":"https:\/\/www.pescafish.it\/new\/wp-json\/wp\/v2\/media\/25229"}],"wp:attachment":[{"href":"https:\/\/www.pescafish.it\/new\/wp-json\/wp\/v2\/media?parent=13281"}],"wp:term":[{"taxonomy":"product_cat","embeddable":true,"href":"https:\/\/www.pescafish.it\/new\/wp-json\/wp\/v2\/product_cat?post=13281"},{"taxonomy":"product_tag","embeddable":true,"href":"https:\/\/www.pescafish.it\/new\/wp-json\/wp\/v2\/product_tag?post=13281"}],"curies":[{"name":"wp","href":"https:\/\/api.w.org\/{rel}","templated":true}]}}