{"id":12256,"date":"2015-12-01T11:37:27","date_gmt":"2015-12-01T10:37:27","guid":{"rendered":"http:\/\/www.pescafish.it\/new\/take-luccio-spinner-fishing-ferrari"},"modified":"-0001-11-30T00:00:00","modified_gmt":"-0001-11-29T22:00:00","slug":"take-luccio-spinner-fishing-ferrari","status":"publish","type":"product","link":"https:\/\/www.pescafish.it\/new\/prodotto\/take-luccio-spinner-fishing-ferrari\/","title":{"rendered":"Take Luccio Spinner &#8211; Fishing Ferrari"},"content":{"rendered":"<p><span style=font-weight: bold;>Corpo in ottone, paletta a foglia.<br \/>Questo rotante d\u00e0 il meglio di s\u00e9 in acque poco mosse o ferme.<br \/>Profondit\u00e0 di pesca da 1\/2mt a 1,5mt.<br \/>Peso: 12gr<br \/>Size: 3<br \/><span style=color: rgb(255, 0, 0);>In confezione da un pezzo.<\/p>\n<p><\/span>Disponibile nei seguenti colori:<\/span><br style=font-weight: bold; \/><span style=font-weight: bold;>5027803 <span style=color: rgb(255, 0, 0);>Black\/Red\/White<\/span><\/span><br style=font-weight: bold; \/><span style=font-weight: bold;>5027813 <span style=color: rgb(255, 0, 0);>Red\/Yellow\/White<\/span><\/span><\/p>\n","protected":false},"excerpt":{"rendered":"<p>Corpo in ottone, paletta a foglia.Questo rotante d\u00e0 il meglio di s\u00e9 in acque poco mosse o ferme.Profondit\u00e0 di pesca da 1\/2mt a 1,5mt.Peso: 12grSize: 3In confezione da un pezzo. Disponibile nei seguenti colori:5027803 Black\/Red\/White5027813 Red\/Yellow\/White<\/p>\n","protected":false},"featured_media":21978,"comment_status":"closed","ping_status":"closed","template":"","meta":[],"product_cat":[129],"product_tag":[],"yoast_head":"<!-- This site is optimized with the Yoast SEO plugin v15.3 - https:\/\/yoast.com\/wordpress\/plugins\/seo\/ -->\n<title>Take Luccio Spinner - Fishing Ferrari - Pesca Fish<\/title>\n<meta name=\"robots\" content=\"index, follow, max-snippet:-1, max-image-preview:large, max-video-preview:-1\" \/>\n<link rel=\"canonical\" href=\"https:\/\/www.pescafish.it\/new\/prodotto\/take-luccio-spinner-fishing-ferrari\/\" \/>\n<meta property=\"og:locale\" content=\"it_IT\" \/>\n<meta property=\"og:type\" content=\"article\" \/>\n<meta property=\"og:title\" content=\"Take Luccio Spinner - Fishing Ferrari - Pesca Fish\" \/>\n<meta property=\"og:description\" content=\"Corpo in ottone, paletta a foglia.Questo rotante d\u00e0 il meglio di s\u00e9 in acque poco mosse o ferme.Profondit\u00e0 di pesca da 1\/2mt a 1,5mt.Peso: 12grSize: 3In confezione da un pezzo. Disponibile nei seguenti colori:5027803 Black\/Red\/White5027813 Red\/Yellow\/White\" \/>\n<meta property=\"og:url\" content=\"https:\/\/www.pescafish.it\/new\/prodotto\/take-luccio-spinner-fishing-ferrari\/\" \/>\n<meta property=\"og:site_name\" content=\"Pesca Fish\" \/>\n<meta property=\"article:publisher\" content=\"https:\/\/www.facebook.com\/pescafishvr\/\" \/>\n<meta property=\"og:image\" content=\"https:\/\/www.pescafish.it\/new\/wp-content\/uploads\/2015\/12\/5452df1db5f7a154d5ee66efd3d7eb2d.jpg\" \/>\n\t<meta property=\"og:image:width\" content=\"343\" \/>\n\t<meta property=\"og:image:height\" content=\"309\" \/>\n<meta name=\"twitter:card\" content=\"summary_large_image\" \/>\n<meta name=\"twitter:label1\" content=\"Scritto da\">\n\t<meta name=\"twitter:data1\" content=\"francesca\">\n\t<meta name=\"twitter:label2\" content=\"Tempo di lettura stimato\">\n\t<meta name=\"twitter:data2\" content=\"0 minuti\">\n<script type=\"application\/ld+json\" class=\"yoast-schema-graph\">{\"@context\":\"https:\/\/schema.org\",\"@graph\":[{\"@type\":\"WebSite\",\"@id\":\"https:\/\/www.pescafish.it\/new\/#website\",\"url\":\"https:\/\/www.pescafish.it\/new\/\",\"name\":\"Pesca Fish\",\"description\":\"Benvenuti sul nostro sito!\",\"potentialAction\":[{\"@type\":\"SearchAction\",\"target\":\"https:\/\/www.pescafish.it\/new\/?s={search_term_string}\",\"query-input\":\"required name=search_term_string\"}],\"inLanguage\":\"it-IT\"},{\"@type\":\"ImageObject\",\"@id\":\"https:\/\/www.pescafish.it\/new\/prodotto\/take-luccio-spinner-fishing-ferrari\/#primaryimage\",\"inLanguage\":\"it-IT\",\"url\":\"https:\/\/www.pescafish.it\/new\/wp-content\/uploads\/2015\/12\/5452df1db5f7a154d5ee66efd3d7eb2d.jpg\",\"width\":343,\"height\":309},{\"@type\":\"WebPage\",\"@id\":\"https:\/\/www.pescafish.it\/new\/prodotto\/take-luccio-spinner-fishing-ferrari\/#webpage\",\"url\":\"https:\/\/www.pescafish.it\/new\/prodotto\/take-luccio-spinner-fishing-ferrari\/\",\"name\":\"Take Luccio Spinner - Fishing Ferrari - Pesca Fish\",\"isPartOf\":{\"@id\":\"https:\/\/www.pescafish.it\/new\/#website\"},\"primaryImageOfPage\":{\"@id\":\"https:\/\/www.pescafish.it\/new\/prodotto\/take-luccio-spinner-fishing-ferrari\/#primaryimage\"},\"datePublished\":\"-0001-11-30T00:00:00+00:00\",\"dateModified\":\"-0001-11-30T00:00:00+00:00\",\"inLanguage\":\"it-IT\",\"potentialAction\":[{\"@type\":\"ReadAction\",\"target\":[\"https:\/\/www.pescafish.it\/new\/prodotto\/take-luccio-spinner-fishing-ferrari\/\"]}]}]}<\/script>\n<!-- \/ Yoast SEO plugin. -->","_links":{"self":[{"href":"https:\/\/www.pescafish.it\/new\/wp-json\/wp\/v2\/product\/12256"}],"collection":[{"href":"https:\/\/www.pescafish.it\/new\/wp-json\/wp\/v2\/product"}],"about":[{"href":"https:\/\/www.pescafish.it\/new\/wp-json\/wp\/v2\/types\/product"}],"replies":[{"embeddable":true,"href":"https:\/\/www.pescafish.it\/new\/wp-json\/wp\/v2\/comments?post=12256"}],"wp:featuredmedia":[{"embeddable":true,"href":"https:\/\/www.pescafish.it\/new\/wp-json\/wp\/v2\/media\/21978"}],"wp:attachment":[{"href":"https:\/\/www.pescafish.it\/new\/wp-json\/wp\/v2\/media?parent=12256"}],"wp:term":[{"taxonomy":"product_cat","embeddable":true,"href":"https:\/\/www.pescafish.it\/new\/wp-json\/wp\/v2\/product_cat?post=12256"},{"taxonomy":"product_tag","embeddable":true,"href":"https:\/\/www.pescafish.it\/new\/wp-json\/wp\/v2\/product_tag?post=12256"}],"curies":[{"name":"wp","href":"https:\/\/api.w.org\/{rel}","templated":true}]}}