{"id":12161,"date":"2015-12-01T11:37:27","date_gmt":"2015-12-01T10:37:27","guid":{"rendered":"http:\/\/www.pescafish.it\/new\/ra-shad-3-molix"},"modified":"2025-02-21T19:10:20","modified_gmt":"2025-02-21T18:10:20","slug":"ra-shad-3-molix","status":"publish","type":"product","link":"https:\/\/www.pescafish.it\/new\/prodotto\/ra-shad-3-molix\/","title":{"rendered":"RA Shad 3&#8221; &#8211; Molix"},"content":{"rendered":"<h2>RA Shad 3&#8221;<\/h2>\n<p>Il Molix \u201cReal Action Shad\u201d \u00e8 una soft swimbait realizzata con una particolare miscela ad alta densit\u00e0, arricchita di un nuovo aroma attrattivo a base di estratto di gambero e pesce. Lo studio di design e idrodinamica donano al Molix RA Shad un&#8217;eccellente stabilit\u00e0 e un nuoto molto naturale a qualsiasi velocit\u00e0 di recupero, con o senza pesi supplementari. Il Molix RA Shad \u00e8 una soft swimbait molto versatile ed efficace sia in acqua dolce che salata. La misura da 3\u201d \u00e8 particolarmente indicata nelle nuove tecniche di pesca come il Rock Fishing e il Trout Fishing con le soft baits.<\/p>\n<p><b>Disponibile nelle seguenti colorazioni:<\/b><br \/>\n<strong>RSH3-139<\/strong>\u00a0 Gold Ayu<br \/>\n<strong>RSH3-453<\/strong>\u00a0 Watermelon Gold Chart<br \/>\n<strong>RSH3-472<\/strong>\u00a0 Orange Tail<br \/>\n<strong>RSH3-82<\/strong>\u00a0 Solid Glow<br \/>\n<strong>RSH3-476<\/strong>\u00a0 UV Goldfish<br \/>\n<strong>RSH3-581<\/strong>\u00a0 UV Bloody White<\/p>\n<p><!-- [if gte mso 9]><xml>\n<w:WordDocument>\n<w:View>Normal<\/w:View>\n<w:Zoom>0<\/w:Zoom>\n<w:HyphenationZone>14<\/w:HyphenationZone>\n<w:PunctuationKerning\/>\n<w:ValidateAgainstSchemas\/>\n<w:SaveIfXMLInvalid>false<\/w:SaveIfXMLInvalid>\n<w:IgnoreMixedContent>false<\/w:IgnoreMixedContent>\n<w:AlwaysShowPlaceholderText>false<\/w:AlwaysShowPlaceholderText>\n<w:Compatibility>\n<w:BreakWrappedTables\/>\n<w:SnapToGridInCell\/>\n<w:WrapTextWithPunct\/>\n<w:UseAsianBreakRules\/>\n<w:DontGrowAutofit\/>\n<\/w:Compatibility>\n<w:BrowserLevel>MicrosoftInternetExplorer4<\/w:BrowserLevel>\n<\/w:WordDocument>\n<\/xml><![endif]--><b>La confezione contiene 8 pezzi<\/b>.<\/p>\n","protected":false},"excerpt":{"rendered":"<p>RA Shad 3&#8221; Il Molix \u201cReal Action Shad\u201d \u00e8 una soft swimbait realizzata con una particolare miscela ad alta densit\u00e0, arricchita di un nuovo aroma attrattivo a base di estratto di gambero e pesce. Lo studio di design e idrodinamica donano al Molix RA Shad un&#8217;eccellente stabilit\u00e0 e un nuoto molto naturale a qualsiasi velocit\u00e0 [&hellip;]<\/p>\n","protected":false},"featured_media":81521,"comment_status":"closed","ping_status":"closed","template":"","meta":[],"product_cat":[658],"product_tag":[1025],"yoast_head":"<!-- This site is optimized with the Yoast SEO plugin v15.3 - https:\/\/yoast.com\/wordpress\/plugins\/seo\/ -->\n<title>RA Shad 3&#039;&#039; - Molix - Pesca Fish<\/title>\n<meta name=\"robots\" content=\"index, follow, max-snippet:-1, max-image-preview:large, max-video-preview:-1\" \/>\n<link rel=\"canonical\" href=\"https:\/\/www.pescafish.it\/new\/prodotto\/ra-shad-3-molix\/\" \/>\n<meta property=\"og:locale\" content=\"it_IT\" \/>\n<meta property=\"og:type\" content=\"article\" \/>\n<meta property=\"og:title\" content=\"RA Shad 3&#039;&#039; - Molix - Pesca Fish\" \/>\n<meta property=\"og:description\" content=\"RA Shad 3&#8221; Il Molix \u201cReal Action Shad\u201d \u00e8 una soft swimbait realizzata con una particolare miscela ad alta densit\u00e0, arricchita di un nuovo aroma attrattivo a base di estratto di gambero e pesce. Lo studio di design e idrodinamica donano al Molix RA Shad un&#8217;eccellente stabilit\u00e0 e un nuoto molto naturale a qualsiasi velocit\u00e0 [&hellip;]\" \/>\n<meta property=\"og:url\" content=\"https:\/\/www.pescafish.it\/new\/prodotto\/ra-shad-3-molix\/\" \/>\n<meta property=\"og:site_name\" content=\"Pesca Fish\" \/>\n<meta property=\"article:publisher\" content=\"https:\/\/www.facebook.com\/pescafishvr\/\" \/>\n<meta property=\"article:modified_time\" content=\"2025-02-21T18:10:20+00:00\" \/>\n<meta property=\"og:image\" content=\"https:\/\/www.pescafish.it\/new\/wp-content\/uploads\/2015\/12\/RA-Shad-3_472-UV-Orange-Tail.jpg\" \/>\n\t<meta property=\"og:image:width\" content=\"800\" \/>\n\t<meta property=\"og:image:height\" content=\"600\" \/>\n<meta name=\"twitter:card\" content=\"summary_large_image\" \/>\n<meta name=\"twitter:label1\" content=\"Scritto da\">\n\t<meta name=\"twitter:data1\" content=\"francesca\">\n\t<meta name=\"twitter:label2\" content=\"Tempo di lettura stimato\">\n\t<meta name=\"twitter:data2\" content=\"1 minuto\">\n<script type=\"application\/ld+json\" class=\"yoast-schema-graph\">{\"@context\":\"https:\/\/schema.org\",\"@graph\":[{\"@type\":\"WebSite\",\"@id\":\"https:\/\/www.pescafish.it\/new\/#website\",\"url\":\"https:\/\/www.pescafish.it\/new\/\",\"name\":\"Pesca Fish\",\"description\":\"Benvenuti sul nostro sito!\",\"potentialAction\":[{\"@type\":\"SearchAction\",\"target\":\"https:\/\/www.pescafish.it\/new\/?s={search_term_string}\",\"query-input\":\"required name=search_term_string\"}],\"inLanguage\":\"it-IT\"},{\"@type\":\"ImageObject\",\"@id\":\"https:\/\/www.pescafish.it\/new\/prodotto\/ra-shad-3-molix\/#primaryimage\",\"inLanguage\":\"it-IT\",\"url\":\"https:\/\/www.pescafish.it\/new\/wp-content\/uploads\/2015\/12\/RA-Shad-3_472-UV-Orange-Tail.jpg\",\"width\":800,\"height\":600},{\"@type\":\"WebPage\",\"@id\":\"https:\/\/www.pescafish.it\/new\/prodotto\/ra-shad-3-molix\/#webpage\",\"url\":\"https:\/\/www.pescafish.it\/new\/prodotto\/ra-shad-3-molix\/\",\"name\":\"RA Shad 3'' - Molix - Pesca Fish\",\"isPartOf\":{\"@id\":\"https:\/\/www.pescafish.it\/new\/#website\"},\"primaryImageOfPage\":{\"@id\":\"https:\/\/www.pescafish.it\/new\/prodotto\/ra-shad-3-molix\/#primaryimage\"},\"datePublished\":\"2015-12-01T10:37:27+00:00\",\"dateModified\":\"2025-02-21T18:10:20+00:00\",\"inLanguage\":\"it-IT\",\"potentialAction\":[{\"@type\":\"ReadAction\",\"target\":[\"https:\/\/www.pescafish.it\/new\/prodotto\/ra-shad-3-molix\/\"]}]}]}<\/script>\n<!-- \/ Yoast SEO plugin. -->","_links":{"self":[{"href":"https:\/\/www.pescafish.it\/new\/wp-json\/wp\/v2\/product\/12161"}],"collection":[{"href":"https:\/\/www.pescafish.it\/new\/wp-json\/wp\/v2\/product"}],"about":[{"href":"https:\/\/www.pescafish.it\/new\/wp-json\/wp\/v2\/types\/product"}],"replies":[{"embeddable":true,"href":"https:\/\/www.pescafish.it\/new\/wp-json\/wp\/v2\/comments?post=12161"}],"wp:featuredmedia":[{"embeddable":true,"href":"https:\/\/www.pescafish.it\/new\/wp-json\/wp\/v2\/media\/81521"}],"wp:attachment":[{"href":"https:\/\/www.pescafish.it\/new\/wp-json\/wp\/v2\/media?parent=12161"}],"wp:term":[{"taxonomy":"product_cat","embeddable":true,"href":"https:\/\/www.pescafish.it\/new\/wp-json\/wp\/v2\/product_cat?post=12161"},{"taxonomy":"product_tag","embeddable":true,"href":"https:\/\/www.pescafish.it\/new\/wp-json\/wp\/v2\/product_tag?post=12161"}],"curies":[{"name":"wp","href":"https:\/\/api.w.org\/{rel}","templated":true}]}}