{"id":11983,"date":"2015-12-01T11:37:27","date_gmt":"2015-12-01T10:37:27","guid":{"rendered":"http:\/\/www.pescafish.it\/new\/monofilo-dinamite-red-silicon-300mt-artico"},"modified":"2026-01-14T20:57:06","modified_gmt":"2026-01-14T19:57:06","slug":"monofilo-dinamite-red-silicon-300mt-artico","status":"publish","type":"product","link":"https:\/\/www.pescafish.it\/new\/prodotto\/monofilo-dinamite-red-silicon-300mt-artico\/","title":{"rendered":"Monofilo Dinamite Red Silicon 300mt &#8211; Artico"},"content":{"rendered":"<p>Dedicato ai pescatori della trota in fiume, del surf casting e della pesca in mare in generale, il &#8220;Dinamite Red Silicon&#8221; \u00e8 la massima espressione dei monofili giapponesi solidi. La sua elevata visibilit\u00e0 \u00e8 ideale per un perfetto controllo della lenza in ogni fase della pesca e, grazie al procedimento di ionizzazione, garantisce un\u2019eccezionale tenuta al nodo e in linea. La morbidezza e il trattamento solido molto scorrevole sugli anelli permettendo lanci molto pi\u00f9 lunghi. I diametri e carichi di rottura sono reali.<\/p>\n<p><strong>Disponibile nelle seguenti misure:<\/strong><br \/>\n<strong>1064<\/strong>\u00a0\u00a0 \u00d8 0,20mm\/3,580kg<br \/>\n<strong>1065<\/strong>\u00a0\u00a0 \u00d8 0,23mm\/4,700kg<br \/>\n<strong>1067\u00a0\u00a0<\/strong> \u00d8 0,26mm\/5,570kg<br \/>\n<strong>1068\u00a0\u00a0<\/strong> \u00d8 0,28mm\/6,590kg<\/p>\n<p><strong>Bobina da 300m<\/strong><\/p>\n","protected":false},"excerpt":{"rendered":"<p>Dedicato ai pescatori della trota in fiume, del surf casting e della pesca in mare in generale, il &#8220;Dinamite Red Silicon&#8221; \u00e8 la massima espressione dei monofili giapponesi solidi. La sua elevata visibilit\u00e0 \u00e8 ideale per un perfetto controllo della lenza in ogni fase della pesca e, grazie al procedimento di ionizzazione, garantisce un\u2019eccezionale tenuta [&hellip;]<\/p>\n","protected":false},"featured_media":24981,"comment_status":"closed","ping_status":"closed","template":"","meta":[],"product_cat":[722],"product_tag":[1069],"yoast_head":"<!-- This site is optimized with the Yoast SEO plugin v15.3 - https:\/\/yoast.com\/wordpress\/plugins\/seo\/ -->\n<title>Monofilo Dinamite Red Silicon 300mt - Artico - Pesca Fish<\/title>\n<meta name=\"robots\" content=\"index, follow, max-snippet:-1, max-image-preview:large, max-video-preview:-1\" \/>\n<link rel=\"canonical\" href=\"https:\/\/www.pescafish.it\/new\/prodotto\/monofilo-dinamite-red-silicon-300mt-artico\/\" \/>\n<meta property=\"og:locale\" content=\"it_IT\" \/>\n<meta property=\"og:type\" content=\"article\" \/>\n<meta property=\"og:title\" content=\"Monofilo Dinamite Red Silicon 300mt - Artico - Pesca Fish\" \/>\n<meta property=\"og:description\" content=\"Dedicato ai pescatori della trota in fiume, del surf casting e della pesca in mare in generale, il &#8220;Dinamite Red Silicon&#8221; \u00e8 la massima espressione dei monofili giapponesi solidi. La sua elevata visibilit\u00e0 \u00e8 ideale per un perfetto controllo della lenza in ogni fase della pesca e, grazie al procedimento di ionizzazione, garantisce un\u2019eccezionale tenuta [&hellip;]\" \/>\n<meta property=\"og:url\" content=\"https:\/\/www.pescafish.it\/new\/prodotto\/monofilo-dinamite-red-silicon-300mt-artico\/\" \/>\n<meta property=\"og:site_name\" content=\"Pesca Fish\" \/>\n<meta property=\"article:publisher\" content=\"https:\/\/www.facebook.com\/pescafishvr\/\" \/>\n<meta property=\"article:modified_time\" content=\"2026-01-14T19:57:06+00:00\" \/>\n<meta property=\"og:image\" content=\"https:\/\/www.pescafish.it\/new\/wp-content\/uploads\/2015\/12\/c513cd65f595b292943ffeffb5766cdf.jpg\" \/>\n\t<meta property=\"og:image:width\" content=\"400\" \/>\n\t<meta property=\"og:image:height\" content=\"408\" \/>\n<meta name=\"twitter:card\" content=\"summary_large_image\" \/>\n<meta name=\"twitter:label1\" content=\"Scritto da\">\n\t<meta name=\"twitter:data1\" content=\"francesca\">\n\t<meta name=\"twitter:label2\" content=\"Tempo di lettura stimato\">\n\t<meta name=\"twitter:data2\" content=\"0 minuti\">\n<script type=\"application\/ld+json\" class=\"yoast-schema-graph\">{\"@context\":\"https:\/\/schema.org\",\"@graph\":[{\"@type\":\"WebSite\",\"@id\":\"https:\/\/www.pescafish.it\/new\/#website\",\"url\":\"https:\/\/www.pescafish.it\/new\/\",\"name\":\"Pesca Fish\",\"description\":\"Benvenuti sul nostro sito!\",\"potentialAction\":[{\"@type\":\"SearchAction\",\"target\":\"https:\/\/www.pescafish.it\/new\/?s={search_term_string}\",\"query-input\":\"required name=search_term_string\"}],\"inLanguage\":\"it-IT\"},{\"@type\":\"ImageObject\",\"@id\":\"https:\/\/www.pescafish.it\/new\/prodotto\/monofilo-dinamite-red-silicon-300mt-artico\/#primaryimage\",\"inLanguage\":\"it-IT\",\"url\":\"https:\/\/www.pescafish.it\/new\/wp-content\/uploads\/2015\/12\/c513cd65f595b292943ffeffb5766cdf.jpg\",\"width\":400,\"height\":408},{\"@type\":\"WebPage\",\"@id\":\"https:\/\/www.pescafish.it\/new\/prodotto\/monofilo-dinamite-red-silicon-300mt-artico\/#webpage\",\"url\":\"https:\/\/www.pescafish.it\/new\/prodotto\/monofilo-dinamite-red-silicon-300mt-artico\/\",\"name\":\"Monofilo Dinamite Red Silicon 300mt - Artico - Pesca Fish\",\"isPartOf\":{\"@id\":\"https:\/\/www.pescafish.it\/new\/#website\"},\"primaryImageOfPage\":{\"@id\":\"https:\/\/www.pescafish.it\/new\/prodotto\/monofilo-dinamite-red-silicon-300mt-artico\/#primaryimage\"},\"datePublished\":\"2015-12-01T10:37:27+00:00\",\"dateModified\":\"2026-01-14T19:57:06+00:00\",\"inLanguage\":\"it-IT\",\"potentialAction\":[{\"@type\":\"ReadAction\",\"target\":[\"https:\/\/www.pescafish.it\/new\/prodotto\/monofilo-dinamite-red-silicon-300mt-artico\/\"]}]}]}<\/script>\n<!-- \/ Yoast SEO plugin. -->","_links":{"self":[{"href":"https:\/\/www.pescafish.it\/new\/wp-json\/wp\/v2\/product\/11983"}],"collection":[{"href":"https:\/\/www.pescafish.it\/new\/wp-json\/wp\/v2\/product"}],"about":[{"href":"https:\/\/www.pescafish.it\/new\/wp-json\/wp\/v2\/types\/product"}],"replies":[{"embeddable":true,"href":"https:\/\/www.pescafish.it\/new\/wp-json\/wp\/v2\/comments?post=11983"}],"wp:featuredmedia":[{"embeddable":true,"href":"https:\/\/www.pescafish.it\/new\/wp-json\/wp\/v2\/media\/24981"}],"wp:attachment":[{"href":"https:\/\/www.pescafish.it\/new\/wp-json\/wp\/v2\/media?parent=11983"}],"wp:term":[{"taxonomy":"product_cat","embeddable":true,"href":"https:\/\/www.pescafish.it\/new\/wp-json\/wp\/v2\/product_cat?post=11983"},{"taxonomy":"product_tag","embeddable":true,"href":"https:\/\/www.pescafish.it\/new\/wp-json\/wp\/v2\/product_tag?post=11983"}],"curies":[{"name":"wp","href":"https:\/\/api.w.org\/{rel}","templated":true}]}}