{"id":11859,"date":"2015-12-01T11:37:27","date_gmt":"2015-12-01T10:37:27","guid":{"rendered":"http:\/\/www.pescafish.it\/new\/f-box-set-deluxe-medium-single-fox"},"modified":"2026-01-10T17:23:32","modified_gmt":"2026-01-10T16:23:32","slug":"f-box-set-deluxe-medium-single-fox","status":"publish","type":"product","link":"https:\/\/www.pescafish.it\/new\/prodotto\/f-box-set-deluxe-medium-single-fox\/","title":{"rendered":"F Box Set Deluxe Medium Single &#8211; Fox"},"content":{"rendered":"<p>Il set F-Box Delux \u00e8 attrezzato con unit\u00e0 di immagazzinamento disegnate per ospitare accessori per la pesca alla carpa di qualsiasi formato. Il box \u00e8 disegnato per massimizzare la capacit\u00e0 di immagazzinamento e consente un agevole accesso agli accessori dell\u2019attrezzatura.\u00a0 La costruzione ottenuta tramite iniezione in uno stampo assicura grande robustezza e rigidit\u00e0, mentre coperchi dotati di guarnizioni garantiscono la tenuta all\u2019acqua; cerniere ad elevata durata e chiusure scorrevoli affidabili rappresentano le altre caratteristiche salienti di questo box. I compartimenti interni sono regolabili in ampiezza posizionando le divisorie fornite assieme al prodotto.<\/p>\n<p><strong>Il box \u00e8 venduto completo dei seguenti componenti:<\/strong><br \/>\n\u2022 Divisoria profonda \u201cLarge\u201d x 4<br \/>\n\u2022 Divisoria profonda \u201cMedium\u201d x 3<br \/>\n\u2022 Divisoria profonda \u201cSmall\u201d x 3<br \/>\n\u2022 Spool Dispensers x 2<br \/>\n\u2022 Unit\u00e0 8 scomparti x 1<br \/>\n\u2022 Unit\u00e0 \u201cFlip Top\u201d x 2<br \/>\n\u2022 Unit\u00e0 4 scomparti x 1<\/p>\n","protected":false},"excerpt":{"rendered":"<p>Il set F-Box Delux \u00e8 attrezzato con unit\u00e0 di immagazzinamento disegnate per ospitare accessori per la pesca alla carpa di qualsiasi formato. Il box \u00e8 disegnato per massimizzare la capacit\u00e0 di immagazzinamento e consente un agevole accesso agli accessori dell\u2019attrezzatura.\u00a0 La costruzione ottenuta tramite iniezione in uno stampo assicura grande robustezza e rigidit\u00e0, mentre coperchi [&hellip;]<\/p>\n","protected":false},"featured_media":23846,"comment_status":"closed","ping_status":"closed","template":"","meta":[],"product_cat":[877,880],"product_tag":[1028],"yoast_head":"<!-- This site is optimized with the Yoast SEO plugin v15.3 - https:\/\/yoast.com\/wordpress\/plugins\/seo\/ -->\n<title>F Box Set Deluxe Medium Single - Fox - Pesca Fish<\/title>\n<meta name=\"robots\" content=\"index, follow, max-snippet:-1, max-image-preview:large, max-video-preview:-1\" \/>\n<link rel=\"canonical\" href=\"https:\/\/www.pescafish.it\/new\/prodotto\/f-box-set-deluxe-medium-single-fox\/\" \/>\n<meta property=\"og:locale\" content=\"it_IT\" \/>\n<meta property=\"og:type\" content=\"article\" \/>\n<meta property=\"og:title\" content=\"F Box Set Deluxe Medium Single - Fox - Pesca Fish\" \/>\n<meta property=\"og:description\" content=\"Il set F-Box Delux \u00e8 attrezzato con unit\u00e0 di immagazzinamento disegnate per ospitare accessori per la pesca alla carpa di qualsiasi formato. Il box \u00e8 disegnato per massimizzare la capacit\u00e0 di immagazzinamento e consente un agevole accesso agli accessori dell\u2019attrezzatura.\u00a0 La costruzione ottenuta tramite iniezione in uno stampo assicura grande robustezza e rigidit\u00e0, mentre coperchi [&hellip;]\" \/>\n<meta property=\"og:url\" content=\"https:\/\/www.pescafish.it\/new\/prodotto\/f-box-set-deluxe-medium-single-fox\/\" \/>\n<meta property=\"og:site_name\" content=\"Pesca Fish\" \/>\n<meta property=\"article:publisher\" content=\"https:\/\/www.facebook.com\/pescafishvr\/\" \/>\n<meta property=\"article:modified_time\" content=\"2026-01-10T16:23:32+00:00\" \/>\n<meta property=\"og:image\" content=\"https:\/\/www.pescafish.it\/new\/wp-content\/uploads\/2015\/12\/9ae8205ce62ca4a24eb4d38dc13df135.png\" \/>\n\t<meta property=\"og:image:width\" content=\"400\" \/>\n\t<meta property=\"og:image:height\" content=\"308\" \/>\n<meta name=\"twitter:card\" content=\"summary_large_image\" \/>\n<meta name=\"twitter:label1\" content=\"Scritto da\">\n\t<meta name=\"twitter:data1\" content=\"francesca\">\n\t<meta name=\"twitter:label2\" content=\"Tempo di lettura stimato\">\n\t<meta name=\"twitter:data2\" content=\"0 minuti\">\n<script type=\"application\/ld+json\" class=\"yoast-schema-graph\">{\"@context\":\"https:\/\/schema.org\",\"@graph\":[{\"@type\":\"WebSite\",\"@id\":\"https:\/\/www.pescafish.it\/new\/#website\",\"url\":\"https:\/\/www.pescafish.it\/new\/\",\"name\":\"Pesca Fish\",\"description\":\"Benvenuti sul nostro sito!\",\"potentialAction\":[{\"@type\":\"SearchAction\",\"target\":\"https:\/\/www.pescafish.it\/new\/?s={search_term_string}\",\"query-input\":\"required name=search_term_string\"}],\"inLanguage\":\"it-IT\"},{\"@type\":\"ImageObject\",\"@id\":\"https:\/\/www.pescafish.it\/new\/prodotto\/f-box-set-deluxe-medium-single-fox\/#primaryimage\",\"inLanguage\":\"it-IT\",\"url\":\"https:\/\/www.pescafish.it\/new\/wp-content\/uploads\/2015\/12\/9ae8205ce62ca4a24eb4d38dc13df135.png\",\"width\":400,\"height\":308},{\"@type\":\"WebPage\",\"@id\":\"https:\/\/www.pescafish.it\/new\/prodotto\/f-box-set-deluxe-medium-single-fox\/#webpage\",\"url\":\"https:\/\/www.pescafish.it\/new\/prodotto\/f-box-set-deluxe-medium-single-fox\/\",\"name\":\"F Box Set Deluxe Medium Single - Fox - Pesca Fish\",\"isPartOf\":{\"@id\":\"https:\/\/www.pescafish.it\/new\/#website\"},\"primaryImageOfPage\":{\"@id\":\"https:\/\/www.pescafish.it\/new\/prodotto\/f-box-set-deluxe-medium-single-fox\/#primaryimage\"},\"datePublished\":\"2015-12-01T10:37:27+00:00\",\"dateModified\":\"2026-01-10T16:23:32+00:00\",\"inLanguage\":\"it-IT\",\"potentialAction\":[{\"@type\":\"ReadAction\",\"target\":[\"https:\/\/www.pescafish.it\/new\/prodotto\/f-box-set-deluxe-medium-single-fox\/\"]}]}]}<\/script>\n<!-- \/ Yoast SEO plugin. -->","_links":{"self":[{"href":"https:\/\/www.pescafish.it\/new\/wp-json\/wp\/v2\/product\/11859"}],"collection":[{"href":"https:\/\/www.pescafish.it\/new\/wp-json\/wp\/v2\/product"}],"about":[{"href":"https:\/\/www.pescafish.it\/new\/wp-json\/wp\/v2\/types\/product"}],"replies":[{"embeddable":true,"href":"https:\/\/www.pescafish.it\/new\/wp-json\/wp\/v2\/comments?post=11859"}],"wp:featuredmedia":[{"embeddable":true,"href":"https:\/\/www.pescafish.it\/new\/wp-json\/wp\/v2\/media\/23846"}],"wp:attachment":[{"href":"https:\/\/www.pescafish.it\/new\/wp-json\/wp\/v2\/media?parent=11859"}],"wp:term":[{"taxonomy":"product_cat","embeddable":true,"href":"https:\/\/www.pescafish.it\/new\/wp-json\/wp\/v2\/product_cat?post=11859"},{"taxonomy":"product_tag","embeddable":true,"href":"https:\/\/www.pescafish.it\/new\/wp-json\/wp\/v2\/product_tag?post=11859"}],"curies":[{"name":"wp","href":"https:\/\/api.w.org\/{rel}","templated":true}]}}