{"id":107924,"date":"2026-02-04T10:03:11","date_gmt":"2026-02-04T09:03:11","guid":{"rendered":"https:\/\/www.pescafish.it\/new\/?post_type=product&#038;p=107924"},"modified":"2026-04-07T10:27:57","modified_gmt":"2026-04-07T08:27:57","slug":"rod-pod-blacklite-worldwide-3-rods-solar","status":"publish","type":"product","link":"https:\/\/www.pescafish.it\/new\/prodotto\/rod-pod-blacklite-worldwide-3-rods-solar\/","title":{"rendered":"Rod Pod Blacklite Worldwide 3 rods &#8211; Solar"},"content":{"rendered":"<p><strong>Rod Pod Blacklite Worldwide 3 rods.<\/strong><\/p>\n<p>Compatto, incredibilmente bello e nero, il BlackLite Worldwide Pod \u00e8 bello e funzionale quanto il nostro iconico Wiorldwide POD ma \u00e8 proposto in una versione pi\u00f9 leggera in lega di alluminio&#8230; esattamente ci\u00f2 che il mercato richiede!<\/p>\n<p>Basato sulle caratteristiche del nostro\u00a0Wiorldwide POD, BlackLite Worldwide offre tutte le caratteristiche che hanno reso famoso il suo predecessore con una notevole riduzione del peso.<br \/>\nUtilizzando l&#8217;esclusivo sistema di regolazione micrometrica delle gambe\u00a0(che abbiamo mantenuto in acciaio perch\u00e9 parte del nostro DNA, in modo da evitare che le parti pi\u00f9 delicate e soggette ad uso pi\u00f9 gravoso non si usurino)\u00a0abbiamo fatto in modo che il POD si adatti ad ogni situazione di pesca.<br \/>\nI montanti sono in stile &#8220;goalpost&#8221;, offrono un&#8217;incredibile rigidit\u00e0 ai buzzer bar, evitando torsioni. Inoltre, i punti di &#8220;ancoraggio&#8221; anteriori e posteriori permettono di mantenerlo saldo al terreno, qualora si decidesse di fissarlo attraverso un cordino con un semplice picchetto da tenda.<br \/>\nIl BlackLite Worldwide Pod viene fornito con una coppia di buzz bar da tre canne regolabili, per offrire una configurazione completa e compatta.<\/p>\n<p><strong>Caratteristiche<\/strong>:<br \/>\n\u2022 Rifacimento del nostro iconico WWP ma in una versione in lega leggera<br \/>\n\u2022 Progettato con la precisione tipica di SOLAR<br \/>\n\u2022 Esclusivo sistema di regolazione micrometrica delle gambe<br \/>\n\u2022 Venduto con 4 gambe regolabili da 6 pollici filettate standard da 3\/8 BSF e quindi con la possibilit\u00e0 di utilizzare picchetti pi\u00f9 lunghi per estendersi ulteriormente<br \/>\n\u2022 I montanti realizzati nella classica versione &#8220;goal post&#8221; si adattano a tutti i buzzer SOLAR<br \/>\n\u2022 I montanti anteriori sono alti 85 mm. Quelli posteriori130 mm<br \/>\n\u2022 Completo di barra principale compatta e regolabile, che si estende da 400 mm a 690 mm<br \/>\n\u2022 Completo di una coppia di buzzer bar regolabili da 3 canne Blacklite Pro-Loc (viti a testa zigrinata Pro-Loc)<br \/>\n\u2022 Realizzato in alluminio di alta qualit\u00e0 con finitura nera anodizzata<br \/>\n\u2022 Collari di bloccaggio zigrinati a 5 razze sicuri per un perfetto allineamento dei segnalatori<br \/>\n\u2022 Filettatura BSF da 3\/8&#8243;, compatibile con tutti gli accessori SOLAR e la maggior parte di quelli presenti sul mercato<br \/>\n\u2022 Fornito in una comoda borsa di trasporto in stile SP &#8211; Solar W<\/p>\n","protected":false},"excerpt":{"rendered":"<p>Rod Pod Blacklite Worldwide 3 rods. Compatto, incredibilmente bello e nero, il BlackLite Worldwide Pod \u00e8 bello e funzionale quanto il nostro iconico Wiorldwide POD ma \u00e8 proposto in una versione pi\u00f9 leggera in lega di alluminio&#8230; esattamente ci\u00f2 che il mercato richiede! Basato sulle caratteristiche del nostro\u00a0Wiorldwide POD, BlackLite Worldwide offre tutte le caratteristiche [&hellip;]<\/p>\n","protected":false},"featured_media":107931,"comment_status":"closed","ping_status":"closed","template":"","meta":[],"product_cat":[880,464],"product_tag":[1078],"yoast_head":"<!-- This site is optimized with the Yoast SEO plugin v15.3 - https:\/\/yoast.com\/wordpress\/plugins\/seo\/ -->\n<title>Rod Pod Blacklite Worldwide 3 rods - Solar - Pesca Fish<\/title>\n<meta name=\"robots\" content=\"index, follow, max-snippet:-1, max-image-preview:large, max-video-preview:-1\" \/>\n<link rel=\"canonical\" href=\"https:\/\/www.pescafish.it\/new\/prodotto\/rod-pod-blacklite-worldwide-3-rods-solar\/\" \/>\n<meta property=\"og:locale\" content=\"it_IT\" \/>\n<meta property=\"og:type\" content=\"article\" \/>\n<meta property=\"og:title\" content=\"Rod Pod Blacklite Worldwide 3 rods - Solar - Pesca Fish\" \/>\n<meta property=\"og:description\" content=\"Rod Pod Blacklite Worldwide 3 rods. Compatto, incredibilmente bello e nero, il BlackLite Worldwide Pod \u00e8 bello e funzionale quanto il nostro iconico Wiorldwide POD ma \u00e8 proposto in una versione pi\u00f9 leggera in lega di alluminio&#8230; esattamente ci\u00f2 che il mercato richiede! Basato sulle caratteristiche del nostro\u00a0Wiorldwide POD, BlackLite Worldwide offre tutte le caratteristiche [&hellip;]\" \/>\n<meta property=\"og:url\" content=\"https:\/\/www.pescafish.it\/new\/prodotto\/rod-pod-blacklite-worldwide-3-rods-solar\/\" \/>\n<meta property=\"og:site_name\" content=\"Pesca Fish\" \/>\n<meta property=\"article:publisher\" content=\"https:\/\/www.facebook.com\/pescafishvr\/\" \/>\n<meta property=\"article:modified_time\" content=\"2026-04-07T08:27:57+00:00\" \/>\n<meta property=\"og:image\" content=\"https:\/\/www.pescafish.it\/new\/wp-content\/uploads\/2026\/02\/BLWWPC-Pack-Shot.png\" \/>\n\t<meta property=\"og:image:width\" content=\"800\" \/>\n\t<meta property=\"og:image:height\" content=\"800\" \/>\n<meta name=\"twitter:card\" content=\"summary_large_image\" \/>\n<meta name=\"twitter:label1\" content=\"Scritto da\">\n\t<meta name=\"twitter:data1\" content=\"francesca\">\n\t<meta name=\"twitter:label2\" content=\"Tempo di lettura stimato\">\n\t<meta name=\"twitter:data2\" content=\"1 minuto\">\n<script type=\"application\/ld+json\" class=\"yoast-schema-graph\">{\"@context\":\"https:\/\/schema.org\",\"@graph\":[{\"@type\":\"WebSite\",\"@id\":\"https:\/\/www.pescafish.it\/new\/#website\",\"url\":\"https:\/\/www.pescafish.it\/new\/\",\"name\":\"Pesca Fish\",\"description\":\"Benvenuti sul nostro sito!\",\"potentialAction\":[{\"@type\":\"SearchAction\",\"target\":\"https:\/\/www.pescafish.it\/new\/?s={search_term_string}\",\"query-input\":\"required name=search_term_string\"}],\"inLanguage\":\"it-IT\"},{\"@type\":\"ImageObject\",\"@id\":\"https:\/\/www.pescafish.it\/new\/prodotto\/rod-pod-blacklite-worldwide-3-rods-solar\/#primaryimage\",\"inLanguage\":\"it-IT\",\"url\":\"https:\/\/www.pescafish.it\/new\/wp-content\/uploads\/2026\/02\/BLWWPC-Pack-Shot.png\",\"width\":800,\"height\":800},{\"@type\":\"WebPage\",\"@id\":\"https:\/\/www.pescafish.it\/new\/prodotto\/rod-pod-blacklite-worldwide-3-rods-solar\/#webpage\",\"url\":\"https:\/\/www.pescafish.it\/new\/prodotto\/rod-pod-blacklite-worldwide-3-rods-solar\/\",\"name\":\"Rod Pod Blacklite Worldwide 3 rods - Solar - Pesca Fish\",\"isPartOf\":{\"@id\":\"https:\/\/www.pescafish.it\/new\/#website\"},\"primaryImageOfPage\":{\"@id\":\"https:\/\/www.pescafish.it\/new\/prodotto\/rod-pod-blacklite-worldwide-3-rods-solar\/#primaryimage\"},\"datePublished\":\"2026-02-04T09:03:11+00:00\",\"dateModified\":\"2026-04-07T08:27:57+00:00\",\"inLanguage\":\"it-IT\",\"potentialAction\":[{\"@type\":\"ReadAction\",\"target\":[\"https:\/\/www.pescafish.it\/new\/prodotto\/rod-pod-blacklite-worldwide-3-rods-solar\/\"]}]}]}<\/script>\n<!-- \/ Yoast SEO plugin. -->","_links":{"self":[{"href":"https:\/\/www.pescafish.it\/new\/wp-json\/wp\/v2\/product\/107924"}],"collection":[{"href":"https:\/\/www.pescafish.it\/new\/wp-json\/wp\/v2\/product"}],"about":[{"href":"https:\/\/www.pescafish.it\/new\/wp-json\/wp\/v2\/types\/product"}],"replies":[{"embeddable":true,"href":"https:\/\/www.pescafish.it\/new\/wp-json\/wp\/v2\/comments?post=107924"}],"wp:featuredmedia":[{"embeddable":true,"href":"https:\/\/www.pescafish.it\/new\/wp-json\/wp\/v2\/media\/107931"}],"wp:attachment":[{"href":"https:\/\/www.pescafish.it\/new\/wp-json\/wp\/v2\/media?parent=107924"}],"wp:term":[{"taxonomy":"product_cat","embeddable":true,"href":"https:\/\/www.pescafish.it\/new\/wp-json\/wp\/v2\/product_cat?post=107924"},{"taxonomy":"product_tag","embeddable":true,"href":"https:\/\/www.pescafish.it\/new\/wp-json\/wp\/v2\/product_tag?post=107924"}],"curies":[{"name":"wp","href":"https:\/\/api.w.org\/{rel}","templated":true}]}}