{"id":106149,"date":"2025-11-06T18:14:45","date_gmt":"2025-11-06T17:14:45","guid":{"rendered":"https:\/\/www.pescafish.it\/new\/?post_type=product&#038;p=106149"},"modified":"2025-11-06T18:14:46","modified_gmt":"2025-11-06T17:14:46","slug":"canna-supera-x-distance-feeder-preston-innovations","status":"publish","type":"product","link":"https:\/\/www.pescafish.it\/new\/prodotto\/canna-supera-x-distance-feeder-preston-innovations\/","title":{"rendered":"Canna Supera X Distance Feeder &#8211; Preston Innovations"},"content":{"rendered":"<p>Basandosi sull&#8217;immenso successo ottenuto dalla gamma Supera X, abbiamo realizzato la serie Distance per completare l&#8217;offerta. Basata su prodotti realizzati per lanciare feeder e method a grandi distanze, questa serie \u00e8 caratterizzata da una azione progressiva sorprendentemente potente che fornisce il perfetto equilibrio e permette alte prestazioni di lancio e una fantastica azione di recupero delle prede.<br \/>\nAbbiamo lavorato duramente anche sulla progettazione delle vette per assicurarci che quiver forniscano la giusta sensibilit\u00e0 mantenendo comunque la rigidit\u00e0 sufficiente per gestire carichi pesanti. Ci\u00f2 significa che ora possiamo offrire punte pi\u00f9 performanti da 2, 3 e 4 once, che forniscono la giusta sensibilit\u00e0 anche a distanze estreme!<br \/>\nQuesti modelli Distance sono dotati della tecnologia X wrap e sono costruiti utilizzando tutti i migliori componenti disponibili sul mercato, tra cui anelli guidafilo American Tackle oversize, portamulinello Fuji e il classico manico piatto in EVA\/sughero.<\/p>\n<p>\u2022 Anelli guidafilo American Tackle di alta qualit\u00e0<br \/>\n\u2022 Blank X Wrap<br \/>\n\u2022 Manici piatti in EVA\/sughero<br \/>\n\u2022 Portamulinello Fuji<\/p>\n<p><strong>Modello 3,6 m &#8211; 80 g<\/strong><br \/>\nIl modello pi\u00f9 corto della gamma, la lunghezza di 3,6 m \u00e8 perfetta per la pesca commerciale o per affrontare luoghi naturali in cui sono richieste distanze di 60-70 m. Questo modello \u00e8 ideale per diversi scenari, un vero tuttofare!<\/p>\n<p><strong>Modello 3,8 m &#8211; 80 g<\/strong><br \/>\nIdeale per distanze di oltre 70 metri, questa canna \u00e8 la canna perfetta per la pesca a lunga distanza delle breme o per grandi spazi aperti in cui \u00e8 richiesto un blank potente. \u00c8 anche un&#8217;ottima opzione per quelle giornate con condizioni meteorologiche estremamente avverse in cui \u00e8 richiesto un attrezzo specifico.<\/p>\n<p><strong>Modello 4,0 m &#8211; 100 g<\/strong><br \/>\nOpzione perfetta per coloro che necessitano una canna da utilizzare per affrontare distanze estreme o come canna da feeder per acque a corrente sostenuta! La 4 m presenta un&#8217;azione potente e forte, che permette di raggiungere distanze superiori a 80 m in piena serenit\u00e0, pur mantenendo la giusta morbidezza nell&#8217;azione per evitare le fastidiose slamature.<\/p>\n<p><strong>Modello 4,2 m &#8211; 120 g<\/strong><br \/>\nIl modello pi\u00f9 lungo della gamma adatto per quelle occasioni in cui sono richieste distanze estreme. Grazie alla sua azione, ottenere la distanza di 100 m con facilit\u00e0 e un gioco da ragazzi, inoltre pu\u00f2 essere utilizzata anche come canna da feeder per affrontare i fiumi pi\u00f9 impetuosi.<\/p>\n<p><strong>Disponibile nei seguenti modelli:<\/strong><\/p>\n<table style=\"width: 100%; border-collapse: collapse; border-color: #000000;\" border=\"2\">\n<tbody>\n<tr>\n<td style=\"width: 16.6667%; text-align: center;\"><strong>Codice<\/strong><\/td>\n<td style=\"width: 16.6667%; text-align: center;\"><strong>Modello<\/strong><\/td>\n<td style=\"width: 16.6667%; text-align: center;\"><strong>Lunghezza<\/strong><\/td>\n<td style=\"width: 16.6667%; text-align: center;\"><strong>Potenza<\/strong><\/td>\n<td style=\"width: 16.6667%; text-align: center;\"><strong>N\u00b0 sezioni<\/strong><\/td>\n<td style=\"width: 16.6667%; text-align: center;\"><strong>Cimini<\/strong><\/td>\n<\/tr>\n<tr>\n<td style=\"width: 16.6667%; text-align: center;\">P0070074<\/td>\n<td style=\"width: 16.6667%; text-align: center;\"><strong>3,6m Feeder<\/strong><\/td>\n<td style=\"width: 16.6667%; text-align: center;\">3,6m &#8211; 12ft<\/td>\n<td style=\"width: 16.6667%; text-align: center;\">80g<\/td>\n<td style=\"width: 16.6667%; text-align: center;\">3<\/td>\n<td style=\"width: 16.6667%; text-align: center;\">2oz &#8211; 3oz &#8211; 4oz<\/td>\n<\/tr>\n<tr>\n<td style=\"width: 16.6667%; text-align: center;\">P0070075<\/td>\n<td style=\"width: 16.6667%; text-align: center;\"><strong>3,8m Feeder<\/strong><\/td>\n<td style=\"width: 16.6667%; text-align: center;\">3,8m &#8211; 12,6ft<\/td>\n<td style=\"width: 16.6667%; text-align: center;\">80g<\/td>\n<td style=\"width: 16.6667%; text-align: center;\">3<\/td>\n<td style=\"width: 16.6667%; text-align: center;\">2oz &#8211; 3oz &#8211; 4oz<\/td>\n<\/tr>\n<tr>\n<td style=\"width: 16.6667%; text-align: center;\">P0070076<\/td>\n<td style=\"width: 16.6667%; text-align: center;\"><strong>4m Feeder<\/strong><\/td>\n<td style=\"width: 16.6667%; text-align: center;\">4m &#8211; 13,2ft<\/td>\n<td style=\"width: 16.6667%; text-align: center;\">100g<\/td>\n<td style=\"width: 16.6667%; text-align: center;\">3<\/td>\n<td style=\"width: 16.6667%; text-align: center;\">2oz &#8211; 3oz &#8211; 4oz<\/td>\n<\/tr>\n<tr>\n<td style=\"width: 16.6667%; text-align: center;\">P0070077<\/td>\n<td style=\"width: 16.6667%; text-align: center;\"><strong>4,2m Feeder<\/strong><\/td>\n<td style=\"width: 16.6667%; text-align: center;\">4,2m &#8211; 13,10ft<\/td>\n<td style=\"width: 16.6667%; text-align: center;\">120g<\/td>\n<td style=\"width: 16.6667%; text-align: center;\">3<\/td>\n<td style=\"width: 16.6667%; text-align: center;\">2oz &#8211; 3oz &#8211; 4oz<\/td>\n<\/tr>\n<\/tbody>\n<\/table>\n<p>&nbsp;<\/p>\n","protected":false},"excerpt":{"rendered":"<p>Basandosi sull&#8217;immenso successo ottenuto dalla gamma Supera X, abbiamo realizzato la serie Distance per completare l&#8217;offerta. Basata su prodotti realizzati per lanciare feeder e method a grandi distanze, questa serie \u00e8 caratterizzata da una azione progressiva sorprendentemente potente che fornisce il perfetto equilibrio e permette alte prestazioni di lancio e una fantastica azione di recupero [&hellip;]<\/p>\n","protected":false},"featured_media":106150,"comment_status":"closed","ping_status":"closed","template":"","meta":[],"product_cat":[317],"product_tag":[1020],"yoast_head":"<!-- This site is optimized with the Yoast SEO plugin v15.3 - https:\/\/yoast.com\/wordpress\/plugins\/seo\/ -->\n<title>Canna Supera X Distance Feeder - Preston Innovations - Pesca Fish<\/title>\n<meta name=\"robots\" content=\"index, follow, max-snippet:-1, max-image-preview:large, max-video-preview:-1\" \/>\n<link rel=\"canonical\" href=\"https:\/\/www.pescafish.it\/new\/prodotto\/canna-supera-x-distance-feeder-preston-innovations\/\" \/>\n<meta property=\"og:locale\" content=\"it_IT\" \/>\n<meta property=\"og:type\" content=\"article\" \/>\n<meta property=\"og:title\" content=\"Canna Supera X Distance Feeder - Preston Innovations - Pesca Fish\" \/>\n<meta property=\"og:description\" content=\"Basandosi sull&#8217;immenso successo ottenuto dalla gamma Supera X, abbiamo realizzato la serie Distance per completare l&#8217;offerta. Basata su prodotti realizzati per lanciare feeder e method a grandi distanze, questa serie \u00e8 caratterizzata da una azione progressiva sorprendentemente potente che fornisce il perfetto equilibrio e permette alte prestazioni di lancio e una fantastica azione di recupero [&hellip;]\" \/>\n<meta property=\"og:url\" content=\"https:\/\/www.pescafish.it\/new\/prodotto\/canna-supera-x-distance-feeder-preston-innovations\/\" \/>\n<meta property=\"og:site_name\" content=\"Pesca Fish\" \/>\n<meta property=\"article:publisher\" content=\"https:\/\/www.facebook.com\/pescafishvr\/\" \/>\n<meta property=\"article:modified_time\" content=\"2025-11-06T17:14:46+00:00\" \/>\n<meta property=\"og:image\" content=\"https:\/\/www.pescafish.it\/new\/wp-content\/uploads\/2025\/11\/supera-x-distance-feeder.jpg\" \/>\n\t<meta property=\"og:image:width\" content=\"839\" \/>\n\t<meta property=\"og:image:height\" content=\"838\" \/>\n<meta name=\"twitter:card\" content=\"summary_large_image\" \/>\n<meta name=\"twitter:label1\" content=\"Scritto da\">\n\t<meta name=\"twitter:data1\" content=\"francesca\">\n\t<meta name=\"twitter:label2\" content=\"Tempo di lettura stimato\">\n\t<meta name=\"twitter:data2\" content=\"2 minuti\">\n<script type=\"application\/ld+json\" class=\"yoast-schema-graph\">{\"@context\":\"https:\/\/schema.org\",\"@graph\":[{\"@type\":\"WebSite\",\"@id\":\"https:\/\/www.pescafish.it\/new\/#website\",\"url\":\"https:\/\/www.pescafish.it\/new\/\",\"name\":\"Pesca Fish\",\"description\":\"Benvenuti sul nostro sito!\",\"potentialAction\":[{\"@type\":\"SearchAction\",\"target\":\"https:\/\/www.pescafish.it\/new\/?s={search_term_string}\",\"query-input\":\"required name=search_term_string\"}],\"inLanguage\":\"it-IT\"},{\"@type\":\"ImageObject\",\"@id\":\"https:\/\/www.pescafish.it\/new\/prodotto\/canna-supera-x-distance-feeder-preston-innovations\/#primaryimage\",\"inLanguage\":\"it-IT\",\"url\":\"https:\/\/www.pescafish.it\/new\/wp-content\/uploads\/2025\/11\/supera-x-distance-feeder.jpg\",\"width\":839,\"height\":838,\"caption\":\"supera x distance feeder preston innovations\"},{\"@type\":\"WebPage\",\"@id\":\"https:\/\/www.pescafish.it\/new\/prodotto\/canna-supera-x-distance-feeder-preston-innovations\/#webpage\",\"url\":\"https:\/\/www.pescafish.it\/new\/prodotto\/canna-supera-x-distance-feeder-preston-innovations\/\",\"name\":\"Canna Supera X Distance Feeder - Preston Innovations - Pesca Fish\",\"isPartOf\":{\"@id\":\"https:\/\/www.pescafish.it\/new\/#website\"},\"primaryImageOfPage\":{\"@id\":\"https:\/\/www.pescafish.it\/new\/prodotto\/canna-supera-x-distance-feeder-preston-innovations\/#primaryimage\"},\"datePublished\":\"2025-11-06T17:14:45+00:00\",\"dateModified\":\"2025-11-06T17:14:46+00:00\",\"inLanguage\":\"it-IT\",\"potentialAction\":[{\"@type\":\"ReadAction\",\"target\":[\"https:\/\/www.pescafish.it\/new\/prodotto\/canna-supera-x-distance-feeder-preston-innovations\/\"]}]}]}<\/script>\n<!-- \/ Yoast SEO plugin. -->","_links":{"self":[{"href":"https:\/\/www.pescafish.it\/new\/wp-json\/wp\/v2\/product\/106149"}],"collection":[{"href":"https:\/\/www.pescafish.it\/new\/wp-json\/wp\/v2\/product"}],"about":[{"href":"https:\/\/www.pescafish.it\/new\/wp-json\/wp\/v2\/types\/product"}],"replies":[{"embeddable":true,"href":"https:\/\/www.pescafish.it\/new\/wp-json\/wp\/v2\/comments?post=106149"}],"wp:featuredmedia":[{"embeddable":true,"href":"https:\/\/www.pescafish.it\/new\/wp-json\/wp\/v2\/media\/106150"}],"wp:attachment":[{"href":"https:\/\/www.pescafish.it\/new\/wp-json\/wp\/v2\/media?parent=106149"}],"wp:term":[{"taxonomy":"product_cat","embeddable":true,"href":"https:\/\/www.pescafish.it\/new\/wp-json\/wp\/v2\/product_cat?post=106149"},{"taxonomy":"product_tag","embeddable":true,"href":"https:\/\/www.pescafish.it\/new\/wp-json\/wp\/v2\/product_tag?post=106149"}],"curies":[{"name":"wp","href":"https:\/\/api.w.org\/{rel}","templated":true}]}}