{"id":105971,"date":"2025-10-24T10:06:20","date_gmt":"2025-10-24T08:06:20","guid":{"rendered":"https:\/\/www.pescafish.it\/new\/?post_type=product&#038;p=105971"},"modified":"2025-10-27T19:20:17","modified_gmt":"2025-10-27T18:20:17","slug":"smartlite-presentation-set-of-3-multi-coloured-delkim","status":"publish","type":"product","link":"https:\/\/www.pescafish.it\/new\/prodotto\/smartlite-presentation-set-of-3-multi-coloured-delkim\/","title":{"rendered":"SmartLite Presentation Set of 3 Multi-Coloured &#8211; Delkim"},"content":{"rendered":"<h2 class=\"title\">SmartLite Presentation Set of 3 Multi-Coloured<\/h2>\n<p>SmartLite \u00e8 il primo hanger intelligente al mondo. Offre a tutti gli utilizzatori di avvisatori acustici digitali Txi-D v2<br \/>\nun hanger multicolore che si sincronizza con il colore scelto per l&#8217;avvisatore e, per la<br \/>\nprima volta nella storia di Delkim, la FUNZIONALIT\u00c0 DROP BACK!!!<\/p>\n<p>SmartLite \u00e8 all&#8217;avanguardia nella tecnologia di segnalazione dell&#8217;abboccata. Intelligente nel vero senso della parola, non solo si sincronizza automaticamente con la colorazione del vostro avvisatore acustico, ma migliora quello che \u00e8 gi\u00e0 il sistema di rilevamento dell&#8217;abboccata pi\u00f9 avanzato nel settore della pesca.<\/p>\n<p>La tecnologia intelligente rileva il movimento dell&#8217;hanger e rileva se \u00e8 in avanti o indietro. Identifica un drop back con un suono bitonale differenziato e un LED lampeggiante, il tutto ripetuto tramite il ricevitore Rx-D v2.<\/p>\n<p>Questa funzionalit\u00e0, spesso richiesta, non era mai stata disponibile in precedenza insieme alla tecnologia a vibrazione, ma Delkim ha lavorato instancabilmente all&#8217;avanguardia per fornirla. Inoltre, hai la possibilit\u00e0 di attivarlo o disattivarlo in base alle tue condizioni di pesca, ottenendo l&#8217;indicazione ottimale per ogni situazione.<\/p>\n<p>Il rilevamento delle abboccate Delkim \u00e8 una questione di scelta e adattabilit\u00e0, cos\u00ec puoi adattare<br \/>\nl&#8217;intero sistema alla tua specifica situazione di pesca. Tutto \u00e8 progettato con l&#8217;unico scopo di aiutarti a ottenere pi\u00f9 informazioni, che ti porteranno a catturare pi\u00f9 pesci.<\/p>\n","protected":false},"excerpt":{"rendered":"<p>SmartLite Presentation Set of 3 Multi-Coloured SmartLite \u00e8 il primo hanger intelligente al mondo. Offre a tutti gli utilizzatori di avvisatori acustici digitali Txi-D v2 un hanger multicolore che si sincronizza con il colore scelto per l&#8217;avvisatore e, per la prima volta nella storia di Delkim, la FUNZIONALIT\u00c0 DROP BACK!!! SmartLite \u00e8 all&#8217;avanguardia nella tecnologia [&hellip;]<\/p>\n","protected":false},"featured_media":105972,"comment_status":"closed","ping_status":"closed","template":"","meta":[],"product_cat":[471],"product_tag":[1098],"yoast_head":"<!-- This site is optimized with the Yoast SEO plugin v15.3 - https:\/\/yoast.com\/wordpress\/plugins\/seo\/ -->\n<title>SmartLite Presentation Set of 3 Multi-Coloured - Delkim - Pesca Fish<\/title>\n<meta name=\"robots\" content=\"index, follow, max-snippet:-1, max-image-preview:large, max-video-preview:-1\" \/>\n<link rel=\"canonical\" href=\"https:\/\/www.pescafish.it\/new\/prodotto\/smartlite-presentation-set-of-3-multi-coloured-delkim\/\" \/>\n<meta property=\"og:locale\" content=\"it_IT\" \/>\n<meta property=\"og:type\" content=\"article\" \/>\n<meta property=\"og:title\" content=\"SmartLite Presentation Set of 3 Multi-Coloured - Delkim - Pesca Fish\" \/>\n<meta property=\"og:description\" content=\"SmartLite Presentation Set of 3 Multi-Coloured SmartLite \u00e8 il primo hanger intelligente al mondo. Offre a tutti gli utilizzatori di avvisatori acustici digitali Txi-D v2 un hanger multicolore che si sincronizza con il colore scelto per l&#8217;avvisatore e, per la prima volta nella storia di Delkim, la FUNZIONALIT\u00c0 DROP BACK!!! SmartLite \u00e8 all&#8217;avanguardia nella tecnologia [&hellip;]\" \/>\n<meta property=\"og:url\" content=\"https:\/\/www.pescafish.it\/new\/prodotto\/smartlite-presentation-set-of-3-multi-coloured-delkim\/\" \/>\n<meta property=\"og:site_name\" content=\"Pesca Fish\" \/>\n<meta property=\"article:publisher\" content=\"https:\/\/www.facebook.com\/pescafishvr\/\" \/>\n<meta property=\"article:modified_time\" content=\"2025-10-27T18:20:17+00:00\" \/>\n<meta property=\"og:image\" content=\"https:\/\/www.pescafish.it\/new\/wp-content\/uploads\/2025\/10\/delkim-smartlite-indication-presentation-set-set-of-3.jpg\" \/>\n\t<meta property=\"og:image:width\" content=\"800\" \/>\n\t<meta property=\"og:image:height\" content=\"800\" \/>\n<meta name=\"twitter:card\" content=\"summary_large_image\" \/>\n<meta name=\"twitter:label1\" content=\"Scritto da\">\n\t<meta name=\"twitter:data1\" content=\"francesca\">\n\t<meta name=\"twitter:label2\" content=\"Tempo di lettura stimato\">\n\t<meta name=\"twitter:data2\" content=\"1 minuto\">\n<script type=\"application\/ld+json\" class=\"yoast-schema-graph\">{\"@context\":\"https:\/\/schema.org\",\"@graph\":[{\"@type\":\"WebSite\",\"@id\":\"https:\/\/www.pescafish.it\/new\/#website\",\"url\":\"https:\/\/www.pescafish.it\/new\/\",\"name\":\"Pesca Fish\",\"description\":\"Benvenuti sul nostro sito!\",\"potentialAction\":[{\"@type\":\"SearchAction\",\"target\":\"https:\/\/www.pescafish.it\/new\/?s={search_term_string}\",\"query-input\":\"required name=search_term_string\"}],\"inLanguage\":\"it-IT\"},{\"@type\":\"ImageObject\",\"@id\":\"https:\/\/www.pescafish.it\/new\/prodotto\/smartlite-presentation-set-of-3-multi-coloured-delkim\/#primaryimage\",\"inLanguage\":\"it-IT\",\"url\":\"https:\/\/www.pescafish.it\/new\/wp-content\/uploads\/2025\/10\/delkim-smartlite-indication-presentation-set-set-of-3.jpg\",\"width\":800,\"height\":800,\"caption\":\"Delkim\"},{\"@type\":\"WebPage\",\"@id\":\"https:\/\/www.pescafish.it\/new\/prodotto\/smartlite-presentation-set-of-3-multi-coloured-delkim\/#webpage\",\"url\":\"https:\/\/www.pescafish.it\/new\/prodotto\/smartlite-presentation-set-of-3-multi-coloured-delkim\/\",\"name\":\"SmartLite Presentation Set of 3 Multi-Coloured - Delkim - Pesca Fish\",\"isPartOf\":{\"@id\":\"https:\/\/www.pescafish.it\/new\/#website\"},\"primaryImageOfPage\":{\"@id\":\"https:\/\/www.pescafish.it\/new\/prodotto\/smartlite-presentation-set-of-3-multi-coloured-delkim\/#primaryimage\"},\"datePublished\":\"2025-10-24T08:06:20+00:00\",\"dateModified\":\"2025-10-27T18:20:17+00:00\",\"inLanguage\":\"it-IT\",\"potentialAction\":[{\"@type\":\"ReadAction\",\"target\":[\"https:\/\/www.pescafish.it\/new\/prodotto\/smartlite-presentation-set-of-3-multi-coloured-delkim\/\"]}]}]}<\/script>\n<!-- \/ Yoast SEO plugin. -->","_links":{"self":[{"href":"https:\/\/www.pescafish.it\/new\/wp-json\/wp\/v2\/product\/105971"}],"collection":[{"href":"https:\/\/www.pescafish.it\/new\/wp-json\/wp\/v2\/product"}],"about":[{"href":"https:\/\/www.pescafish.it\/new\/wp-json\/wp\/v2\/types\/product"}],"replies":[{"embeddable":true,"href":"https:\/\/www.pescafish.it\/new\/wp-json\/wp\/v2\/comments?post=105971"}],"wp:featuredmedia":[{"embeddable":true,"href":"https:\/\/www.pescafish.it\/new\/wp-json\/wp\/v2\/media\/105972"}],"wp:attachment":[{"href":"https:\/\/www.pescafish.it\/new\/wp-json\/wp\/v2\/media?parent=105971"}],"wp:term":[{"taxonomy":"product_cat","embeddable":true,"href":"https:\/\/www.pescafish.it\/new\/wp-json\/wp\/v2\/product_cat?post=105971"},{"taxonomy":"product_tag","embeddable":true,"href":"https:\/\/www.pescafish.it\/new\/wp-json\/wp\/v2\/product_tag?post=105971"}],"curies":[{"name":"wp","href":"https:\/\/api.w.org\/{rel}","templated":true}]}}