{"id":105905,"date":"2025-10-15T19:14:08","date_gmt":"2025-10-15T17:14:08","guid":{"rendered":"https:\/\/www.pescafish.it\/new\/?post_type=product&#038;p=105905"},"modified":"2025-10-29T05:52:48","modified_gmt":"2025-10-29T04:52:48","slug":"canna-inspire-feeder-preston-innovations","status":"publish","type":"product","link":"https:\/\/www.pescafish.it\/new\/prodotto\/canna-inspire-feeder-preston-innovations\/","title":{"rendered":"Canna Inspire Feeder &#8211; Preston Innovations"},"content":{"rendered":"<p>La gamma di canne Inspire offre prestazioni eccezionali ed \u00e8 stata progettata per soddisfare le esigenze di qualsiasi stile della moderna pesca a feeder. Ogni modello \u00e8 caratterizzato da un&#8217;azione progressiva che consente di lanciare con facilit\u00e0 e al contempo di gestire con precisione il combattimento con il pesce.<br \/>\n<strong><span style=\"text-decoration: underline;\">\u2022 3.2m:<\/span> <\/strong>Ideale per distanze di lancio fino a 30-35 metri, questa canna da feeder \u00e8 lunga 3,2 m e presenta un&#8217;azione progressiva morbida che offre un eccellente supporto durante il lancio e il combattimento. Ammortizza facilmente gli affondi aggressivi delle prede, mantenendo la potenza necessaria per lanciare con precisione a medie distanze.<br \/>\n<span style=\"text-decoration: underline;\"><strong>\u2022 3.4m:<\/strong><\/span> Progettata per distanze di lancio fino a 40 metri, questa canna offre un&#8217;azione progressiva fluida che ne fa la canna ideale per la pesca delle breme. La sezione centrale rinforzata fornisce la potenza necessaria per lanciare senza sforzo, mantenendo la sensibilit\u00e0 necessaria per un combattimento efficace con il pesce.<br \/>\n<span style=\"text-decoration: underline;\"><strong>\u2022 3.6m:<\/strong><\/span> Una vera tuttofare, la canna da feeder da 3,6 m \u00e8 in grado di lanciare fino a 50 metri con facilit\u00e0, mantenendo un&#8217;azione fluida e reattiva durante il recupero. La sua costruzione in 3 pezzi non solo ne facilita lo stoccaggio e il trasporto, ma garantisce anche un&#8217;azione costante su tutto il fusto.<br \/>\n<span style=\"text-decoration: underline;\"><strong>\u2022 3.8m:<\/strong><\/span> Progettata per lanciare a lunga distanza, la canna da feeder da 3,8 m \u00e8 dotata di anelli pi\u00f9 grandi e di un&#8217;azione progressiva e potente, ideale per lanci oltre i 50 metri o per pescare in fiumi a corso d&#8217;acqua lento. Questo modello offre il perfetto equilibrio tra potenza e sensibilit\u00e0 per affrontare condizioni impegnative.<br \/>\n<span style=\"text-decoration: underline;\"><strong>\u2022 4.0m:<\/strong><\/span> Progettata per ottenere il massimo di potenza e prestazioni, la canna da feeder da 4,0 m \u00e8 ideale per lanci superiori a 70 metri o per l&#8217;uso in fiumi a corrente veloce. La sua lunghezza non solo aumenta la gittata di lancio, ma aiuta anche a mantenere la lenza lontana dalla superficie dell&#8217;acqua, migliorando le presentazioni e la rilevazione delle abboccate.<\/p>\n<p>\u2022 Azione progressiva per un lancio fluido e il perfetto controllo del pesce durante la cattura<br \/>\n\u2022 Guide in stile Minima per ridurre il peso e migliorare l\u2019equilibrio<br \/>\n\u2022 Manico in sughero ed EVA a profilo piatto per il massimo comfort e una presa sicura<br \/>\n\u2022 Anello ferma-amo integrato<br \/>\n\u2022 Fornita con una variet\u00e0 di punte di diversa potenza<\/p>\n<p><strong>Disponibile nelle seguenti misure:<\/strong><\/p>\n<table style=\"height: 144px; width: 100%; border-collapse: collapse; border-color: #000000;\" border=\"2\">\n<tbody>\n<tr style=\"height: 24px;\">\n<td style=\"width: 16.6667%; height: 24px; text-align: center;\"><strong>Codice<\/strong><\/td>\n<td style=\"width: 16.6667%; height: 24px; text-align: center;\"><strong>Modello<\/strong><\/td>\n<td style=\"width: 16.6667%; height: 24px; text-align: center;\"><strong>Lunghezza<\/strong><\/td>\n<td style=\"width: 16.6667%; height: 24px; text-align: center;\"><strong>Potenza<\/strong><\/td>\n<td style=\"width: 16.6667%; height: 24px; text-align: center;\"><strong>N\u00b0 sezioni<\/strong><\/td>\n<td style=\"width: 16.6667%; height: 24px; text-align: center;\"><strong>Cimini<\/strong><\/td>\n<\/tr>\n<tr style=\"height: 24px;\">\n<td style=\"width: 16.6667%; height: 24px; text-align: center;\">P0070083<\/td>\n<td style=\"width: 16.6667%; height: 24px; text-align: center;\"><strong>3,2m Feeder<\/strong><\/td>\n<td style=\"width: 16.6667%; height: 24px; text-align: center;\">10,8ft &#8211; 3,2m<\/td>\n<td style=\"width: 16.6667%; height: 24px; text-align: center;\">30g<\/td>\n<td style=\"width: 16.6667%; height: 24px; text-align: center;\">2<\/td>\n<td style=\"width: 16.6667%; height: 24px; text-align: center;\">0,5oz &#8211; 0,75oz &#8211; 1oz<\/td>\n<\/tr>\n<tr style=\"height: 24px;\">\n<td style=\"width: 16.6667%; height: 24px; text-align: center;\">P0070084<\/td>\n<td style=\"width: 16.6667%; height: 24px; text-align: center;\"><strong>3,4m Feeder<\/strong><\/td>\n<td style=\"width: 16.6667%; height: 24px; text-align: center;\">11,4ft &#8211; 3,4m<\/td>\n<td style=\"width: 16.6667%; height: 24px; text-align: center;\">40g<\/td>\n<td style=\"width: 16.6667%; height: 24px; text-align: center;\">2<\/td>\n<td style=\"width: 16.6667%; height: 24px; text-align: center;\">0,75oz &#8211; 1oz &#8211; 1,5oz<\/td>\n<\/tr>\n<tr style=\"height: 24px;\">\n<td style=\"width: 16.6667%; height: 24px; text-align: center;\">P0070085<\/td>\n<td style=\"width: 16.6667%; height: 24px; text-align: center;\"><strong>3,6m Feeder<\/strong><\/td>\n<td style=\"width: 16.6667%; height: 24px; text-align: center;\">12ft &#8211; 3,6m<\/td>\n<td style=\"width: 16.6667%; height: 24px; text-align: center;\">60g<\/td>\n<td style=\"width: 16.6667%; height: 24px; text-align: center;\">3<\/td>\n<td style=\"width: 16.6667%; height: 24px; text-align: center;\">1oz &#8211; 1,5oz &#8211; 2oz<\/td>\n<\/tr>\n<tr style=\"height: 24px;\">\n<td style=\"width: 16.6667%; height: 24px; text-align: center;\">P0070086<\/td>\n<td style=\"width: 16.6667%; height: 24px; text-align: center;\"><strong>3,8m Feeder<\/strong><\/td>\n<td style=\"width: 16.6667%; height: 24px; text-align: center;\">12,6ft &#8211; 3,8m<\/td>\n<td style=\"width: 16.6667%; height: 24px; text-align: center;\">80g<\/td>\n<td style=\"width: 16.6667%; height: 24px; text-align: center;\">3<\/td>\n<td style=\"width: 16.6667%; height: 24px; text-align: center;\">2,5oz &#8211; 3oz &#8211; 4oz<\/td>\n<\/tr>\n<tr style=\"height: 24px;\">\n<td style=\"width: 16.6667%; height: 24px; text-align: center;\">P0070087<\/td>\n<td style=\"width: 16.6667%; height: 24px; text-align: center;\"><strong>4m Feeder<\/strong><\/td>\n<td style=\"width: 16.6667%; height: 24px; text-align: center;\">13,2ft &#8211; 4m<\/td>\n<td style=\"width: 16.6667%; height: 24px; text-align: center;\">120g<\/td>\n<td style=\"width: 16.6667%; height: 24px; text-align: center;\">3<\/td>\n<td style=\"width: 16.6667%; height: 24px; text-align: center;\">3oz &#8211; 4oz &#8211; 5oz<\/td>\n<\/tr>\n<\/tbody>\n<\/table>\n","protected":false},"excerpt":{"rendered":"<p>La gamma di canne Inspire offre prestazioni eccezionali ed \u00e8 stata progettata per soddisfare le esigenze di qualsiasi stile della moderna pesca a feeder. Ogni modello \u00e8 caratterizzato da un&#8217;azione progressiva che consente di lanciare con facilit\u00e0 e al contempo di gestire con precisione il combattimento con il pesce. \u2022 3.2m: Ideale per distanze di [&hellip;]<\/p>\n","protected":false},"featured_media":105906,"comment_status":"closed","ping_status":"closed","template":"","meta":[],"product_cat":[317],"product_tag":[1020],"yoast_head":"<!-- This site is optimized with the Yoast SEO plugin v15.3 - https:\/\/yoast.com\/wordpress\/plugins\/seo\/ -->\n<title>Canna Inspire Feeder - Preston Innovations - Pesca Fish<\/title>\n<meta name=\"robots\" content=\"index, follow, max-snippet:-1, max-image-preview:large, max-video-preview:-1\" \/>\n<link rel=\"canonical\" href=\"https:\/\/www.pescafish.it\/new\/prodotto\/canna-inspire-feeder-preston-innovations\/\" \/>\n<meta property=\"og:locale\" content=\"it_IT\" \/>\n<meta property=\"og:type\" content=\"article\" \/>\n<meta property=\"og:title\" content=\"Canna Inspire Feeder - Preston Innovations - Pesca Fish\" \/>\n<meta property=\"og:description\" content=\"La gamma di canne Inspire offre prestazioni eccezionali ed \u00e8 stata progettata per soddisfare le esigenze di qualsiasi stile della moderna pesca a feeder. Ogni modello \u00e8 caratterizzato da un&#8217;azione progressiva che consente di lanciare con facilit\u00e0 e al contempo di gestire con precisione il combattimento con il pesce. \u2022 3.2m: Ideale per distanze di [&hellip;]\" \/>\n<meta property=\"og:url\" content=\"https:\/\/www.pescafish.it\/new\/prodotto\/canna-inspire-feeder-preston-innovations\/\" \/>\n<meta property=\"og:site_name\" content=\"Pesca Fish\" \/>\n<meta property=\"article:publisher\" content=\"https:\/\/www.facebook.com\/pescafishvr\/\" \/>\n<meta property=\"article:modified_time\" content=\"2025-10-29T04:52:48+00:00\" \/>\n<meta property=\"og:image\" content=\"https:\/\/www.pescafish.it\/new\/wp-content\/uploads\/2025\/10\/INSPIRE-FEEDER.jpg\" \/>\n\t<meta property=\"og:image:width\" content=\"803\" \/>\n\t<meta property=\"og:image:height\" content=\"803\" \/>\n<meta name=\"twitter:card\" content=\"summary_large_image\" \/>\n<meta name=\"twitter:label1\" content=\"Scritto da\">\n\t<meta name=\"twitter:data1\" content=\"francesca\">\n\t<meta name=\"twitter:label2\" content=\"Tempo di lettura stimato\">\n\t<meta name=\"twitter:data2\" content=\"2 minuti\">\n<script type=\"application\/ld+json\" class=\"yoast-schema-graph\">{\"@context\":\"https:\/\/schema.org\",\"@graph\":[{\"@type\":\"WebSite\",\"@id\":\"https:\/\/www.pescafish.it\/new\/#website\",\"url\":\"https:\/\/www.pescafish.it\/new\/\",\"name\":\"Pesca Fish\",\"description\":\"Benvenuti sul nostro sito!\",\"potentialAction\":[{\"@type\":\"SearchAction\",\"target\":\"https:\/\/www.pescafish.it\/new\/?s={search_term_string}\",\"query-input\":\"required name=search_term_string\"}],\"inLanguage\":\"it-IT\"},{\"@type\":\"ImageObject\",\"@id\":\"https:\/\/www.pescafish.it\/new\/prodotto\/canna-inspire-feeder-preston-innovations\/#primaryimage\",\"inLanguage\":\"it-IT\",\"url\":\"https:\/\/www.pescafish.it\/new\/wp-content\/uploads\/2025\/10\/INSPIRE-FEEDER.jpg\",\"width\":803,\"height\":803,\"caption\":\"inspire feeder preston innovations\"},{\"@type\":\"WebPage\",\"@id\":\"https:\/\/www.pescafish.it\/new\/prodotto\/canna-inspire-feeder-preston-innovations\/#webpage\",\"url\":\"https:\/\/www.pescafish.it\/new\/prodotto\/canna-inspire-feeder-preston-innovations\/\",\"name\":\"Canna Inspire Feeder - Preston Innovations - Pesca Fish\",\"isPartOf\":{\"@id\":\"https:\/\/www.pescafish.it\/new\/#website\"},\"primaryImageOfPage\":{\"@id\":\"https:\/\/www.pescafish.it\/new\/prodotto\/canna-inspire-feeder-preston-innovations\/#primaryimage\"},\"datePublished\":\"2025-10-15T17:14:08+00:00\",\"dateModified\":\"2025-10-29T04:52:48+00:00\",\"inLanguage\":\"it-IT\",\"potentialAction\":[{\"@type\":\"ReadAction\",\"target\":[\"https:\/\/www.pescafish.it\/new\/prodotto\/canna-inspire-feeder-preston-innovations\/\"]}]}]}<\/script>\n<!-- \/ Yoast SEO plugin. -->","_links":{"self":[{"href":"https:\/\/www.pescafish.it\/new\/wp-json\/wp\/v2\/product\/105905"}],"collection":[{"href":"https:\/\/www.pescafish.it\/new\/wp-json\/wp\/v2\/product"}],"about":[{"href":"https:\/\/www.pescafish.it\/new\/wp-json\/wp\/v2\/types\/product"}],"replies":[{"embeddable":true,"href":"https:\/\/www.pescafish.it\/new\/wp-json\/wp\/v2\/comments?post=105905"}],"wp:featuredmedia":[{"embeddable":true,"href":"https:\/\/www.pescafish.it\/new\/wp-json\/wp\/v2\/media\/105906"}],"wp:attachment":[{"href":"https:\/\/www.pescafish.it\/new\/wp-json\/wp\/v2\/media?parent=105905"}],"wp:term":[{"taxonomy":"product_cat","embeddable":true,"href":"https:\/\/www.pescafish.it\/new\/wp-json\/wp\/v2\/product_cat?post=105905"},{"taxonomy":"product_tag","embeddable":true,"href":"https:\/\/www.pescafish.it\/new\/wp-json\/wp\/v2\/product_tag?post=105905"}],"curies":[{"name":"wp","href":"https:\/\/api.w.org\/{rel}","templated":true}]}}