{"id":105866,"date":"2025-10-11T11:31:10","date_gmt":"2025-10-11T09:31:10","guid":{"rendered":"https:\/\/www.pescafish.it\/new\/?post_type=product&#038;p=105866"},"modified":"2025-10-11T11:31:10","modified_gmt":"2025-10-11T09:31:10","slug":"canna-tournament-slr-feeder-daiwa","status":"publish","type":"product","link":"https:\/\/www.pescafish.it\/new\/prodotto\/canna-tournament-slr-feeder-daiwa\/","title":{"rendered":"Canna Tournament SLR Feeder &#8211; Daiwa"},"content":{"rendered":"<p>La serie Tournament SLR rappresenta l\u2019evoluzione pi\u00f9 avanzata nel design delle canne da feeder, frutto di anni di test e perfezionamenti realizzati dai migliori ingegneri Daiwa in collaborazione con alcuni dei pi\u00f9 affermati agonisti europei. Ogni dettaglio \u00e8 stato ottimizzato per garantire prestazioni di livello \u00e9lite, offrendo un perfetto equilibrio tra potenza di lancio, precisione e comfort per il pescatore.<br \/>\nUno degli aggiornamenti pi\u00f9 evidenti nella nuova gamma SLR \u00e8 l\u2019introduzione degli anelli American Tackle Ti Forged Air. Orientati in avanti per ridurre l\u2019attrito della lenza e abbassare drasticamente il rischio di rottura durante i lanci potenti, questi anelli sono inoltre pi\u00f9 leggeri rispetto ai modelli precedenti. Il risultato \u00e8 una punta pi\u00f9 reattiva, un\u2019azione della canna pi\u00f9 fluida e un aumento della distanza di lancio con maggiore precisione.<br \/>\nAnche la sezione dell\u2019impugnatura \u00e8 stata completamente ridisegnata. Il Fore Grip \u00e8 stato assottigliato per garantire una presa pi\u00f9 naturale e precisa, mentre il Butt Grip presenta una nuova forma ergonomica che si adatta perfettamente alla mano, assicurando maggiore controllo e comfort durante lunghe sessioni o lanci potenti.<br \/>\nUn altro importante aggiornamento \u00e8 il nuovo modello 13\u2019 Power, creato per sostituire la meno richiesta versione 14\u2019. Questo modello offre una potenza superiore mantenendo la facilit\u00e0 d\u2019uso della canna standard da 13\u2019. \u00c8 lo strumento ideale per la pesca a feeder a lunghe distanze, specialmente per la cattura di carpe di grossa taglia o per la pesca in fiumi veloci con il barbo.<br \/>\nChe tu stia lanciando in vaste acque ferme o competendo ai massimi livelli, la Tournament SLR ti offre una canna precisa, robusta ed efficiente fin dal primo lancio.<\/p>\n<p>\u2022 X45X Full Shield<br \/>\n\u2022 Tecnologia Bias Carbon<br \/>\n\u2022 HVF nanoplus<br \/>\n\u2022 V-Joint \u03b1<br \/>\n\u2022 Quiver SLR migliorati<br \/>\n\u2022 Porta-mulinello Fuji VSS<br \/>\n\u2022 Anelli American Tackle Ti Forged Air Guides<br \/>\n\u2022 Duplon inciso al laser<br \/>\n\u2022 Armlock in EVA\/ Sughero \/ EVA sagomata<br \/>\n\u2022 Anellino pieghevole hook keeper<br \/>\n\u2022 Prodotto nel Regno Unito (Made in U.K.)<\/p>\n<p><strong>Disponibile nei seguenti modelli:<\/strong><\/p>\n<table style=\"height: 144px; width: 100%; border-collapse: collapse; border-color: #000000;\" border=\"2\">\n<tbody>\n<tr style=\"height: 24px;\">\n<td style=\"width: 14.2857%; height: 24px; text-align: center;\"><strong>Modello<\/strong><\/td>\n<td style=\"width: 14.2857%; height: 24px; text-align: center;\"><strong>Lunghezza<\/strong><\/td>\n<td style=\"width: 14.2857%; height: 24px; text-align: center;\"><strong>Potenza<\/strong><\/td>\n<td style=\"width: 14.2857%; height: 24px; text-align: center;\"><strong>N\u00b0 sezioni<\/strong><\/td>\n<td style=\"width: 14.2857%; height: 24px; text-align: center;\"><strong>Ingombro<\/strong><\/td>\n<td style=\"width: 14.2857%; height: 24px; text-align: center;\"><strong>Cimini<\/strong><\/td>\n<td style=\"width: 14.2857%; height: 24px; text-align: center;\"><strong>Filo consigliato<\/strong><\/td>\n<\/tr>\n<tr style=\"height: 24px;\">\n<td style=\"width: 14.2857%; height: 24px; text-align: center;\"><strong>TNSLRF1002QCU<\/strong><\/td>\n<td style=\"width: 14.2857%; height: 24px; text-align: center;\">10ft \/ 3,05m<\/td>\n<td style=\"width: 14.2857%; height: 24px; text-align: center;\">75g<\/td>\n<td style=\"width: 14.2857%; height: 24px; text-align: center;\">2 + 3 tips<\/td>\n<td style=\"width: 14.2857%; height: 24px; text-align: center;\">156cm<\/td>\n<td style=\"width: 14.2857%; height: 24px; text-align: center;\">1.5oz &#8211; 2oz &#8211; 2.5oz<\/td>\n<td style=\"width: 14.2857%; height: 24px; text-align: center;\">3 &#8211; 10 lb<\/td>\n<\/tr>\n<tr style=\"height: 24px;\">\n<td style=\"width: 14.2857%; height: 24px; text-align: center;\"><strong>TNSLRF1102QCU<\/strong><\/td>\n<td style=\"width: 14.2857%; height: 24px; text-align: center;\">11ft \/ 3,35m<\/td>\n<td style=\"width: 14.2857%; height: 24px; text-align: center;\">90g<\/td>\n<td style=\"width: 14.2857%; height: 24px; text-align: center;\">2 + 3 tips<\/td>\n<td style=\"width: 14.2857%; height: 24px; text-align: center;\">172cm<\/td>\n<td style=\"width: 14.2857%; height: 24px; text-align: center;\">1.5oz &#8211; 2oz &#8211; 2.5oz<\/td>\n<td style=\"width: 14.2857%; height: 24px; text-align: center;\">3 &#8211; 12 lb<\/td>\n<\/tr>\n<tr style=\"height: 24px;\">\n<td style=\"width: 14.2857%; height: 24px; text-align: center;\"><strong>TNSLRF1202QCU<\/strong><\/td>\n<td style=\"width: 14.2857%; height: 24px; text-align: center;\">12ft \/ 3,66m<\/td>\n<td style=\"width: 14.2857%; height: 24px; text-align: center;\">120g<\/td>\n<td style=\"width: 14.2857%; height: 24px; text-align: center;\">2 + 3 tips<\/td>\n<td style=\"width: 14.2857%; height: 24px; text-align: center;\">187cm<\/td>\n<td style=\"width: 14.2857%; height: 24px; text-align: center;\">1.5oz &#8211; 2oz &#8211; 2.5oz<\/td>\n<td style=\"width: 14.2857%; height: 24px; text-align: center;\">3 &#8211; 12 lb<\/td>\n<\/tr>\n<tr style=\"height: 24px;\">\n<td style=\"width: 14.2857%; height: 24px; text-align: center;\"><strong>TNSLRF1203QCU<\/strong><\/td>\n<td style=\"width: 14.2857%; height: 24px; text-align: center;\">12ft \/ 3,66m<\/td>\n<td style=\"width: 14.2857%; height: 24px; text-align: center;\">90g<\/td>\n<td style=\"width: 14.2857%; height: 24px; text-align: center;\">3 + 3 tips<\/td>\n<td style=\"width: 14.2857%; height: 24px; text-align: center;\">127cm<\/td>\n<td style=\"width: 14.2857%; height: 24px; text-align: center;\">1.5oz &#8211; 2oz &#8211; 2.5oz<\/td>\n<td style=\"width: 14.2857%; height: 24px; text-align: center;\">3 &#8211; 12 lb<\/td>\n<\/tr>\n<tr style=\"height: 24px;\">\n<td style=\"width: 14.2857%; height: 24px; text-align: center;\"><strong>TNSLRF1303QCU<\/strong><\/td>\n<td style=\"width: 14.2857%; height: 24px; text-align: center;\">13ft \/ 3,96m<\/td>\n<td style=\"width: 14.2857%; height: 24px; text-align: center;\">150g<\/td>\n<td style=\"width: 14.2857%; height: 24px; text-align: center;\">3 + 3 tips<\/td>\n<td style=\"width: 14.2857%; height: 24px; text-align: center;\">137cm<\/td>\n<td style=\"width: 14.2857%; height: 24px; text-align: center;\">1.5oz &#8211; 2oz &#8211; 3oz<\/td>\n<td style=\"width: 14.2857%; height: 24px; text-align: center;\">3 &#8211; 12 lb<\/td>\n<\/tr>\n<\/tbody>\n<\/table>\n<p>&nbsp;<\/p>\n","protected":false},"excerpt":{"rendered":"<p>La serie Tournament SLR rappresenta l\u2019evoluzione pi\u00f9 avanzata nel design delle canne da feeder, frutto di anni di test e perfezionamenti realizzati dai migliori ingegneri Daiwa in collaborazione con alcuni dei pi\u00f9 affermati agonisti europei. Ogni dettaglio \u00e8 stato ottimizzato per garantire prestazioni di livello \u00e9lite, offrendo un perfetto equilibrio tra potenza di lancio, precisione [&hellip;]<\/p>\n","protected":false},"featured_media":105867,"comment_status":"closed","ping_status":"closed","template":"","meta":[],"product_cat":[315],"product_tag":[1051],"yoast_head":"<!-- This site is optimized with the Yoast SEO plugin v15.3 - https:\/\/yoast.com\/wordpress\/plugins\/seo\/ -->\n<title>Canna Tournament SLR Feeder - Daiwa - Pesca Fish<\/title>\n<meta name=\"robots\" content=\"index, follow, max-snippet:-1, max-image-preview:large, max-video-preview:-1\" \/>\n<link rel=\"canonical\" href=\"https:\/\/www.pescafish.it\/new\/prodotto\/canna-tournament-slr-feeder-daiwa\/\" \/>\n<meta property=\"og:locale\" content=\"it_IT\" \/>\n<meta property=\"og:type\" content=\"article\" \/>\n<meta property=\"og:title\" content=\"Canna Tournament SLR Feeder - Daiwa - Pesca Fish\" \/>\n<meta property=\"og:description\" content=\"La serie Tournament SLR rappresenta l\u2019evoluzione pi\u00f9 avanzata nel design delle canne da feeder, frutto di anni di test e perfezionamenti realizzati dai migliori ingegneri Daiwa in collaborazione con alcuni dei pi\u00f9 affermati agonisti europei. Ogni dettaglio \u00e8 stato ottimizzato per garantire prestazioni di livello \u00e9lite, offrendo un perfetto equilibrio tra potenza di lancio, precisione [&hellip;]\" \/>\n<meta property=\"og:url\" content=\"https:\/\/www.pescafish.it\/new\/prodotto\/canna-tournament-slr-feeder-daiwa\/\" \/>\n<meta property=\"og:site_name\" content=\"Pesca Fish\" \/>\n<meta property=\"article:publisher\" content=\"https:\/\/www.facebook.com\/pescafishvr\/\" \/>\n<meta property=\"og:image\" content=\"https:\/\/www.pescafish.it\/new\/wp-content\/uploads\/2025\/10\/tournament-slr-feeder.jpg\" \/>\n\t<meta property=\"og:image:width\" content=\"1000\" \/>\n\t<meta property=\"og:image:height\" content=\"1000\" \/>\n<meta name=\"twitter:card\" content=\"summary_large_image\" \/>\n<meta name=\"twitter:label1\" content=\"Scritto da\">\n\t<meta name=\"twitter:data1\" content=\"francesca\">\n\t<meta name=\"twitter:label2\" content=\"Tempo di lettura stimato\">\n\t<meta name=\"twitter:data2\" content=\"2 minuti\">\n<script type=\"application\/ld+json\" class=\"yoast-schema-graph\">{\"@context\":\"https:\/\/schema.org\",\"@graph\":[{\"@type\":\"WebSite\",\"@id\":\"https:\/\/www.pescafish.it\/new\/#website\",\"url\":\"https:\/\/www.pescafish.it\/new\/\",\"name\":\"Pesca Fish\",\"description\":\"Benvenuti sul nostro sito!\",\"potentialAction\":[{\"@type\":\"SearchAction\",\"target\":\"https:\/\/www.pescafish.it\/new\/?s={search_term_string}\",\"query-input\":\"required name=search_term_string\"}],\"inLanguage\":\"it-IT\"},{\"@type\":\"ImageObject\",\"@id\":\"https:\/\/www.pescafish.it\/new\/prodotto\/canna-tournament-slr-feeder-daiwa\/#primaryimage\",\"inLanguage\":\"it-IT\",\"url\":\"https:\/\/www.pescafish.it\/new\/wp-content\/uploads\/2025\/10\/tournament-slr-feeder.jpg\",\"width\":1000,\"height\":1000,\"caption\":\"tournament slr feeder daiwa\"},{\"@type\":\"WebPage\",\"@id\":\"https:\/\/www.pescafish.it\/new\/prodotto\/canna-tournament-slr-feeder-daiwa\/#webpage\",\"url\":\"https:\/\/www.pescafish.it\/new\/prodotto\/canna-tournament-slr-feeder-daiwa\/\",\"name\":\"Canna Tournament SLR Feeder - Daiwa - Pesca Fish\",\"isPartOf\":{\"@id\":\"https:\/\/www.pescafish.it\/new\/#website\"},\"primaryImageOfPage\":{\"@id\":\"https:\/\/www.pescafish.it\/new\/prodotto\/canna-tournament-slr-feeder-daiwa\/#primaryimage\"},\"datePublished\":\"2025-10-11T09:31:10+00:00\",\"dateModified\":\"2025-10-11T09:31:10+00:00\",\"inLanguage\":\"it-IT\",\"potentialAction\":[{\"@type\":\"ReadAction\",\"target\":[\"https:\/\/www.pescafish.it\/new\/prodotto\/canna-tournament-slr-feeder-daiwa\/\"]}]}]}<\/script>\n<!-- \/ Yoast SEO plugin. -->","_links":{"self":[{"href":"https:\/\/www.pescafish.it\/new\/wp-json\/wp\/v2\/product\/105866"}],"collection":[{"href":"https:\/\/www.pescafish.it\/new\/wp-json\/wp\/v2\/product"}],"about":[{"href":"https:\/\/www.pescafish.it\/new\/wp-json\/wp\/v2\/types\/product"}],"replies":[{"embeddable":true,"href":"https:\/\/www.pescafish.it\/new\/wp-json\/wp\/v2\/comments?post=105866"}],"wp:featuredmedia":[{"embeddable":true,"href":"https:\/\/www.pescafish.it\/new\/wp-json\/wp\/v2\/media\/105867"}],"wp:attachment":[{"href":"https:\/\/www.pescafish.it\/new\/wp-json\/wp\/v2\/media?parent=105866"}],"wp:term":[{"taxonomy":"product_cat","embeddable":true,"href":"https:\/\/www.pescafish.it\/new\/wp-json\/wp\/v2\/product_cat?post=105866"},{"taxonomy":"product_tag","embeddable":true,"href":"https:\/\/www.pescafish.it\/new\/wp-json\/wp\/v2\/product_tag?post=105866"}],"curies":[{"name":"wp","href":"https:\/\/api.w.org\/{rel}","templated":true}]}}