{"id":10586,"date":"2015-12-01T11:37:27","date_gmt":"2015-12-01T10:37:27","guid":{"rendered":"http:\/\/www.pescafish.it\/new\/jack-links-sespin"},"modified":"2023-12-19T12:08:07","modified_gmt":"2023-12-19T11:08:07","slug":"jack-links-seaspin","status":"publish","type":"product","link":"https:\/\/www.pescafish.it\/new\/prodotto\/jack-links-seaspin\/","title":{"rendered":"Jack Links &#8211; Seaspin"},"content":{"rendered":"<p>I Jack sono il risultato tutto italiano della volont\u00e0 di avere degli agganci rapidi pi\u00f9 sicuri e con misure pi\u00f9 specifiche in base alle nostre necessit\u00e0. Forma leggermente ovale e allungata per essere idrodinamici e ininfluenti sul nuoto dell&#8217;artificiale, sono realizzati in acciaio inox al titanio (AISI 316-Ti) per mantenere la tenuta inalterata nel tempo anche in acqua di mare.<\/p>\n<p><strong>Disponibili nelle seguenti varianti:<br \/>\nUT5328\u00a0 <\/strong>6lb<strong><br \/>\nUT5396\u00a0 <\/strong>10lb<br \/>\n<strong>UT424<\/strong>\u00a0 20lb<br \/>\n<strong>UT425\u00a0<\/strong> 35lb<br \/>\n<b>UT426<\/b>\u00a0 70lb<\/p>\n<p><strong>Confezione da 10 pezzi.<\/strong><\/p>\n","protected":false},"excerpt":{"rendered":"<p>I Jack sono il risultato tutto italiano della volont\u00e0 di avere degli agganci rapidi pi\u00f9 sicuri e con misure pi\u00f9 specifiche in base alle nostre necessit\u00e0. Forma leggermente ovale e allungata per essere idrodinamici e ininfluenti sul nuoto dell&#8217;artificiale, sono realizzati in acciaio inox al titanio (AISI 316-Ti) per mantenere la tenuta inalterata nel tempo [&hellip;]<\/p>\n","protected":false},"featured_media":62774,"comment_status":"closed","ping_status":"closed","template":"","meta":[],"product_cat":[688],"product_tag":[1166],"yoast_head":"<!-- This site is optimized with the Yoast SEO plugin v15.3 - https:\/\/yoast.com\/wordpress\/plugins\/seo\/ -->\n<title>Jack Links - Seaspin - Pesca Fish<\/title>\n<meta name=\"robots\" content=\"index, follow, max-snippet:-1, max-image-preview:large, max-video-preview:-1\" \/>\n<link rel=\"canonical\" href=\"https:\/\/www.pescafish.it\/new\/prodotto\/jack-links-seaspin\/\" \/>\n<meta property=\"og:locale\" content=\"it_IT\" \/>\n<meta property=\"og:type\" content=\"article\" \/>\n<meta property=\"og:title\" content=\"Jack Links - Seaspin - Pesca Fish\" \/>\n<meta property=\"og:description\" content=\"I Jack sono il risultato tutto italiano della volont\u00e0 di avere degli agganci rapidi pi\u00f9 sicuri e con misure pi\u00f9 specifiche in base alle nostre necessit\u00e0. Forma leggermente ovale e allungata per essere idrodinamici e ininfluenti sul nuoto dell&#8217;artificiale, sono realizzati in acciaio inox al titanio (AISI 316-Ti) per mantenere la tenuta inalterata nel tempo [&hellip;]\" \/>\n<meta property=\"og:url\" content=\"https:\/\/www.pescafish.it\/new\/prodotto\/jack-links-seaspin\/\" \/>\n<meta property=\"og:site_name\" content=\"Pesca Fish\" \/>\n<meta property=\"article:publisher\" content=\"https:\/\/www.facebook.com\/pescafishvr\/\" \/>\n<meta property=\"article:modified_time\" content=\"2023-12-19T11:08:07+00:00\" \/>\n<meta property=\"og:image\" content=\"https:\/\/www.pescafish.it\/new\/wp-content\/uploads\/2015\/12\/JACK-LINKS-SEASPIN.jpg\" \/>\n\t<meta property=\"og:image:width\" content=\"508\" \/>\n\t<meta property=\"og:image:height\" content=\"496\" \/>\n<meta name=\"twitter:card\" content=\"summary_large_image\" \/>\n<meta name=\"twitter:label1\" content=\"Scritto da\">\n\t<meta name=\"twitter:data1\" content=\"francesca\">\n\t<meta name=\"twitter:label2\" content=\"Tempo di lettura stimato\">\n\t<meta name=\"twitter:data2\" content=\"0 minuti\">\n<script type=\"application\/ld+json\" class=\"yoast-schema-graph\">{\"@context\":\"https:\/\/schema.org\",\"@graph\":[{\"@type\":\"WebSite\",\"@id\":\"https:\/\/www.pescafish.it\/new\/#website\",\"url\":\"https:\/\/www.pescafish.it\/new\/\",\"name\":\"Pesca Fish\",\"description\":\"Benvenuti sul nostro sito!\",\"potentialAction\":[{\"@type\":\"SearchAction\",\"target\":\"https:\/\/www.pescafish.it\/new\/?s={search_term_string}\",\"query-input\":\"required name=search_term_string\"}],\"inLanguage\":\"it-IT\"},{\"@type\":\"ImageObject\",\"@id\":\"https:\/\/www.pescafish.it\/new\/prodotto\/jack-links-seaspin\/#primaryimage\",\"inLanguage\":\"it-IT\",\"url\":\"https:\/\/www.pescafish.it\/new\/wp-content\/uploads\/2015\/12\/JACK-LINKS-SEASPIN.jpg\",\"width\":508,\"height\":496,\"caption\":\"JACK LINKS SEASPIN\"},{\"@type\":\"WebPage\",\"@id\":\"https:\/\/www.pescafish.it\/new\/prodotto\/jack-links-seaspin\/#webpage\",\"url\":\"https:\/\/www.pescafish.it\/new\/prodotto\/jack-links-seaspin\/\",\"name\":\"Jack Links - Seaspin - Pesca Fish\",\"isPartOf\":{\"@id\":\"https:\/\/www.pescafish.it\/new\/#website\"},\"primaryImageOfPage\":{\"@id\":\"https:\/\/www.pescafish.it\/new\/prodotto\/jack-links-seaspin\/#primaryimage\"},\"datePublished\":\"2015-12-01T10:37:27+00:00\",\"dateModified\":\"2023-12-19T11:08:07+00:00\",\"inLanguage\":\"it-IT\",\"potentialAction\":[{\"@type\":\"ReadAction\",\"target\":[\"https:\/\/www.pescafish.it\/new\/prodotto\/jack-links-seaspin\/\"]}]}]}<\/script>\n<!-- \/ Yoast SEO plugin. -->","_links":{"self":[{"href":"https:\/\/www.pescafish.it\/new\/wp-json\/wp\/v2\/product\/10586"}],"collection":[{"href":"https:\/\/www.pescafish.it\/new\/wp-json\/wp\/v2\/product"}],"about":[{"href":"https:\/\/www.pescafish.it\/new\/wp-json\/wp\/v2\/types\/product"}],"replies":[{"embeddable":true,"href":"https:\/\/www.pescafish.it\/new\/wp-json\/wp\/v2\/comments?post=10586"}],"wp:featuredmedia":[{"embeddable":true,"href":"https:\/\/www.pescafish.it\/new\/wp-json\/wp\/v2\/media\/62774"}],"wp:attachment":[{"href":"https:\/\/www.pescafish.it\/new\/wp-json\/wp\/v2\/media?parent=10586"}],"wp:term":[{"taxonomy":"product_cat","embeddable":true,"href":"https:\/\/www.pescafish.it\/new\/wp-json\/wp\/v2\/product_cat?post=10586"},{"taxonomy":"product_tag","embeddable":true,"href":"https:\/\/www.pescafish.it\/new\/wp-json\/wp\/v2\/product_tag?post=10586"}],"curies":[{"name":"wp","href":"https:\/\/api.w.org\/{rel}","templated":true}]}}