{"id":105858,"date":"2025-10-11T10:35:09","date_gmt":"2025-10-11T08:35:09","guid":{"rendered":"https:\/\/www.pescafish.it\/new\/?post_type=product&#038;p=105858"},"modified":"2025-10-15T10:17:48","modified_gmt":"2025-10-15T08:17:48","slug":"canna-tournament-s-feeder-daiwa","status":"publish","type":"product","link":"https:\/\/www.pescafish.it\/new\/prodotto\/canna-tournament-s-feeder-daiwa\/","title":{"rendered":"Canna Tournament-S Feeder &#8211; Daiwa"},"content":{"rendered":"<p>Nel 1998, gli ingegneri Daiwa fissarono un nuovo standard nel design delle canne con il lancio della Tournament-S originale \u2014 un modello che sarebbe rapidamente diventato una delle canne da feeder pi\u00f9 iconiche e versatili di sempre. A pi\u00f9 di vent\u2019anni di distanza, quello stesso spirito di innovazione e adattabilit\u00e0 ritorna con la nuova serie Tournament-S.<br \/>\nIspirandosi al modello originale e allo stesso tempo incorporando le pi\u00f9 recenti innovazioni in materiali e costruzione, le nuove Tournament-S sono progettate per rispondere alle esigenze dei pescatori feeder moderni senza perdere di vista ci\u00f2 che rese l\u2019originale cos\u00ec speciale. Ogni dettaglio \u00e8 stato perfezionato per garantire lanci fluidi, controllo preciso e la robustezza necessaria ad affrontare condizioni impegnative.<br \/>\nAl centro della gamma troviamo l\u2019ultra reattiva 10Q, una canna elegante e performante, perfetta per situazioni di pesca finesse. All\u2019estremit\u00e0 opposta, il potente modello da 13\u20196\u201d \u00e8 pensato per raggiungere lunghe distanze con facilit\u00e0 o per affrontare le forti correnti dei grandi fiumi. Ogni modello della serie \u00e8 stato sviluppato con cura per offrire un mix perfetto di sensibilit\u00e0, forza e versatilit\u00e0 \u2014 fedele all\u2019eredit\u00e0 Tournament-S.<br \/>\nChe tu stia cercando i morsi pi\u00f9 timidi in acque ferme o puntando al barbo in correnti rapide, la nuova serie Tournament-S offre l\u2019equilibrio e l\u2019affidabilit\u00e0 necessari per performare ai massimi livelli. Non \u00e8 solo una nuova serie \u2014 \u00e8 l\u2019evoluzione di un classico.<\/p>\n<p>\u2022 Blank in carbonio HVF NANOPLUS<br \/>\n\u2022 Innesti V-Joint Alpha<br \/>\n\u2022 Manico in Sughero\/EVA con Armlock<br \/>\n\u2022 Placca porta-mulinello Tournament<br \/>\n\u2022 Anelli Seaguide TDG<br \/>\n\u2022 Anellino Hook keeper<br \/>\n\u2022 3 Quiver tip Megatop 10\u2019, 11\u2019 e 12\u2019<br \/>\n\u2022 3 Quiver tip Carbon CT 12\u20196\u201d e 13\u20196\u201d<\/p>\n<p><strong>Disponibile nei seguenti modelli:<\/strong><\/p>\n<table style=\"height: 120px; width: 100%; border-collapse: collapse; border-color: #000000;\" border=\"2\">\n<tbody>\n<tr style=\"height: 24px;\">\n<td style=\"width: 16.6667%; height: 24px; text-align: center;\"><strong>Modello<\/strong><\/td>\n<td style=\"width: 16.6667%; height: 24px; text-align: center;\"><strong>Lunghezza<\/strong><\/td>\n<td style=\"width: 16.6667%; height: 24px; text-align: center;\"><strong>Potenza<\/strong><\/td>\n<td style=\"width: 16.6667%; height: 24px; text-align: center;\"><strong>N\u00b0 sezioni<\/strong><\/td>\n<td style=\"width: 16.6667%; height: 24px; text-align: center;\"><strong>Ingombro<\/strong><\/td>\n<td style=\"width: 16.6667%; height: 24px; text-align: center;\"><strong>Cimini<\/strong><\/td>\n<\/tr>\n<tr style=\"height: 24px;\">\n<td style=\"width: 16.6667%; height: 24px; text-align: center;\"><strong>TNSF10QAU<\/strong><\/td>\n<td style=\"width: 16.6667%; height: 24px; text-align: center;\">10ft \/ 3,05m<\/td>\n<td style=\"width: 16.6667%; height: 24px; text-align: center;\">30g<\/td>\n<td style=\"width: 16.6667%; height: 24px; text-align: center;\">2 + 3 tips<\/td>\n<td style=\"width: 16.6667%; height: 24px; text-align: center;\">156cm<\/td>\n<td style=\"width: 16.6667%; height: 24px; text-align: center;\">0.75oz &#8211; 1oz &#8211; 1.5oz<\/td>\n<\/tr>\n<tr style=\"height: 24px;\">\n<td style=\"width: 16.6667%; height: 24px; text-align: center;\"><strong>TNSF11QAU<\/strong><\/td>\n<td style=\"width: 16.6667%; height: 24px; text-align: center;\">11ft \/ 3,35m<\/td>\n<td style=\"width: 16.6667%; height: 24px; text-align: center;\">40g<\/td>\n<td style=\"width: 16.6667%; height: 24px; text-align: center;\">2 + 3 tips<\/td>\n<td style=\"width: 16.6667%; height: 24px; text-align: center;\">171cm<\/td>\n<td style=\"width: 16.6667%; height: 24px; text-align: center;\">0.75oz &#8211; 1oz &#8211; 1.5oz<\/td>\n<\/tr>\n<tr>\n<td style=\"width: 16.6667%; text-align: center;\"><strong>TNSF12QAU<br \/>\n<\/strong><\/td>\n<td style=\"width: 16.6667%; text-align: center;\">12ft \/ 3,66m<\/td>\n<td style=\"width: 16.6667%; text-align: center;\">50g<\/td>\n<td style=\"width: 16.6667%; text-align: center;\">3 + 3 tips<\/td>\n<td style=\"width: 16.6667%; text-align: center;\">128cm<\/td>\n<td style=\"width: 16.6667%; text-align: center;\">0.75oz &#8211; 1oz &#8211; 1.5oz<\/td>\n<\/tr>\n<tr style=\"height: 24px;\">\n<td style=\"width: 16.6667%; height: 24px; text-align: center;\"><strong>TNSF126QAU<\/strong><\/td>\n<td style=\"width: 16.6667%; height: 24px; text-align: center;\">12\u20196ft \/ 3,81m<\/td>\n<td style=\"width: 16.6667%; height: 24px; text-align: center;\">100g<\/td>\n<td style=\"width: 16.6667%; height: 24px; text-align: center;\">3 + 3 tips<\/p>\n<p>&nbsp;<\/td>\n<td style=\"width: 16.6667%; height: 24px; text-align: center;\">142cm<\/td>\n<td style=\"width: 16.6667%; height: 24px; text-align: center;\">1.5oz &#8211; 2oz &#8211; 3oz<\/td>\n<\/tr>\n<tr style=\"height: 24px;\">\n<td style=\"width: 16.6667%; height: 24px; text-align: center;\"><strong>TNSF136QAU<\/strong><\/td>\n<td style=\"width: 16.6667%; height: 24px; text-align: center;\">13\u20196ft \/ 4,11m<\/td>\n<td style=\"width: 16.6667%; height: 24px; text-align: center;\">120g<\/td>\n<td style=\"width: 16.6667%; height: 24px; text-align: center;\">3 + 3 tips<\/td>\n<td style=\"width: 16.6667%; height: 24px; text-align: center;\">142cm<\/td>\n<td style=\"width: 16.6667%; height: 24px; text-align: center;\">2oz &#8211; 3oz &#8211; 4oz<\/p>\n<p>&nbsp;<\/td>\n<\/tr>\n<\/tbody>\n<\/table>\n<p>&nbsp;<\/p>\n","protected":false},"excerpt":{"rendered":"<p>Nel 1998, gli ingegneri Daiwa fissarono un nuovo standard nel design delle canne con il lancio della Tournament-S originale \u2014 un modello che sarebbe rapidamente diventato una delle canne da feeder pi\u00f9 iconiche e versatili di sempre. A pi\u00f9 di vent\u2019anni di distanza, quello stesso spirito di innovazione e adattabilit\u00e0 ritorna con la nuova serie [&hellip;]<\/p>\n","protected":false},"featured_media":105859,"comment_status":"closed","ping_status":"closed","template":"","meta":[],"product_cat":[315],"product_tag":[1051],"yoast_head":"<!-- This site is optimized with the Yoast SEO plugin v15.3 - https:\/\/yoast.com\/wordpress\/plugins\/seo\/ -->\n<title>Canna Tournament-S Feeder - Daiwa - Pesca Fish<\/title>\n<meta name=\"robots\" content=\"index, follow, max-snippet:-1, max-image-preview:large, max-video-preview:-1\" \/>\n<link rel=\"canonical\" href=\"https:\/\/www.pescafish.it\/new\/prodotto\/canna-tournament-s-feeder-daiwa\/\" \/>\n<meta property=\"og:locale\" content=\"it_IT\" \/>\n<meta property=\"og:type\" content=\"article\" \/>\n<meta property=\"og:title\" content=\"Canna Tournament-S Feeder - Daiwa - Pesca Fish\" \/>\n<meta property=\"og:description\" content=\"Nel 1998, gli ingegneri Daiwa fissarono un nuovo standard nel design delle canne con il lancio della Tournament-S originale \u2014 un modello che sarebbe rapidamente diventato una delle canne da feeder pi\u00f9 iconiche e versatili di sempre. A pi\u00f9 di vent\u2019anni di distanza, quello stesso spirito di innovazione e adattabilit\u00e0 ritorna con la nuova serie [&hellip;]\" \/>\n<meta property=\"og:url\" content=\"https:\/\/www.pescafish.it\/new\/prodotto\/canna-tournament-s-feeder-daiwa\/\" \/>\n<meta property=\"og:site_name\" content=\"Pesca Fish\" \/>\n<meta property=\"article:publisher\" content=\"https:\/\/www.facebook.com\/pescafishvr\/\" \/>\n<meta property=\"article:modified_time\" content=\"2025-10-15T08:17:48+00:00\" \/>\n<meta property=\"og:image\" content=\"https:\/\/www.pescafish.it\/new\/wp-content\/uploads\/2025\/10\/tournament-s-feeder.jpg\" \/>\n\t<meta property=\"og:image:width\" content=\"1000\" \/>\n\t<meta property=\"og:image:height\" content=\"1000\" \/>\n<meta name=\"twitter:card\" content=\"summary_large_image\" \/>\n<meta name=\"twitter:label1\" content=\"Scritto da\">\n\t<meta name=\"twitter:data1\" content=\"francesca\">\n\t<meta name=\"twitter:label2\" content=\"Tempo di lettura stimato\">\n\t<meta name=\"twitter:data2\" content=\"1 minuto\">\n<script type=\"application\/ld+json\" class=\"yoast-schema-graph\">{\"@context\":\"https:\/\/schema.org\",\"@graph\":[{\"@type\":\"WebSite\",\"@id\":\"https:\/\/www.pescafish.it\/new\/#website\",\"url\":\"https:\/\/www.pescafish.it\/new\/\",\"name\":\"Pesca Fish\",\"description\":\"Benvenuti sul nostro sito!\",\"potentialAction\":[{\"@type\":\"SearchAction\",\"target\":\"https:\/\/www.pescafish.it\/new\/?s={search_term_string}\",\"query-input\":\"required name=search_term_string\"}],\"inLanguage\":\"it-IT\"},{\"@type\":\"ImageObject\",\"@id\":\"https:\/\/www.pescafish.it\/new\/prodotto\/canna-tournament-s-feeder-daiwa\/#primaryimage\",\"inLanguage\":\"it-IT\",\"url\":\"https:\/\/www.pescafish.it\/new\/wp-content\/uploads\/2025\/10\/tournament-s-feeder.jpg\",\"width\":1000,\"height\":1000,\"caption\":\"tournament-s feeder daiwa\"},{\"@type\":\"WebPage\",\"@id\":\"https:\/\/www.pescafish.it\/new\/prodotto\/canna-tournament-s-feeder-daiwa\/#webpage\",\"url\":\"https:\/\/www.pescafish.it\/new\/prodotto\/canna-tournament-s-feeder-daiwa\/\",\"name\":\"Canna Tournament-S Feeder - Daiwa - Pesca Fish\",\"isPartOf\":{\"@id\":\"https:\/\/www.pescafish.it\/new\/#website\"},\"primaryImageOfPage\":{\"@id\":\"https:\/\/www.pescafish.it\/new\/prodotto\/canna-tournament-s-feeder-daiwa\/#primaryimage\"},\"datePublished\":\"2025-10-11T08:35:09+00:00\",\"dateModified\":\"2025-10-15T08:17:48+00:00\",\"inLanguage\":\"it-IT\",\"potentialAction\":[{\"@type\":\"ReadAction\",\"target\":[\"https:\/\/www.pescafish.it\/new\/prodotto\/canna-tournament-s-feeder-daiwa\/\"]}]}]}<\/script>\n<!-- \/ Yoast SEO plugin. -->","_links":{"self":[{"href":"https:\/\/www.pescafish.it\/new\/wp-json\/wp\/v2\/product\/105858"}],"collection":[{"href":"https:\/\/www.pescafish.it\/new\/wp-json\/wp\/v2\/product"}],"about":[{"href":"https:\/\/www.pescafish.it\/new\/wp-json\/wp\/v2\/types\/product"}],"replies":[{"embeddable":true,"href":"https:\/\/www.pescafish.it\/new\/wp-json\/wp\/v2\/comments?post=105858"}],"wp:featuredmedia":[{"embeddable":true,"href":"https:\/\/www.pescafish.it\/new\/wp-json\/wp\/v2\/media\/105859"}],"wp:attachment":[{"href":"https:\/\/www.pescafish.it\/new\/wp-json\/wp\/v2\/media?parent=105858"}],"wp:term":[{"taxonomy":"product_cat","embeddable":true,"href":"https:\/\/www.pescafish.it\/new\/wp-json\/wp\/v2\/product_cat?post=105858"},{"taxonomy":"product_tag","embeddable":true,"href":"https:\/\/www.pescafish.it\/new\/wp-json\/wp\/v2\/product_tag?post=105858"}],"curies":[{"name":"wp","href":"https:\/\/api.w.org\/{rel}","templated":true}]}}