{"id":105851,"date":"2025-10-09T11:04:53","date_gmt":"2025-10-09T09:04:53","guid":{"rendered":"https:\/\/www.pescafish.it\/new\/?post_type=product&#038;p=105851"},"modified":"2025-10-09T11:16:37","modified_gmt":"2025-10-09T09:16:37","slug":"canna-dinamite-tnt-400-artico","status":"publish","type":"product","link":"https:\/\/www.pescafish.it\/new\/prodotto\/canna-dinamite-tnt-400-artico\/","title":{"rendered":"Canna Dinamite TNT 400 &#8211; Artico"},"content":{"rendered":"<p>La Dinamite TNT Medium copre le grammature da 100 a 160 grammi. Leggera e molto ben bilanciata, \u00e8 un ottimo compromesso tra potenza e sensibilit\u00e0.<br \/>\nLa canna \u00e8 molto divertente: perfetta nel lancio o a bolentino o in light drifting .<br \/>\nIn pesca tutta l&#8217;energia della preda viene trasmessa al pescatore, ma al contempo se serve forzare la preda o si ha la necessita di gestirne la fuga, la canna risponde molto bene ai comandi e non scende a compromessi.<br \/>\nOttima nella pesca delle palamite, nella pesca nei pozzi e nei fondali dai 30 ai 50 metri.<br \/>\nDue i cimini in dotazione, entrambi realizzati a mano appositamente per questa canna, il primo copre fino a 100 grammi l&#8217;altro fino ai 160 grammi.<\/p>\n<p>Personalizzata &#8220;Salvatore Mauro&#8221;.<\/p>\n","protected":false},"excerpt":{"rendered":"<p>La Dinamite TNT Medium copre le grammature da 100 a 160 grammi. Leggera e molto ben bilanciata, \u00e8 un ottimo compromesso tra potenza e sensibilit\u00e0. La canna \u00e8 molto divertente: perfetta nel lancio o a bolentino o in light drifting . In pesca tutta l&#8217;energia della preda viene trasmessa al pescatore, ma al contempo se [&hellip;]<\/p>\n","protected":false},"featured_media":105854,"comment_status":"closed","ping_status":"closed","template":"","meta":[],"product_cat":[880,81],"product_tag":[1069],"yoast_head":"<!-- This site is optimized with the Yoast SEO plugin v15.3 - https:\/\/yoast.com\/wordpress\/plugins\/seo\/ -->\n<title>Canna Dinamite TNT 400 - Artico - Pesca Fish<\/title>\n<meta name=\"robots\" content=\"index, follow, max-snippet:-1, max-image-preview:large, max-video-preview:-1\" \/>\n<link rel=\"canonical\" href=\"https:\/\/www.pescafish.it\/new\/prodotto\/canna-dinamite-tnt-400-artico\/\" \/>\n<meta property=\"og:locale\" content=\"it_IT\" \/>\n<meta property=\"og:type\" content=\"article\" \/>\n<meta property=\"og:title\" content=\"Canna Dinamite TNT 400 - Artico - Pesca Fish\" \/>\n<meta property=\"og:description\" content=\"La Dinamite TNT Medium copre le grammature da 100 a 160 grammi. Leggera e molto ben bilanciata, \u00e8 un ottimo compromesso tra potenza e sensibilit\u00e0. La canna \u00e8 molto divertente: perfetta nel lancio o a bolentino o in light drifting . In pesca tutta l&#8217;energia della preda viene trasmessa al pescatore, ma al contempo se [&hellip;]\" \/>\n<meta property=\"og:url\" content=\"https:\/\/www.pescafish.it\/new\/prodotto\/canna-dinamite-tnt-400-artico\/\" \/>\n<meta property=\"og:site_name\" content=\"Pesca Fish\" \/>\n<meta property=\"article:publisher\" content=\"https:\/\/www.facebook.com\/pescafishvr\/\" \/>\n<meta property=\"article:modified_time\" content=\"2025-10-09T09:16:37+00:00\" \/>\n<meta property=\"og:image\" content=\"https:\/\/www.pescafish.it\/new\/wp-content\/uploads\/2025\/10\/TNT-MED-1024x1024-1.jpg\" \/>\n\t<meta property=\"og:image:width\" content=\"1024\" \/>\n\t<meta property=\"og:image:height\" content=\"1024\" \/>\n<meta name=\"twitter:card\" content=\"summary_large_image\" \/>\n<meta name=\"twitter:label1\" content=\"Scritto da\">\n\t<meta name=\"twitter:data1\" content=\"francesca\">\n\t<meta name=\"twitter:label2\" content=\"Tempo di lettura stimato\">\n\t<meta name=\"twitter:data2\" content=\"0 minuti\">\n<script type=\"application\/ld+json\" class=\"yoast-schema-graph\">{\"@context\":\"https:\/\/schema.org\",\"@graph\":[{\"@type\":\"WebSite\",\"@id\":\"https:\/\/www.pescafish.it\/new\/#website\",\"url\":\"https:\/\/www.pescafish.it\/new\/\",\"name\":\"Pesca Fish\",\"description\":\"Benvenuti sul nostro sito!\",\"potentialAction\":[{\"@type\":\"SearchAction\",\"target\":\"https:\/\/www.pescafish.it\/new\/?s={search_term_string}\",\"query-input\":\"required name=search_term_string\"}],\"inLanguage\":\"it-IT\"},{\"@type\":\"ImageObject\",\"@id\":\"https:\/\/www.pescafish.it\/new\/prodotto\/canna-dinamite-tnt-400-artico\/#primaryimage\",\"inLanguage\":\"it-IT\",\"url\":\"https:\/\/www.pescafish.it\/new\/wp-content\/uploads\/2025\/10\/TNT-MED-1024x1024-1.jpg\",\"width\":1024,\"height\":1024},{\"@type\":\"WebPage\",\"@id\":\"https:\/\/www.pescafish.it\/new\/prodotto\/canna-dinamite-tnt-400-artico\/#webpage\",\"url\":\"https:\/\/www.pescafish.it\/new\/prodotto\/canna-dinamite-tnt-400-artico\/\",\"name\":\"Canna Dinamite TNT 400 - Artico - Pesca Fish\",\"isPartOf\":{\"@id\":\"https:\/\/www.pescafish.it\/new\/#website\"},\"primaryImageOfPage\":{\"@id\":\"https:\/\/www.pescafish.it\/new\/prodotto\/canna-dinamite-tnt-400-artico\/#primaryimage\"},\"datePublished\":\"2025-10-09T09:04:53+00:00\",\"dateModified\":\"2025-10-09T09:16:37+00:00\",\"inLanguage\":\"it-IT\",\"potentialAction\":[{\"@type\":\"ReadAction\",\"target\":[\"https:\/\/www.pescafish.it\/new\/prodotto\/canna-dinamite-tnt-400-artico\/\"]}]}]}<\/script>\n<!-- \/ Yoast SEO plugin. -->","_links":{"self":[{"href":"https:\/\/www.pescafish.it\/new\/wp-json\/wp\/v2\/product\/105851"}],"collection":[{"href":"https:\/\/www.pescafish.it\/new\/wp-json\/wp\/v2\/product"}],"about":[{"href":"https:\/\/www.pescafish.it\/new\/wp-json\/wp\/v2\/types\/product"}],"replies":[{"embeddable":true,"href":"https:\/\/www.pescafish.it\/new\/wp-json\/wp\/v2\/comments?post=105851"}],"wp:featuredmedia":[{"embeddable":true,"href":"https:\/\/www.pescafish.it\/new\/wp-json\/wp\/v2\/media\/105854"}],"wp:attachment":[{"href":"https:\/\/www.pescafish.it\/new\/wp-json\/wp\/v2\/media?parent=105851"}],"wp:term":[{"taxonomy":"product_cat","embeddable":true,"href":"https:\/\/www.pescafish.it\/new\/wp-json\/wp\/v2\/product_cat?post=105851"},{"taxonomy":"product_tag","embeddable":true,"href":"https:\/\/www.pescafish.it\/new\/wp-json\/wp\/v2\/product_tag?post=105851"}],"curies":[{"name":"wp","href":"https:\/\/api.w.org\/{rel}","templated":true}]}}