{"id":105585,"date":"2025-09-12T14:53:54","date_gmt":"2025-09-12T12:53:54","guid":{"rendered":"https:\/\/www.pescafish.it\/new\/?post_type=product&#038;p=105585"},"modified":"2025-09-12T14:53:54","modified_gmt":"2025-09-12T12:53:54","slug":"iso-fish-wafters-mainline","status":"publish","type":"product","link":"https:\/\/www.pescafish.it\/new\/prodotto\/iso-fish-wafters-mainline\/","title":{"rendered":"ISO Fish Wafters\u00a0&#8211; Mainline"},"content":{"rendered":"<h2>ISO Fish Wafters<\/h2>\n<p><span dir=\"auto\">Le NUOVE esche da innesco Mainline Wafter sono state progettate per offrire un vantaggio avanzato alle prestazioni della presentazione del tuo rig senza complessit\u00e0. Basta infilare un Wafter sul tuo hair rig scelto e lasciare che il peso dell&#8217;amo stabilisca il Wafter ad affondamento lento in una posizione di &#8220;bilanciamento critico&#8221;&#8230;<\/span><\/p>\n<p><span dir=\"auto\">Dopo un lungo e approfondito periodo di test, siamo stati in grado di combinare il nostro esclusivo mix Wafter con i nostri pi\u00f9 popolari aromi Dedicated Freezer Bait. Questo offre al pescatore moderno la possibilit\u00e0 di pescare con esche da innesco bilanciate, pronte a reagire a qualsiasi indagine di carpa, trasformando pi\u00f9 abboccate in prese di amo sicure e pesci guadagnati!\u00a0\u00a0<\/span><\/p>\n<p><strong>Disponibile nelle seguenti varianti:<\/strong><br \/>\n<strong>M21080<\/strong>\u00a0 15mm<br \/>\n<strong>M21081<\/strong>\u00a0 18mm<\/p>\n","protected":false},"excerpt":{"rendered":"<p>ISO Fish Wafters Le NUOVE esche da innesco Mainline Wafter sono state progettate per offrire un vantaggio avanzato alle prestazioni della presentazione del tuo rig senza complessit\u00e0. Basta infilare un Wafter sul tuo hair rig scelto e lasciare che il peso dell&#8217;amo stabilisca il Wafter ad affondamento lento in una posizione di &#8220;bilanciamento critico&#8221;&#8230; Dopo [&hellip;]<\/p>\n","protected":false},"featured_media":105586,"comment_status":"closed","ping_status":"closed","template":"","meta":[],"product_cat":[553],"product_tag":[1126],"yoast_head":"<!-- This site is optimized with the Yoast SEO plugin v15.3 - https:\/\/yoast.com\/wordpress\/plugins\/seo\/ -->\n<title>ISO Fish Wafters\u00a0- Mainline - Pesca Fish<\/title>\n<meta name=\"robots\" content=\"index, follow, max-snippet:-1, max-image-preview:large, max-video-preview:-1\" \/>\n<link rel=\"canonical\" href=\"https:\/\/www.pescafish.it\/new\/prodotto\/iso-fish-wafters-mainline\/\" \/>\n<meta property=\"og:locale\" content=\"it_IT\" \/>\n<meta property=\"og:type\" content=\"article\" \/>\n<meta property=\"og:title\" content=\"ISO Fish Wafters\u00a0- Mainline - Pesca Fish\" \/>\n<meta property=\"og:description\" content=\"ISO Fish Wafters Le NUOVE esche da innesco Mainline Wafter sono state progettate per offrire un vantaggio avanzato alle prestazioni della presentazione del tuo rig senza complessit\u00e0. Basta infilare un Wafter sul tuo hair rig scelto e lasciare che il peso dell&#8217;amo stabilisca il Wafter ad affondamento lento in una posizione di &#8220;bilanciamento critico&#8221;&#8230; Dopo [&hellip;]\" \/>\n<meta property=\"og:url\" content=\"https:\/\/www.pescafish.it\/new\/prodotto\/iso-fish-wafters-mainline\/\" \/>\n<meta property=\"og:site_name\" content=\"Pesca Fish\" \/>\n<meta property=\"article:publisher\" content=\"https:\/\/www.facebook.com\/pescafishvr\/\" \/>\n<meta property=\"og:image\" content=\"https:\/\/www.pescafish.it\/new\/wp-content\/uploads\/2025\/09\/dedicated-wafters-iso-fish-15mm.jpg\" \/>\n\t<meta property=\"og:image:width\" content=\"490\" \/>\n\t<meta property=\"og:image:height\" content=\"490\" \/>\n<meta name=\"twitter:card\" content=\"summary_large_image\" \/>\n<meta name=\"twitter:label1\" content=\"Scritto da\">\n\t<meta name=\"twitter:data1\" content=\"francesca\">\n\t<meta name=\"twitter:label2\" content=\"Tempo di lettura stimato\">\n\t<meta name=\"twitter:data2\" content=\"0 minuti\">\n<script type=\"application\/ld+json\" class=\"yoast-schema-graph\">{\"@context\":\"https:\/\/schema.org\",\"@graph\":[{\"@type\":\"WebSite\",\"@id\":\"https:\/\/www.pescafish.it\/new\/#website\",\"url\":\"https:\/\/www.pescafish.it\/new\/\",\"name\":\"Pesca Fish\",\"description\":\"Benvenuti sul nostro sito!\",\"potentialAction\":[{\"@type\":\"SearchAction\",\"target\":\"https:\/\/www.pescafish.it\/new\/?s={search_term_string}\",\"query-input\":\"required name=search_term_string\"}],\"inLanguage\":\"it-IT\"},{\"@type\":\"ImageObject\",\"@id\":\"https:\/\/www.pescafish.it\/new\/prodotto\/iso-fish-wafters-mainline\/#primaryimage\",\"inLanguage\":\"it-IT\",\"url\":\"https:\/\/www.pescafish.it\/new\/wp-content\/uploads\/2025\/09\/dedicated-wafters-iso-fish-15mm.jpg\",\"width\":490,\"height\":490,\"caption\":\"Mainline\"},{\"@type\":\"WebPage\",\"@id\":\"https:\/\/www.pescafish.it\/new\/prodotto\/iso-fish-wafters-mainline\/#webpage\",\"url\":\"https:\/\/www.pescafish.it\/new\/prodotto\/iso-fish-wafters-mainline\/\",\"name\":\"ISO Fish Wafters\\u00a0- Mainline - Pesca Fish\",\"isPartOf\":{\"@id\":\"https:\/\/www.pescafish.it\/new\/#website\"},\"primaryImageOfPage\":{\"@id\":\"https:\/\/www.pescafish.it\/new\/prodotto\/iso-fish-wafters-mainline\/#primaryimage\"},\"datePublished\":\"2025-09-12T12:53:54+00:00\",\"dateModified\":\"2025-09-12T12:53:54+00:00\",\"inLanguage\":\"it-IT\",\"potentialAction\":[{\"@type\":\"ReadAction\",\"target\":[\"https:\/\/www.pescafish.it\/new\/prodotto\/iso-fish-wafters-mainline\/\"]}]}]}<\/script>\n<!-- \/ Yoast SEO plugin. -->","_links":{"self":[{"href":"https:\/\/www.pescafish.it\/new\/wp-json\/wp\/v2\/product\/105585"}],"collection":[{"href":"https:\/\/www.pescafish.it\/new\/wp-json\/wp\/v2\/product"}],"about":[{"href":"https:\/\/www.pescafish.it\/new\/wp-json\/wp\/v2\/types\/product"}],"replies":[{"embeddable":true,"href":"https:\/\/www.pescafish.it\/new\/wp-json\/wp\/v2\/comments?post=105585"}],"wp:featuredmedia":[{"embeddable":true,"href":"https:\/\/www.pescafish.it\/new\/wp-json\/wp\/v2\/media\/105586"}],"wp:attachment":[{"href":"https:\/\/www.pescafish.it\/new\/wp-json\/wp\/v2\/media?parent=105585"}],"wp:term":[{"taxonomy":"product_cat","embeddable":true,"href":"https:\/\/www.pescafish.it\/new\/wp-json\/wp\/v2\/product_cat?post=105585"},{"taxonomy":"product_tag","embeddable":true,"href":"https:\/\/www.pescafish.it\/new\/wp-json\/wp\/v2\/product_tag?post=105585"}],"curies":[{"name":"wp","href":"https:\/\/api.w.org\/{rel}","templated":true}]}}