{"id":105534,"date":"2025-09-04T17:41:44","date_gmt":"2025-09-04T15:41:44","guid":{"rendered":"https:\/\/www.pescafish.it\/new\/?post_type=product&#038;p=105534"},"modified":"2025-09-04T17:41:44","modified_gmt":"2025-09-04T15:41:44","slug":"pva-mesh-threder-14cm-pb-products","status":"publish","type":"product","link":"https:\/\/www.pescafish.it\/new\/prodotto\/pva-mesh-threder-14cm-pb-products\/","title":{"rendered":"PVA Mesh Threder 14cm &#8211; PB Products"},"content":{"rendered":"<h2>PVA Mesh Threder 14cm<\/h2>\n<p>Il PVA Mesh Threader \u00e8 uno strumento essenziale per infilare facilmente il tuo underlead attraverso un sacchetto in rete PVA. Quando il tuo underlead \u00e8 pieno di componenti come guaine anti-groviglio, stucco o Bottomliner, pu\u00f2 essere quasi impossibile farlo passare attraverso&#8230;&#8221;&gt;<span class=\"Y2IQFc\" lang=\"it\">Il PVA Mesh Threader \u00e8 uno strumento essenziale per infilare facilmente il tuo underlead attraverso un sacchetto in rete PVA.\u00a0<\/span><\/p>\n","protected":false},"excerpt":{"rendered":"<p>PVA Mesh Threder 14cm Il PVA Mesh Threader \u00e8 uno strumento essenziale per infilare facilmente il tuo underlead attraverso un sacchetto in rete PVA. Quando il tuo underlead \u00e8 pieno di componenti come guaine anti-groviglio, stucco o Bottomliner, pu\u00f2 essere quasi impossibile farlo passare attraverso&#8230;&#8221;&gt;Il PVA Mesh Threader \u00e8 uno strumento essenziale per infilare facilmente [&hellip;]<\/p>\n","protected":false},"featured_media":105536,"comment_status":"closed","ping_status":"closed","template":"","meta":[],"product_cat":[1455],"product_tag":[1443],"yoast_head":"<!-- This site is optimized with the Yoast SEO plugin v15.3 - https:\/\/yoast.com\/wordpress\/plugins\/seo\/ -->\n<title>PVA Mesh Threder 14cm - PB Products - Pesca Fish<\/title>\n<meta name=\"robots\" content=\"index, follow, max-snippet:-1, max-image-preview:large, max-video-preview:-1\" \/>\n<link rel=\"canonical\" href=\"https:\/\/www.pescafish.it\/new\/prodotto\/pva-mesh-threder-14cm-pb-products\/\" \/>\n<meta property=\"og:locale\" content=\"it_IT\" \/>\n<meta property=\"og:type\" content=\"article\" \/>\n<meta property=\"og:title\" content=\"PVA Mesh Threder 14cm - PB Products - Pesca Fish\" \/>\n<meta property=\"og:description\" content=\"PVA Mesh Threder 14cm Il PVA Mesh Threader \u00e8 uno strumento essenziale per infilare facilmente il tuo underlead attraverso un sacchetto in rete PVA. Quando il tuo underlead \u00e8 pieno di componenti come guaine anti-groviglio, stucco o Bottomliner, pu\u00f2 essere quasi impossibile farlo passare attraverso&#8230;&#8221;&gt;Il PVA Mesh Threader \u00e8 uno strumento essenziale per infilare facilmente [&hellip;]\" \/>\n<meta property=\"og:url\" content=\"https:\/\/www.pescafish.it\/new\/prodotto\/pva-mesh-threder-14cm-pb-products\/\" \/>\n<meta property=\"og:site_name\" content=\"Pesca Fish\" \/>\n<meta property=\"article:publisher\" content=\"https:\/\/www.facebook.com\/pescafishvr\/\" \/>\n<meta property=\"og:image\" content=\"https:\/\/www.pescafish.it\/new\/wp-content\/uploads\/2025\/09\/KK.jpg\" \/>\n\t<meta property=\"og:image:width\" content=\"1200\" \/>\n\t<meta property=\"og:image:height\" content=\"1200\" \/>\n<meta name=\"twitter:card\" content=\"summary_large_image\" \/>\n<meta name=\"twitter:label1\" content=\"Scritto da\">\n\t<meta name=\"twitter:data1\" content=\"francesca\">\n\t<meta name=\"twitter:label2\" content=\"Tempo di lettura stimato\">\n\t<meta name=\"twitter:data2\" content=\"0 minuti\">\n<script type=\"application\/ld+json\" class=\"yoast-schema-graph\">{\"@context\":\"https:\/\/schema.org\",\"@graph\":[{\"@type\":\"WebSite\",\"@id\":\"https:\/\/www.pescafish.it\/new\/#website\",\"url\":\"https:\/\/www.pescafish.it\/new\/\",\"name\":\"Pesca Fish\",\"description\":\"Benvenuti sul nostro sito!\",\"potentialAction\":[{\"@type\":\"SearchAction\",\"target\":\"https:\/\/www.pescafish.it\/new\/?s={search_term_string}\",\"query-input\":\"required name=search_term_string\"}],\"inLanguage\":\"it-IT\"},{\"@type\":\"ImageObject\",\"@id\":\"https:\/\/www.pescafish.it\/new\/prodotto\/pva-mesh-threder-14cm-pb-products\/#primaryimage\",\"inLanguage\":\"it-IT\",\"url\":\"https:\/\/www.pescafish.it\/new\/wp-content\/uploads\/2025\/09\/KK.jpg\",\"width\":1200,\"height\":1200,\"caption\":\"Korda\"},{\"@type\":\"WebPage\",\"@id\":\"https:\/\/www.pescafish.it\/new\/prodotto\/pva-mesh-threder-14cm-pb-products\/#webpage\",\"url\":\"https:\/\/www.pescafish.it\/new\/prodotto\/pva-mesh-threder-14cm-pb-products\/\",\"name\":\"PVA Mesh Threder 14cm - PB Products - Pesca Fish\",\"isPartOf\":{\"@id\":\"https:\/\/www.pescafish.it\/new\/#website\"},\"primaryImageOfPage\":{\"@id\":\"https:\/\/www.pescafish.it\/new\/prodotto\/pva-mesh-threder-14cm-pb-products\/#primaryimage\"},\"datePublished\":\"2025-09-04T15:41:44+00:00\",\"dateModified\":\"2025-09-04T15:41:44+00:00\",\"inLanguage\":\"it-IT\",\"potentialAction\":[{\"@type\":\"ReadAction\",\"target\":[\"https:\/\/www.pescafish.it\/new\/prodotto\/pva-mesh-threder-14cm-pb-products\/\"]}]}]}<\/script>\n<!-- \/ Yoast SEO plugin. -->","_links":{"self":[{"href":"https:\/\/www.pescafish.it\/new\/wp-json\/wp\/v2\/product\/105534"}],"collection":[{"href":"https:\/\/www.pescafish.it\/new\/wp-json\/wp\/v2\/product"}],"about":[{"href":"https:\/\/www.pescafish.it\/new\/wp-json\/wp\/v2\/types\/product"}],"replies":[{"embeddable":true,"href":"https:\/\/www.pescafish.it\/new\/wp-json\/wp\/v2\/comments?post=105534"}],"wp:featuredmedia":[{"embeddable":true,"href":"https:\/\/www.pescafish.it\/new\/wp-json\/wp\/v2\/media\/105536"}],"wp:attachment":[{"href":"https:\/\/www.pescafish.it\/new\/wp-json\/wp\/v2\/media?parent=105534"}],"wp:term":[{"taxonomy":"product_cat","embeddable":true,"href":"https:\/\/www.pescafish.it\/new\/wp-json\/wp\/v2\/product_cat?post=105534"},{"taxonomy":"product_tag","embeddable":true,"href":"https:\/\/www.pescafish.it\/new\/wp-json\/wp\/v2\/product_tag?post=105534"}],"curies":[{"name":"wp","href":"https:\/\/api.w.org\/{rel}","templated":true}]}}