{"id":105477,"date":"2025-09-03T12:04:01","date_gmt":"2025-09-03T10:04:01","guid":{"rendered":"https:\/\/www.pescafish.it\/new\/?post_type=product&#038;p=105477"},"modified":"2025-11-17T17:56:14","modified_gmt":"2025-11-17T16:56:14","slug":"canna-aero-x7-a-feeder-shimano","status":"publish","type":"product","link":"https:\/\/www.pescafish.it\/new\/prodotto\/canna-aero-x7-a-feeder-shimano\/","title":{"rendered":"Canna Aero X7-A Feeder &#8211; Shimano"},"content":{"rendered":"<p>Attenzione, pescatori incalliti! L&#8217;Aero X7 non \u00e8 una gamma ordinaria. \u00c8 una sinfonia di tecnologia del carbonio all&#8217;avanguardia e di meticolosa lavorazione artigianale. Immaginate di avere tra le mani l&#8217;innovazione pura, quella che sussurra promesse di catture da record. Dalla finezza alla precisione, fino alla distanza, abbiamo tutto ci\u00f2 che serve.<br \/>\nL&#8217;Aero X7 detiene tre Atti di Eccellenza. In primo luogo, la finezza. Quando la finezza \u00e8 importante, l&#8217;Aero X7 si fa valere. Immaginate presentazioni delicate, mangiate impercettibili e lanci di precisione. Sia che si tratti di un&#8217;acqua piccola o di una perla nascosta, questa canna danza con finezza. In secondo luogo, la precisione. Prestazioni di lancio? Combattimento con i pesci? Le azioni pazzesche dell&#8217;Aero X7 sono il pass per il backstage della perfezione. Ogni movimento, ogni toccata: \u00e8 come dirigere un&#8217;orchestra. E quelle acque tranquille? Consideratele conquistate. Infine, la distanza. Avete bisogno di raggiungere l&#8217;orizzonte? L&#8217;Aero X7 dice: &#8220;Tieniti forte!&#8221; Fiumi immensi, correnti potenti: nessun problema. Il suo backbone reattivo lancia l&#8217;esca sulla luna (o quasi). Siamo stati ossessionati da ogni dettaglio. Le azioni dell&#8217;Aero X7 sono finemente messe a punto, per garantire prestazioni ai vertici della categoria. Che si tratti di lanciare un galleggiante delicato o di combattere un mostro, questa canna non vi deluder\u00e0. E indovinate un po&#8217;? \u00c8 il vostro passaporto per la gioia della pesca. L&#8217;Aero X7 si adatta come un camaleonte. Finezza a corta distanza? Presente. Vaste acque tranquille? Presente. Fiumi potenti? Triplo controllo. \u00c8 il coltellino svizzero della pesca a feeder, pronto per qualsiasi avventura.<br \/>\nImmaginate un calderone dove i sogni in carbonio prendono forma. Nel cuore di ogni grezzo Aero X7, questi elementi convergono. Il risultato? Canne che sfidano la gravit\u00e0: super leggere, sottili e resistenti. Quando si tiene in mano un Aero X7, si culla la potenza nella sua forma pi\u00f9 pura. Immaginatevi lenze delicate, ami piccoli e ricerche di carpe invernali. I modelli Finesse (9&#8242;, 10&#8242;, 11&#8242;) sono come sussurri sull&#8217;acqua. La loro azione elastica aumenta la fiducia nel portare i pesci a guadino. Attenzione alle carpe: sono arrivate le canne Aero X7 finesse! Pi\u00f9 rigidi e pi\u00f9 audaci, i modelli Precision (10&#8242;, 11&#8242;, 12&#8242;, 13&#8242;) attirano l&#8217;attenzione. Le loro met\u00e0 inferiori sono molto potenti e migliorano la precisione del lancio senza sacrificare la fluidit\u00e0. Sia che si tratti di feeder classico o di combattere le correnti del fiume, queste canne colpiscono nel segno. Avete bisogno di lanciare verso la luna? I modelli Distance (12&#8242; 6&#8243;, 13&#8242; 6&#8243;) mostrano i muscoli. Grandi acque ferme, fiumi possenti: si inchinano alla potenza di lancio dell&#8217;Aero X7. E i pasturatori pi\u00f9 grandi? Considerateli lanciati. Gli anelli Fuji K-Type, sentinelle silenziose di una gestione impeccabile delle lenze. Trasformano i vostri sogni in realt\u00e0, assicurandovi lanci fluidi e precisi. E l&#8217;impugnatura ergonomica Power Cork? \u00c8 come stringere la mano al destino della pesca. L&#8217;Aero X7 \u00e8 dotata di tre quiver intercambiabili Aero X di qualit\u00e0 superiore. Non si tratta di vettini ordinari: hanno imparato l&#8217;arte di individuare le mangiate. Nuovi tapers avanzati? Oh s\u00ec, sono impostati per il successo. Quindi, amico pescatore, l&#8217;Aero X7 ti aspetta. Lanciate le vostre speranze, tirate fuori le vittorie e lasciate che l&#8217;acqua faccia eco alla vostra leggenda.<\/p>\n<p><strong>Disponibili nei seguenti modelli:<\/strong><\/p>\n<table style=\"height: 240px; width: 100%; border-collapse: collapse; border-color: #000000;\" border=\"2\">\n<tbody>\n<tr style=\"height: 24px;\">\n<td style=\"width: 12.5%; height: 24px; text-align: center;\"><strong>Modello<\/strong><\/td>\n<td style=\"width: 12.5%; height: 24px; text-align: center;\"><strong>Tipo<\/strong><\/td>\n<td style=\"width: 12.5%; height: 24px; text-align: center;\"><strong>Lunghezza<\/strong><\/td>\n<td style=\"width: 12.5%; height: 24px; text-align: center;\"><strong>Potenza<\/strong><\/td>\n<td style=\"width: 12.5%; height: 24px; text-align: center;\"><strong>Ingombro<\/strong><\/td>\n<td style=\"width: 12.5%; height: 24px; text-align: center;\"><strong>Peso<\/strong><\/td>\n<td style=\"width: 12.5%; height: 24px; text-align: center;\"><strong>N\u00b0 Sezioni<\/strong><\/td>\n<td style=\"width: 12.5%; height: 24px; text-align: center;\"><strong>Cime in dotazione<\/strong><\/td>\n<\/tr>\n<tr style=\"height: 24px;\">\n<td style=\"width: 12.5%; height: 24px; text-align: center;\"><strong>AEX7AFFDR9<\/strong><\/td>\n<td style=\"width: 12.5%; height: 24px; text-align: center;\">Finesse Feeder<\/td>\n<td style=\"width: 12.5%; height: 24px; text-align: center;\">9ft \u2013 2,74cm<\/td>\n<td style=\"width: 12.5%; height: 24px; text-align: center;\">50g<\/td>\n<td style=\"width: 12.5%; height: 24px; text-align: center;\">146 cm<\/td>\n<td style=\"width: 12.5%; height: 24px; text-align: center;\">145g<\/td>\n<td style=\"width: 12.5%; height: 24px; text-align: center;\">2+3 tip<\/td>\n<td style=\"width: 12.5%; height: 24px; text-align: center;\">0.25oz \/ 0.5oz \/ 0.75oz<\/td>\n<\/tr>\n<tr style=\"height: 24px;\">\n<td style=\"width: 12.5%; height: 24px; text-align: center;\"><strong>AEX7AFFDR10<\/strong><\/td>\n<td style=\"width: 12.5%; height: 24px; text-align: center;\">Finesse Feeder<\/td>\n<td style=\"width: 12.5%; height: 24px; text-align: center;\">10ft \u2013 3,05m<\/td>\n<td style=\"width: 12.5%; height: 24px; text-align: center;\">60g<\/td>\n<td style=\"width: 12.5%; height: 24px; text-align: center;\">161 cm<\/td>\n<td style=\"width: 12.5%; height: 24px; text-align: center;\">144g<\/td>\n<td style=\"width: 12.5%; height: 24px; text-align: center;\">2+3 tip<\/td>\n<td style=\"width: 12.5%; height: 24px; text-align: center;\">0.5oz \/0.75oz \/ 1oz<\/td>\n<\/tr>\n<tr style=\"height: 24px;\">\n<td style=\"width: 12.5%; height: 24px; text-align: center;\"><strong>AEX7AFFDR11<\/strong><\/td>\n<td style=\"width: 12.5%; height: 24px; text-align: center;\">Finesse Feeder<\/td>\n<td style=\"width: 12.5%; height: 24px; text-align: center;\">11ft \u2013 3,35m<\/td>\n<td style=\"width: 12.5%; height: 24px; text-align: center;\">60g<\/td>\n<td style=\"width: 12.5%; height: 24px; text-align: center;\">176 cm<\/td>\n<td style=\"width: 12.5%; height: 24px; text-align: center;\">160g<\/td>\n<td style=\"width: 12.5%; height: 24px; text-align: center;\">2+3 tip<\/td>\n<td style=\"width: 12.5%; height: 24px; text-align: center;\">0.5oz \/0.75oz \/ 1oz<\/td>\n<\/tr>\n<tr style=\"height: 24px;\">\n<td style=\"width: 12.5%; height: 24px; text-align: center;\"><strong>AEX7APRFDR10<\/strong><\/td>\n<td style=\"width: 12.5%; height: 24px; text-align: center;\">Precision Feeder<\/td>\n<td style=\"width: 12.5%; height: 24px; text-align: center;\">10ft \u2013 3,05m<\/td>\n<td style=\"width: 12.5%; height: 24px; text-align: center;\">70g<\/td>\n<td style=\"width: 12.5%; height: 24px; text-align: center;\">161 cm<\/td>\n<td style=\"width: 12.5%; height: 24px; text-align: center;\">155g<\/td>\n<td style=\"width: 12.5%; height: 24px; text-align: center;\">2+3 tip<\/td>\n<td style=\"width: 12.5%; height: 24px; text-align: center;\">0.75oz \/ 1oz \/ 1.5oz<\/td>\n<\/tr>\n<tr style=\"height: 24px;\">\n<td style=\"width: 12.5%; height: 24px; text-align: center;\"><strong>AEX7APRFDR11<\/strong><\/td>\n<td style=\"width: 12.5%; height: 24px; text-align: center;\">Precision Feeder<\/td>\n<td style=\"width: 12.5%; height: 24px; text-align: center;\">11ft \u2013 3,35m<\/td>\n<td style=\"width: 12.5%; height: 24px; text-align: center;\">80g<\/td>\n<td style=\"width: 12.5%; height: 24px; text-align: center;\">176 cm<\/td>\n<td style=\"width: 12.5%; height: 24px; text-align: center;\">170g<\/td>\n<td style=\"width: 12.5%; height: 24px; text-align: center;\">2+3 tip<\/td>\n<td style=\"width: 12.5%; height: 24px; text-align: center;\">0.75oz \/ 1oz \/ 1.5oz<\/td>\n<\/tr>\n<tr style=\"height: 24px;\">\n<td style=\"width: 12.5%; height: 24px; text-align: center;\"><strong>AEX7APRFDR12<\/strong><\/td>\n<td style=\"width: 12.5%; height: 24px; text-align: center;\">Precision Feeder<\/td>\n<td style=\"width: 12.5%; height: 24px; text-align: center;\">12ft \u2013 3,66m<\/td>\n<td style=\"width: 12.5%; height: 24px; text-align: center;\">90g<\/td>\n<td style=\"width: 12.5%; height: 24px; text-align: center;\">192 cm<\/td>\n<td style=\"width: 12.5%; height: 24px; text-align: center;\">188g<\/td>\n<td style=\"width: 12.5%; height: 24px; text-align: center;\">2+3 tip<\/td>\n<td style=\"width: 12.5%; height: 24px; text-align: center;\">1oz \/ 2oz \/ 2.5oz<\/td>\n<\/tr>\n<tr style=\"height: 24px;\">\n<td style=\"width: 12.5%; height: 24px; text-align: center;\"><strong>AEX7APRFDR13<\/strong><\/td>\n<td style=\"width: 12.5%; height: 24px; text-align: center;\">Precision Feeder<\/td>\n<td style=\"width: 12.5%; height: 24px; text-align: center;\">13ft \u2013 3,96m<\/td>\n<td style=\"width: 12.5%; height: 24px; text-align: center;\">110g<\/td>\n<td style=\"width: 12.5%; height: 24px; text-align: center;\">140 cm<\/td>\n<td style=\"width: 12.5%; height: 24px; text-align: center;\">263g<\/td>\n<td style=\"width: 12.5%; height: 24px; text-align: center;\">2+3 tip<\/td>\n<td style=\"width: 12.5%; height: 24px; text-align: center;\">2oz \/ 3oz \/ 4oz<\/td>\n<\/tr>\n<tr style=\"height: 24px;\">\n<td style=\"width: 12.5%; height: 24px; text-align: center;\"><strong>AEX7ADFDR126<\/strong><\/td>\n<td style=\"width: 12.5%; height: 24px; text-align: center;\">Distance Feeder<\/td>\n<td style=\"width: 12.5%; height: 24px; text-align: center;\">12,6ft &#8211; 3,81m<\/td>\n<td style=\"width: 12.5%; height: 24px; text-align: center;\">110g<\/td>\n<td style=\"width: 12.5%; height: 24px; text-align: center;\">132 cm<\/td>\n<td style=\"width: 12.5%; height: 24px; text-align: center;\">239g<\/td>\n<td style=\"width: 12.5%; height: 24px; text-align: center;\">3+3 tip<\/td>\n<td style=\"width: 12.5%; height: 24px; text-align: center;\">2oz \/ 3oz \/ 4oz<\/td>\n<\/tr>\n<tr style=\"height: 24px;\">\n<td style=\"width: 12.5%; height: 24px; text-align: center;\"><strong>AEX7ADFDR136<\/strong><\/td>\n<td style=\"width: 12.5%; height: 24px; text-align: center;\">Distance Feeder<\/td>\n<td style=\"width: 12.5%; height: 24px; text-align: center;\">13,6ft &#8211; 4,11m<\/td>\n<td style=\"width: 12.5%; height: 24px; text-align: center;\">130g<\/td>\n<td style=\"width: 12.5%; height: 24px; text-align: center;\">146 cm<\/td>\n<td style=\"width: 12.5%; height: 24px; text-align: center;\">301g<\/td>\n<td style=\"width: 12.5%; height: 24px; text-align: center;\">3+3 tip<\/td>\n<td style=\"width: 12.5%; height: 24px; text-align: center;\">3oz \/4oz \/ 5oz<\/td>\n<\/tr>\n<\/tbody>\n<\/table>\n<p>.<br \/>\n<strong><span style=\"color: #ff0000;\">DUE ANNI DI GARANZIA<\/span><br \/>\n<span style=\"color: #ff0000;\">Da oggi per avere il TERZO ANNO DI GARANZIA, collegati al nuovo portale e registra il tuo prodotto su:<\/span><br \/>\n<span style=\"background-color: #ffff00; color: #000000;\"><a style=\"background-color: #ffff00; color: #000000;\" href=\"http:\/\/www.shimanofishnetwork.it\/garanzia\/sign_in\">http:\/\/www.shimanofishnetwork.it\/garanzia\/sign_in<\/a><\/span><\/strong><\/p>\n","protected":false},"excerpt":{"rendered":"<p>Attenzione, pescatori incalliti! L&#8217;Aero X7 non \u00e8 una gamma ordinaria. \u00c8 una sinfonia di tecnologia del carbonio all&#8217;avanguardia e di meticolosa lavorazione artigianale. Immaginate di avere tra le mani l&#8217;innovazione pura, quella che sussurra promesse di catture da record. Dalla finezza alla precisione, fino alla distanza, abbiamo tutto ci\u00f2 che serve. L&#8217;Aero X7 detiene tre [&hellip;]<\/p>\n","protected":false},"featured_media":105478,"comment_status":"closed","ping_status":"closed","template":"","meta":[],"product_cat":[312],"product_tag":[1023],"yoast_head":"<!-- This site is optimized with the Yoast SEO plugin v15.3 - https:\/\/yoast.com\/wordpress\/plugins\/seo\/ -->\n<title>Canna Aero X7-A Feeder - Shimano - Pesca Fish<\/title>\n<meta name=\"robots\" content=\"index, follow, max-snippet:-1, max-image-preview:large, max-video-preview:-1\" \/>\n<link rel=\"canonical\" href=\"https:\/\/www.pescafish.it\/new\/prodotto\/canna-aero-x7-a-feeder-shimano\/\" \/>\n<meta property=\"og:locale\" content=\"it_IT\" \/>\n<meta property=\"og:type\" content=\"article\" \/>\n<meta property=\"og:title\" content=\"Canna Aero X7-A Feeder - Shimano - Pesca Fish\" \/>\n<meta property=\"og:description\" content=\"Attenzione, pescatori incalliti! L&#8217;Aero X7 non \u00e8 una gamma ordinaria. \u00c8 una sinfonia di tecnologia del carbonio all&#8217;avanguardia e di meticolosa lavorazione artigianale. Immaginate di avere tra le mani l&#8217;innovazione pura, quella che sussurra promesse di catture da record. Dalla finezza alla precisione, fino alla distanza, abbiamo tutto ci\u00f2 che serve. L&#8217;Aero X7 detiene tre [&hellip;]\" \/>\n<meta property=\"og:url\" content=\"https:\/\/www.pescafish.it\/new\/prodotto\/canna-aero-x7-a-feeder-shimano\/\" \/>\n<meta property=\"og:site_name\" content=\"Pesca Fish\" \/>\n<meta property=\"article:publisher\" content=\"https:\/\/www.facebook.com\/pescafishvr\/\" \/>\n<meta property=\"article:modified_time\" content=\"2025-11-17T16:56:14+00:00\" \/>\n<meta property=\"og:image\" content=\"https:\/\/www.pescafish.it\/new\/wp-content\/uploads\/2025\/09\/aero-x7a-feeder.jpg\" \/>\n\t<meta property=\"og:image:width\" content=\"883\" \/>\n\t<meta property=\"og:image:height\" content=\"883\" \/>\n<meta name=\"twitter:card\" content=\"summary_large_image\" \/>\n<meta name=\"twitter:label1\" content=\"Scritto da\">\n\t<meta name=\"twitter:data1\" content=\"francesca\">\n\t<meta name=\"twitter:label2\" content=\"Tempo di lettura stimato\">\n\t<meta name=\"twitter:data2\" content=\"3 minuti\">\n<script type=\"application\/ld+json\" class=\"yoast-schema-graph\">{\"@context\":\"https:\/\/schema.org\",\"@graph\":[{\"@type\":\"WebSite\",\"@id\":\"https:\/\/www.pescafish.it\/new\/#website\",\"url\":\"https:\/\/www.pescafish.it\/new\/\",\"name\":\"Pesca Fish\",\"description\":\"Benvenuti sul nostro sito!\",\"potentialAction\":[{\"@type\":\"SearchAction\",\"target\":\"https:\/\/www.pescafish.it\/new\/?s={search_term_string}\",\"query-input\":\"required name=search_term_string\"}],\"inLanguage\":\"it-IT\"},{\"@type\":\"ImageObject\",\"@id\":\"https:\/\/www.pescafish.it\/new\/prodotto\/canna-aero-x7-a-feeder-shimano\/#primaryimage\",\"inLanguage\":\"it-IT\",\"url\":\"https:\/\/www.pescafish.it\/new\/wp-content\/uploads\/2025\/09\/aero-x7a-feeder.jpg\",\"width\":883,\"height\":883,\"caption\":\"aero x7a feeder shimano\"},{\"@type\":\"WebPage\",\"@id\":\"https:\/\/www.pescafish.it\/new\/prodotto\/canna-aero-x7-a-feeder-shimano\/#webpage\",\"url\":\"https:\/\/www.pescafish.it\/new\/prodotto\/canna-aero-x7-a-feeder-shimano\/\",\"name\":\"Canna Aero X7-A Feeder - Shimano - Pesca Fish\",\"isPartOf\":{\"@id\":\"https:\/\/www.pescafish.it\/new\/#website\"},\"primaryImageOfPage\":{\"@id\":\"https:\/\/www.pescafish.it\/new\/prodotto\/canna-aero-x7-a-feeder-shimano\/#primaryimage\"},\"datePublished\":\"2025-09-03T10:04:01+00:00\",\"dateModified\":\"2025-11-17T16:56:14+00:00\",\"inLanguage\":\"it-IT\",\"potentialAction\":[{\"@type\":\"ReadAction\",\"target\":[\"https:\/\/www.pescafish.it\/new\/prodotto\/canna-aero-x7-a-feeder-shimano\/\"]}]}]}<\/script>\n<!-- \/ Yoast SEO plugin. -->","_links":{"self":[{"href":"https:\/\/www.pescafish.it\/new\/wp-json\/wp\/v2\/product\/105477"}],"collection":[{"href":"https:\/\/www.pescafish.it\/new\/wp-json\/wp\/v2\/product"}],"about":[{"href":"https:\/\/www.pescafish.it\/new\/wp-json\/wp\/v2\/types\/product"}],"replies":[{"embeddable":true,"href":"https:\/\/www.pescafish.it\/new\/wp-json\/wp\/v2\/comments?post=105477"}],"wp:featuredmedia":[{"embeddable":true,"href":"https:\/\/www.pescafish.it\/new\/wp-json\/wp\/v2\/media\/105478"}],"wp:attachment":[{"href":"https:\/\/www.pescafish.it\/new\/wp-json\/wp\/v2\/media?parent=105477"}],"wp:term":[{"taxonomy":"product_cat","embeddable":true,"href":"https:\/\/www.pescafish.it\/new\/wp-json\/wp\/v2\/product_cat?post=105477"},{"taxonomy":"product_tag","embeddable":true,"href":"https:\/\/www.pescafish.it\/new\/wp-json\/wp\/v2\/product_tag?post=105477"}],"curies":[{"name":"wp","href":"https:\/\/api.w.org\/{rel}","templated":true}]}}