{"id":105085,"date":"2025-07-31T12:13:26","date_gmt":"2025-07-31T10:13:26","guid":{"rendered":"https:\/\/www.pescafish.it\/new\/?post_type=product&#038;p=105085"},"modified":"2025-07-31T12:13:27","modified_gmt":"2025-07-31T10:13:27","slug":"700-70e-series-chest-waders-vass","status":"publish","type":"product","link":"https:\/\/www.pescafish.it\/new\/prodotto\/700-70e-series-chest-waders-vass\/","title":{"rendered":"700-70E Series Chest Waders\u00a0&#8211; Vass"},"content":{"rendered":"<h2>700-70E Series Chest Waders<\/h2>\n<p>Il waders in PVC di altissima qualit\u00e0 disponibile nella sua categoria! Materiale resistente Vass-Tex serie 700 con propriet\u00e0 bi-elastiche flessibili per comfort e affidabilit\u00e0.Questa gamma di trampolieri Vass utilizza l&#8217;esterno in PVC liscio Vass-Tex 700 di alta qualit\u00e0 con un rovescio in poliestere morbido (leggera elasticit\u00e0 per il massimo comfort ma che funge anche da ammortizzatore sulle cuciture). Il corpo si fonde con il nostro nuovo stivale Ted Chunky Yellow Soled &#8216;Vass Boot&#8217; che offre comfort, affidabilit\u00e0 e propriet\u00e0 rinforzate. Grazie al consueto elevato standard di produzione e materiali Vass-Tex, il Vass-Tex 700E Nova include anche caratteristiche come cuciture saldate a quadri, elastici e bretelle cucite, materiale di riparazione facile (vedere la nostra guida alla riparazione) e cordino interno nel waders per sicurezza e comfort. Sebbene non sia cos\u00ec ricca come la Vass-Tex 740E SuperNova, questa gamma offre una qualit\u00e0 senza rivali ad un prezzo eccezionale.<\/p>\n<p><strong>Caratteristiche:<\/strong><\/p>\n<p>\u2022 Rinforzo del petto con braceloop elasticizzato con fibbia a sgancio rapido<br \/>\n\u2022 Cuciture quadrate saldate per la massima resistenza<br \/>\n\u2022 Materiale facile da riparare (consultare il sito Web per istruzioni sulla riparazione)<br \/>\n\u2022 Tasca interna e cordoncino attorno al petto<br \/>\n\u2022 Stivale Vass di alta qualit\u00e0, polpaccio e calzata pi\u00f9 ampi per il massimo comfort<\/p>\n<p><strong>Disponibile nelle seguenti taglie:<\/strong><br \/>\n<strong>VA700-70E\/2\/40<\/strong>\u00a0 tg.40<br \/>\n<strong>VA700-70E\/2\/41<\/strong>\u00a0 tg.41<br \/>\n<strong>VA700-70E\/2\/42<\/strong>\u00a0 tg.42<br \/>\n<strong>VA700-70E\/2\/43<\/strong>\u00a0 tg.43<br \/>\n<strong>VA700-70E\/2\/44<\/strong>\u00a0 tg.44<br \/>\n<strong>VA700-70E\/2\/45<\/strong>\u00a0 tg.45<br \/>\n<strong>VA700-70E\/2\/46<\/strong>\u00a0 tg.46<br \/>\n<strong>VA700-70E\/2\/47<\/strong>\u00a0 tg.47-48<\/p>\n","protected":false},"excerpt":{"rendered":"<p>700-70E Series Chest Waders Il waders in PVC di altissima qualit\u00e0 disponibile nella sua categoria! Materiale resistente Vass-Tex serie 700 con propriet\u00e0 bi-elastiche flessibili per comfort e affidabilit\u00e0.Questa gamma di trampolieri Vass utilizza l&#8217;esterno in PVC liscio Vass-Tex 700 di alta qualit\u00e0 con un rovescio in poliestere morbido (leggera elasticit\u00e0 per il massimo comfort ma [&hellip;]<\/p>\n","protected":false},"featured_media":105089,"comment_status":"closed","ping_status":"closed","template":"","meta":[],"product_cat":[1483],"product_tag":[1484],"yoast_head":"<!-- This site is optimized with the Yoast SEO plugin v15.3 - https:\/\/yoast.com\/wordpress\/plugins\/seo\/ -->\n<title>700-70E Series Chest Waders\u00a0- Vass - Pesca Fish<\/title>\n<meta name=\"robots\" content=\"index, follow, max-snippet:-1, max-image-preview:large, max-video-preview:-1\" \/>\n<link rel=\"canonical\" href=\"https:\/\/www.pescafish.it\/new\/prodotto\/700-70e-series-chest-waders-vass\/\" \/>\n<meta property=\"og:locale\" content=\"it_IT\" \/>\n<meta property=\"og:type\" content=\"article\" \/>\n<meta property=\"og:title\" content=\"700-70E Series Chest Waders\u00a0- Vass - Pesca Fish\" \/>\n<meta property=\"og:description\" content=\"700-70E Series Chest Waders Il waders in PVC di altissima qualit\u00e0 disponibile nella sua categoria! Materiale resistente Vass-Tex serie 700 con propriet\u00e0 bi-elastiche flessibili per comfort e affidabilit\u00e0.Questa gamma di trampolieri Vass utilizza l&#8217;esterno in PVC liscio Vass-Tex 700 di alta qualit\u00e0 con un rovescio in poliestere morbido (leggera elasticit\u00e0 per il massimo comfort ma [&hellip;]\" \/>\n<meta property=\"og:url\" content=\"https:\/\/www.pescafish.it\/new\/prodotto\/700-70e-series-chest-waders-vass\/\" \/>\n<meta property=\"og:site_name\" content=\"Pesca Fish\" \/>\n<meta property=\"article:publisher\" content=\"https:\/\/www.facebook.com\/pescafishvr\/\" \/>\n<meta property=\"article:modified_time\" content=\"2025-07-31T10:13:27+00:00\" \/>\n<meta property=\"og:image\" content=\"https:\/\/www.pescafish.it\/new\/wp-content\/uploads\/2025\/07\/700.jpg\" \/>\n\t<meta property=\"og:image:width\" content=\"789\" \/>\n\t<meta property=\"og:image:height\" content=\"794\" \/>\n<meta name=\"twitter:card\" content=\"summary_large_image\" \/>\n<meta name=\"twitter:label1\" content=\"Scritto da\">\n\t<meta name=\"twitter:data1\" content=\"francesca\">\n\t<meta name=\"twitter:label2\" content=\"Tempo di lettura stimato\">\n\t<meta name=\"twitter:data2\" content=\"1 minuto\">\n<script type=\"application\/ld+json\" class=\"yoast-schema-graph\">{\"@context\":\"https:\/\/schema.org\",\"@graph\":[{\"@type\":\"WebSite\",\"@id\":\"https:\/\/www.pescafish.it\/new\/#website\",\"url\":\"https:\/\/www.pescafish.it\/new\/\",\"name\":\"Pesca Fish\",\"description\":\"Benvenuti sul nostro sito!\",\"potentialAction\":[{\"@type\":\"SearchAction\",\"target\":\"https:\/\/www.pescafish.it\/new\/?s={search_term_string}\",\"query-input\":\"required name=search_term_string\"}],\"inLanguage\":\"it-IT\"},{\"@type\":\"ImageObject\",\"@id\":\"https:\/\/www.pescafish.it\/new\/prodotto\/700-70e-series-chest-waders-vass\/#primaryimage\",\"inLanguage\":\"it-IT\",\"url\":\"https:\/\/www.pescafish.it\/new\/wp-content\/uploads\/2025\/07\/700.jpg\",\"width\":789,\"height\":794,\"caption\":\"Vass\"},{\"@type\":\"WebPage\",\"@id\":\"https:\/\/www.pescafish.it\/new\/prodotto\/700-70e-series-chest-waders-vass\/#webpage\",\"url\":\"https:\/\/www.pescafish.it\/new\/prodotto\/700-70e-series-chest-waders-vass\/\",\"name\":\"700-70E Series Chest Waders\\u00a0- Vass - Pesca Fish\",\"isPartOf\":{\"@id\":\"https:\/\/www.pescafish.it\/new\/#website\"},\"primaryImageOfPage\":{\"@id\":\"https:\/\/www.pescafish.it\/new\/prodotto\/700-70e-series-chest-waders-vass\/#primaryimage\"},\"datePublished\":\"2025-07-31T10:13:26+00:00\",\"dateModified\":\"2025-07-31T10:13:27+00:00\",\"inLanguage\":\"it-IT\",\"potentialAction\":[{\"@type\":\"ReadAction\",\"target\":[\"https:\/\/www.pescafish.it\/new\/prodotto\/700-70e-series-chest-waders-vass\/\"]}]}]}<\/script>\n<!-- \/ Yoast SEO plugin. -->","_links":{"self":[{"href":"https:\/\/www.pescafish.it\/new\/wp-json\/wp\/v2\/product\/105085"}],"collection":[{"href":"https:\/\/www.pescafish.it\/new\/wp-json\/wp\/v2\/product"}],"about":[{"href":"https:\/\/www.pescafish.it\/new\/wp-json\/wp\/v2\/types\/product"}],"replies":[{"embeddable":true,"href":"https:\/\/www.pescafish.it\/new\/wp-json\/wp\/v2\/comments?post=105085"}],"wp:featuredmedia":[{"embeddable":true,"href":"https:\/\/www.pescafish.it\/new\/wp-json\/wp\/v2\/media\/105089"}],"wp:attachment":[{"href":"https:\/\/www.pescafish.it\/new\/wp-json\/wp\/v2\/media?parent=105085"}],"wp:term":[{"taxonomy":"product_cat","embeddable":true,"href":"https:\/\/www.pescafish.it\/new\/wp-json\/wp\/v2\/product_cat?post=105085"},{"taxonomy":"product_tag","embeddable":true,"href":"https:\/\/www.pescafish.it\/new\/wp-json\/wp\/v2\/product_tag?post=105085"}],"curies":[{"name":"wp","href":"https:\/\/api.w.org\/{rel}","templated":true}]}}