{"id":104675,"date":"2025-06-24T17:12:28","date_gmt":"2025-06-24T15:12:28","guid":{"rendered":"https:\/\/www.pescafish.it\/new\/?post_type=product&#038;p=104675"},"modified":"2025-06-24T17:12:28","modified_gmt":"2025-06-24T15:12:28","slug":"skyline-mono-low-visibility-clear-nash","status":"publish","type":"product","link":"https:\/\/www.pescafish.it\/new\/prodotto\/skyline-mono-low-visibility-clear-nash\/","title":{"rendered":"Skyline Mono Low Visibility Clear &#8211; Nash"},"content":{"rendered":"<h2>Skyline Mono Low Visibility Clear<\/h2>\n<p>Un monofilo da lancio estremo, progettato per i pescatori che pescano ai limiti dove ogni metro pu\u00f2 fare la differenza tra successo e fallimento. Perfetto sia per il lavoro in competizione che per luoghi in cui la capacit\u00e0 di lancio non pu\u00f2 essere sostituita con le barche.<\/p>\n<p>La gamma Skyline include una lenza specializzata da 0,26 mm in grado di lanci da 200 ed oltre metri, in pi\u00f9 una lenza deliberatamente potenziata da 0,35 mm per lavori a lungo raggio senza leader o dove erbai ed ostacoli richiedono un equilibrio tra distanza di lancio e resistenza all&#8217;abrasione.<\/p>\n<p>Skyline \u00e8 disponibile sia in una finitura trasparente a bassa visibilit\u00e0 sia nell&#8217;innovativa finitura gialla ad alta visibilit\u00e0 con propriet\u00e0 riflettenti UV per una pi\u00f9 facile localizzazione giorno e notte<\/p>\n<p><strong>Disponibile nelle seguenti varianti:<br \/>\nKNT6035 <\/strong>8lb\/0.26mm\u00a0<strong><br \/>\nKNT6036 <\/strong>10lb\/0.28mm<br \/>\n<strong>Confezione da 1000mt<\/strong><\/p>\n","protected":false},"excerpt":{"rendered":"<p>Skyline Mono Low Visibility Clear Un monofilo da lancio estremo, progettato per i pescatori che pescano ai limiti dove ogni metro pu\u00f2 fare la differenza tra successo e fallimento. Perfetto sia per il lavoro in competizione che per luoghi in cui la capacit\u00e0 di lancio non pu\u00f2 essere sostituita con le barche. La gamma Skyline [&hellip;]<\/p>\n","protected":false},"featured_media":104679,"comment_status":"closed","ping_status":"closed","template":"","meta":[],"product_cat":[726],"product_tag":[1024],"yoast_head":"<!-- This site is optimized with the Yoast SEO plugin v15.3 - https:\/\/yoast.com\/wordpress\/plugins\/seo\/ -->\n<title>Skyline Mono Low Visibility Clear - Nash - Pesca Fish<\/title>\n<meta name=\"robots\" content=\"index, follow, max-snippet:-1, max-image-preview:large, max-video-preview:-1\" \/>\n<link rel=\"canonical\" href=\"https:\/\/www.pescafish.it\/new\/prodotto\/skyline-mono-low-visibility-clear-nash\/\" \/>\n<meta property=\"og:locale\" content=\"it_IT\" \/>\n<meta property=\"og:type\" content=\"article\" \/>\n<meta property=\"og:title\" content=\"Skyline Mono Low Visibility Clear - Nash - Pesca Fish\" \/>\n<meta property=\"og:description\" content=\"Skyline Mono Low Visibility Clear Un monofilo da lancio estremo, progettato per i pescatori che pescano ai limiti dove ogni metro pu\u00f2 fare la differenza tra successo e fallimento. Perfetto sia per il lavoro in competizione che per luoghi in cui la capacit\u00e0 di lancio non pu\u00f2 essere sostituita con le barche. La gamma Skyline [&hellip;]\" \/>\n<meta property=\"og:url\" content=\"https:\/\/www.pescafish.it\/new\/prodotto\/skyline-mono-low-visibility-clear-nash\/\" \/>\n<meta property=\"og:site_name\" content=\"Pesca Fish\" \/>\n<meta property=\"article:publisher\" content=\"https:\/\/www.facebook.com\/pescafishvr\/\" \/>\n<meta property=\"og:image\" content=\"https:\/\/www.pescafish.it\/new\/wp-content\/uploads\/2025\/06\/Immagine-2025-06-24-162258.png\" \/>\n\t<meta property=\"og:image:width\" content=\"546\" \/>\n\t<meta property=\"og:image:height\" content=\"536\" \/>\n<meta name=\"twitter:card\" content=\"summary_large_image\" \/>\n<meta name=\"twitter:label1\" content=\"Scritto da\">\n\t<meta name=\"twitter:data1\" content=\"francesca\">\n\t<meta name=\"twitter:label2\" content=\"Tempo di lettura stimato\">\n\t<meta name=\"twitter:data2\" content=\"1 minuto\">\n<script type=\"application\/ld+json\" class=\"yoast-schema-graph\">{\"@context\":\"https:\/\/schema.org\",\"@graph\":[{\"@type\":\"WebSite\",\"@id\":\"https:\/\/www.pescafish.it\/new\/#website\",\"url\":\"https:\/\/www.pescafish.it\/new\/\",\"name\":\"Pesca Fish\",\"description\":\"Benvenuti sul nostro sito!\",\"potentialAction\":[{\"@type\":\"SearchAction\",\"target\":\"https:\/\/www.pescafish.it\/new\/?s={search_term_string}\",\"query-input\":\"required name=search_term_string\"}],\"inLanguage\":\"it-IT\"},{\"@type\":\"ImageObject\",\"@id\":\"https:\/\/www.pescafish.it\/new\/prodotto\/skyline-mono-low-visibility-clear-nash\/#primaryimage\",\"inLanguage\":\"it-IT\",\"url\":\"https:\/\/www.pescafish.it\/new\/wp-content\/uploads\/2025\/06\/Immagine-2025-06-24-162258.png\",\"width\":546,\"height\":536,\"caption\":\"Skyline Mono Low Visibility Clear - Nash\"},{\"@type\":\"WebPage\",\"@id\":\"https:\/\/www.pescafish.it\/new\/prodotto\/skyline-mono-low-visibility-clear-nash\/#webpage\",\"url\":\"https:\/\/www.pescafish.it\/new\/prodotto\/skyline-mono-low-visibility-clear-nash\/\",\"name\":\"Skyline Mono Low Visibility Clear - Nash - Pesca Fish\",\"isPartOf\":{\"@id\":\"https:\/\/www.pescafish.it\/new\/#website\"},\"primaryImageOfPage\":{\"@id\":\"https:\/\/www.pescafish.it\/new\/prodotto\/skyline-mono-low-visibility-clear-nash\/#primaryimage\"},\"datePublished\":\"2025-06-24T15:12:28+00:00\",\"dateModified\":\"2025-06-24T15:12:28+00:00\",\"inLanguage\":\"it-IT\",\"potentialAction\":[{\"@type\":\"ReadAction\",\"target\":[\"https:\/\/www.pescafish.it\/new\/prodotto\/skyline-mono-low-visibility-clear-nash\/\"]}]}]}<\/script>\n<!-- \/ Yoast SEO plugin. -->","_links":{"self":[{"href":"https:\/\/www.pescafish.it\/new\/wp-json\/wp\/v2\/product\/104675"}],"collection":[{"href":"https:\/\/www.pescafish.it\/new\/wp-json\/wp\/v2\/product"}],"about":[{"href":"https:\/\/www.pescafish.it\/new\/wp-json\/wp\/v2\/types\/product"}],"replies":[{"embeddable":true,"href":"https:\/\/www.pescafish.it\/new\/wp-json\/wp\/v2\/comments?post=104675"}],"wp:featuredmedia":[{"embeddable":true,"href":"https:\/\/www.pescafish.it\/new\/wp-json\/wp\/v2\/media\/104679"}],"wp:attachment":[{"href":"https:\/\/www.pescafish.it\/new\/wp-json\/wp\/v2\/media?parent=104675"}],"wp:term":[{"taxonomy":"product_cat","embeddable":true,"href":"https:\/\/www.pescafish.it\/new\/wp-json\/wp\/v2\/product_cat?post=104675"},{"taxonomy":"product_tag","embeddable":true,"href":"https:\/\/www.pescafish.it\/new\/wp-json\/wp\/v2\/product_tag?post=104675"}],"curies":[{"name":"wp","href":"https:\/\/api.w.org\/{rel}","templated":true}]}}